{"id":3532,"date":"2024-06-18T14:27:19","date_gmt":"2024-06-18T14:27:19","guid":{"rendered":"https:\/\/wmdcompany.eu\/?page_id=3532"},"modified":"2025-09-24T07:01:31","modified_gmt":"2025-09-24T07:01:31","slug":"muugitingimused","status":"publish","type":"page","link":"https:\/\/westonclimate.com\/de\/andere-bedingungen-und-konditionen\/","title":{"rendered":"Bedingungen f\u00fcr den Verkauf"},"content":{"rendered":"<div data-elementor-type=\"wp-page\" data-elementor-id=\"3532\" class=\"elementor elementor-3532\" data-elementor-post-type=\"page\">\n\t\t\t\t<div class=\"elementor-element elementor-element-273dbb49 e-flex e-con-boxed wpr-particle-no wpr-jarallax-no wpr-parallax-no wpr-sticky-section-no wpr-equal-height-no e-con e-parent\" data-id=\"273dbb49\" data-element_type=\"container\" data-e-type=\"container\">\n\t\t\t\t\t<div class=\"e-con-inner\">\n\t\t\t\t<div class=\"elementor-element elementor-element-6e2af5c0 elementor-widget elementor-widget-text-editor\" data-id=\"6e2af5c0\" data-element_type=\"widget\" data-e-type=\"widget\" data-widget_type=\"text-editor.default\">\n\t\t\t\t<div class=\"elementor-widget-container\">\n\t\t\t\t\t\t\t\t\t<h1 id=\"veebipoe-m\u00fc\u00fcgitingimused\">Verkaufsbedingungen<\/h1><p>Online-Gesch\u00e4ft <a href=\"https:\/\/westonclimate.com\/de\/\" target=\"_blank\" rel=\"noopener\">www.westonclimate.com<\/a>\u00a0(nachstehend \"Online-Shop\" genannt) ist Eigentum der O\u00dc WMD Company (Registrierungscode 16170164) mit Sitz in Vabadust pst 174b, Tallinn, 10917 Harjumaa, Estland.<\/p><p><strong><br \/>G\u00fcltigkeit des Kaufvertrags, Handels- und Preisinformationen<\/strong><\/p><p>Die Verkaufsbedingungen gelten f\u00fcr den Kauf von Waren aus dem Online Shop.<\/p><p>Die Preise der im Online-Shop verkauften Produkte sind bei den Produkten angegeben. Der Preis versteht sich zuz\u00fcglich einer Liefergeb\u00fchr. Alle Preise der im Online-Shop verkauften Waren sind in Euro angegeben.<\/p><p>Die Lieferkosten h\u00e4ngen vom Standort des K\u00e4ufers und der Lieferart ab. Die Lieferkosten werden dem K\u00e4ufer bei der Bestellung angezeigt.<\/p><p>Informationen zu den Waren finden Sie im Online Shop direkt bei den Waren.<\/p><p><strong><br \/>Eine Bestellung aufgeben<\/strong><\/p><p>Um zu bestellen, m\u00fcssen Sie die gew\u00fcnschten Produkte in Ihren Warenkorb legen. Um eine Bestellung aufgeben zu k\u00f6nnen, m\u00fcssen Sie die erforderlichen Felder ausf\u00fcllen und die entsprechende Liefermethode ausw\u00e4hlen. Auf dem Bildschirm wird dann die H\u00f6he der Geb\u00fchr angezeigt, die mit den folgenden Zahlungsmethoden sicher bezahlt werden kann:<\/p><ul><li><a href=\"https:\/\/maksekeskus.ee\/service\/kaardimaksed\/\" target=\"_blank\" rel=\"noopener\">Kartenzahlungen mit Visa\/Mastercard<\/a><\/li><li>Estnische Bankzahlungen: Swedbank, SEB, Luminor, LHV, Coop Pank, Citadele, Revolut, N26.<\/li><li>Estnische Geschenkkarte: Kniks<\/li><li><a href=\"https:\/\/maksekeskus.ee\/service\/maksa-hiljem-lahendused\/\" target=\"_blank\" rel=\"noopener\">Estland Sp\u00e4ter bezahlen L\u00f6sungen<\/a>: Esto Mietkauf, Esto 3, Inbank Mietkauf<\/li><li>Latvian bank payments: Swedbank, SEB, Citadele, Luminor, Revolut, N26.<\/li><li>Lettische Geschenkkarte: Kniks<\/li><li><a href=\"https:\/\/maksekeskus.ee\/service\/maksa-hiljem-lahendused\/\" target=\"_blank\" rel=\"noopener\">Lettland soll f\u00fcr sp\u00e4tere L\u00f6sungen zahlen<\/a>Inbank-Ratenzahlung<\/li><li>Bankzahlungen in Litauen: Swedbank, SEB, Urbo, LKU, Citadele, \u0160iauliu, Luminor, Revolut, N26.<\/li><li>Litauische Geschenkkarte: Kniks<\/li><li><a href=\"https:\/\/maksekeskus.ee\/service\/maksa-hiljem-lahendused\/\" target=\"_blank\" rel=\"noopener\">Litauen wird f\u00fcr sp\u00e4tere L\u00f6sungen bezahlen<\/a>Inbank-Ratenzahlung<\/li><li>Bankzahlungen in Finnland: Nordea, Nordea Business, Danske Bank, OP Pohjola, Alandsbanken, Handelsbanken, S-Pankki, Oma S\u00e4\u00e4st\u00f6pankki, S\u00e4\u00e4st\u00f6pankki, POP Pankki, Revolut, N26.<\/li><li>Finnische Geschenkkarte: Kniks<\/li><li>Apple Pay<\/li><\/ul><p>NB: Wenn Sie per Bank\u00fcberweisung zahlen, m\u00fcssen Sie auf der Bankseite auf die Schaltfl\u00e4che \u201eZur\u00fcck zum H\u00e4ndler\u201c klicken.<\/p><p>Vermittelte Zahlungen durch <a href=\"http:\/\/www.maksekeskus.ee\/\" target=\"_blank\" rel=\"noopener noreferrer\">Zahlungszentrum AS<\/a>. Die Zahlung erfolgt au\u00dferhalb des Online-Shops in einer sicheren Umgebung - bei der Zahlung per \u00dcberweisung in der sicheren Umgebung der jeweiligen Bank und bei der Zahlung per Kreditkarte in der sicheren Umgebung von Maksekeskus AS. Der Verk\u00e4ufer hat keinen Zugang zu den Bank- und Kreditkartendaten des Kunden. Der Vertrag tritt mit dem Tag des Eingangs des f\u00e4lligen Betrags auf dem Girokonto des Online-Shops in Kraft.<\/p><p>Der Inhaber des Online-Shops ist der Inhaber der pers\u00f6nlichen Daten und leitet die f\u00fcr die Ausf\u00fchrung der Zahlungen notwendigen pers\u00f6nlichen Daten an den Verarbeiter Maksekeskus AS weiter.<\/p><p>Kann die bestellte Ware wegen Ablaufs der Lieferfrist oder aus anderen Gr\u00fcnden nicht geliefert werden, wird der K\u00e4ufer so schnell wie m\u00f6glich informiert und der gezahlte Betrag (einschlie\u00dflich der Lieferkosten) wird unverz\u00fcglich, sp\u00e4testens jedoch 14 Tage nach der Benachrichtigung, zur\u00fcckerstattet.<\/p><p><strong><br \/>Lieferung an<\/strong><\/p><p>Die Waren werden nach Estland, Lettland und Litauen versandt.<\/p><p>F\u00fcr die Abholung der Ware stehen dem K\u00e4ufer folgende M\u00f6glichkeiten zur Verf\u00fcgung: Venipak-Kurier, Paketautomaten (Itella Smartpost, Omniva, DPD), die M\u00f6glichkeit der Selbstabholung der Ware.<\/p><p>Die Versandkosten gehen zu Lasten des K\u00e4ufers, und die entsprechenden Preisinformationen werden bei der Versandart angezeigt.<\/p><p>Sendungen innerhalb Estlands treffen in der Regel innerhalb von 10 Arbeitstagen nach Inkrafttreten des Kaufvertrags an dem vom K\u00e4ufer angegebenen Bestimmungsort ein. Au\u00dferhalb Estlands erfolgt die Lieferung innerhalb von 10 Arbeitstagen.<\/p><p>In Ausnahmef\u00e4llen haben Sie das Recht, die Ware innerhalb von bis zu 45 Kalendertagen liefern zu lassen.<\/p><p><strong><br \/>Recht auf Widerruf<\/strong><\/p><p>Nach Eingang der Bestellung hat der K\u00e4ufer das Recht, innerhalb von 14 Tagen vom e-Vertrag zur\u00fcckzutreten.<\/p><p>Das Widerrufsrecht gilt nicht, wenn der K\u00e4ufer eine juristische Person ist.<\/p><p>Um das 14-t\u00e4gige Widerrufsrecht auszu\u00fcben, darf die bestellte Ware nur in der Weise benutzt werden, wie es zur Feststellung der Beschaffenheit, der Eigenschaften und der Funktionsweise der Ware erforderlich ist, d. h. in der Weise, wie es zum Testen der Ware in einem Ladengesch\u00e4ft zul\u00e4ssig ist.<\/p><p>Wenn die Ware zu anderen Zwecken als zur Feststellung der Beschaffenheit, der Eigenschaften und der Funktionsweise der Ware verwendet wurde oder wenn die Ware Gebrauchs- oder Abnutzungserscheinungen aufweist, hat der Onlineshop das Recht, die zu erstattende Geb\u00fchr entsprechend der Wertminderung der Ware zu reduzieren.<\/p><p>F\u00fcr die R\u00fccksendung von Waren m\u00fcssen Sie ein Widerrufsformular ausf\u00fcllen, das Sie hier finden: <a href=\"https:\/\/westonclimate.com\/de\/5564-2\/\" target=\"_blank\" rel=\"noopener\"><em>R\u00fccktrittserkl\u00e4rung<\/em>\u00a0<\/a>und senden Sie diese innerhalb von 14 Tagen nach Erhalt der Ware an sales@westonclimate.com.<\/p><p>Die Kosten der R\u00fccksendung gehen zu Lasten des K\u00e4ufers, es sei denn, der Grund f\u00fcr die R\u00fccksendung liegt darin, dass die zur\u00fcckzusendende Ware nicht der bestellten entspricht (z.B. falsche oder fehlerhafte Ware).<\/p><p>Der K\u00e4ufer muss die Waren innerhalb von 14 Tagen ab dem Datum des Antrags zur\u00fccksenden oder nachweisen, dass er sie innerhalb der genannten Frist dem Spediteur \u00fcbergeben hat.<\/p><p>Nach Eingang der zur\u00fcckgesandten Ware wird der Online-Shop dem K\u00e4ufer unverz\u00fcglich, sp\u00e4testens jedoch innerhalb von 14 Tagen nach Eingang des Widerrufs, alle vom K\u00e4ufer aufgrund des Vertrages erhaltenen Zahlungen zur\u00fcckerstatten.<\/p><p>Der Online-Shop kann die R\u00fcckzahlung verweigern, bis er die vertragsgegenst\u00e4ndlichen Waren wieder zur\u00fcckerhalten hat oder bis der K\u00e4ufer den Nachweis erbracht hat, dass er die Waren zur\u00fcckgesandt hat, je nachdem, welches der fr\u00fchere Zeitpunkt ist.<\/p><p>Wenn der K\u00e4ufer ausdr\u00fccklich eine andere als die vom Onlineshop angebotene g\u00fcnstigste Versandart gew\u00e4hlt hat, ist der Onlineshop nicht verpflichtet, dem Verbraucher die Kosten zu erstatten, die \u00fcber die Kosten der \u00fcblichen Versandart hinausgehen.<\/p><p>Der Online-Shop hat das Recht, vom Verkauf zur\u00fcckzutreten und die Ware vom K\u00e4ufer zur\u00fcckzufordern, wenn der Preis der Ware im Online-Shop aufgrund eines Irrtums erheblich unter dem Marktpreis der Ware liegt.<\/p><p><strong><br \/>Recht auf Einreichung einer Beschwerde<\/strong><\/p><p>Der Online-Shop haftet f\u00fcr die Nicht\u00fcbereinstimmung oder den Mangel der an den K\u00e4ufer verkauften Waren, die zum Zeitpunkt der Lieferung bereits vorhanden waren und die sich innerhalb von h\u00f6chstens zwei Jahren nach der Lieferung der Waren an den K\u00e4ufer zeigen werden.\u00a0<b data-stringify-type=\"bold\">Danach wird f\u00fcr einen Zeitraum von 1 Jahr ab der \u00dcbergabe der Ware an den K\u00e4ufer vermutet, dass der Mangel bereits zum Zeitpunkt der \u00dcbergabe vorhanden war. Es liegt in der Verantwortung des Online-Shops, diese Vermutung zu widerlegen.<\/b><\/p><p>Im Falle eines Mangels hat der K\u00e4ufer das Recht, sich sp\u00e4testens innerhalb von zwei Monaten per E-Mail an sales@westonclimate.com oder telefonisch unter der Nummer +372 5568 9584 an den Online-Shop zu wenden.<\/p><p>Der Onlineshop haftet nicht f\u00fcr M\u00e4ngel, die nach Auslieferung der Ware an den K\u00e4ufer auftreten.<\/p><p>Wenn die vom Online-Shop gekauften Waren M\u00e4ngel aufweisen, f\u00fcr die der Online-Shop verantwortlich ist, wird der Online-Shop die mangelhaften Waren reparieren oder ersetzen. Wenn es nicht m\u00f6glich ist, die Ware zu reparieren oder zu ersetzen, erstattet der Onlineshop dem K\u00e4ufer alle Geb\u00fchren f\u00fcr den Kaufvertrag.<\/p><p>Der Online-Shop beantwortet die Beschwerde des Verbrauchers innerhalb von 15 Tagen schriftlich oder in einem Format, das schriftlich wiedergegeben werden kann.<\/p><p><strong><br \/>Direktmarketing und Verarbeitung personenbezogener Daten<\/strong><\/p><p>Der Online-Shop verwendet die vom K\u00e4ufer angegebenen personenbezogenen Daten nur zur Abwicklung der Bestellung und zum Versand der Ware an den K\u00e4ufer. Der Online-Shop gibt personenbezogene Daten an Unternehmen weiter, die Transportdienstleistungen erbringen, um die Waren zu liefern.<\/p><p>Der Online-Shop sendet Newsletter und Angebote nur dann an die E-Mail-Adresse des K\u00e4ufers, wenn der K\u00e4ufer durch Eingabe seiner E-Mail-Adresse auf der Website seinen Wunsch nach Erhalt dieser Angebote ge\u00e4u\u00dfert und angegeben hat, dass er direkte E-Mail-Benachrichtigungen erhalten m\u00f6chte.<\/p><p>Der K\u00e4ufer kann den Erhalt von Angeboten und Newslettern per E-Mail jederzeit abbestellen, indem er uns dies per E-Mail mitteilt oder den Anweisungen in der E-Mail mit den Angeboten folgt.<\/p><p><strong><br \/>Beilegung von Streitigkeiten<\/strong><\/p><p>Wenn der K\u00e4ufer Beschwerden bez\u00fcglich des Online-Shops hat, sollten diese per E-Mail an sales@westonclimate.com oder per Telefon +372 5568 9584 gesendet werden.<\/p><p>Wenn der K\u00e4ufer und der Online-Shop den Streitfall nicht durch eine Vereinbarung l\u00f6sen k\u00f6nnen, kann sich der K\u00e4ufer an den Ausschuss f\u00fcr Verbraucherstreitigkeiten wenden. Sie k\u00f6nnen die Bedingungen f\u00fcr das Verfahren lesen und einen Antrag stellen bei <a href=\"https:\/\/komisjon.ee\/et\/avalduse-esitamine\" target=\"_blank\" rel=\"noopener noreferrer\">hier<\/a>. Der Ausschuss f\u00fcr Verbraucherstreitigkeiten ist f\u00fcr die Beilegung von Streitigkeiten zust\u00e4ndig, die sich aus einem zwischen dem K\u00e4ufer und dem Online-Shop geschlossenen Vertrag ergeben. Die Pr\u00fcfung der Beschwerde des K\u00e4ufers durch die Kommission ist kostenlos.<\/p><p>Der K\u00e4ufer kann sich an die Plattform der Europ\u00e4ischen Union zur Beilegung von Verbraucherstreitigkeiten wenden <a href=\"https:\/\/ec.europa.eu\/consumers\/odr\/main\/index.cfm?event=main.home2.show&amp;lng=ET\" target=\"_blank\" rel=\"noopener noreferrer\">gegen\u00fcber<\/a>.<\/p>\t\t\t\t\t\t\t\t<\/div>\n\t\t\t\t<\/div>\n\t\t\t\t\t<\/div>\n\t\t\t\t<\/div>\n\t\t<div class=\"elementor-element elementor-element-02a245f e-flex e-con-boxed wpr-particle-no wpr-jarallax-no wpr-parallax-no wpr-sticky-section-no wpr-equal-height-no e-con e-parent\" data-id=\"02a245f\" data-element_type=\"container\" data-e-type=\"container\">\n\t\t\t\t\t<div class=\"e-con-inner\">\n\t\t\t\t<div class=\"elementor-element elementor-element-464fb6f elementor-widget elementor-widget-spacer\" data-id=\"464fb6f\" data-element_type=\"widget\" data-e-type=\"widget\" data-widget_type=\"spacer.default\">\n\t\t\t\t<div class=\"elementor-widget-container\">\n\t\t\t\t\t\t\t<div class=\"elementor-spacer\">\n\t\t\t<div class=\"elementor-spacer-inner\"><\/div>\n\t\t<\/div>\n\t\t\t\t\t\t<\/div>\n\t\t\t\t<\/div>\n\t\t\t\t\t<\/div>\n\t\t\t\t<\/div>\n\t\t\t\t<\/div>","protected":false},"excerpt":{"rendered":"<p>Veebipoe m\u00fc\u00fcgitingimused Veebipoe www.westonclimate.com\u00a0(edaspidi Veebipood) omanik on O\u00dc WMD Company (registrikood 16170164), asukohaga Vabadust pst 174b, Tallinn, 10917 Harjumaa, Eesti. M\u00fc\u00fcgilepingu kehtivus, kauba- ja hinnainfo M\u00fc\u00fcgitingimused kehtivad Veebipoest kaupade ostmisel. Veebipoes m\u00fc\u00fcdavate toodete hinnad on m\u00e4rgitud toodete juurde. Hinnale lisandub tasu kauba k\u00e4ttetoimetamise eest. K\u00f5ik veebipoes m\u00fc\u00fcdavate kaupade hinnad on eurodes. Kauba k\u00e4ttetoimetamise tasu s\u00f5ltub ostja asukohast ning k\u00e4ttetoimetamise viisist. K\u00e4ttetoimetamise tasu kuvatakse ostjale tellimuse vormistamisel. Teave kauba kohta on esitatud Veebipoes vahetult kauba juures. Tellimuse vormistamine Kauba tellimiseks tuleb lisada soovitud tooted ostukorvi. Tellimuse vormistamiseks tuleb t\u00e4ita n\u00f5utud andmev\u00e4ljad ning valida sobiv toodete kohaletoimetamise viis. Seej\u00e4rel kuvatakse ekraanile tasu suurus, mille saab tasuda turvaliselt l\u00e4bi j\u00e4rgnevate makseviiside: Visa\/Mastercard kaardimaksed Eesti pangamaksed: Swedbank, SEB, Luminor, LHV, Coop Pank, Citadele, Revolut, N26 Eesti kinkekaart: Kniks Eesti maksa hiljem lahendused: Esto j\u00e4relmaks, Esto 3, Inbank j\u00e4relmaks L\u00e4ti pangamaksed: Swedbank, SEB, Citadele, Luminor, Revolut, N26 L\u00e4ti kinkekaart: Kniks L\u00e4ti maksa hiljem lahendused: Inbank j\u00e4relmaks Leedu pangamaksed: Swedbank, SEB, Urbo, LKU, Citadele, \u0160iauliu, Luminor, Revolut, N26 Leedu kinkekaart: Kniks Leedu maksa hiljem lahendused: Inbank j\u00e4relmaks Soome pangamaksed: Nordea, Nordea Business, Danske Bank, OP Pohjola, Alandsbanken, Handelsbanken, S-Pankki, Oma S\u00e4\u00e4st\u00f6pankki, S\u00e4\u00e4st\u00f6pankki, POP Pankki, Revolut, N26 Soome kinkekaart: Kniks Apple Pay NB! Pangalingiga tasumisel vajutada kindlasti panga lehel nupule \u201eTagasi kaupmehe juurde\u201c. Makseid vahendab Maksekeskus AS. Tasumine toimub v\u00e4ljaspool Veebipoodi turvalises keskkonnas \u2013 pangalingiga tasumisel vastava panga turvalises keskkonnas ja krediitkaardiga tasumisel Maksekeskus AS turvalises keskkonnas. M\u00fc\u00fcjal puudub ligip\u00e4\u00e4s kliendi panga ja krediitkaardi andmetele. Leping j\u00f5ustub alates tasumisele kuuluva summa laekumisest Veebipoe arvelduskontole. Veebipoe omanik on isikuandmete vastutav t\u00f6\u00f6tleja ning edastab maksete teostamiseks vajalikud isikuandmed volitatud t\u00f6\u00f6tleja Maksekeskus AS-le. Kui tellitud kaupa ei ole v\u00f5imalik tarnida seoses kauba l\u00f5ppemisega v\u00f5i muul p\u00f5hjusel, teavitatakse sellest ostjat esimesel v\u00f5imalusel ning tagastatakse tasutud raha (sh kauba k\u00e4ttetoimetamise kulud) viivitamata, kuid mitte hiljem kui 14 p\u00e4eva jooksul teate saatmisest. Kohaletoimetamine Kaupu saadetakse j\u00e4rgmistesse riikidesse: Eesti, L\u00e4ti, Leedu. Kauba k\u00e4ttesaamiseks on ostjal j\u00e4rgnevad valikud: Venipak kuller, pakiautomaadid (Itella Smartpost, Omniva, DPD), ise kaubale j\u00e4rele tulemuse v\u00f5imalus. Kauba saatmiskulud kannab ostja ning vastav hinnainfo on kuvatud saatmisviisi juures. Eestisisesed saadetised j\u00f5uavad \u00fcldjuhul ostja m\u00e4\u00e4ratud sihtpunkti 10 t\u00f6\u00f6p\u00e4eva jooksul alates m\u00fc\u00fcgilepingu j\u00f5ustumisest. V\u00e4ljaspool Eestit toimub kohaletoimetamine 10 t\u00f6\u00f6p\u00e4eva jooksul. Erandlikel juhtumitel on \u00f5igus kaup kohale toimetada kuni 45 kalendrip\u00e4eva jooksul. Taganemis\u00f5igus P\u00e4rast tellimuse k\u00e4ttesaamist on ostjal \u00f5igus e-poes s\u00f5lmitud lepingust taganeda 14 p\u00e4eva jooksul. Taganemis\u00f5igus ei kohaldu, kui ostjaks on juriidiline isik. 14-p\u00e4evase tagastamis\u00f5iguse kasutamiseks ei tohi tellitud kaupa kasutada muul viisil kui on vajalik kauba olemuses, omadustes ja toimimises veendumiseks viisil nagu see on lubatud kauba testimiseks f\u00fc\u00fcsilises poes. Kui kaupa on kasutatud muuks otstarbeks kui on vajalik kauba olemuses, omadustes ja toimimises veendumiseks v\u00f5i sellel on kasutamise v\u00f5i kulumise m\u00e4rke, on Veebipoel \u00f5igus alandada tagastatavat tasu vastavalt kauba v\u00e4\u00e4rtuse v\u00e4henemisele. Kauba tagastamiseks tuleb esitada kauba ostmisest taganemise avaldus, mille vormi leiab siit: taganemisavaldus\u00a0ning saata see e-posti aadressile sales@westonclimate.com hiljemalt 14 p\u00e4eva jooksul kauba k\u00e4ttesaamisest. Kauba tagastamise kulud kannab ostja, v\u00e4lja arvatud juhul, kui tagastamise p\u00f5hjus seisneb asjaolus, et tagastamisele kuuluv toode ei vasta tellitule (nt vale v\u00f5i defektiga toode). Ostja peab kauba tagastama avalduse esitamisele j\u00e4rgneva 14 p\u00e4eva jooksul v\u00f5i esitama t\u00f5endi, et ta on eelnimetatud perioodi jooksul kauba \u00fcle andnud kauba vedajale. Veebipood tagastab tagastatava kauba k\u00e4ttesaamisel ostjale viivitamata, kuid mitte hiljem kui 14 p\u00e4eva m\u00f6\u00f6dumisel arvates taganemisavalduse saamisest, k\u00f5ik ostjalt lepingu alusel saadud tasud. Veebipood v\u00f5ib keelduda tagasimaksete tegemisest seni, kuni on lepingu esemeks oleva asja tagasi saanud v\u00f5i kuni ostja on esitanud t\u00f5endid, et on asja tagasi saatnud, s\u00f5ltuvalt sellest, kumb toimub varem. Kui ostja on s\u00f5naselgelt valinud Veebipoe pakutud k\u00f5ige odavamast tavap\u00e4rasest asja k\u00e4ttetoimetamise viisist erineva k\u00e4ttetoimetamise viisi, ei pea Veebipood tarbijale tagastama kulu, mis \u00fcletab tavap\u00e4rase k\u00e4ttetoimetamise viisiga seotud kulu. Veebipoel on \u00f5igus taganeda m\u00fc\u00fcgitehingust ning n\u00f5uda ostjalt tagasi kaup, kui kauba hind veebipoes on eksituse t\u00f5ttu m\u00e4rgitud oluliselt alla kauba turuhinna. Pretensiooni esitamise \u00f5igus Veebipood vastutab ostjale m\u00fc\u00fcdud kauba lepingutingimustele mittevastavuse v\u00f5i puuduse eest, mis oli olemas juba asja \u00fcleandmise hetkel ning mis ilmneb kuni kahe aasta jooksul, alates kauba \u00fcleandmisest ostjale.\u00a0Sellest 1 aasta jooksul alates asja \u00fcleandmisest ostjale eeldatakse, et puudus oli olemas juba asja \u00fcleandmise ajal. Vastava eelduse \u00fcmberl\u00fckkamine on Veebipoe kohustus. Ostjal on \u00f5igus puuduse ilmnemisel p\u00f6\u00f6rduda hiljemalt kahe kuu jooksul veebipoe poole, saates e-kirja aadressile sales@westonclimate.com v\u00f5i helistada telefonil: +372 5568 9584. Veebipood ei vastuta puuduste eest, mis on tekkinud p\u00e4rast kauba \u00fcleandmist ostjale. Kui Veebipoest ostetud kaubal on puudused, mille eest Veebipood vastutab, parandab v\u00f5i asendab Veebipood puudusega kauba. Kui kaupa ei ole v\u00f5imalik parandada ega asendada, tagastab Veebipood ostjale k\u00f5ik m\u00fc\u00fcgilepinguga kaasnenud tasud. Veebipood vastab tarbija esitatud kaebusele kirjalikult v\u00f5i kirjalikku taasesitamist v\u00f5imaldavas vormis 15 p\u00e4eva jooksul. Otseturustus ja isikuandmete t\u00f6\u00f6tlemine Veebipood kasutab ostja poolt sisestatud isikuandmeid ainult tellimuse t\u00f6\u00f6tlemiseks ning kauba ostjale saatmiseks. Veebipood edastab isikuandmeid veoteenust pakkuvale ettev\u00f5tetele selleks, et kohale toimetada kaupa. Veebipood saadab ostjale uudiskirju ning pakkumisi ostja e-maili aadressile ainult juhul, kui ostja on selleks avaldanud soovi sisestades veebilehel e-kirja aadressi ning andnud teada oma soovist otsepostituse teadete saamiseks. Ostjal on igal ajal v\u00f5imalik loobuda e-postile saadetavatest pakkumistest ja uudiskirjadest andes sellest meile teada e-kirja teel v\u00f5i j\u00e4rgides pakkumisi sisaldava e-kirjas toodud juhiseid. Vaidluste lahendamine Kui ostjal on Veebipoe osas pretensioone, tuleb need saata e-kirja aadressile sales@westonclimate.com v\u00f5i helistada telefonil: +372 5568 9584. Kui ostja ja Veebipood ei suuda lahendada vaidlust kokkuleppe teel, siis on ostjal v\u00f5imalik p\u00f6\u00f6rduda Tarbijavaidluste komisjoni poole. Menetlustingimustega saab tutvuda ning avaldust esitada siin. Tarbijavaidluste komisjoni p\u00e4devuses on lahendada ostja ja Veebipoe vahel s\u00f5lmitud lepingust tulenevaid vaidlusi. Ostja kaebuse l\u00e4bivaatamine komisjonis on tasuta. Ostja v\u00f5ib p\u00f6\u00f6rduda Euroopa Liidu tarbijavaidlusi lahendava platvormi poole.<\/p>","protected":false},"author":8,"featured_media":0,"parent":0,"menu_order":0,"comment_status":"closed","ping_status":"closed","template":"","meta":{"footnotes":""},"class_list":["post-3532","page","type-page","status-publish","hentry"],"_links":{"self":[{"href":"https:\/\/westonclimate.com\/de\/wp-json\/wp\/v2\/pages\/3532","targetHints":{"allow":["GET"]}}],"collection":[{"href":"https:\/\/westonclimate.com\/de\/wp-json\/wp\/v2\/pages"}],"about":[{"href":"https:\/\/westonclimate.com\/de\/wp-json\/wp\/v2\/types\/page"}],"author":[{"embeddable":true,"href":"https:\/\/westonclimate.com\/de\/wp-json\/wp\/v2\/users\/8"}],"replies":[{"embeddable":true,"href":"https:\/\/westonclimate.com\/de\/wp-json\/wp\/v2\/comments?post=3532"}],"version-history":[{"count":32,"href":"https:\/\/westonclimate.com\/de\/wp-json\/wp\/v2\/pages\/3532\/revisions"}],"predecessor-version":[{"id":9187,"href":"https:\/\/westonclimate.com\/de\/wp-json\/wp\/v2\/pages\/3532\/revisions\/9187"}],"wp:attachment":[{"href":"https:\/\/westonclimate.com\/de\/wp-json\/wp\/v2\/media?parent=3532"}],"curies":[{"name":"wp","href":"https:\/\/api.w.org\/{rel}","templated":true}]}}