{"id":5579,"date":"2025-02-13T12:11:16","date_gmt":"2025-02-13T12:11:16","guid":{"rendered":"https:\/\/staging.wmdcompany.eu\/?page_id=5579"},"modified":"2026-04-07T14:39:32","modified_gmt":"2026-04-07T14:39:32","slug":"am-meisten-wmd-firma-ou","status":"publish","type":"page","link":"https:\/\/westonclimate.com\/de\/meist-wmd-company-ou\/","title":{"rendered":"\u00dcber uns - WMD Unternehmen O\u00dc"},"content":{"rendered":"<div data-elementor-type=\"wp-page\" data-elementor-id=\"5579\" class=\"elementor elementor-5579\" data-elementor-post-type=\"page\">\n\t\t\t\t<div class=\"elementor-element elementor-element-711df678 e-flex e-con-boxed wpr-particle-no wpr-jarallax-no wpr-parallax-no wpr-sticky-section-no wpr-equal-height-no e-con e-parent\" data-id=\"711df678\" data-element_type=\"container\" data-e-type=\"container\">\n\t\t\t\t\t<div class=\"e-con-inner\">\n\t\t\t\t<div class=\"elementor-element elementor-element-21778d0f elementor-widget elementor-widget-text-editor\" data-id=\"21778d0f\" data-element_type=\"widget\" data-e-type=\"widget\" data-widget_type=\"text-editor.default\">\n\t\t\t\t<div class=\"elementor-widget-container\">\n\t\t\t\t\t\t\t\t\t<h1>\u00dcber uns - WMD Unternehmen O\u00dc<\/h1><p class=\"whitespace-normal break-words\"><strong>WMD Unternehmen O\u00dc<\/strong> ist ein in Estland eingetragenes Vertriebs- und Produktionsunternehmen mit langj\u00e4hriger Erfahrung in der Kraft-W\u00e4rme-Kopplung mit mehreren weltweit f\u00fchrenden Herstellern von Klima- und Heizungsanlagen: Holtop, Airwoods, JNOD, AOKOL, Lonky, Airhorse. Die von der Firma WMD angebotenen Ger\u00e4te werden nach den von der Firma genehmigten technischen Spezifikationen hergestellt und entsprechen den strengen EU-Anforderungen, haben einen niedrigen Ger\u00e4uschpegel und eine hohe Energieeffizienz.<br \/>WMD Company O\u00dc hat auch B\u00fcros in Krakau, Polen und Valencia, Spanien, wo wir eng mit Kunden und H\u00e4ndlern in diesen Regionen zusammenarbeiten. Das Unternehmen hat seit 2008 Erfahrung mit dem Verkauf von Ger\u00e4ten in Mitteleuropa und alle angebotenen Ger\u00e4te wurden auf dem deutschen Markt gut angenommen. 2025 sind wir in den spanischen Markt eingetreten und die Produkte haben dort bereits einen festen Platz gefunden.<\/p><p class=\"text-xl font-bold text-text-100 mt-1 -mb-0.5\"><strong>W\u00e4rmepumpen<\/strong><\/p><p class=\"whitespace-normal break-words\">Bei den Luft\/Wasser-W\u00e4rmepumpen verwenden wir die umweltfreundlichen und effizienten K\u00e4ltemittel R32 und R290. Die Luft\/Wasser-W\u00e4rmepumpen sind mit SG- und PV-Anschl\u00fcssen (Solarpanel und Smart Grid) ausgestattet und arbeiten selbst bei Umgebungstemperaturen von -35 \u00b0C effizient. Alle Ger\u00e4te werden vor der Auslieferung getestet und durchlaufen im Werk einen dreit\u00e4gigen Tieftemperatur-Testzyklus (-42\u2070C). Der gr\u00f6\u00dfte Teil der Ger\u00e4te wird nach den W\u00fcnschen und Bed\u00fcrfnissen des Kunden vor Ort gefertigt, wie ein \u201eMa\u00dfanzug\u201d, der eine hohe Effizienz und einen st\u00f6rungsfreien Betrieb w\u00e4hrend der gesamten Lebensdauer der Ger\u00e4te gew\u00e4hrleistet. Die Qualit\u00e4t und Effizienz der W\u00e4rmepumpen wird durch die anerkannte Marke WESTON CLIMATE garantiert.<\/p><p class=\"text-xl font-bold text-text-100 mt-1 -mb-0.5\"><strong>L\u00fcftungsanlagen<\/strong><\/p><p class=\"whitespace-normal break-words\">Die L\u00fcftungsger\u00e4te sind mit hocheffizienten patentierten W\u00e4rmetauschern mit einer durchschnittlichen W\u00e4rmer\u00fcckgewinnungseffizienz von 97% und einer Lebensdauer von 97% ausgestattet. <strong>mindestens 15 Jahre.\u00a0<\/strong>Die L\u00fcftungsger\u00e4te HPERV\/Westonclimate sind mit einer Miniatur-Luftw\u00e4rmepumpe ausgestattet, die den hocheffizienten W\u00e4rmetauscher erg\u00e4nzt, um eine noch h\u00f6here Energieeffizienz (COP 6,0) zu erzielen, und verf\u00fcgen \u00fcber mehrere wichtige Funktionen in einem Ger\u00e4t: <strong>Bel\u00fcftung, Vorw\u00e4rmung, K\u00fchlung und Trocknung.<\/strong><\/p><p><strong>Einrichtung<\/strong><\/p><p>Wir bieten L\u00fcftungs- und Klimasysteme mit Installation an. Die Installation erfolgt in \u00dcbereinstimmung mit den technischen Anforderungen des Projekts und den geltenden Normen, so dass das ordnungsgem\u00e4\u00dfe Funktionieren der Systeme und ein energieeffizienter Betrieb \u00fcber Jahre hinweg gew\u00e4hrleistet sind.<\/p><p class=\"text-xl font-bold text-text-100 mt-1 -mb-0.5\"><strong>Marke WESTON CLIMATE<\/strong><\/p><p class=\"whitespace-normal break-words\">Die auf den europ\u00e4ischen Markt gelieferten Produkte werden unter einer einzigen Marke - WESTON CLIMATE - zusammengefasst, damit sich unsere derzeitigen und zuk\u00fcnftigen Kunden besser an der Qualit\u00e4t der Produkte orientieren k\u00f6nnen. Alle in Europa angebotenen Ger\u00e4te werden von der Firma WMD nach den technischen Spezifikationen der anspruchsvollsten Kunden hergestellt, die die nat\u00fcrlichen Bedingungen und Anforderungen der nordischen L\u00e4nder streng respektieren und somit eine hohe Qualit\u00e4t und Langlebigkeit der Ger\u00e4te garantieren.<\/p><p class=\"whitespace-normal break-words\">Die Produkte von WESTON CLIMATE sind im EPREL-Register eingetragen, wo Sie die Liste der f\u00fcr den EU-Markt zugelassenen Energieger\u00e4te finden:<\/p><ul><li><a href=\"https:\/\/eprel.ec.europa.eu\/screen\/product\/spaceheaters\" target=\"_blank\" rel=\"noopener nofollow noreferrer\">EPREL W\u00e4rmepumpen<\/a><\/li><li><a href=\"https:\/\/eprel.ec.europa.eu\/screen\/product\/residentialventilationunits\" target=\"_blank\" rel=\"noopener nofollow noreferrer\">EPREL-L\u00fcftungsger\u00e4te<\/a><\/li><\/ul><p>Die Qualit\u00e4t der von WESTON CLIMATE angebotenen Ger\u00e4te wird auch durch die verl\u00e4ngerten Garantiezeiten best\u00e4tigt:<\/p><ul><li>Klima- und L\u00fcftungsanlagen: 7 Jahre<\/li><li>F\u00fcr Umw\u00e4lzpumpen: 10 Jahre<\/li><li>F\u00fcr Kompressoren: 2 Jahre<\/li><\/ul><p class=\"whitespace-normal break-words\">Bei WESTON CLIMATE arbeiten die Ingenieure st\u00e4ndig an der Entwicklung neuer Produkte und der Verbesserung bestehender Anlagen.<\/p><p class=\"whitespace-normal break-words\">Produktqualit\u00e4t, schnelle Lieferung, Kundenzufriedenheit und eine m\u00f6glichst lange Betriebszeit haben f\u00fcr uns oberste Priorit\u00e4t. WESTON CLIMATE-Anlagen werden auf Bestellung gefertigt, und zwar auf der Grundlage der Bed\u00fcrfnisse und spezifischen Anforderungen des Kunden vor Ort. Die durchschnittliche Lieferzeit f\u00fcr Bestellungen liegt zwischen 35 und 65 Arbeitstagen, je nach Komplexit\u00e4t und Menge der bestellten Ger\u00e4te. F\u00fcr alle Produkte, die auf Lager sind (Standardprodukte), kann eine Lieferzeit von 3 bis 10 Arbeitstagen angeboten werden.<\/p><p>Fragen Sie immer <a href=\"https:\/\/westonclimate.com\/de\/das-angebot-gerochen\/\" target=\"_blank\" rel=\"noopener\">Pers\u00f6nliches Angebot<\/a>, So wird gew\u00e4hrleistet, dass auch die anspruchsvollsten Kundenw\u00fcnsche erf\u00fcllt werden.<\/p><p><strong>Werden Sie Mitglied des WESTON CLIMATE-Partnernetzwerks<\/strong><\/p><p class=\"whitespace-normal break-words\">Werden Sie WESTON CLIMATE-Fachh\u00e4ndler und bauen Sie Ihr Gesch\u00e4ft aus - versorgen Sie Ihre Kunden mit energieeffizienten und hochwertigen L\u00fcftungs- und Klimal\u00f6sungen, st\u00e4rken Sie Ihr Gesch\u00e4ft durch professionellen technischen Support und eine solide Partnerschaft. Lesen Sie mehr <a href=\"https:\/\/westonclimate.com\/de\/weitere-installation\/\" target=\"_blank\" rel=\"noopener\">HIER<\/a>!<\/p><p class=\"whitespace-normal break-words\">\u00a0<\/p><p>\u00a0<\/p><p><img fetchpriority=\"high\" decoding=\"async\" class=\"alignnone wp-image-11518 size-large\" src=\"https:\/\/westonclimate.com\/wp-content\/uploads\/2026\/04\/WestonClimate_AA_2026-1-1024x256.jpg\" alt=\"\" width=\"800\" height=\"200\" srcset=\"https:\/\/westonclimate.com\/wp-content\/uploads\/2026\/04\/WestonClimate_AA_2026-1-1024x256.jpg 1024w, https:\/\/westonclimate.com\/wp-content\/uploads\/2026\/04\/WestonClimate_AA_2026-1-300x75.jpg 300w, https:\/\/westonclimate.com\/wp-content\/uploads\/2026\/04\/WestonClimate_AA_2026-1-768x192.jpg 768w, https:\/\/westonclimate.com\/wp-content\/uploads\/2026\/04\/WestonClimate_AA_2026-1-18x5.jpg 18w, https:\/\/westonclimate.com\/wp-content\/uploads\/2026\/04\/WestonClimate_AA_2026-1-600x150.jpg 600w, https:\/\/westonclimate.com\/wp-content\/uploads\/2026\/04\/WestonClimate_AA_2026-1.jpg 1167w\" sizes=\"(max-width: 800px) 100vw, 800px\" \/><\/p>\t\t\t\t\t\t\t\t<\/div>\n\t\t\t\t<\/div>\n\t\t\t\t\t<\/div>\n\t\t\t\t<\/div>\n\t\t<div class=\"elementor-element elementor-element-a94cd76 e-flex e-con-boxed wpr-particle-no wpr-jarallax-no wpr-parallax-no wpr-sticky-section-no wpr-equal-height-no e-con e-parent\" data-id=\"a94cd76\" data-element_type=\"container\" data-e-type=\"container\">\n\t\t\t\t\t<div class=\"e-con-inner\">\n\t\t\t\t<div class=\"elementor-element elementor-element-0b7c330 elementor-widget elementor-widget-spacer\" data-id=\"0b7c330\" data-element_type=\"widget\" data-e-type=\"widget\" data-widget_type=\"spacer.default\">\n\t\t\t\t<div class=\"elementor-widget-container\">\n\t\t\t\t\t\t\t<div class=\"elementor-spacer\">\n\t\t\t<div class=\"elementor-spacer-inner\"><\/div>\n\t\t<\/div>\n\t\t\t\t\t\t<\/div>\n\t\t\t\t<\/div>\n\t\t\t\t\t<\/div>\n\t\t\t\t<\/div>\n\t\t\t\t<\/div>","protected":false},"excerpt":{"rendered":"<p>Meist \u2013 WMD Company O\u00dc WMD Company O\u00dc on Eestis registreeritud m\u00fc\u00fcgi- ja tootmisettev\u00f5te, millel on pikaajaline koostootmiskogemus mitme juhtiva kliima- ja k\u00fctteseadmete tootjaga \u00fcle maailma: Holtop, Airwoods, JNOD, AOKOL, Lonky, Airhorse. WMD Company poolt pakutavad seadmed toodetakse ettev\u00f5tte poolt kinnitatud tehniliste tingimuste alusel ja need vastavad rangetele EU-s kehtivatele n\u00f5uetele, seadmetel on madal m\u00fcratase ning k\u00f5rge energeetiline efektiivsus.Ettev\u00f5te WMD Company O\u00dc omab esindust ka Poolas Krakowis ja Hispaanias, Valencias, kus teeme tihedat koost\u00f6\u00f6d nende regioonide klientide ja edasim\u00fc\u00fcjatega. Ettev\u00f5ttel on seadmete m\u00fc\u00fcgikogemus Kesk-Euroopas alates 2008. aastast ning k\u00f5ik pakutavad seadmed on ka Saksa turul h\u00e4sti vastu v\u00f5etud, Hispaania turule sisenesime 2025. aastal ja tooted on juba leidnud seal endale kindla koha. Soojuspumbad \u00d5hk-vesi soojuspumpades kasutame looduss\u00f5bralikke ja efektiivseid k\u00fclmaaineid R32 ja R290. \u00d5hksoojuspumbad on varustatud SG ja PV (p\u00e4ikesepaneelide ja nutiv\u00f5rgu) \u00fchendusvalmidusega ning need seadmed t\u00f6\u00f6tavad efektiivselt ka -35\u00b0C v\u00e4lis\u00f5hutemperatuuril. K\u00f5ik seadmed on enne tarnet kontrollitud ja l\u00e4bivad tehases madalal temperatuuril (-42\u2070C) kolmep\u00e4evase katsets\u00fckli.\u00a0Valdavalt toodetakse seadmed objektip\u00f5hiselt, koosk\u00f5las tellija soovide ning vajadustega nagu \u201er\u00e4tsepa\u00fclikond\u201d, mis tagab seadmete suure efektiivsuse ning t\u00f5rgeteta t\u00f6\u00f6 kogu seadme kasutusaja jooksul. Soojuspumpade kvaliteedi ja efektiivsuse tagab tunnustatud kaubam\u00e4rk WESTON CLIMATE. Ventilatsiooniseadmed Ventilatsiooniseadmed on varustatud k\u00f5rge efektiivsusega patenteeritud soojusvahetitega, mille soojustagastuse kasutegur on keskmiselt 97% ja eluiga v\u00e4hemalt 15 aastat.\u00a0Ventilatsiooniseadmetel koondnimetusega HPERV\/Westonclimate on \u00fcliefektiivsele soojusvahetile lisatud miniatuurne \u00f5hksoojuspump, mis tagab veelgi k\u00f5rgema\u00a0 energiaefektiivsuse (COP 6,0) ning need ventilatsiooniseadmed omavad mitut olulist funktsiooni \u00fches seadmes: ventilatsioon, eelk\u00fcte, jahutus ja kuivatus. Paigaldus Ventilatsiooni- ja kliimaseadmeid pakume koos paigaldusega. Paigaldus toimub vastavalt projekti tehnilistele n\u00f5uetele ja kehtivatele standarditele, tagades s\u00fcsteemide korrektse toimimise ja energiat\u00f5husa t\u00f6\u00f6 aastateks. WESTON CLIMATE kaubam\u00e4rk Euroopa turule tarnitavad tooted on koondatud \u00fchtse kaubam\u00e4rgi alla \u2013 WESTON CLIMATE, et meie praegustel ja tulevastel klientidel oleks v\u00f5imalik paremini orienteeruda toodete kvaliteedis. K\u00f5ik Euroopas pakutavad seadmed on toodetud WMD Company poolt esitatud n\u00f5udlikele klientidele sobivate tehniliste n\u00f5udmiste alusel, mis j\u00e4rgivad rangelt p\u00f5hjamaade looduslikke tingimusi ning sellest tulenevaid n\u00f5udeid ning tagavad seadmetele k\u00f5rge kvaliteedi ja l\u00e4bi selle ka pikaealisuse. WESTON CLIMATE tooted on registreeritud EPREL registris, kust leiate EU turule lubatud energeetika seadmete loetelu: EPREL soojuspumbad EPREL ventilatsiooniseadmed WESTON CLIMATE pakutavate seadmete kvaliteeti kinnitavad ka pikendatud garantiiajad: Kliima- ja ventilatsiooniseadmetele: 7 aastat Tsirkulatsioonipumpadele: 10 aastat Kompressoritele: 2 aastat WESTON CLIMATE tootmistes tegelevad insenerid pidevalt uute toodete v\u00e4ljat\u00f6\u00f6tamise ning olemasolevate seadmete t\u00e4iustamisega. Meile on esmat\u00e4htis toote kvaliteet, kiire tarne, kliendi rahulolu ja seadmete v\u00f5imalikult pikk t\u00f5rgeteta kasutusaeg. WESTON CLIMATE seadmed toodetakse tellimuste alusel, objekti p\u00f5hiselt ja v\u00f5ttes aluseks kliendi vajadused ning erisoovid. Tellimuste keskmine tarneaeg on 35 kuni 65 t\u00f6\u00f6p\u00e4eva, mis s\u00f5ltub tellitud seadmete keerukusest ja kogusest. K\u00f5ikidele laokaupale (standard tooted) on v\u00f5imalik pakkuda tarneaega 3 kuni 10 t\u00f6\u00f6p\u00e4eva. K\u00fcsi alati personaalset pakkumist, mis garanteerib ka k\u00f5ige n\u00f5udlikuma kliendi soovide t\u00e4itumise. Liitu WESTON CLIMATE partnerite v\u00f5rgustikuga Tule WESTON CLIMATE edasim\u00fc\u00fcjaks ja kasvata oma \u00e4ri \u2013 paku oma klientidele energiat\u00f5husaid ja kvaliteetseid ventilatsiooni- ja kliimalahendusi, tugevda oma \u00e4ri l\u00e4bi professionaalse tehnilise toe ja kindla partnerluse. Loe t\u00e4iendavalt SIIT! \u00a0 \u00a0<\/p>","protected":false},"author":8,"featured_media":0,"parent":0,"menu_order":0,"comment_status":"closed","ping_status":"closed","template":"","meta":{"footnotes":""},"class_list":["post-5579","page","type-page","status-publish","hentry"],"_links":{"self":[{"href":"https:\/\/westonclimate.com\/de\/wp-json\/wp\/v2\/pages\/5579","targetHints":{"allow":["GET"]}}],"collection":[{"href":"https:\/\/westonclimate.com\/de\/wp-json\/wp\/v2\/pages"}],"about":[{"href":"https:\/\/westonclimate.com\/de\/wp-json\/wp\/v2\/types\/page"}],"author":[{"embeddable":true,"href":"https:\/\/westonclimate.com\/de\/wp-json\/wp\/v2\/users\/8"}],"replies":[{"embeddable":true,"href":"https:\/\/westonclimate.com\/de\/wp-json\/wp\/v2\/comments?post=5579"}],"version-history":[{"count":83,"href":"https:\/\/westonclimate.com\/de\/wp-json\/wp\/v2\/pages\/5579\/revisions"}],"predecessor-version":[{"id":11521,"href":"https:\/\/westonclimate.com\/de\/wp-json\/wp\/v2\/pages\/5579\/revisions\/11521"}],"wp:attachment":[{"href":"https:\/\/westonclimate.com\/de\/wp-json\/wp\/v2\/media?parent=5579"}],"curies":[{"name":"wp","href":"https:\/\/api.w.org\/{rel}","templated":true}]}}