{"id":5605,"date":"2025-02-13T17:20:54","date_gmt":"2025-02-13T17:20:54","guid":{"rendered":"https:\/\/staging.wmdcompany.eu\/?page_id=5605"},"modified":"2025-07-29T19:38:26","modified_gmt":"2025-07-29T19:38:26","slug":"makseviisid","status":"publish","type":"page","link":"https:\/\/westonclimate.com\/de\/zahlungsverfahren\/","title":{"rendered":"Zahlungsm\u00f6glichkeiten"},"content":{"rendered":"<div data-elementor-type=\"wp-page\" data-elementor-id=\"5605\" class=\"elementor elementor-5605\" data-elementor-post-type=\"page\">\n\t\t\t\t<div class=\"elementor-element elementor-element-ad67b89 e-flex e-con-boxed wpr-particle-no wpr-jarallax-no wpr-parallax-no wpr-sticky-section-no wpr-equal-height-no e-con e-parent\" data-id=\"ad67b89\" data-element_type=\"container\" data-e-type=\"container\">\n\t\t\t\t\t<div class=\"e-con-inner\">\n\t\t\t\t<div class=\"elementor-element elementor-element-7122db7 elementor-widget elementor-widget-text-editor\" data-id=\"7122db7\" data-element_type=\"widget\" data-e-type=\"widget\" data-widget_type=\"text-editor.default\">\n\t\t\t\t<div class=\"elementor-widget-container\">\n\t\t\t\t\t\t\t\t\t<h1>Zahlungsm\u00f6glichkeiten<\/h1><p>Bestellungen k\u00f6nnen im E-Shop von Weston Climate \u00fcber verschiedene Bankverbindungen sowie \u00fcber Inbank und ESTO-Ratenzahlungen sicher bezahlt werden.<\/p><div>Wie kann ich kaufen?<\/div><ul><li>Produkte in den Warenkorb legen<\/li><li>Anmelden oder einloggen<\/li><li>W\u00e4hlen Sie die Art der Zustellung<\/li><li>Bereiten Sie Ihre Bestellung vor<\/li><li>Eine Zahlung leisten<\/li><\/ul><p>Die Zahlung erfolgt au\u00dferhalb der E-Shop-Umgebung von Weston Climate. Die personenbezogenen Daten werden von der WMD Company O\u00dc verarbeitet, die die f\u00fcr die Ausf\u00fchrung der Zahlungen erforderlichen personenbezogenen Daten an die autorisierten Verarbeiter Inbank AS, ESTO AS und Maksekeskus AS weiterleitet. Der Weston Climate E-Shop hat keinen Zugriff auf die Bank- und Kreditkartendaten des Kunden.<\/p><p>Nachdem Sie das Produkt bezahlt haben, klicken Sie bitte auf das Symbol \u201e<b>Zur\u00fcck zum Gewerbetreibenden<\/b>\u201d.<\/p>\t\t\t\t\t\t\t\t<\/div>\n\t\t\t\t<\/div>\n\t\t\t\t<div class=\"elementor-element elementor-element-b1fdd8b elementor-widget elementor-widget-spacer\" data-id=\"b1fdd8b\" data-element_type=\"widget\" data-e-type=\"widget\" data-widget_type=\"spacer.default\">\n\t\t\t\t<div class=\"elementor-widget-container\">\n\t\t\t\t\t\t\t<div class=\"elementor-spacer\">\n\t\t\t<div class=\"elementor-spacer-inner\"><\/div>\n\t\t<\/div>\n\t\t\t\t\t\t<\/div>\n\t\t\t\t<\/div>\n\t\t\t\t\t<\/div>\n\t\t\t\t<\/div>\n\t\t\t\t<\/div>","protected":false},"excerpt":{"rendered":"<p>Makseviisid Tellimuste eest saab turvaliselt tasuda Weston Climate e-poes erinevate pangalinkide abil ning lisaks saab kasutada makseviisina Inbank ja ESTO j\u00e4relmaksu. Kuidas osta? Lisa tooted ostukorvi Registreeru v\u00f5i logi sisse Vali k\u00e4ttesaamise viis Vormista tellimus Soorita makse Makse tegemine toimub v\u00e4ljaspool Weston Climate e-poe keskkonda. Isikuandmeid t\u00f6\u00f6tleb WMD Company O\u00dc, kes edastab maksete teostamiseks vajalikud isikuandmed volitatud t\u00f6\u00f6tlejatele Inbank AS, ESTO AS ja Maksekeskus AS. Weston Climate e-poel puudub ligip\u00e4\u00e4s kliendi panga- ja krediitkaardiandmetele. P\u00e4rast toote eest tasumist vajutage palun pangas kindlasti nupule \u201eTagasi kaupmehe juurde\u201d.<\/p>","protected":false},"author":8,"featured_media":0,"parent":0,"menu_order":0,"comment_status":"closed","ping_status":"closed","template":"","meta":{"footnotes":""},"class_list":["post-5605","page","type-page","status-publish","hentry"],"_links":{"self":[{"href":"https:\/\/westonclimate.com\/de\/wp-json\/wp\/v2\/pages\/5605","targetHints":{"allow":["GET"]}}],"collection":[{"href":"https:\/\/westonclimate.com\/de\/wp-json\/wp\/v2\/pages"}],"about":[{"href":"https:\/\/westonclimate.com\/de\/wp-json\/wp\/v2\/types\/page"}],"author":[{"embeddable":true,"href":"https:\/\/westonclimate.com\/de\/wp-json\/wp\/v2\/users\/8"}],"replies":[{"embeddable":true,"href":"https:\/\/westonclimate.com\/de\/wp-json\/wp\/v2\/comments?post=5605"}],"version-history":[{"count":26,"href":"https:\/\/westonclimate.com\/de\/wp-json\/wp\/v2\/pages\/5605\/revisions"}],"predecessor-version":[{"id":8158,"href":"https:\/\/westonclimate.com\/de\/wp-json\/wp\/v2\/pages\/5605\/revisions\/8158"}],"wp:attachment":[{"href":"https:\/\/westonclimate.com\/de\/wp-json\/wp\/v2\/media?parent=5605"}],"curies":[{"name":"wp","href":"https:\/\/api.w.org\/{rel}","templated":true}]}}