{"id":5616,"date":"2025-02-13T17:38:36","date_gmt":"2025-02-13T17:38:36","guid":{"rendered":"https:\/\/staging.wmdcompany.eu\/?page_id=5616"},"modified":"2025-07-29T19:16:39","modified_gmt":"2025-07-29T19:16:39","slug":"kuidas-osta","status":"publish","type":"page","link":"https:\/\/westonclimate.com\/de\/wie-man-kauft\/","title":{"rendered":"Wie man kauft"},"content":{"rendered":"<div data-elementor-type=\"wp-page\" data-elementor-id=\"5616\" class=\"elementor elementor-5616\" data-elementor-post-type=\"page\">\n\t\t\t\t<div class=\"elementor-element elementor-element-63f31ea7 e-flex e-con-boxed wpr-particle-no wpr-jarallax-no wpr-parallax-no wpr-sticky-section-no wpr-equal-height-no e-con e-parent\" data-id=\"63f31ea7\" data-element_type=\"container\" data-e-type=\"container\">\n\t\t\t\t\t<div class=\"e-con-inner\">\n\t\t\t\t<div class=\"elementor-element elementor-element-5c5a7cea elementor-widget__width-initial elementor-widget elementor-widget-text-editor\" data-id=\"5c5a7cea\" data-element_type=\"widget\" data-e-type=\"widget\" data-widget_type=\"text-editor.default\">\n\t\t\t\t<div class=\"elementor-widget-container\">\n\t\t\t\t\t\t\t\t\t<h1>Wie man kauft<\/h1><p style=\"text-align: left;\">W\u00e4hlen Sie das Produkt und dr\u00fccken Sie die \u201c<b>In den Warenkorb legen<\/b>\u201d Wenn das Produkt zus\u00e4tzliche Optionen hat, m\u00fcssen diese ebenfalls angegeben werden. Sie k\u00f6nnen dann Ihren Einkauf fortsetzen oder zum Warenkorb gehen, indem Sie auf den blauen Balken \u00fcber dem Produkt klicken.\u201c<strong>Warenkorb ansehen\u201d<\/strong>. Dar\u00fcber hinaus k\u00f6nnen Sie den Inhalt Ihres Warenkorbs jederzeit einsehen, indem Sie im Hauptmen\u00fc auf das Warenkorbsymbol klicken.<\/p><p style=\"text-align: left;\">Im Einkaufswagen k\u00f6nnen Sie die Menge der gekauften Waren und die ausgew\u00e4hlten Produkte anpassen. Wenn Sie \u00c4nderungen vornehmen, einschlie\u00dflich der Eingabe eines Aktionscodes, m\u00fcssen Sie auf die Schaltfl\u00e4che \u201c<strong>Einkaufswagen aktualisieren\u201d<\/strong>, damit die \u00c4nderungen wirksam werden. Wenn Sie mit dem Inhalt Ihres Warenkorbs zufrieden sind, klicken Sie auf die Schaltfl\u00e4che \u201c<strong>Zum Bezahlen gehen<\/strong>\u201c.<\/p><p style=\"text-align: left;\">Um eine Bestellung aufzugeben, m\u00fcssen Sie das Kontaktformular ausf\u00fcllen und die Zahlungsmethode ausw\u00e4hlen. Um die Zahlung zu best\u00e4tigen, klicken Sie bitte auf die Schaltfl\u00e4che \u201cZahlungsbest\u00e4tigung\", nachdem die Zahlung erfolgt ist.\u201c<b>Zur\u00fcck zum Gewerbetreibenden<\/b>\u201dNach erfolgreicher Zahlung schickt der E-Shop dem Kunden eine E-Mail zur Best\u00e4tigung des Kaufs.<\/p><p style=\"text-align: left;\">Bei der Bestellung verpflichtet sich der Kunde, die f\u00fcr die Ausf\u00fchrung der Bestellung erforderlichen Informationen korrekt anzugeben. Der Verk\u00e4ufer haftet nicht f\u00fcr die Unm\u00f6glichkeit der Ausf\u00fchrung der Bestellung aufgrund falscher Angaben des Kunden oder f\u00fcr die sich daraus ergebenden Folgen.<\/p><p style=\"text-align: left;\">Der Verk\u00e4ufer hat das Recht, von der Bestellung zur\u00fcckzutreten, wenn Zweifel an der Richtigkeit der dem Verk\u00e4ufer gemachten Angaben bestehen und bei Nichteinhaltung der guten Sitten.<\/p>\t\t\t\t\t\t\t\t<\/div>\n\t\t\t\t<\/div>\n\t\t\t\t\t<\/div>\n\t\t\t\t<\/div>\n\t\t<div class=\"elementor-element elementor-element-22890e6 e-flex e-con-boxed wpr-particle-no wpr-jarallax-no wpr-parallax-no wpr-sticky-section-no wpr-equal-height-no e-con e-parent\" data-id=\"22890e6\" data-element_type=\"container\" data-e-type=\"container\">\n\t\t\t\t\t<div class=\"e-con-inner\">\n\t\t\t\t<div class=\"elementor-element elementor-element-830158e elementor-widget elementor-widget-spacer\" data-id=\"830158e\" data-element_type=\"widget\" data-e-type=\"widget\" data-widget_type=\"spacer.default\">\n\t\t\t\t<div class=\"elementor-widget-container\">\n\t\t\t\t\t\t\t<div class=\"elementor-spacer\">\n\t\t\t<div class=\"elementor-spacer-inner\"><\/div>\n\t\t<\/div>\n\t\t\t\t\t\t<\/div>\n\t\t\t\t<\/div>\n\t\t\t\t\t<\/div>\n\t\t\t\t<\/div>\n\t\t\t\t<\/div>","protected":false},"excerpt":{"rendered":"<p>Kuidas osta Valige v\u00e4lja toode ning vajutage nuppu &#8220;Lisa korvi&#8221; Kui toote juures on lisavaliku v\u00f5imalused, tuleb ka need m\u00e4\u00e4rata. Seej\u00e4rel saate ostlemist j\u00e4tkata v\u00f5i suunuda ostukorvi klikkides toote kohale ilmunud sinisel ribal oleval nupul &#8220;Vaata ostukorvi&#8221;. Lisaks saab ostukorvi sisu vaadata ka alati lehe peamen\u00fc\u00fcs oleval ostukorvi ikoonil kl\u00f5psates. Ostukorvis saate korrigeerida ostetud kaupade koguseid ning valitud tooteid. Muudatusi tehes, s.h ka sooduskoodi sisestades tuleb vajutada nupul &#8220;Uuenda ostukorvi&#8221;, et muutused j\u00f5ustuks. Kui olete ostukorvi sisuga rahul, vajutage nupul &#8220;Mine maksma&#8220;. Tellimuse vormistamiseks tuleb t\u00e4ita kontaktivorm ning valida makseviis. Makse kinnitamiseks tuleb p\u00e4rast makse sooritamist kindlasti vajutada nupul &#8220;Tagasi kaupmehe juurde&#8221; P\u00e4rast edukat makse sooritamist saadab e-pood kliendi e-mailile ostu kinnituse. Klient kohustub tellimuse vormistamisel esitama tellimuse t\u00e4itmiseks vajalikud, t\u00f5esed andmed. M\u00fc\u00fcja ei vastuta tellimuse t\u00e4itmisel kliendi poolt esitatud ebakorrektsetest andmetest tingitud t\u00e4itmise v\u00f5imatuse v\u00f5i mistahes sellest tulenevate tagaj\u00e4rgede eest. M\u00fc\u00fcjal on \u00f5igus loobuda tellimuse t\u00e4itmisest kui tekib kahtlus M\u00fc\u00fcjale esitatud andmete \u00f5igsuses ja headele tavadele mittevastava k\u00e4itumise puhul.<\/p>","protected":false},"author":8,"featured_media":0,"parent":0,"menu_order":0,"comment_status":"closed","ping_status":"closed","template":"","meta":{"footnotes":""},"class_list":["post-5616","page","type-page","status-publish","hentry"],"_links":{"self":[{"href":"https:\/\/westonclimate.com\/de\/wp-json\/wp\/v2\/pages\/5616","targetHints":{"allow":["GET"]}}],"collection":[{"href":"https:\/\/westonclimate.com\/de\/wp-json\/wp\/v2\/pages"}],"about":[{"href":"https:\/\/westonclimate.com\/de\/wp-json\/wp\/v2\/types\/page"}],"author":[{"embeddable":true,"href":"https:\/\/westonclimate.com\/de\/wp-json\/wp\/v2\/users\/8"}],"replies":[{"embeddable":true,"href":"https:\/\/westonclimate.com\/de\/wp-json\/wp\/v2\/comments?post=5616"}],"version-history":[{"count":41,"href":"https:\/\/westonclimate.com\/de\/wp-json\/wp\/v2\/pages\/5616\/revisions"}],"predecessor-version":[{"id":8136,"href":"https:\/\/westonclimate.com\/de\/wp-json\/wp\/v2\/pages\/5616\/revisions\/8136"}],"wp:attachment":[{"href":"https:\/\/westonclimate.com\/de\/wp-json\/wp\/v2\/media?parent=5616"}],"curies":[{"name":"wp","href":"https:\/\/api.w.org\/{rel}","templated":true}]}}