{"id":10810,"date":"2026-01-05T12:28:16","date_gmt":"2026-01-05T12:28:16","guid":{"rendered":"https:\/\/westonclimate.com\/?post_type=product&#038;p=10810"},"modified":"2026-01-06T08:07:58","modified_gmt":"2026-01-06T08:07:58","slug":"weston-climate-inverter-soojuspump-basseinile","status":"publish","type":"product","link":"https:\/\/westonclimate.com\/de\/tooted\/weston-climate-inverter-warmepumpe-fur-schwimmbader\/","title":{"rendered":"Weston Climate Inverter-W\u00e4rmepumpe f\u00fcr Schwimmbad"},"content":{"rendered":"<ul>\n<li>Nominale Heizleistung:<strong> 5,5kW, 11,5kW, 32kW<\/strong><\/li>\n<li><span class=\"Y2IQFc\" lang=\"et\">Heizleistung (kW): 5,5kW: <strong>1,1-5,5<\/strong>; 11,5kW: <strong>2,21-11,5;<\/strong> 32kW:<strong> 10,5-32<\/strong><\/span><\/li>\n<li>COP-Bereich: 5,5 kW:<strong> 14~6.55; <\/strong>11,5 kW:<strong> 14.5~6.4; <\/strong>32kW: <strong>5.14\uff5e8.5<\/strong><\/li>\n<li><strong>WiFi-Verwaltung<\/strong><\/li>\n<li>Stromversorgungsspannung: 5,5kW und 11,5kW: <strong>230V (1F) oder<\/strong> 32kW: <strong>380V (3F)\u00a0<\/strong><\/li>\n<li>Kompressor: <b>Rotierend<\/b><\/li>\n<li>K\u00e4ltemittel: R32<\/li>\n<li><span class=\"Y2IQFc\" lang=\"et\">Umgebungstemperatur: (DB\/WB) 27 \u00b0C\/24,3 \u00b0C; Wassereinlass- und -auslasstemperatur: 26 \u00b0C\/28 \u00b0C.<\/span><\/li>\n<li><span class=\"Y2IQFc\" lang=\"et\">Umgebungstemperatur: (DB\/WB) 15 \u00b0C\/12 \u00b0C; Wassereintrittstemperatur: 26 \u00b0C\/28 \u00b0C.<\/span><\/li>\n<li>Temperatur der Arbeitsluft (\u2103): <strong>-10 bis 43\u00b0C<\/strong><\/li>\n<li>Heiztemperaturbereich (\u2103): <strong>15 bis 40\u00b0C<\/strong><\/li>\n<li>Temperaturbereich der K\u00fchlung (\u2103): <strong>7 bis 35\u00b0C<\/strong><\/li>\n<li><span class=\"Y2IQFc\" lang=\"et\">Gasregler 4-Wege-Ventil<\/span><\/li>\n<li><span class=\"Y2IQFc\" lang=\"et\">Ger\u00e4uschpegel in 1 m H\u00f6he dB(A): 5,5 kW: <strong>20~44<\/strong>; 11,5kW: <strong>22~47<\/strong>; 32kW: <strong>36~55\u00a0<\/strong><\/span><\/li>\n<li>Wasserdurchfluss (m\u00b3\/h): <strong>2,4; 4,9; 13,8<\/strong><\/li>\n<li>Gewicht (kg): 33kg; 44kg; 76kg<\/li>\n<li><span class=\"Y2IQFc\" lang=\"et\">Nettoabmessungen (mm): 5,5kW und 11,5kW: <strong>903*340*666 |<\/strong> 32kW:<strong> 1117*437*770<\/strong><\/span><\/li>\n<li><span class=\"Y2IQFc\" lang=\"et\">Geh\u00e4useabmessungen (mm): 5,5kW und 11,5kW: <strong>995*415*810 |<\/strong> 32kW: <strong>1205*505*925<\/strong><\/span><\/li>\n<\/ul>","protected":false},"excerpt":{"rendered":"<p data-start=\"123\" data-end=\"188\">Inverter-W\u00e4rmepumpen f\u00fcr Schwimmb\u00e4der mit Heizleistungen bis zu 5,5 kW, bis zu 11,5 kW und bis zu 32 kW. Pool-W\u00e4rmepumpen mit Inverter-Technologie gew\u00e4hrleisten eine leise und energieeffiziente Wassererw\u00e4rmung w\u00e4hrend der gesamten Saison. Die Ger\u00e4te passen ihren Betrieb automatisch an den tats\u00e4chlichen W\u00e4rmebedarf an, was dazu beitr\u00e4gt, den Stromverbrauch zu senken und die Lebensdauer des Ger\u00e4ts zu verl\u00e4ngern. Sie eignen sich sowohl f\u00fcr kleinere als auch f\u00fcr gr\u00f6\u00dfere Schwimmbecken.<\/p>\n<p data-start=\"452\" data-end=\"476\">Es sind drei Modelle erh\u00e4ltlich:<\/p>\n<ul>\n<li>bis zu 5,5 kW - geeignet f\u00fcr Schwimmbecken bis zu 7 m\u00b3 \/ 7 000 Liter<\/li>\n<li>bis zu 11,5 kW - geeignet f\u00fcr Schwimmbecken bis zu 15 m\u00b3 \/ 15 000 Liter.<\/li>\n<li>bis 32 kW - geeignet f\u00fcr Schwimmbecken bis zu 42 m\u00b3 \/ 42 000 Liter<\/li>\n<\/ul>\n<p data-start=\"657\" data-end=\"951\">Alle Modelle sind ausgestattet mit <strong data-start=\"684\" data-end=\"704\">Wi-Fi gesteuert<\/strong>, , , . <strong data-start=\"716\" data-end=\"734\">K\u00e4ltemittel R32<\/strong> und sind auch in k\u00fchleren Klimazonen zuverl\u00e4ssig. <strong data-start=\"776\" data-end=\"802\">W\u00e4rmetauscher aus Titan<\/strong> Sowohl f\u00fcr Chlor- als auch f\u00fcr Salzwasserbecken geeignet. Dank des niedrigen Ger\u00e4uschpegels und des hohen COP eignen sich diese Pool-W\u00e4rmepumpen sowohl f\u00fcr private als auch f\u00fcr gewerbliche Pools.<\/p>","protected":false},"featured_media":10837,"template":"","meta":[],"product_brand":[],"product_cat":[63,275,88],"product_tag":[],"class_list":{"0":"post-10810","1":"product","2":"type-product","3":"status-publish","4":"has-post-thumbnail","6":"product_cat-soojuspumbad","7":"product_cat-soojuspump-basseinile","8":"product_cat-allahindlus","10":"first","11":"instock","12":"taxable","13":"shipping-taxable","14":"purchasable","15":"product-type-variable"},"_links":{"self":[{"href":"https:\/\/westonclimate.com\/de\/wp-json\/wp\/v2\/product\/10810","targetHints":{"allow":["GET"]}}],"collection":[{"href":"https:\/\/westonclimate.com\/de\/wp-json\/wp\/v2\/product"}],"about":[{"href":"https:\/\/westonclimate.com\/de\/wp-json\/wp\/v2\/types\/product"}],"version-history":[{"count":10,"href":"https:\/\/westonclimate.com\/de\/wp-json\/wp\/v2\/product\/10810\/revisions"}],"predecessor-version":[{"id":10852,"href":"https:\/\/westonclimate.com\/de\/wp-json\/wp\/v2\/product\/10810\/revisions\/10852"}],"wp:featuredmedia":[{"embeddable":true,"href":"https:\/\/westonclimate.com\/de\/wp-json\/wp\/v2\/media\/10837"}],"wp:attachment":[{"href":"https:\/\/westonclimate.com\/de\/wp-json\/wp\/v2\/media?parent=10810"}],"wp:term":[{"taxonomy":"product_brand","embeddable":true,"href":"https:\/\/westonclimate.com\/de\/wp-json\/wp\/v2\/product_brand?post=10810"},{"taxonomy":"product_cat","embeddable":true,"href":"https:\/\/westonclimate.com\/de\/wp-json\/wp\/v2\/product_cat?post=10810"},{"taxonomy":"product_tag","embeddable":true,"href":"https:\/\/westonclimate.com\/de\/wp-json\/wp\/v2\/product_tag?post=10810"}],"curies":[{"name":"wp","href":"https:\/\/api.w.org\/{rel}","templated":true}]}}