{"id":11029,"date":"2026-02-04T10:02:59","date_gmt":"2026-02-04T10:02:59","guid":{"rendered":"https:\/\/westonclimate.com\/?post_type=product&#038;p=11029"},"modified":"2026-03-10T12:08:16","modified_gmt":"2026-03-10T12:08:16","slug":"weston-climate-ohukuivati-ja-soojustagastusega-ventilatsiooni-laeseade-250-500m3-h","status":"publish","type":"product","link":"https:\/\/westonclimate.com\/de\/tooted\/weston-klima-entfeuchter-und-warmeruckgewinnung-luftungsdeckengerat-250-500m3-h\/","title":{"rendered":"WESTON CLIMATE Luftentfeuchter und W\u00e4rmer\u00fcckgewinnungs-L\u00fcftungsdeckenger\u00e4t 250-500m3\/h"},"content":{"rendered":"<p><strong>Merkmale:<\/strong><\/p>\n<ul>\n<li>Versorgungsspannung: 220 V<\/li>\n<li>Leistung: 380 W<\/li>\n<li>Luftstrom: 250-350 m\u00b3\/h und 350-500 m\u00b3\/h.<\/li>\n<li>Kompressor: Panasonic<\/li>\n<li>Druck: 265 Pa und 275 Pa<\/li>\n<li>Lufttrocknung: 33 l\/24 h und bis zu 58 l\/24 h.<\/li>\n<li>W\u00e4rmer\u00fcckgewinnungsgrad: 68-73% und 66-71%<\/li>\n<li>Ger\u00e4uschpegel: 35-48 dB(A) und 38-49 dB(A).<\/li>\n<li>Filter: Vorfilter + Aktivkohlefilter, HEPA H13 (optional)<\/li>\n<li>Automatischer Kondensatablass: ja (eingebaute Wasserpumpe)<\/li>\n<li>M\u00f5\u00f5dud: 0,962&#215;0,680\u00d70,261m; 1,114&#215;0,909\u00d70,267m<\/li>\n<li>Gewicht: 45kg, 63kg<\/li>\n<\/ul>\n<p>&nbsp;<\/p>\n<ul>\n<li><b>Beschreibung der Merkmale:<\/b><\/li>\n<\/ul>\n<p data-start=\"0\" data-end=\"681\">- Eingebaute automatische Kondensatpumpe mit Laser-Niveausensor f\u00fcr automatischen Kondensatablass.<br data-start=\"140\" data-end=\"143\" \/>- Zwei Betriebsarten: w\u00e4rmegeregelter Betrieb und Entfeuchtungsbetrieb<br data-start=\"209\" data-end=\"212\" \/>- Das System schaltet je nach eingestellter Luftfeuchtigkeit automatisch zwischen den Modi um.<br data-start=\"301\" data-end=\"304\" \/>- Kompaktes Design, geeignet f\u00fcr Decken- oder Unterputzmontage<br data-start=\"376\" data-end=\"379\" \/>- Hocheffizienter W\u00e4rmetauscher mit W\u00e4rmer\u00fcckgewinnung f\u00fcr energieeffiziente L\u00fcftung<br data-start=\"466\" data-end=\"469\" \/>- Ger\u00e4uscharmer Betrieb, geeignet f\u00fcr den Einsatz im Wohnbereich<br data-start=\"513\" data-end=\"516\" \/>- Konzipiert f\u00fcr Dauerbetrieb mit stabiler Leistung<br data-start=\"561\" data-end=\"564\" \/>- Wartungsklappe f\u00fcr einfache Wartung und Filterwechsel<br data-start=\"618\" data-end=\"621\" \/>- Einhaltung der EU 1253\/2014 ErP \u00d6kodesign-Richtlinie.<\/p>\n<p data-start=\"683\" data-end=\"1793\" data-is-last-node=\"\" data-is-only-node=\"\"><strong data-start=\"683\" data-end=\"707\">Kontrollfunktionen<\/strong><br data-start=\"707\" data-end=\"710\" \/>- Integriertes Kontrollsystem mit LCD-Display, das PM2.5, VOC, Temperatur, Luftfeuchtigkeit und andere Indikatoren f\u00fcr die Innenraumluftqualit\u00e4t (IAQ) in Echtzeit anzeigt.<br data-start=\"856\" data-end=\"859\" \/>- Lokale und Fernsteuerung: Unterst\u00fctzt manuelle, automatische, Timer- und Entfeuchtungsmodi; der automatische Modus passt die Ventilatorgeschwindigkeit an den PM2.5-Wert an.<br data-start=\"1025\" data-end=\"1028\" \/>- Modbus RS485-Anschluss, kompatibel mit Smart-Home-Systemen; die Ger\u00e4teadresse kann zwischen 1-254 eingestellt werden.<br data-start=\"1130\" data-end=\"1133\" \/>- Integrierte IAQ-Sensoren (PM2.5, VOC, Temperatur, Feuchtigkeit), CO\u2082-Sensor als Option<br data-start=\"1225\" data-end=\"1228\" \/>- W\u00f6chentliche Zeitplanung mit bis zu 28 konfigurierbaren Zeitr\u00e4umen zur Einstellung von L\u00fcftergeschwindigkeit und Betriebsarten<br data-start=\"1337\" data-end=\"1340\" \/>- Getrennte Frischluft- und Entfeuchtungssteuerung mit intelligenter Kompressorsteuerung (Frostschutzfunktion sowie Hoch- und Niederdruckschutz).<br data-start=\"1483\" data-end=\"1486\" \/>- M\u00f6glichkeit zum Anschluss von externen Sensoren und Zubeh\u00f6r (Ventile, ESP, Negativ-Ionen-Generatoren usw.)<br data-start=\"1591\" data-end=\"1594\" \/>- Fernsteuerung \u00fcber die Tuya Smart App, plus lokale Tasten und Kindersicherungsfunktion<br data-start=\"1684\" data-end=\"1687\" \/>- \u00dcberwachung der Filterlebensdauer mit Erinnerungsfunktion f\u00fcr den Austausch und Option zur Einstellung des Wartungsintervalls<\/p>","protected":false},"excerpt":{"rendered":"<p data-start=\"300\" data-end=\"614\">Effizient und zuverl\u00e4ssig <strong>Deckenger\u00e4t mit Entfeuchter und W\u00e4rmer\u00fcckgewinnungsl\u00fcftung 250-500m3\/h,<\/strong> die Ihre R\u00e4umlichkeiten sichern <strong data-start=\"383\" data-end=\"447\">frische Luft, optimale Luftfeuchtigkeit und ein stabiles Raumklima.<\/strong> das ganze Jahr \u00fcber. Ein einziges Ger\u00e4t kombiniert <strong data-start=\"489\" data-end=\"524\">W\u00e4rmer\u00fcckgewinnungsl\u00fcftung<\/strong> und <strong data-start=\"528\" data-end=\"549\">schnelle Lufttrocknung<\/strong>, und hilft, \u00fcberm\u00e4\u00dfige Feuchtigkeit, Schimmel und Moder zu vermeiden.<\/p>\n<p data-start=\"616\" data-end=\"921\">Das Ger\u00e4t eignet sich f\u00fcr Wohnr\u00e4ume, B\u00fcros und kleinere gewerbliche R\u00e4ume, in denen eine kontinuierliche und automatische L\u00fcftung erforderlich ist. Die w\u00e4rmeregulierbare L\u00fcftung sorgt f\u00fcr einen ausgewogenen Luftaustausch, w\u00e4hrend der eingebaute Luftentfeuchter die Luftfeuchtigkeit auch bei starker Belastung kontrolliert.<\/p>\n<p data-start=\"923\" data-end=\"1273\">Governance auf der Grundlage <strong data-start=\"941\" data-end=\"974\">interne Automatik<\/strong> und Betriebsmodi, die Bel\u00fcftung und Entfeuchtung nach Bedarf steuern. Dies gew\u00e4hrleistet einen zuverl\u00e4ssigen und stabilen Betrieb. <strong data-start=\"1108\" data-end=\"1160\">ohne WiFi-Verbindung, App oder Internetabh\u00e4ngigkeit<\/strong>, Das System eignet sich auch gut f\u00fcr technische Einrichtungen und Standorte, an denen eine einfache und zuverl\u00e4ssige L\u00f6sung erforderlich ist.<\/p>\n<p data-start=\"1275\" data-end=\"1510\">Mehrstufige Filtration mit Aktivkohlefilter und optionalem <strong data-start=\"1339\" data-end=\"1360\">mit HEPA-Filter H13<\/strong> sorgt f\u00fcr saubere und gesunde Raumluft. Der eingebaute automatische Kondensatabfluss macht das Ger\u00e4t benutzerfreundlich und reduziert den Wartungsaufwand.<\/p>\n<table style=\"border-collapse: collapse; width: 48pt;\" border=\"0\" width=\"64\" cellspacing=\"0\" cellpadding=\"0\">\n<tbody>\n<tr style=\"height: 14.4pt;\">\n<td style=\"height: 14.4pt; width: 48pt;\" width=\"64\" height=\"19\"><a href=\"https:\/\/westonclimate.com\/wp-content\/uploads\/2026\/02\/emc-certificate.pdf\" target=\"_blank\" rel=\"noopener\"><img fetchpriority=\"high\" decoding=\"async\" class=\"alignnone size-medium wp-image-11099\" src=\"https:\/\/westonclimate.com\/wp-content\/uploads\/2026\/02\/Cert_2.0-210x300.png\" alt=\"\" width=\"210\" height=\"300\" srcset=\"https:\/\/westonclimate.com\/wp-content\/uploads\/2026\/02\/Cert_2.0-210x300.png 210w, https:\/\/westonclimate.com\/wp-content\/uploads\/2026\/02\/Cert_2.0-717x1024.png 717w, https:\/\/westonclimate.com\/wp-content\/uploads\/2026\/02\/Cert_2.0-768x1097.png 768w, https:\/\/westonclimate.com\/wp-content\/uploads\/2026\/02\/Cert_2.0-8x12.png 8w, https:\/\/westonclimate.com\/wp-content\/uploads\/2026\/02\/Cert_2.0-600x857.png 600w, https:\/\/westonclimate.com\/wp-content\/uploads\/2026\/02\/Cert_2.0.png 812w\" sizes=\"(max-width: 210px) 100vw, 210px\" \/><\/a><\/td>\n<\/tr>\n<\/tbody>\n<\/table>","protected":false},"featured_media":11055,"template":"","meta":[],"product_brand":[],"product_cat":[121,122,35],"product_tag":[],"class_list":{"0":"post-11029","1":"product","2":"type-product","3":"status-publish","4":"has-post-thumbnail","6":"product_cat-laeventilatsioon","7":"product_cat-vertikaalsed","8":"product_cat-ventilatsiooniseadmed","10":"first","11":"instock","12":"taxable","13":"shipping-taxable","14":"purchasable","15":"product-type-variable"},"_links":{"self":[{"href":"https:\/\/westonclimate.com\/de\/wp-json\/wp\/v2\/product\/11029","targetHints":{"allow":["GET"]}}],"collection":[{"href":"https:\/\/westonclimate.com\/de\/wp-json\/wp\/v2\/product"}],"about":[{"href":"https:\/\/westonclimate.com\/de\/wp-json\/wp\/v2\/types\/product"}],"version-history":[{"count":16,"href":"https:\/\/westonclimate.com\/de\/wp-json\/wp\/v2\/product\/11029\/revisions"}],"predecessor-version":[{"id":11101,"href":"https:\/\/westonclimate.com\/de\/wp-json\/wp\/v2\/product\/11029\/revisions\/11101"}],"wp:featuredmedia":[{"embeddable":true,"href":"https:\/\/westonclimate.com\/de\/wp-json\/wp\/v2\/media\/11055"}],"wp:attachment":[{"href":"https:\/\/westonclimate.com\/de\/wp-json\/wp\/v2\/media?parent=11029"}],"wp:term":[{"taxonomy":"product_brand","embeddable":true,"href":"https:\/\/westonclimate.com\/de\/wp-json\/wp\/v2\/product_brand?post=11029"},{"taxonomy":"product_cat","embeddable":true,"href":"https:\/\/westonclimate.com\/de\/wp-json\/wp\/v2\/product_cat?post=11029"},{"taxonomy":"product_tag","embeddable":true,"href":"https:\/\/westonclimate.com\/de\/wp-json\/wp\/v2\/product_tag?post=11029"}],"curies":[{"name":"wp","href":"https:\/\/api.w.org\/{rel}","templated":true}]}}