{"id":11044,"date":"2026-02-04T11:17:43","date_gmt":"2026-02-04T11:17:43","guid":{"rendered":"https:\/\/westonclimate.com\/?post_type=product&#038;p=11044"},"modified":"2026-02-16T18:22:36","modified_gmt":"2026-02-16T18:22:36","slug":"weston-climate-ohukuivati-ja-soojustagastusega-ventilatsiooniseade-350m3-h-ja-500m3-h","status":"publish","type":"product","link":"https:\/\/westonclimate.com\/de\/tooted\/weston-klima-entfeuchter-und-luftungsanlage-mit-warmeruckgewinnung-350m3-h-und-500m3-h\/","title":{"rendered":"WESTON CLIMATE Luftentfeuchter und W\u00e4rmer\u00fcckgewinnungsl\u00fcftungsger\u00e4t 350m3\/h und 500m3\/h"},"content":{"rendered":"<p><strong>Merkmale:<\/strong><\/p>\n<ul>\n<li>Versorgungsspannung: 220 V<\/li>\n<li>Leistung: 380 W<\/li>\n<li>Luftstrom: 350 m\u00b3\/h und 500 m\u00b3\/h<\/li>\n<li>Kompressor: Panasonic<\/li>\n<li>Druck: 255 Pa und 265 Pa<\/li>\n<li>Lufttrocknung: 33 l\/24 h und 58 l\/24 h<\/li>\n<li>W\u00e4rmer\u00fcckgewinnungsgrad: 68-73% und 66-71%<\/li>\n<li>Ger\u00e4uschpegel: 43-49 dB(A) und 45-53 dB(A).<\/li>\n<li>Filter: Vorfilter + Aktivkohlefilter, HEPA H13 (optional)<\/li>\n<li>Automatischer Kondensatablass: ja (eingebaute Wasserpumpe)<\/li>\n<li>M\u00f5\u00f5dud: 0,7&#215;0,396\u00d70,888m; 0,7&#215;0,562\u00d70,888m<\/li>\n<li>Gewicht: 59kg, 79kg<\/li>\n<\/ul>\n<p>&nbsp;<\/p>\n<ul>\n<li><b>Beschreibung der Merkmale<\/b><\/li>\n<\/ul>\n<p data-start=\"0\" data-end=\"681\">- Eingebaute automatische Kondensatpumpe mit Laser-Niveausensor f\u00fcr automatischen Kondensatablass.<br data-start=\"140\" data-end=\"143\" \/>- Zwei Betriebsarten: w\u00e4rmegeregelter Betrieb und Entfeuchtungsbetrieb<br data-start=\"209\" data-end=\"212\" \/>- Das System schaltet je nach eingestellter Luftfeuchtigkeit automatisch zwischen den Modi um.<br data-start=\"301\" data-end=\"304\" \/>- Kompaktes Design, geeignet f\u00fcr Decken- oder Unterputzmontage<br data-start=\"376\" data-end=\"379\" \/>- Hocheffizienter W\u00e4rmetauscher mit W\u00e4rmer\u00fcckgewinnung f\u00fcr energieeffiziente L\u00fcftung<br data-start=\"466\" data-end=\"469\" \/>- Ger\u00e4uscharmer Betrieb, geeignet f\u00fcr den Einsatz im Wohnbereich<br data-start=\"513\" data-end=\"516\" \/>- Konzipiert f\u00fcr Dauerbetrieb mit stabiler Leistung<br data-start=\"561\" data-end=\"564\" \/>- Wartungsklappe f\u00fcr einfache Wartung und Filterwechsel<br data-start=\"618\" data-end=\"621\" \/>- Einhaltung der EU 1253\/2014 ErP \u00d6kodesign-Richtlinie.<\/p>\n<p data-start=\"683\" data-end=\"1793\" data-is-last-node=\"\" data-is-only-node=\"\"><strong data-start=\"683\" data-end=\"707\">Kontrollfunktionen<\/strong><br data-start=\"707\" data-end=\"710\" \/>- Integriertes Kontrollsystem mit LCD-Display, das PM2.5, VOC, Temperatur, Luftfeuchtigkeit und andere Indikatoren f\u00fcr die Innenraumluftqualit\u00e4t (IAQ) in Echtzeit anzeigt.<br data-start=\"856\" data-end=\"859\" \/>- Lokale und Fernsteuerung: Unterst\u00fctzt manuelle, automatische, Timer- und Entfeuchtungsmodi; der automatische Modus passt die Ventilatorgeschwindigkeit an den PM2.5-Wert an.<br data-start=\"1025\" data-end=\"1028\" \/>- Modbus RS485-Anschluss, kompatibel mit Smart-Home-Systemen; die Ger\u00e4teadresse kann zwischen 1-254 eingestellt werden.<br data-start=\"1130\" data-end=\"1133\" \/>- Integrierte IAQ-Sensoren (PM2.5, VOC, Temperatur, Feuchtigkeit), CO\u2082-Sensor als Option<br data-start=\"1225\" data-end=\"1228\" \/>- W\u00f6chentliche Zeitplanung mit bis zu 28 konfigurierbaren Zeitr\u00e4umen zur Einstellung von L\u00fcftergeschwindigkeit und Betriebsarten<br data-start=\"1337\" data-end=\"1340\" \/>- Getrennte Frischluft- und Entfeuchtungssteuerung mit intelligenter Kompressorsteuerung (Frostschutzfunktion sowie Hoch- und Niederdruckschutz).<br data-start=\"1483\" data-end=\"1486\" \/>- M\u00f6glichkeit zum Anschluss von externen Sensoren und Zubeh\u00f6r (Ventile, ESP, Negativ-Ionen-Generatoren usw.)<br data-start=\"1591\" data-end=\"1594\" \/>- Fernsteuerung \u00fcber die Tuya Smart App, plus lokale Tasten und Kindersicherungsfunktion<br data-start=\"1684\" data-end=\"1687\" \/>- \u00dcberwachung der Filterlebensdauer mit Erinnerungsfunktion f\u00fcr den Austausch und Option zur Einstellung des Wartungsintervalls<\/p>","protected":false},"excerpt":{"rendered":"<p data-start=\"279\" data-end=\"618\">Effizient und zuverl\u00e4ssig <strong>Luftentfeuchter und L\u00fcftung mit W\u00e4rmer\u00fcckgewinnung 350 bzw. 500 m3\/h<\/strong>, gew\u00e4hrleistet, dass Ihre R\u00e4umlichkeiten <strong data-start=\"361\" data-end=\"424\">frische Luft, optimale Luftfeuchtigkeit und ein angenehmes Raumklima.<\/strong>.<\/p>\n<p data-start=\"279\" data-end=\"618\"><strong>Das Ger\u00e4t wird vertikal eingebaut<\/strong>, Sie eignen sich f\u00fcr Wohnr\u00e4ume, B\u00fcros und kleinere Gesch\u00e4ftsr\u00e4ume, in denen Energieeffizienz und leiser Betrieb wichtig sind.<\/p>\n<p data-start=\"620\" data-end=\"844\">Das Ger\u00e4t stellt eine Verbindung her <strong data-start=\"634\" data-end=\"686\">Entfeuchtung und L\u00fcftung mit W\u00e4rmer\u00fcckgewinnung<\/strong>, und hilft, Feuchtigkeitssch\u00e4den, Schimmel und Stockflecken zu vermeiden. Falls erforderlich, kann es verwendet werden <strong data-start=\"772\" data-end=\"801\">nur Entfeuchtungsmodus<\/strong>, um \u00fcbersch\u00fcssige Feuchtigkeit schnell zu entfernen.<\/p>\n<p data-start=\"846\" data-end=\"1076\">Mehrstufige Filterung mit <strong data-start=\"880\" data-end=\"931\">mit Aktivkohlefilter und optionalem HEPA-Filter H13<\/strong> sorgt f\u00fcr saubere und gesunde Raumluft. Eingebaut <strong data-start=\"981\" data-end=\"1015\">automatischer Kondensatablass<\/strong> macht es bequem zu bedienen und minimiert den Wartungsaufwand.<\/p>\n<p data-start=\"1078\" data-end=\"1223\">Verwaltung auf der Grundlage des Ger\u00e4ts <strong data-start=\"1103\" data-end=\"1146\">interne Automatisierung und Betriebsarten<\/strong>, und gew\u00e4hrleistet <strong data-start=\"1156\" data-end=\"1190\">stabile und zuverl\u00e4ssige Arbeit<\/strong>.<\/p>\n<table style=\"border-collapse: collapse; width: 48pt;\" border=\"0\" width=\"64\" cellspacing=\"0\" cellpadding=\"0\">\n<tbody>\n<tr style=\"height: 14.4pt;\">\n<td style=\"height: 14.4pt; width: 48pt;\" width=\"64\" height=\"19\"><a href=\"https:\/\/westonclimate.com\/wp-content\/uploads\/2026\/02\/emc-certificate.pdf\" target=\"_blank\" rel=\"noopener\"><img fetchpriority=\"high\" decoding=\"async\" class=\"alignnone size-medium wp-image-11099\" src=\"https:\/\/westonclimate.com\/wp-content\/uploads\/2026\/02\/Cert_2.0-210x300.png\" alt=\"\" width=\"210\" height=\"300\" srcset=\"https:\/\/westonclimate.com\/wp-content\/uploads\/2026\/02\/Cert_2.0-210x300.png 210w, https:\/\/westonclimate.com\/wp-content\/uploads\/2026\/02\/Cert_2.0-717x1024.png 717w, https:\/\/westonclimate.com\/wp-content\/uploads\/2026\/02\/Cert_2.0-768x1097.png 768w, https:\/\/westonclimate.com\/wp-content\/uploads\/2026\/02\/Cert_2.0-8x12.png 8w, https:\/\/westonclimate.com\/wp-content\/uploads\/2026\/02\/Cert_2.0-600x857.png 600w, https:\/\/westonclimate.com\/wp-content\/uploads\/2026\/02\/Cert_2.0.png 812w\" sizes=\"(max-width: 210px) 100vw, 210px\" \/><\/a><\/td>\n<\/tr>\n<\/tbody>\n<\/table>","protected":false},"featured_media":11035,"template":"","meta":[],"product_brand":[],"product_cat":[122,35],"product_tag":[],"class_list":{"0":"post-11044","1":"product","2":"type-product","3":"status-publish","4":"has-post-thumbnail","6":"product_cat-vertikaalsed","7":"product_cat-ventilatsiooniseadmed","9":"first","10":"instock","11":"taxable","12":"shipping-taxable","13":"purchasable","14":"product-type-variable"},"_links":{"self":[{"href":"https:\/\/westonclimate.com\/de\/wp-json\/wp\/v2\/product\/11044","targetHints":{"allow":["GET"]}}],"collection":[{"href":"https:\/\/westonclimate.com\/de\/wp-json\/wp\/v2\/product"}],"about":[{"href":"https:\/\/westonclimate.com\/de\/wp-json\/wp\/v2\/types\/product"}],"version-history":[{"count":10,"href":"https:\/\/westonclimate.com\/de\/wp-json\/wp\/v2\/product\/11044\/revisions"}],"predecessor-version":[{"id":11100,"href":"https:\/\/westonclimate.com\/de\/wp-json\/wp\/v2\/product\/11044\/revisions\/11100"}],"wp:featuredmedia":[{"embeddable":true,"href":"https:\/\/westonclimate.com\/de\/wp-json\/wp\/v2\/media\/11035"}],"wp:attachment":[{"href":"https:\/\/westonclimate.com\/de\/wp-json\/wp\/v2\/media?parent=11044"}],"wp:term":[{"taxonomy":"product_brand","embeddable":true,"href":"https:\/\/westonclimate.com\/de\/wp-json\/wp\/v2\/product_brand?post=11044"},{"taxonomy":"product_cat","embeddable":true,"href":"https:\/\/westonclimate.com\/de\/wp-json\/wp\/v2\/product_cat?post=11044"},{"taxonomy":"product_tag","embeddable":true,"href":"https:\/\/westonclimate.com\/de\/wp-json\/wp\/v2\/product_tag?post=11044"}],"curies":[{"name":"wp","href":"https:\/\/api.w.org\/{rel}","templated":true}]}}