{"id":11269,"date":"2026-02-24T16:14:13","date_gmt":"2026-02-24T16:14:13","guid":{"rendered":"https:\/\/westonclimate.com\/?post_type=product&#038;p=11269"},"modified":"2026-02-25T08:14:04","modified_gmt":"2026-02-25T08:14:04","slug":"weston-climate-180mm-4m-kuuma-vee-tsirkulatsioonipump-3fix-auto-25w-g1-5%e2%86%92g1","status":"publish","type":"product","link":"https:\/\/westonclimate.com\/de\/tooted\/weston-klima-180mm-4m-warmwasser-umwalzpumpe-3fix-auto-25w-g1-5g1\/","title":{"rendered":"Weston Climate 180mm 4m Warmwasser-Zirkulationspumpe 3fix\/Auto 25W G1.5\u2019\u2019\u2192G1\u2019\u2019"},"content":{"rendered":"<ul>\n<li data-start=\"1028\" data-end=\"1051\">Hubh\u00f6he: bis zu 4 m<\/li>\n<li data-start=\"1054\" data-end=\"1092\">Durchflussmenge (L\/min): bis zu 40 L\/min<\/li>\n<li>Betriebsarten: 3 feste Geschwindigkeiten und automatische Modi<\/li>\n<li data-start=\"1095\" data-end=\"1109\">Leistung: 25W<\/li>\n<li data-start=\"1112\" data-end=\"1131\">Einbaul\u00e4nge: 180 mm<\/li>\n<li data-start=\"1134\" data-end=\"1166\">Voltage\/frequency: 220-250V\/50-60Hz<\/li>\n<li data-start=\"1169\" data-end=\"1212\">Schutzart: IP44<\/li>\n<li data-start=\"1237\" data-end=\"1252\">Keil: G1.5\u2019\u2019<\/li>\n<li data-start=\"1255\" data-end=\"1280\">\u00dcbergang: G1,5\u2019\u2019 \u2192 G1\u2019\u2019<\/li>\n<\/ul>","protected":false},"excerpt":{"rendered":"<p data-start=\"181\" data-end=\"458\">Die 180-mm-Umw\u00e4lzpumpe von Weston Climate ist eine zuverl\u00e4ssige und energiesparende L\u00f6sung f\u00fcr die Heizung oder Warmwasserzirkulation. Das Ger\u00e4t eignet sich f\u00fcr den Einsatz in Privath\u00e4usern, Mehrfamilienh\u00e4usern und kleineren Heizungsanlagen, wo ein stabiler Wasserfluss und eine F\u00f6rderh\u00f6he von bis zu 4 Metern erforderlich sind.<\/p>\n<p data-start=\"460\" data-end=\"685\">Weston Klima<strong> 180mm 4m Warmwasser-Zirkulationspumpe 3fix\/Auto 25W G1.5\u2019\u2019\u2192G1\u2019\u2019<\/strong>\u00a0ist mit drei festen Geschwindigkeiten und einem Automatikmodus ausgestattet, der es erm\u00f6glicht, den Betrieb an die Bed\u00fcrfnisse des Systems anzupassen. Der Automatikmodus optimiert die Arbeitslast und hilft, den Energieverbrauch zu senken und die Lebensdauer des Ger\u00e4ts zu verl\u00e4ngern.<\/p>\n<p data-start=\"687\" data-end=\"885\">Mit einer Einbaul\u00e4nge von 180 mm ist die Pumpe sowohl f\u00fcr neue als auch f\u00fcr bestehende Anlagen geeignet. Die Schutzart IP44 gew\u00e4hrleistet einen sicheren Betrieb unter normalen Heizungsraumbedingungen.<\/p>\n<p data-start=\"887\" data-end=\"994\">Dank des G1,5\u2019\u2019-Anschlusses und des mitgelieferten Adapters G1,5\u2019\u2019 \u2192 G1\u2019\u2019 ist die Installation einfach und universell.<\/p>","protected":false},"featured_media":11270,"template":"","meta":[],"product_brand":[],"product_cat":[67,294],"product_tag":[],"class_list":{"0":"post-11269","1":"product","2":"type-product","3":"status-publish","4":"has-post-thumbnail","6":"product_cat-tsirkulatsioonipumbad","7":"product_cat-weston-climate","9":"first","10":"instock","11":"taxable","12":"shipping-taxable","13":"purchasable","14":"product-type-simple"},"_links":{"self":[{"href":"https:\/\/westonclimate.com\/de\/wp-json\/wp\/v2\/product\/11269","targetHints":{"allow":["GET"]}}],"collection":[{"href":"https:\/\/westonclimate.com\/de\/wp-json\/wp\/v2\/product"}],"about":[{"href":"https:\/\/westonclimate.com\/de\/wp-json\/wp\/v2\/types\/product"}],"version-history":[{"count":4,"href":"https:\/\/westonclimate.com\/de\/wp-json\/wp\/v2\/product\/11269\/revisions"}],"predecessor-version":[{"id":11275,"href":"https:\/\/westonclimate.com\/de\/wp-json\/wp\/v2\/product\/11269\/revisions\/11275"}],"wp:featuredmedia":[{"embeddable":true,"href":"https:\/\/westonclimate.com\/de\/wp-json\/wp\/v2\/media\/11270"}],"wp:attachment":[{"href":"https:\/\/westonclimate.com\/de\/wp-json\/wp\/v2\/media?parent=11269"}],"wp:term":[{"taxonomy":"product_brand","embeddable":true,"href":"https:\/\/westonclimate.com\/de\/wp-json\/wp\/v2\/product_brand?post=11269"},{"taxonomy":"product_cat","embeddable":true,"href":"https:\/\/westonclimate.com\/de\/wp-json\/wp\/v2\/product_cat?post=11269"},{"taxonomy":"product_tag","embeddable":true,"href":"https:\/\/westonclimate.com\/de\/wp-json\/wp\/v2\/product_tag?post=11269"}],"curies":[{"name":"wp","href":"https:\/\/api.w.org\/{rel}","templated":true}]}}