{"id":11320,"date":"2026-02-24T17:51:37","date_gmt":"2026-02-24T17:51:37","guid":{"rendered":"https:\/\/westonclimate.com\/?post_type=product&#038;p=11320"},"modified":"2026-02-25T08:12:08","modified_gmt":"2026-02-25T08:12:08","slug":"weston-climate-180mm-8m-kuuma-vee-tsirkulatsioonipump-3fix-auto-65w-g1-5-%e2%86%92-g1","status":"publish","type":"product","link":"https:\/\/westonclimate.com\/de\/tooted\/weston-klima-180mm-8m-warmwasser-zirkulationspumpe-3fix-auto-65w-g1-5-g1\/","title":{"rendered":"Weston Climate 180mm 8m Warmwasser-Zirkulationspumpe 3fix\/Auto 65W G1.5\u2019\u2019 \u2192 G1\u2019\u2019 G1''"},"content":{"rendered":"<ul>\n<li data-start=\"1028\" data-end=\"1051\">Hubh\u00f6he: bis zu 8 m<\/li>\n<li data-start=\"1054\" data-end=\"1092\">Durchflussmenge (L\/min): bis zu 75 L\/min<\/li>\n<li>Betriebsarten: 3 feste Geschwindigkeiten + Automatikbetrieb<\/li>\n<li data-start=\"1095\" data-end=\"1109\">Leistung: 65W<\/li>\n<li data-start=\"1112\" data-end=\"1131\">Einbaul\u00e4nge: 180 mm<\/li>\n<li data-start=\"1134\" data-end=\"1166\">Voltage\/frequency: 220-250V\/50-60Hz<\/li>\n<li data-start=\"1169\" data-end=\"1212\">Schutzart: IP44<\/li>\n<li data-start=\"1237\" data-end=\"1252\">Keil: G1.5\u2019\u2019<\/li>\n<li data-start=\"1255\" data-end=\"1280\">\u00dcbergang: G1,5\u2019\u2019 \u2192 G1\u2019\u2019<\/li>\n<\/ul>","protected":false},"excerpt":{"rendered":"<p data-start=\"106\" data-end=\"383\">Die Weston Climate 180 mm Umw\u00e4lzpumpe ist eine zuverl\u00e4ssige und energiesparende L\u00f6sung f\u00fcr die Heizung oder Warmwasserzirkulation. Das Ger\u00e4t eignet sich f\u00fcr den Einsatz in Privath\u00e4usern, Mehrfamilienh\u00e4usern und verschiedenen Heizungsanlagen, wo ein stabiler Wasserfluss und eine F\u00f6rderh\u00f6he von bis zu 8 Metern erforderlich sind.<\/p>\n<p data-start=\"385\" data-end=\"657\">Weston Klima <strong>180mm 8m Warmwasser-Zirkulationspumpe 3fix\/Auto 65W G1.5\u2019\u2019 \u2192 G1\u2019\u2019<\/strong> ist mit drei festen Geschwindigkeiten und einem Automatikmodus ausgestattet. Der Automatikmodus passt den Betrieb automatisch an den Bedarf des Systems an und tr\u00e4gt dazu bei, den Energieverbrauch zu senken und die Lebensdauer des Ger\u00e4ts zu verl\u00e4ngern.<\/p>\n<p data-start=\"659\" data-end=\"851\">Die Einbaul\u00e4nge von 180 mm ist ein g\u00e4ngiger Standard, wodurch sich die Pumpe sowohl f\u00fcr neue als auch f\u00fcr bestehende Anlagen eignet. Die Schutzart IP44 gew\u00e4hrleistet einen sicheren Betrieb unter normalen Heizungsraumbedingungen.<\/p>\n<p data-start=\"853\" data-end=\"960\">Dank des G1,5\u2019\u2019-Anschlusses und des mitgelieferten Adapters G1,5\u2019\u2019 \u2192 G1\u2019\u2019 ist die Installation einfach und universell.<\/p>","protected":false},"featured_media":11321,"template":"","meta":[],"product_brand":[],"product_cat":[67,294],"product_tag":[],"class_list":{"0":"post-11320","1":"product","2":"type-product","3":"status-publish","4":"has-post-thumbnail","6":"product_cat-tsirkulatsioonipumbad","7":"product_cat-weston-climate","9":"first","10":"instock","11":"taxable","12":"shipping-taxable","13":"purchasable","14":"product-type-simple"},"_links":{"self":[{"href":"https:\/\/westonclimate.com\/de\/wp-json\/wp\/v2\/product\/11320","targetHints":{"allow":["GET"]}}],"collection":[{"href":"https:\/\/westonclimate.com\/de\/wp-json\/wp\/v2\/product"}],"about":[{"href":"https:\/\/westonclimate.com\/de\/wp-json\/wp\/v2\/types\/product"}],"version-history":[{"count":1,"href":"https:\/\/westonclimate.com\/de\/wp-json\/wp\/v2\/product\/11320\/revisions"}],"predecessor-version":[{"id":11322,"href":"https:\/\/westonclimate.com\/de\/wp-json\/wp\/v2\/product\/11320\/revisions\/11322"}],"wp:featuredmedia":[{"embeddable":true,"href":"https:\/\/westonclimate.com\/de\/wp-json\/wp\/v2\/media\/11321"}],"wp:attachment":[{"href":"https:\/\/westonclimate.com\/de\/wp-json\/wp\/v2\/media?parent=11320"}],"wp:term":[{"taxonomy":"product_brand","embeddable":true,"href":"https:\/\/westonclimate.com\/de\/wp-json\/wp\/v2\/product_brand?post=11320"},{"taxonomy":"product_cat","embeddable":true,"href":"https:\/\/westonclimate.com\/de\/wp-json\/wp\/v2\/product_cat?post=11320"},{"taxonomy":"product_tag","embeddable":true,"href":"https:\/\/westonclimate.com\/de\/wp-json\/wp\/v2\/product_tag?post=11320"}],"curies":[{"name":"wp","href":"https:\/\/api.w.org\/{rel}","templated":true}]}}