{"id":3168,"date":"2024-05-04T18:45:49","date_gmt":"2024-05-04T18:45:49","guid":{"rendered":"https:\/\/wmdcompany.eu\/?post_type=product&#038;p=3168"},"modified":"2025-09-29T06:50:28","modified_gmt":"2025-09-29T06:50:28","slug":"pusimagnetiline-vsd-ohukompressor","status":"publish","type":"product","link":"https:\/\/westonclimate.com\/de\/tooted\/pusimagnetischer-vsd-kompressor-fur-explosionsgefahrdete-bereiche\/","title":{"rendered":"Permanentmagnet-Verdichter VSD"},"content":{"rendered":"","protected":false},"excerpt":{"rendered":"<p style=\"font-weight: 400;\"><strong>AIRHORSE Permanentmagnet-VSD-Kompressor.\u00a0<\/strong><\/p>\n<ul>\n<li>AirHorse-Schraubenkompressoren der Serie EPM werden in mehr als 100 L\u00e4nder und Regionen exportiert. Sie bieten die Vorteile eines zuverl\u00e4ssigen Betriebs, geringer Ger\u00e4uschentwicklung, langer Lebensdauer, hoher Effizienz und Energieeinsparung.<\/li>\n<\/ul>","protected":false},"featured_media":3169,"template":"","meta":[],"product_brand":[],"product_cat":[66],"product_tag":[],"class_list":{"0":"post-3168","1":"product","2":"type-product","3":"status-publish","4":"has-post-thumbnail","6":"product_cat-kompressorid","8":"first","9":"instock","10":"taxable","11":"shipping-taxable","12":"product-type-simple"},"_links":{"self":[{"href":"https:\/\/westonclimate.com\/de\/wp-json\/wp\/v2\/product\/3168","targetHints":{"allow":["GET"]}}],"collection":[{"href":"https:\/\/westonclimate.com\/de\/wp-json\/wp\/v2\/product"}],"about":[{"href":"https:\/\/westonclimate.com\/de\/wp-json\/wp\/v2\/types\/product"}],"version-history":[{"count":1,"href":"https:\/\/westonclimate.com\/de\/wp-json\/wp\/v2\/product\/3168\/revisions"}],"predecessor-version":[{"id":9297,"href":"https:\/\/westonclimate.com\/de\/wp-json\/wp\/v2\/product\/3168\/revisions\/9297"}],"wp:featuredmedia":[{"embeddable":true,"href":"https:\/\/westonclimate.com\/de\/wp-json\/wp\/v2\/media\/3169"}],"wp:attachment":[{"href":"https:\/\/westonclimate.com\/de\/wp-json\/wp\/v2\/media?parent=3168"}],"wp:term":[{"taxonomy":"product_brand","embeddable":true,"href":"https:\/\/westonclimate.com\/de\/wp-json\/wp\/v2\/product_brand?post=3168"},{"taxonomy":"product_cat","embeddable":true,"href":"https:\/\/westonclimate.com\/de\/wp-json\/wp\/v2\/product_cat?post=3168"},{"taxonomy":"product_tag","embeddable":true,"href":"https:\/\/westonclimate.com\/de\/wp-json\/wp\/v2\/product_tag?post=3168"}],"curies":[{"name":"wp","href":"https:\/\/api.w.org\/{rel}","templated":true}]}}