{"id":3183,"date":"2024-05-04T19:15:49","date_gmt":"2024-05-04T19:15:49","guid":{"rendered":"https:\/\/wmdcompany.eu\/?post_type=product&#038;p=3183"},"modified":"2025-09-29T06:49:32","modified_gmt":"2025-09-29T06:49:32","slug":"paagile-monteeritav-kruvikompressor","status":"publish","type":"product","link":"https:\/\/westonclimate.com\/de\/tooted\/tankmontierbarer-schraubenkompressor\/","title":{"rendered":"Tankmontierter Schraubenkompressor"},"content":{"rendered":"","protected":false},"excerpt":{"rendered":"<p style=\"font-weight: 400;\"><strong>AIRHORSE-Schraubenkompressor im Tank.\u00a0<\/strong><\/p>\n<ul>\n<li>Einfaches Plug-and-Play - beseitigt die Hauptursachen f\u00fcr Ausf\u00e4lle von Luftsystemen: falsche Dimensionierung und Installation.<\/li>\n<li>Praktisch keine Installationskosten - Installationszeit, Material und Kosten f\u00fcr den 80% entfallen.<\/li>\n<li>Die integrierte Verpackung spart wertvolle Stellfl\u00e4che f\u00fcr andere Zwecke.<\/li>\n<li>Lebenslange Energieeinsparungen dank hocheffizienter Komponenten.<\/li>\n<li>H\u00f6here Produktivit\u00e4t dank besserer Luftqualit\u00e4t - Wasser und Korrosion werden vermieden, was zu einer l\u00e4ngeren Lebensdauer von Werkzeugen und Ger\u00e4ten f\u00fchrt.<\/li>\n<\/ul>","protected":false},"featured_media":3187,"template":"","meta":[],"product_brand":[],"product_cat":[66],"product_tag":[],"class_list":{"0":"post-3183","1":"product","2":"type-product","3":"status-publish","4":"has-post-thumbnail","6":"product_cat-kompressorid","8":"first","9":"instock","10":"taxable","11":"shipping-taxable","12":"product-type-simple"},"_links":{"self":[{"href":"https:\/\/westonclimate.com\/de\/wp-json\/wp\/v2\/product\/3183","targetHints":{"allow":["GET"]}}],"collection":[{"href":"https:\/\/westonclimate.com\/de\/wp-json\/wp\/v2\/product"}],"about":[{"href":"https:\/\/westonclimate.com\/de\/wp-json\/wp\/v2\/types\/product"}],"version-history":[{"count":1,"href":"https:\/\/westonclimate.com\/de\/wp-json\/wp\/v2\/product\/3183\/revisions"}],"predecessor-version":[{"id":9294,"href":"https:\/\/westonclimate.com\/de\/wp-json\/wp\/v2\/product\/3183\/revisions\/9294"}],"wp:featuredmedia":[{"embeddable":true,"href":"https:\/\/westonclimate.com\/de\/wp-json\/wp\/v2\/media\/3187"}],"wp:attachment":[{"href":"https:\/\/westonclimate.com\/de\/wp-json\/wp\/v2\/media?parent=3183"}],"wp:term":[{"taxonomy":"product_brand","embeddable":true,"href":"https:\/\/westonclimate.com\/de\/wp-json\/wp\/v2\/product_brand?post=3183"},{"taxonomy":"product_cat","embeddable":true,"href":"https:\/\/westonclimate.com\/de\/wp-json\/wp\/v2\/product_cat?post=3183"},{"taxonomy":"product_tag","embeddable":true,"href":"https:\/\/westonclimate.com\/de\/wp-json\/wp\/v2\/product_tag?post=3183"}],"curies":[{"name":"wp","href":"https:\/\/api.w.org\/{rel}","templated":true}]}}