{"id":3188,"date":"2024-05-04T19:41:29","date_gmt":"2024-05-04T19:41:29","guid":{"rendered":"https:\/\/wmdcompany.eu\/?post_type=product&#038;p=3188"},"modified":"2025-09-29T06:49:09","modified_gmt":"2025-09-29T06:49:09","slug":"paagile-monteeritav-kuivatiga-kruvikompressor","status":"publish","type":"product","link":"https:\/\/westonclimate.com\/de\/tooted\/tankmontierbarer-trockener-schraubenkompressor\/","title":{"rendered":"Tankmontierbarer trockener Schraubenkompressor"},"content":{"rendered":"","protected":false},"excerpt":{"rendered":"<p style=\"font-weight: 400;\"><strong>AIRHORSE paa<\/strong><strong>g<\/strong><strong>i<\/strong><strong>von<\/strong><strong> einen Schraubenkompressor mit montierbarem Trockner.\u00a0<\/strong><\/p>\n<ul>\n<li>Der auf dem Tank montierte Schraubenkompressor verf\u00fcgt \u00fcber einen integrierten K\u00e4ltetrockner und Luftbeh\u00e4lter und bietet einen leisen und kontinuierlichen Kompressorbetrieb mit integriertem Luftbeh\u00e4lter f\u00fcr kleine und mittelgro\u00dfe Unternehmen. Die Gefriertrockner k\u00fchlen die Luft, bevor sie in den Tanks gespeichert wird, um die Feuchtigkeit aus der Luft zu entfernen und Rost oder Sch\u00e4den an der Ausr\u00fcstung zu verhindern. Die Gasbeh\u00e4lter dienen als Reserve f\u00fcr einen gro\u00dfen Luftbedarf, fungieren als Puffer zwischen dem Kompressor und Ihren Ger\u00e4ten und reduzieren die st\u00e4ndigen Zyklen des Kompressors, so dass der Beh\u00e4lter stets einsatzbereit ist.<\/li>\n<\/ul>","protected":false},"featured_media":3191,"template":"","meta":[],"product_brand":[],"product_cat":[66],"product_tag":[],"class_list":{"0":"post-3188","1":"product","2":"type-product","3":"status-publish","4":"has-post-thumbnail","6":"product_cat-kompressorid","8":"first","9":"instock","10":"taxable","11":"shipping-taxable","12":"product-type-simple"},"_links":{"self":[{"href":"https:\/\/westonclimate.com\/de\/wp-json\/wp\/v2\/product\/3188","targetHints":{"allow":["GET"]}}],"collection":[{"href":"https:\/\/westonclimate.com\/de\/wp-json\/wp\/v2\/product"}],"about":[{"href":"https:\/\/westonclimate.com\/de\/wp-json\/wp\/v2\/types\/product"}],"version-history":[{"count":1,"href":"https:\/\/westonclimate.com\/de\/wp-json\/wp\/v2\/product\/3188\/revisions"}],"predecessor-version":[{"id":9293,"href":"https:\/\/westonclimate.com\/de\/wp-json\/wp\/v2\/product\/3188\/revisions\/9293"}],"wp:featuredmedia":[{"embeddable":true,"href":"https:\/\/westonclimate.com\/de\/wp-json\/wp\/v2\/media\/3191"}],"wp:attachment":[{"href":"https:\/\/westonclimate.com\/de\/wp-json\/wp\/v2\/media?parent=3188"}],"wp:term":[{"taxonomy":"product_brand","embeddable":true,"href":"https:\/\/westonclimate.com\/de\/wp-json\/wp\/v2\/product_brand?post=3188"},{"taxonomy":"product_cat","embeddable":true,"href":"https:\/\/westonclimate.com\/de\/wp-json\/wp\/v2\/product_cat?post=3188"},{"taxonomy":"product_tag","embeddable":true,"href":"https:\/\/westonclimate.com\/de\/wp-json\/wp\/v2\/product_tag?post=3188"}],"curies":[{"name":"wp","href":"https:\/\/api.w.org\/{rel}","templated":true}]}}