{"id":3201,"date":"2024-05-04T20:07:04","date_gmt":"2024-05-04T20:07:04","guid":{"rendered":"https:\/\/wmdcompany.eu\/?post_type=product&#038;p=3201"},"modified":"2025-09-29T06:47:49","modified_gmt":"2025-09-29T06:47:49","slug":"korgsurve-kruviohukompressor","status":"publish","type":"product","link":"https:\/\/westonclimate.com\/de\/tooted\/korkenzieher-schraubenkompressor\/","title":{"rendered":"Hochdruck-Schraubenluftkompressor"},"content":{"rendered":"","protected":false},"excerpt":{"rendered":"<p style=\"font-weight: 400;\"><strong>AIRHORSE-Hochdruck-Schraubenkompressor.\u00a0<\/strong><\/p>\n<ul>\n<li>Intelligente Fern\u00fcberwachung von Ger\u00e4ten, 24-Stunden-Netzwerk\u00fcberwachung, keine Notwendigkeit f\u00fcr eine spezielle Verwaltung, das Telefon zu \u00f6ffnen, um schnell Informationen \u00fcber den Maschinenbetrieb abzurufen. Wenn die Maschine eine St\u00f6rung hat oder gewartet werden muss, sendet das System automatisch eine Fr\u00fchwarnmeldung.<\/li>\n<\/ul>","protected":false},"featured_media":3204,"template":"","meta":[],"product_brand":[],"product_cat":[66],"product_tag":[],"class_list":{"0":"post-3201","1":"product","2":"type-product","3":"status-publish","4":"has-post-thumbnail","6":"product_cat-kompressorid","8":"first","9":"instock","10":"taxable","11":"shipping-taxable","12":"product-type-simple"},"_links":{"self":[{"href":"https:\/\/westonclimate.com\/de\/wp-json\/wp\/v2\/product\/3201","targetHints":{"allow":["GET"]}}],"collection":[{"href":"https:\/\/westonclimate.com\/de\/wp-json\/wp\/v2\/product"}],"about":[{"href":"https:\/\/westonclimate.com\/de\/wp-json\/wp\/v2\/types\/product"}],"version-history":[{"count":1,"href":"https:\/\/westonclimate.com\/de\/wp-json\/wp\/v2\/product\/3201\/revisions"}],"predecessor-version":[{"id":9290,"href":"https:\/\/westonclimate.com\/de\/wp-json\/wp\/v2\/product\/3201\/revisions\/9290"}],"wp:featuredmedia":[{"embeddable":true,"href":"https:\/\/westonclimate.com\/de\/wp-json\/wp\/v2\/media\/3204"}],"wp:attachment":[{"href":"https:\/\/westonclimate.com\/de\/wp-json\/wp\/v2\/media?parent=3201"}],"wp:term":[{"taxonomy":"product_brand","embeddable":true,"href":"https:\/\/westonclimate.com\/de\/wp-json\/wp\/v2\/product_brand?post=3201"},{"taxonomy":"product_cat","embeddable":true,"href":"https:\/\/westonclimate.com\/de\/wp-json\/wp\/v2\/product_cat?post=3201"},{"taxonomy":"product_tag","embeddable":true,"href":"https:\/\/westonclimate.com\/de\/wp-json\/wp\/v2\/product_tag?post=3201"}],"curies":[{"name":"wp","href":"https:\/\/api.w.org\/{rel}","templated":true}]}}