{"id":3205,"date":"2024-05-04T20:11:50","date_gmt":"2024-05-04T20:11:50","guid":{"rendered":"https:\/\/wmdcompany.eu\/?post_type=product&#038;p=3205"},"modified":"2025-09-29T06:47:26","modified_gmt":"2025-09-29T06:47:26","slug":"kruviga-vaakumpump","status":"publish","type":"product","link":"https:\/\/westonclimate.com\/de\/tooted\/schraubenvakuumpumpe\/","title":{"rendered":"Schraubenvakuumpumpe"},"content":{"rendered":"","protected":false},"excerpt":{"rendered":"<p style=\"font-weight: 400;\"><strong>AIRHORSE Schrauben-Vakuumpumpe.\u00a0<\/strong><\/p>\n<ul>\n<li>Leiser Betrieb, viel geringerer Ger\u00e4uschpegel als bei anderen Technologien.<\/li>\n<li>Nachhaltigkeit der Produktivit\u00e4t, Gew\u00e4hrleistung einer stabilen Effizienz.<\/li>\n<li>Im Vergleich zur konventionellen \u00d6lanalyse und zur trockenen Drehschiebertechnik ist das Ger\u00e4t leistungsf\u00e4higer.<\/li>\n<li>Fortschrittliche Schraubentechnologie, variable Frequenz und innovatives Motordesign, die eine extrem hohe Energieeffizienz bieten.<\/li>\n<li>Beh\u00e4lt eine extrem hohe \u00d6labsorptionskapazit\u00e4t bei allen Betriebsdr\u00fccken bei und reduziert so die Umweltbelastung.<\/li>\n<li>RAUMSPAREND: Die SVP-Serie geh\u00f6rt zu den kleinsten Ger\u00e4ten auf dem Markt und ist die ideale Wahl f\u00fcr die Installation im Vakuum-Maschinenraum.<\/li>\n<\/ul>","protected":false},"featured_media":3208,"template":"","meta":[],"product_brand":[],"product_cat":[66],"product_tag":[],"class_list":{"0":"post-3205","1":"product","2":"type-product","3":"status-publish","4":"has-post-thumbnail","6":"product_cat-kompressorid","8":"first","9":"instock","10":"taxable","11":"shipping-taxable","12":"product-type-simple"},"_links":{"self":[{"href":"https:\/\/westonclimate.com\/de\/wp-json\/wp\/v2\/product\/3205","targetHints":{"allow":["GET"]}}],"collection":[{"href":"https:\/\/westonclimate.com\/de\/wp-json\/wp\/v2\/product"}],"about":[{"href":"https:\/\/westonclimate.com\/de\/wp-json\/wp\/v2\/types\/product"}],"version-history":[{"count":1,"href":"https:\/\/westonclimate.com\/de\/wp-json\/wp\/v2\/product\/3205\/revisions"}],"predecessor-version":[{"id":9289,"href":"https:\/\/westonclimate.com\/de\/wp-json\/wp\/v2\/product\/3205\/revisions\/9289"}],"wp:featuredmedia":[{"embeddable":true,"href":"https:\/\/westonclimate.com\/de\/wp-json\/wp\/v2\/media\/3208"}],"wp:attachment":[{"href":"https:\/\/westonclimate.com\/de\/wp-json\/wp\/v2\/media?parent=3205"}],"wp:term":[{"taxonomy":"product_brand","embeddable":true,"href":"https:\/\/westonclimate.com\/de\/wp-json\/wp\/v2\/product_brand?post=3205"},{"taxonomy":"product_cat","embeddable":true,"href":"https:\/\/westonclimate.com\/de\/wp-json\/wp\/v2\/product_cat?post=3205"},{"taxonomy":"product_tag","embeddable":true,"href":"https:\/\/westonclimate.com\/de\/wp-json\/wp\/v2\/product_tag?post=3205"}],"curies":[{"name":"wp","href":"https:\/\/api.w.org\/{rel}","templated":true}]}}