{"id":3478,"date":"2024-06-17T16:56:16","date_gmt":"2024-06-17T16:56:16","guid":{"rendered":"https:\/\/wmdcompany.eu\/?post_type=product&#038;p=3478"},"modified":"2026-01-07T12:02:36","modified_gmt":"2026-01-07T12:02:36","slug":"weston-climate-eco-pair-soojustagastusega-ventilatsiooniseade-ws-av-ttw5","status":"publish","type":"product","link":"https:\/\/westonclimate.com\/de\/tooted\/weston-climate-eco-pair-warmeruckgewinnungsluftungsgerat-ws-av-ttw5\/","title":{"rendered":"Weston Climate Eco Pair L\u00fcftungsger\u00e4t mit W\u00e4rmer\u00fcckgewinnung WS-AV-TTW5"},"content":{"rendered":"<p><strong>Merkmale:<\/strong><\/p>\n<ul>\n<li>Elegante dekorative Frontblende.<\/li>\n<li>Automatische Schlie\u00dfvorrichtung zur Verhinderung des Zur\u00fcckziehens.<\/li>\n<li>Eis- und kondensatfrei.<\/li>\n<li>Schnelle Montage durch die Innenwand mit einem Loch.<\/li>\n<li>Hohe W\u00e4rmeeffizienz. Eingebaute Hightech-Keramik-Energier\u00fcckgewinnung mit h\u00f6chster Energieeffizienz 97%.<\/li>\n<li>Ventilator mit b\u00fcrstenlosem Gleichstrommotor und geringer Leistungsaufnahme (7,8 W).<\/li>\n<li>Freie K\u00fchlung: Wenn das Ger\u00e4t feststellt, dass die Au\u00dfentemperatur innerhalb von \u00b11 \u00b0C der eingestellten Temperatur liegt, schaltet es automatisch um, um mehr Frischluft zuzuf\u00fchren.<\/li>\n<li>Vorfilter und F7 (MERV11) Filter als Standard, um die Luft sauber zu halten.<\/li>\n<li style=\"font-weight: 400;\">Flexibles Arbeiten, einzeln, zu zweit oder in Gruppen von bis zu 10 Ger\u00e4ten.<\/li>\n<li>Hohe IP-Schutzklasse: IPX4.<\/li>\n<li>Leiser Betrieb unter 32,7 dB(A).<\/li>\n<li>Einfache Verwaltung. Das Ger\u00e4t kann \u00fcber Tasten, Fernbedienung und WiFi (Smart APP) gesteuert werden. In der App kann der Benutzer auch Szenarien und gruppenbasierte Verwaltung erstellen.<\/li>\n<li>Verwaltbar von \u00fcberall auf der Welt \u00fcber einen Cloud-Server mit einem Android- oder iOS-Smartphone.<\/li>\n<li>Intelligentere Kontrolle der Raumluftqualit\u00e4t. Standardm\u00e4\u00dfiger CO2-Sensor, der die CO2-Konzentration in Echtzeit anzeigt und das Ger\u00e4t so steuert, dass mehr Frischluft zugef\u00fchrt wird, um die CO2-Konzentration zu verd\u00fcnnen. Zus\u00e4tzlich optionaler Feuchtigkeitssensor und Raumluftqualit\u00e4tssensor.<\/li>\n<li>30 Meter* \u00dcbertragung \u00fcber gro\u00dfe Entfernungen.<\/li>\n<\/ul>\n<p><strong>Technische Informationen:<\/strong><\/p>\n<ul>\n<li>Spannung: 100V~240V AC \/50-60Hz<\/li>\n<li>Leistung (W): 6; 7; 7,8<\/li>\n<li>Stromst\u00e4rke (A): 0,04; 0,05; 0,06<\/li>\n<li>Luftstrom im Einlass-\/Auslassmodus (mit F7-Filter) (CMH\/CFM)**: 20\/11,8; 40\/23,5; 50\/29,4<\/li>\n<li>Maximaler Luftstrom (Gebl\u00e4severst\u00e4rkungsmodus) (CMH\/CFM): 60\/35,3<\/li>\n<li>Schalldruckpegel (dBA): 32,7<\/li>\n<li>Energieeffizienz: bis zu 97%<\/li>\n<li>SEC: A+<\/li>\n<li>IP-Schutzgrad: IPX4<\/li>\n<li>Anzahl der Umdrehungen (max.): 2200<\/li>\n<li>Kanal-Durchmesser (mm): 158<\/li>\n<li>Produktgr\u00f6\u00dfe (mm): 239,6 x 258 x 499,7 (L\u00e4nge des Kanals in der Wand: 280-470 mm).<\/li>\n<li>Nettogewicht (kg): 4,2<\/li>\n<\/ul>\n<p>*Hinweis: Die 30 Meter wurden ohne Hindernisse und ohne Interferenzen getestet. In der Praxis empfiehlt es sich, die Ger\u00e4te in einem Abstand von 8-15 Metern zu installieren. Bitte vermeiden Sie starke St\u00f6rquellen und abschirmende Gegenst\u00e4nde (z.B. Eisenrahmen, Aluminiumdecken). **Hinweis: Ohne den F7-Filter betr\u00e4gt der Luftstrom im Zu-\/Abluftbetrieb ca. 34\/56\/70 m3\/h oder 20\/33\/41,2 ft3\/h und die relativen Parameter werden entsprechend angepasst.<\/p>","protected":false},"excerpt":{"rendered":"<p>WC-AV-TTW5SC-N (Muss\/CO2) <a href=\"https:\/\/eprel.ec.europa.eu\/screen\/product\/residentialventilationunits\/2452328\" target=\"_blank\" rel=\"noopener\">EPREL-Register<\/a><br \/>\nWC-AV-TTW5-W (Wei\u00df\/Feuchtigkeit) <a href=\"https:\/\/eprel.ec.europa.eu\/screen\/product\/residentialventilationunits\/2452326\" target=\"_blank\" rel=\"noopener\">EPREL-Register<\/a><br \/>\nWC-AV-TTW6-6 (Wei\u00df\/CO2) <a href=\"https:\/\/eprel.ec.europa.eu\/screen\/product\/residentialventilationunits\/2452327\" target=\"_blank\" rel=\"noopener\">EPREL-Register<\/a><br \/>\nWC-AV-TTW6-W (Schwarz\/Feuchtigkeit) <a href=\"https:\/\/eprel.ec.europa.eu\/screen\/product\/residentialventilationunits\/2445789\" target=\"_blank\" rel=\"noopener\">EPREL-Register<\/a><\/p>\n<p><strong>DAS ERSTE PERFEKTE KANALLOSE L\u00dcFTUNGSSYSTEM IN EUROPA!\u00a0<\/strong><strong>EINFACHE UND SCHNELLE INSTALLATION.<\/strong><\/p>\n<ul>\n<li><strong>Integrierte Raumluftqualit\u00e4ts- und Feuchtigkeitskontrolle, um den Kohlendioxid- und Feuchtigkeitsgehalt innerhalb der erforderlichen Norm zu halten. <\/strong><\/li>\n<li><strong>Funktioniert sowohl einzeln als auch paarweise (zwischen einer Einheit vom Typ Kommandant\/Untergebener). <\/strong><\/li>\n<li><strong>Es k\u00f6nnen bis zu 10 Ger\u00e4te gruppiert werden.<\/strong><\/li>\n<\/ul>\n<p><strong>Weston Klima<\/strong>\u00a0innovativer Einzelraum-Energier\u00fcckgewinnungsventilator <strong>\u00d6ko-Paar Plus<\/strong> spart Energie und verbessert effektiv das Raumklima. Das L\u00fcftungsger\u00e4t kann einzeln oder paarweise verwendet werden. Die Konstruktion des Ger\u00e4ts besteht aus hochwertigen Materialien, die einen perfekten und extrem leisen Betrieb garantieren. Der Ger\u00e4uschpegel \u00fcbersteigt nicht 32,7 dB. Die moderne Technologie gew\u00e4hrleistet Zuverl\u00e4ssigkeit und eine lange Lebensdauer. Die Installation des Weston Climate Eco Pair Plus wurde sehr einfach gestaltet - eine schnelle Installation durch eine Au\u00dfenwand mit nur einem Loch, in Reichweite eines jeden eifrigen Familienvaters oder einer eifrigen Familienmutter. Das Ger\u00e4t wurde so bestellt und angepasst, dass es den europ\u00e4ischen und skandinavischen Anforderungen entspricht.<\/p>\n<p>Die Lieferzeit betr\u00e4gt bis zu 65 Arbeitstage.<\/p>","protected":false},"featured_media":10794,"template":"","meta":[],"product_brand":[],"product_cat":[124,35],"product_tag":[],"class_list":{"0":"post-3478","1":"product","2":"type-product","3":"status-publish","4":"has-post-thumbnail","6":"product_cat-lokaalsed","7":"product_cat-ventilatsiooniseadmed","9":"first","10":"instock","11":"taxable","12":"shipping-taxable","13":"purchasable","14":"product-type-variable"},"_links":{"self":[{"href":"https:\/\/westonclimate.com\/de\/wp-json\/wp\/v2\/product\/3478","targetHints":{"allow":["GET"]}}],"collection":[{"href":"https:\/\/westonclimate.com\/de\/wp-json\/wp\/v2\/product"}],"about":[{"href":"https:\/\/westonclimate.com\/de\/wp-json\/wp\/v2\/types\/product"}],"version-history":[{"count":16,"href":"https:\/\/westonclimate.com\/de\/wp-json\/wp\/v2\/product\/3478\/revisions"}],"predecessor-version":[{"id":10677,"href":"https:\/\/westonclimate.com\/de\/wp-json\/wp\/v2\/product\/3478\/revisions\/10677"}],"wp:featuredmedia":[{"embeddable":true,"href":"https:\/\/westonclimate.com\/de\/wp-json\/wp\/v2\/media\/10794"}],"wp:attachment":[{"href":"https:\/\/westonclimate.com\/de\/wp-json\/wp\/v2\/media?parent=3478"}],"wp:term":[{"taxonomy":"product_brand","embeddable":true,"href":"https:\/\/westonclimate.com\/de\/wp-json\/wp\/v2\/product_brand?post=3478"},{"taxonomy":"product_cat","embeddable":true,"href":"https:\/\/westonclimate.com\/de\/wp-json\/wp\/v2\/product_cat?post=3478"},{"taxonomy":"product_tag","embeddable":true,"href":"https:\/\/westonclimate.com\/de\/wp-json\/wp\/v2\/product_tag?post=3478"}],"curies":[{"name":"wp","href":"https:\/\/api.w.org\/{rel}","templated":true}]}}