{"id":3593,"date":"2024-06-20T10:46:22","date_gmt":"2024-06-20T10:46:22","guid":{"rendered":"https:\/\/wmdcompany.eu\/?post_type=product&#038;p=3593"},"modified":"2026-04-29T12:05:15","modified_gmt":"2026-04-29T12:05:15","slug":"weston-climate-soojuspumbaga-ventilatsioonideseade-hperv","status":"publish","type":"product","link":"https:\/\/westonclimate.com\/de\/tooted\/weston-klima-warmepumpe-luftungssystem-hperv\/","title":{"rendered":"Weston Climate W\u00e4rmepumpen-L\u00fcftungssystem HPERV"},"content":{"rendered":"<p><strong>Technische Informationen:<\/strong><\/p>\n<ul>\n<li>Energieklasse: A+<\/li>\n<li>Maximale interne und externe Leckagerate (%): weniger als 5% intern, weniger als 5% extern.<\/li>\n<li>Referenzdurchflussmenge (m3\/s): 0,08<\/li>\n<li>Referenz-Differenzdruck (Pa): 100<\/li>\n<li>Spezifische Leistungsaufnahme (SPI) ((W\/(M3\/h)): 0,72<\/li>\n<li>Kontrollfaktor: 0,65<\/li>\n<li>Art des Steuersystems: lokale Steuerung<\/li>\n<li>Luftstromtyp: DF<\/li>\n<li>Motortyp: EC-Motor<\/li>\n<li>Art des W\u00e4rmer\u00fcckgewinnungssystems: rekuperatives System<\/li>\n<li>Energieeffizienz (%): 76,5<\/li>\n<li>Maximaler Luftstrom (m3\/h): 350<\/li>\n<li>Nennluftdurchsatz (m3\/h): 300<\/li>\n<li>Luftabsaugung (L\u00fcftungsbetrieb) (m3\/h): 300<\/li>\n<li>Luftabsaugung (Heiz-\/K\u00fchlbetrieb) (m3\/h): 350<\/li>\n<li>\u00c4u\u00dferer statischer Druck (Pa): 100<\/li>\n<li>Ger\u00e4usch db(A): 37\/42<\/li>\n<li>Stromversorgung: 220V 1A 50\/60Hz<\/li>\n<li>K\u00fchlung (EER): 4,28<\/li>\n<li>Heizung (COP): 5,65<\/li>\n<li>Abmessungen (L\/B\/B) (mm): 760x600x850<\/li>\n<li>Durchmesser Lufteinlass\/-auslass (mm): 188<\/li>\n<li>H\u00f6he des Lufteinlasses\/-auslasses (mm): 60<\/li>\n<li>H\u00f6he der Unterseite des Ger\u00e4ts (mm): 61,5<\/li>\n<li>\u00c4ravoolutoru (&#8221;): 1\/2<\/li>\n<li>K\u00e4ltemittel: R32<\/li>\n<li>Betriebstemperatur: -15C bis +50<\/li>\n<\/ul>\n<p><strong>Bel\u00fcftungsmodus:<\/strong><\/p>\n<ul>\n<li>Temperaturwirkungsgrad (Heizung) (%): 76,5<\/li>\n<li>Temperaturwirkungsgrad (K\u00fchlung) (%): 72 %.<\/li>\n<li>Enthalpie-Wirkungsgrad (Heizung) (%): 72,6<\/li>\n<li>Enthalpie-Wirkungsgrad (K\u00fchlen) (%): 69,4<\/li>\n<li>Eingangsleistung (W): 217<\/li>\n<li>Eingangsstrom (A): 1,19<\/li>\n<\/ul>\n<p><strong>K\u00fchlung\/Heizung:<\/strong><\/p>\n<ul>\n<li>Nominale K\u00fchlleistung (W): 3620<\/li>\n<li>Maximale K\u00fchlleistung (W): 4140<\/li>\n<li>Eingangsleistung (K\u00fchlung) (W): 847<\/li>\n<li>Arbeitsstrom (K\u00fchlung) (A): 5,65<\/li>\n<li>Nennw\u00e4rmeleistung (W): 4460<\/li>\n<li>Maximale Heizleistung (W): 4651<\/li>\n<li>Eingangsleistung (Heizung) (W): 790<\/li>\n<li>Betriebsstrom (Heizung) (A): 5,8<\/li>\n<li>K\u00fchlung (EER): 4,28<\/li>\n<li>Heizung (COP): 5,65<\/li>\n<\/ul>\n<p><strong>M\u00f5\u00f5dud: <\/strong>laius, pikkus, k\u00f5rgus (mm) ja kaal (kg):<\/p>\n<ul>\n<li>HPERV 350m3\/h 760x600x1040mm, kaal 135kg<\/li>\n<li>HPERV 620m3\/h 1050x740x1030mm, kaal 165kg<\/li>\n<li>HPERV 950m3\/h 1090x740x1170mm, kaal 190kg<\/li>\n<\/ul>","protected":false},"excerpt":{"rendered":"<p><strong>Multifunktionales Weston Climate Klimager\u00e4t mit eingebauter Klimaanlage.<\/strong> Das HPERV-W\u00e4rmepumpenl\u00fcftungssystem ist eine ausgezeichnete Wahl f\u00fcr die Schaffung eines komfortablen, gesunden und energieeffizienten Raumklimas. Es funktioniert auch als Feuchtigkeitsabscheider des L\u00fcftungssystems, kondensiert und entfernt \u00fcbersch\u00fcssige Feuchtigkeit aus dem Luftstrom.<\/p>\n<p><strong>Frischluftreinigung, Heizung\/K\u00fchlung, W\u00e4rmer\u00fcckgewinnung und Entfeuchtung - alles in einem Ger\u00e4t!<\/strong><\/p>\n<p>Dieses L\u00fcftungsger\u00e4t von Weston Climate sorgt f\u00fcr eine angenehme und gesunde Raumluft und spart gleichzeitig Energie und Geld - eine ideale L\u00f6sung f\u00fcr luftdichte Geb\u00e4ude, in denen die Fenster aufgrund von L\u00e4rm, Staubpartikeln und Energieverlusten oft geschlossen bleiben.<br \/>\nEin Kreuz-Gegenstrom-Enthalpie-W\u00e4rmetauscher ist in der Lage, W\u00e4rme und Feuchtigkeit zwischen Au\u00dfen- und Innenluftstr\u00f6men zu \u00fcbertragen, ohne diese zu vermischen. Auf diese Weise wird bis zu 80% der Energie aus der Abluft zur\u00fcckgewonnen und die Heiz- oder K\u00fchllast des Kompressors reduziert. Das Ger\u00e4t ist abwaschbar und leicht zu warten. Die Lebenserwartung betr\u00e4gt bei ordnungsgem\u00e4\u00dfer Wartung bis zu 15 Jahre.<\/p>","protected":false},"featured_media":11555,"template":"","meta":[],"product_brand":[],"product_cat":[122,35],"product_tag":[],"class_list":{"0":"post-3593","1":"product","2":"type-product","3":"status-publish","4":"has-post-thumbnail","6":"product_cat-vertikaalsed","7":"product_cat-ventilatsiooniseadmed","9":"first","10":"instock","11":"taxable","12":"shipping-taxable","13":"purchasable","14":"product-type-variable"},"_links":{"self":[{"href":"https:\/\/westonclimate.com\/de\/wp-json\/wp\/v2\/product\/3593","targetHints":{"allow":["GET"]}}],"collection":[{"href":"https:\/\/westonclimate.com\/de\/wp-json\/wp\/v2\/product"}],"about":[{"href":"https:\/\/westonclimate.com\/de\/wp-json\/wp\/v2\/types\/product"}],"version-history":[{"count":13,"href":"https:\/\/westonclimate.com\/de\/wp-json\/wp\/v2\/product\/3593\/revisions"}],"predecessor-version":[{"id":11606,"href":"https:\/\/westonclimate.com\/de\/wp-json\/wp\/v2\/product\/3593\/revisions\/11606"}],"wp:featuredmedia":[{"embeddable":true,"href":"https:\/\/westonclimate.com\/de\/wp-json\/wp\/v2\/media\/11555"}],"wp:attachment":[{"href":"https:\/\/westonclimate.com\/de\/wp-json\/wp\/v2\/media?parent=3593"}],"wp:term":[{"taxonomy":"product_brand","embeddable":true,"href":"https:\/\/westonclimate.com\/de\/wp-json\/wp\/v2\/product_brand?post=3593"},{"taxonomy":"product_cat","embeddable":true,"href":"https:\/\/westonclimate.com\/de\/wp-json\/wp\/v2\/product_cat?post=3593"},{"taxonomy":"product_tag","embeddable":true,"href":"https:\/\/westonclimate.com\/de\/wp-json\/wp\/v2\/product_tag?post=3593"}],"curies":[{"name":"wp","href":"https:\/\/api.w.org\/{rel}","templated":true}]}}