{"id":3621,"date":"2024-06-20T18:47:36","date_gmt":"2024-06-20T18:47:36","guid":{"rendered":"https:\/\/wmdcompany.eu\/?post_type=product&#038;p=3621"},"modified":"2026-01-16T13:43:51","modified_gmt":"2026-01-16T13:43:51","slug":"weston-climate-eco-seeria-200-300m3-soojustagastusega-ventilatsiooniseade","status":"publish","type":"product","link":"https:\/\/westonclimate.com\/de\/tooted\/weston-climate-eco-serie-200-300m3-luftungsgerat-mit-warmeruckgewinnung\/","title":{"rendered":"Weston Climate Eco Serie 200-300m3 L\u00fcftungsger\u00e4t mit W\u00e4rmer\u00fcckgewinnung"},"content":{"rendered":"<p><strong>Merkmale:<\/strong><\/p>\n<ul>\n<li>Kompakte Bauweise, geeignet f\u00fcr Decken-\/Wandeinbau<\/li>\n<li>Letzte Woche vom W\u00e4rmetauscher<\/li>\n<li>Energiesparender elektronisch kommutierter EC-Motor (BLDC) mit hohem statischen Druck.<\/li>\n<li>Energieeffizienz bis zu 96%<\/li>\n<li>Standardm\u00e4\u00dfige Integration des Sommerbypasses<\/li>\n<li>Hervorragende Leistung<\/li>\n<li>Mugav alumine hoolduspaneel &#8211; lihtne filtrihooldus<\/li>\n<li>Sensoren f\u00fcr Raumtemperatur und relative Luftfeuchtigkeit<\/li>\n<li>Einhaltung: EU1253\/2014 ErP EcoDesign<\/li>\n<li>Madal energiatarve &#8211; A+ energiam\u00e4rgis<\/li>\n<\/ul>\n<p><strong>Kontrollfunktionen:<\/strong><\/p>\n<ul>\n<li>Integriertes Verwaltungssystem<\/li>\n<li>HD 7-Zoll-Farb-Touchscreen mit Echtzeit-Anzeige der Raumluftqualit\u00e4t<\/li>\n<li>Lokale Nachfragesteuerung mit variabler Geschwindigkeit<\/li>\n<li>Modbus RS485 Smart House Anschluss<\/li>\n<li>IAQ-Sensoren (Innenraumluftqualit\u00e4t) CO2\/PM2.5\/vOCs\/TEMP\/RH<\/li>\n<li>Vorgeschlagener w\u00f6chentlicher Betrieb<\/li>\n<li>Optionale separate L\u00fcftersteuerung<\/li>\n<li>Anschluss von mehreren externen CO2\/RH\/TEMP-Sensoren<\/li>\n<li>Anschluss von mehreren externen Boost-Schaltern<\/li>\n<li>Einlass\/Fusion\/IAQ-Automatisierung<\/li>\n<li>Erh\u00e4ltlich mit Fernbedienung<\/li>\n<li>Benachrichtigung \u00fcber die R\u00fcckw\u00e4rtslesung\/den Austausch von Filtern<\/li>\n<li>Vollst\u00e4ndige Bedienfeldeinstellungen<\/li>\n<\/ul>\n<p><strong>Technische Informationen:<\/strong><\/p>\n<ul>\n<li>Typ des L\u00fcftungsmotors: EC<\/li>\n<li>Maximaler Luftdurchsatz (m3\/h):\u00a0<em><strong>200@100Pa \/ 250@100Pa \/ 300@100Pa<\/strong><\/em><\/li>\n<li>Maximale Nennleistung:\u00a0<em><strong>230V-50Hz; 76W; 0,6A \/ 230V-50Hz; 102W; 0,7A \/ 230V-50Hz; 142W; 1A<\/strong><\/em><\/li>\n<li>Eingangsleistungsbereich: 200-240 V; 50\/60Hz<\/li>\n<li>Gewicht (kg): 49,3<\/li>\n<li>Filter: G4<\/li>\n<li>Leistungsfilter: G4, F8 (optional)<\/li>\n<li>Maximaler statischer Druck (Pa):\u00a0<em><strong>365 \/ 415 \/ 410<\/strong><\/em><\/li>\n<li>Art des W\u00e4rmetauschers: Gegenstrom<\/li>\n<li>Energieeffizienz (%):\u00a0<em><strong>90-96 \/ 87-96 \/ 84-96<\/strong><\/em><\/li>\n<li>Inneres Isoliermaterial: Schaumpolyethylen<\/li>\n<li>Geh\u00e4usematerial: beschichtetes Stahlblech<\/li>\n<li>Temperatur der \u00fcbertragenen Luft (C): -25 bis +50<\/li>\n<li>Temperatur der Arbeitsumgebung (C): +5 bis +40\u00b0C.<\/li>\n<li>Relative Luftfeuchtigkeit der Arbeitsumgebung (%): unter 80<\/li>\n<li>Durchmesser des angeschlossenen Luftkanals (mm): 150<\/li>\n<\/ul>","protected":false},"excerpt":{"rendered":"<p><a href=\"https:\/\/eprel.ec.europa.eu\/screen\/product\/residentialventilationunits\/2428085\" target=\"_blank\" rel=\"noopener\">EPREL-Register<\/a><\/p>\n<p>Mit thermischer Anpassung <strong>Weston Klima<\/strong><strong> Eco-Serie 200-300m3 L\u00fcftungsger\u00e4t mit W\u00e4rmer\u00fcckgewinnung<\/strong>\u00a0sind kompakt im Design und f\u00fcr den Ein-\/Ausbau konzipiert. Sie eignen sich f\u00fcr den Einsatz in kleinen und mittelgro\u00dfen Privathaushalten, B\u00fcros, Wohnr\u00e4umen, Fitnessstudios, medizinischen Einrichtungen, Gesch\u00e4ften, Hotels, Bildungseinrichtungen, Gastronomiebetrieben usw. Das Ger\u00e4t wurde nach europ\u00e4ischen und skandinavischen Anforderungen bestellt und angepasst. Die Konstruktion des Ger\u00e4ts besteht aus hochwertigen Materialien, die den perfekten und extrem leisen Betrieb der CS-Serie garantieren. Die moderne Technologie gew\u00e4hrleistet die Zuverl\u00e4ssigkeit und die lange Lebensdauer des Ger\u00e4ts. Die Installation der CS-Serie ist sehr einfach und kann von jedem unternehmungslustigen Familienvater oder jeder unternehmungslustigen Familienvaterin durchgef\u00fchrt werden.<\/p>\n<table style=\"border-collapse: collapse; width: 69px; height: 89px;\" border=\"0\" width=\"64\" cellspacing=\"0\" cellpadding=\"0\">\n<tbody>\n<tr style=\"height: 15.0pt;\">\n<td style=\"height: 15.0pt; width: 48pt;\" width=\"64\" height=\"20\"><a href=\"https:\/\/westonclimate.com\/wp-content\/uploads\/2026\/01\/CE-Certificate-CS-SERIES-1.pdf\" target=\"_blank\" rel=\"noopener\"><img fetchpriority=\"high\" decoding=\"async\" class=\"alignnone size-medium wp-image-10923\" src=\"https:\/\/westonclimate.com\/wp-content\/uploads\/2024\/06\/CS-sert-213x300.png\" alt=\"\" width=\"213\" height=\"300\" srcset=\"https:\/\/westonclimate.com\/wp-content\/uploads\/2024\/06\/CS-sert-213x300.png 213w, https:\/\/westonclimate.com\/wp-content\/uploads\/2024\/06\/CS-sert-727x1024.png 727w, https:\/\/westonclimate.com\/wp-content\/uploads\/2024\/06\/CS-sert-768x1082.png 768w, https:\/\/westonclimate.com\/wp-content\/uploads\/2024\/06\/CS-sert-9x12.png 9w, https:\/\/westonclimate.com\/wp-content\/uploads\/2024\/06\/CS-sert-600x846.png 600w, https:\/\/westonclimate.com\/wp-content\/uploads\/2024\/06\/CS-sert.png 894w\" sizes=\"(max-width: 213px) 100vw, 213px\" \/><\/a><\/td>\n<\/tr>\n<\/tbody>\n<\/table>\n<p><strong>Die Lieferfrist betr\u00e4gt bis zu 45 Arbeitstage.<\/strong><\/p>","protected":false},"featured_media":5162,"template":"","meta":[],"product_brand":[],"product_cat":[121,35],"product_tag":[],"class_list":{"0":"post-3621","1":"product","2":"type-product","3":"status-publish","4":"has-post-thumbnail","6":"product_cat-laeventilatsioon","7":"product_cat-ventilatsiooniseadmed","9":"first","10":"instock","11":"taxable","12":"shipping-taxable","13":"purchasable","14":"product-type-variable","15":"has-default-attributes"},"_links":{"self":[{"href":"https:\/\/westonclimate.com\/de\/wp-json\/wp\/v2\/product\/3621","targetHints":{"allow":["GET"]}}],"collection":[{"href":"https:\/\/westonclimate.com\/de\/wp-json\/wp\/v2\/product"}],"about":[{"href":"https:\/\/westonclimate.com\/de\/wp-json\/wp\/v2\/types\/product"}],"version-history":[{"count":13,"href":"https:\/\/westonclimate.com\/de\/wp-json\/wp\/v2\/product\/3621\/revisions"}],"predecessor-version":[{"id":10926,"href":"https:\/\/westonclimate.com\/de\/wp-json\/wp\/v2\/product\/3621\/revisions\/10926"}],"wp:featuredmedia":[{"embeddable":true,"href":"https:\/\/westonclimate.com\/de\/wp-json\/wp\/v2\/media\/5162"}],"wp:attachment":[{"href":"https:\/\/westonclimate.com\/de\/wp-json\/wp\/v2\/media?parent=3621"}],"wp:term":[{"taxonomy":"product_brand","embeddable":true,"href":"https:\/\/westonclimate.com\/de\/wp-json\/wp\/v2\/product_brand?post=3621"},{"taxonomy":"product_cat","embeddable":true,"href":"https:\/\/westonclimate.com\/de\/wp-json\/wp\/v2\/product_cat?post=3621"},{"taxonomy":"product_tag","embeddable":true,"href":"https:\/\/westonclimate.com\/de\/wp-json\/wp\/v2\/product_tag?post=3621"}],"curies":[{"name":"wp","href":"https:\/\/api.w.org\/{rel}","templated":true}]}}