{"id":3641,"date":"2024-06-20T19:53:34","date_gmt":"2024-06-20T19:53:34","guid":{"rendered":"https:\/\/wmdcompany.eu\/?post_type=product&#038;p=3641"},"modified":"2026-01-18T14:10:53","modified_gmt":"2026-01-18T14:10:53","slug":"weston-climate-w-standard-seeria-200m3-350m3-soojustagastusega-ventilatsiooniseade","status":"publish","type":"product","link":"https:\/\/westonclimate.com\/de\/tooted\/weston-climate-w-standard-serie-200m3-350m3-luftungsgerat-mit-warmeruckgewinnung\/","title":{"rendered":"Weston Climate W Standard Serie 200m3-350m3 L\u00fcftungsger\u00e4t mit W\u00e4rmer\u00fcckgewinnung"},"content":{"rendered":"<p><strong>Merkmale:<\/strong><\/p>\n<ul>\n<li>Hoher statischer Druck, energiesparender elektronisch kommutierter (EC) Motor<\/li>\n<li>Energieeffizienz bis zu 95%<\/li>\n<li>Standardm\u00e4\u00dfige Integration des Sommerbypasses<\/li>\n<li>15mm-20mm innere W\u00e4rme- und Schalld\u00e4mmung<\/li>\n<li>Hervorragende Leistung<\/li>\n<li>Vertikaler und horizontaler Einbau<\/li>\n<li>Wartungsklappen auf jeder Seite<\/li>\n<li>Geeignet f\u00fcr Links- und Rechtsmontage<\/li>\n<li>Sensoren f\u00fcr Raumtemperatur und relative Luftfeuchtigkeit<\/li>\n<li>Optionale Integration von elektrischen Heizungen<\/li>\n<li>Kompaktes und handliches Design<\/li>\n<li>Einhaltung: EU1253\/2014 ErP2016 ErP2018 \u00d6kodesign<\/li>\n<li>Energieklasse A+<\/li>\n<li>gem\u00e4\u00df EN12131-7<\/li>\n<\/ul>\n<p><strong>Kontrollfunktionen:<\/strong><\/p>\n<ul>\n<li>Integriertes Verwaltungssystem<\/li>\n<li>HD 7-Zoll-Farb-Touchscreen mit Echtzeit-Anzeige der Raumluftqualit\u00e4t<\/li>\n<li>Lokale Nachfragesteuerung mit variabler Geschwindigkeit<\/li>\n<li>Modbus RS485 Smart House Anschluss<\/li>\n<li>IAQ-Sensoren (Innenraumluftqualit\u00e4t) CO2\/PM2.5\/vOCs\/TEMP\/RH<\/li>\n<li>Vorgeschlagener w\u00f6chentlicher Betrieb<\/li>\n<li>Optionale separate L\u00fcftersteuerung<\/li>\n<li>Anschluss von mehreren externen CO2\/RH\/TEMP-Sensoren<\/li>\n<li>Anschluss von mehreren externen Boost-Schaltern<\/li>\n<li>Einlass\/Fusion\/IAQ-Automatisierung<\/li>\n<li>Erh\u00e4ltlich mit Fernbedienung<\/li>\n<li>Benachrichtigung \u00fcber die R\u00fcckw\u00e4rtslesung\/den Austausch von Filtern<\/li>\n<li>Vollst\u00e4ndige Bedienfeldeinstellungen<\/li>\n<\/ul>\n<p><strong>Technische Informationen:<\/strong><\/p>\n<ul>\n<li>Typ des L\u00fcftungsmotors: EC<\/li>\n<li>Maximaler Luftdurchsatz (m3\/h):\u00a0<em><strong>200@100Pa<\/strong><\/em><\/li>\n<li>Maximale Nennleistung:\u00a0<em><strong>230V-50Hz; 76W; 0,6A<\/strong><\/em><\/li>\n<li>Eingangsleistungsbereich: 200-240 V; 50\/60Hz<\/li>\n<li>Gewicht (kg): 55<\/li>\n<li>Filter: G4<\/li>\n<li>Leistungsfilter: G4, F8 (optional)<\/li>\n<li>Maximaler statischer Druck (Pa):\u00a0<em><strong>378<\/strong><\/em><\/li>\n<li>Art des W\u00e4rmetauschers: Gegenstrom<\/li>\n<li>Material des W\u00e4rmetauschers: Enthalpie<\/li>\n<li>Energieeffizienz (%):\u00a0<em><strong>86-95<\/strong><\/em><\/li>\n<li>Inneres Isoliermaterial: Polyethylenschaum.<\/li>\n<li>Geh\u00e4usematerial: beschichtetes Stahlblech<\/li>\n<li>Temperatur der \u00fcbertragenen Luft (C): -25 bis +50<\/li>\n<li>Temperatur der Arbeitsumgebung (C): +5 bis +40\u00b0C.<\/li>\n<li>Relative Luftfeuchtigkeit der Arbeitsumgebung (%): unter 80<\/li>\n<li>Durchmesser des angeschlossenen Luftkanals (mm): 150<\/li>\n<\/ul>","protected":false},"excerpt":{"rendered":"<p><strong>Weston Klima<\/strong><strong> W Standard-Serie 200m3-350m3 L\u00fcftungsger\u00e4t mit W\u00e4rmer\u00fcckgewinnung<\/strong> Geeignet f\u00fcr den Einsatz in kleinen und mittelgro\u00dfen Privathaushalten, B\u00fcros, Wohnr\u00e4umen, Fitnessstudios, medizinischen Einrichtungen, Gesch\u00e4ften, Hotels, Bildungseinrichtungen, Gastronomiebetrieben usw. <strong>Standard-Serie 200m3-350m3 W\u00e4rmer\u00fcckgewinnungsl\u00fcftungsger\u00e4t<\/strong> wurden in Auftrag gegeben und an die europ\u00e4ischen und skandinavischen Anforderungen angepasst. Die W STANDARD-Serie wird aus den hochwertigsten Materialien hergestellt, um einen einwandfreien und extrem leisen Betrieb zu gew\u00e4hrleisten. Der Ger\u00e4uschpegel \u00fcbersteigt nicht 32 dB. Die moderne Technologie garantiert die Zuverl\u00e4ssigkeit und Langlebigkeit des Ger\u00e4ts. F\u00fcr die Serie W STANDARD gilt eine Herstellergarantie von 7 Jahren, vorausgesetzt, die Gebrauchsanweisung des Herstellers wird eingehalten. Die Installation der Serie W STANDARD ist sehr einfach und f\u00fcr jeden unternehmungslustigen Familienvater oder jede unternehmungslustige Familienmutter machbar.<\/p>\n<table style=\"border-collapse: collapse; width: 48pt;\" border=\"0\" width=\"64\" cellspacing=\"0\" cellpadding=\"0\">\n<tbody>\n<tr style=\"height: 15.0pt;\">\n<td style=\"height: 15.0pt; width: 48pt;\" width=\"64\" height=\"20\"><a href=\"https:\/\/westonclimate.com\/wp-content\/uploads\/2024\/06\/CE-Certificate-W-SERIES.pdf\" target=\"_blank\" rel=\"noopener\"><img fetchpriority=\"high\" decoding=\"async\" class=\"alignnone size-medium wp-image-10966\" src=\"https:\/\/westonclimate.com\/wp-content\/uploads\/2024\/06\/CS-sert_optimal-standard-premium-212x300.png\" alt=\"\" width=\"212\" height=\"300\" srcset=\"https:\/\/westonclimate.com\/wp-content\/uploads\/2024\/06\/CS-sert_optimal-standard-premium-212x300.png 212w, https:\/\/westonclimate.com\/wp-content\/uploads\/2024\/06\/CS-sert_optimal-standard-premium-723x1024.png 723w, https:\/\/westonclimate.com\/wp-content\/uploads\/2024\/06\/CS-sert_optimal-standard-premium-768x1087.png 768w, https:\/\/westonclimate.com\/wp-content\/uploads\/2024\/06\/CS-sert_optimal-standard-premium-8x12.png 8w, https:\/\/westonclimate.com\/wp-content\/uploads\/2024\/06\/CS-sert_optimal-standard-premium-600x849.png 600w, https:\/\/westonclimate.com\/wp-content\/uploads\/2024\/06\/CS-sert_optimal-standard-premium.png 869w\" sizes=\"(max-width: 212px) 100vw, 212px\" \/><\/a><\/td>\n<\/tr>\n<\/tbody>\n<\/table>\n<div class=\"elementor-element elementor-element-6aa9c580 elementor-widget elementor-widget-woocommerce-product-short-description\" data-id=\"6aa9c580\" data-element_type=\"widget\" data-widget_type=\"woocommerce-product-short-description.default\">\n<div class=\"elementor-widget-container\">\n<div class=\"woocommerce-product-details__short-description\">\n<p>Die Produkte sind auf Lager.\u00a0<strong>Schnelle Lieferung, nur bis zu 5-7 Arbeitstage.<\/strong><\/p>\n<\/div>\n<\/div>\n<\/div>","protected":false},"featured_media":7657,"template":"","meta":[],"product_brand":[],"product_cat":[122,35],"product_tag":[],"class_list":{"0":"post-3641","1":"product","2":"type-product","3":"status-publish","4":"has-post-thumbnail","6":"product_cat-vertikaalsed","7":"product_cat-ventilatsiooniseadmed","9":"first","10":"onbackorder","11":"taxable","12":"shipping-taxable","13":"purchasable","14":"product-type-variable"},"_links":{"self":[{"href":"https:\/\/westonclimate.com\/de\/wp-json\/wp\/v2\/product\/3641","targetHints":{"allow":["GET"]}}],"collection":[{"href":"https:\/\/westonclimate.com\/de\/wp-json\/wp\/v2\/product"}],"about":[{"href":"https:\/\/westonclimate.com\/de\/wp-json\/wp\/v2\/types\/product"}],"version-history":[{"count":12,"href":"https:\/\/westonclimate.com\/de\/wp-json\/wp\/v2\/product\/3641\/revisions"}],"predecessor-version":[{"id":10968,"href":"https:\/\/westonclimate.com\/de\/wp-json\/wp\/v2\/product\/3641\/revisions\/10968"}],"wp:featuredmedia":[{"embeddable":true,"href":"https:\/\/westonclimate.com\/de\/wp-json\/wp\/v2\/media\/7657"}],"wp:attachment":[{"href":"https:\/\/westonclimate.com\/de\/wp-json\/wp\/v2\/media?parent=3641"}],"wp:term":[{"taxonomy":"product_brand","embeddable":true,"href":"https:\/\/westonclimate.com\/de\/wp-json\/wp\/v2\/product_brand?post=3641"},{"taxonomy":"product_cat","embeddable":true,"href":"https:\/\/westonclimate.com\/de\/wp-json\/wp\/v2\/product_cat?post=3641"},{"taxonomy":"product_tag","embeddable":true,"href":"https:\/\/westonclimate.com\/de\/wp-json\/wp\/v2\/product_tag?post=3641"}],"curies":[{"name":"wp","href":"https:\/\/api.w.org\/{rel}","templated":true}]}}