{"id":3660,"date":"2024-06-20T20:37:25","date_gmt":"2024-06-20T20:37:25","guid":{"rendered":"https:\/\/wmdcompany.eu\/?post_type=product&#038;p=3660"},"modified":"2026-01-18T11:45:56","modified_gmt":"2026-01-18T11:45:56","slug":"weston-climate-tp-th-seeria-350-600m3-soojustagastusega-ventilatsiooniseade","status":"publish","type":"product","link":"https:\/\/westonclimate.com\/de\/tooted\/weston-climate-tp-th-serie-350-600m3-luftungsgerat-mit-warmeruckgewinnung\/","title":{"rendered":"Weston Climate TP TH Serie 350-600m3 L\u00fcftungsger\u00e4t mit W\u00e4rmer\u00fcckgewinnung"},"content":{"rendered":"<p><strong>Merkmale:<\/strong><\/p>\n<ul>\n<li>Hoher statischer Druck, energiesparender elektronisch kommutierter (EC) Motor<\/li>\n<li>Energieeffizienz bis zu 97%<\/li>\n<li>Standardm\u00e4\u00dfige Integration des Sommerbypasses<\/li>\n<li>Automatischer K\u00e4lteschutz<\/li>\n<li>30mm-45mm innere W\u00e4rme- und Schalld\u00e4mmung<\/li>\n<li>Hervorragende Leistung<\/li>\n<li>Vertikaler und horizontaler Einbau<\/li>\n<li>Wartungsklappen auf jeder Seite<\/li>\n<li>Geeignet f\u00fcr Links- und Rechtsmontage<\/li>\n<li>Sensoren f\u00fcr Raumtemperatur und relative Luftfeuchtigkeit<\/li>\n<li>Optionale Integration von elektrischen Heizungen<\/li>\n<li>Kompaktes und handliches Design<\/li>\n<li>Einhaltung: EU1253\/2014 ErP2016 ErP2018 \u00d6kodesign<\/li>\n<li>Energieetikett A+<\/li>\n<\/ul>\n<p><strong>Kontrollfunktionen:<\/strong><\/p>\n<ul>\n<li>Integriertes Verwaltungssystem<\/li>\n<li>HD 7-Zoll-Farb-Touchscreen mit Echtzeit-Anzeige der Raumluftqualit\u00e4t<\/li>\n<li>Lokale Nachfragesteuerung mit variabler Geschwindigkeit<\/li>\n<li>Modbus RS485 Smart House Anschluss<\/li>\n<li>IAQ-Sensoren (Innenraumluftqualit\u00e4t) CO2\/PM2.5\/vOCs\/TEMP\/RH<\/li>\n<li>Vorgeschlagener w\u00f6chentlicher Betrieb<\/li>\n<li>Optionale separate L\u00fcftersteuerung<\/li>\n<li>Anschluss von mehreren externen CO2\/RH\/TEMP-Sensoren<\/li>\n<li>Anschluss von mehreren externen Boost-Schaltern<\/li>\n<li>Einlass\/Fusion\/IAQ-Automatisierung<\/li>\n<li>Erh\u00e4ltlich mit Fernbedienung<\/li>\n<li>Benachrichtigung \u00fcber die R\u00fcckw\u00e4rtslesung\/den Austausch von Filtern<\/li>\n<li>Vollst\u00e4ndige Bedienfeldeinstellungen<\/li>\n<\/ul>\n<p><strong>Technische Informationen:<\/strong><\/p>\n<ul>\n<li>Typ des L\u00fcftungsmotors: EC<\/li>\n<li>Maximaler Luftdurchsatz (m3\/h):\u00a0<em><strong>350@100Pa \/ 400@100Pa \/ 450@100Pa \/ 500@100Pa \/ 550@100Pa \/ 600@100Pa<\/strong><\/em><\/li>\n<li>Maximale Nennleistung:\u00a0<em><strong>230V-50Hz; 115W; 0,9A \/ 230V-50Hz; 150W; 1,1A \/ 230V-50Hz; 190W; 1,3A \/ 230V-50Hz; 250W; 1,7A \/ 230V-50Hz; 320W; 2,1A \/ 230V-50Hz; 390W; 2,6A.<\/strong><\/em><\/li>\n<li>Eingangsleistungsbereich: 200-240 V; 50\/60Hz<\/li>\n<li>Gewicht (kg): 47,5<\/li>\n<li>Filter: G4<\/li>\n<li>Leistungsfilter: G4, F8 (optional)<\/li>\n<li>Maximaler statischer Druck (Pa):\u00a0<em><strong>575 \/ 707 \/ 720 \/ 720 \/ 720 \/ 725<\/strong><\/em><\/li>\n<li>Art des W\u00e4rmetauschers: Gegenstrom<\/li>\n<li>Material des W\u00e4rmetauschers: Enthalpie<\/li>\n<li>Energieeffizienz (%):\u00a0<em><strong>89-97 \/ 87-97 \/ 84-97 \/ 81-97 \/ 78-97 \/ 75-97<\/strong><\/em><\/li>\n<li>Inneres Isoliermaterial: EPP<\/li>\n<li>Material des Geh\u00e4uses: EPP<\/li>\n<li>Temperatur der \u00fcbertragenen Luft (C): -25 bis +50<\/li>\n<li>Temperatur der Arbeitsumgebung (C): +5 bis +40\u00b0C.<\/li>\n<li>Relative Luftfeuchtigkeit der Arbeitsumgebung (%): unter 80<\/li>\n<li>Durchmesser des angeschlossenen Luftkanals (mm): 160<\/li>\n<\/ul>","protected":false},"excerpt":{"rendered":"<p>WC-TP<strong>450<\/strong>-ERV-B-Z-EC-VK8 <a href=\"https:\/\/eprel.ec.europa.eu\/screen\/product\/residentialventilationunits\/2418267\" target=\"_blank\" rel=\"noopener\">EPREL-Register<\/a><\/p>\n<p>Mit thermischer Anpassung <strong>Weston Climate TP TH Serie 350-600m3 L\u00fcftungsger\u00e4t mit W\u00e4rmer\u00fcckgewinnung<\/strong> Geeignet f\u00fcr den Einsatz in mittleren bis gro\u00dfen Privathaushalten, B\u00fcros, \u00f6ffentlichen R\u00e4umen, Fitnessstudios, medizinischen Einrichtungen, Gesch\u00e4ften, Hotels, Bildungseinrichtungen, Gastronomiebetrieben usw. <strong>TP TH Serie 350-600m3 W\u00e4rmer\u00fcckgewinnungsl\u00fcftungsger\u00e4t<\/strong> wurden in Auftrag gegeben und an die europ\u00e4ischen und skandinavischen Anforderungen angepasst. F\u00fcr die Konstruktion des Ger\u00e4ts werden hochwertige Materialien verwendet, um sicherzustellen, dass die TP THERMAL SERIES einwandfrei und extrem leise arbeitet. Die moderne Technologie garantiert die Zuverl\u00e4ssigkeit und Langlebigkeit des Ger\u00e4ts. Die Installation der TP THERMAL SERIES ist sehr einfach und f\u00fcr jeden interessierten Familienvater oder jede interessierte Familienmutter leicht zu bewerkstelligen.<\/p>\n<table style=\"border-collapse: collapse; width: 48pt;\" border=\"0\" width=\"64\" cellspacing=\"0\" cellpadding=\"0\">\n<tbody>\n<tr style=\"height: 15.0pt;\">\n<td style=\"height: 15.0pt; width: 48pt;\" width=\"64\" height=\"20\"><a href=\"https:\/\/westonclimate.com\/wp-content\/uploads\/2024\/06\/CE-Certificate-TP-SERIES.pdf\" target=\"_blank\" rel=\"noopener\"> <img fetchpriority=\"high\" decoding=\"async\" class=\"alignnone size-medium wp-image-10963\" src=\"https:\/\/westonclimate.com\/wp-content\/uploads\/2024\/06\/CS-sert_thermal-207x300.png\" alt=\"\" width=\"207\" height=\"300\" srcset=\"https:\/\/westonclimate.com\/wp-content\/uploads\/2024\/06\/CS-sert_thermal-207x300.png 207w, https:\/\/westonclimate.com\/wp-content\/uploads\/2024\/06\/CS-sert_thermal-707x1024.png 707w, https:\/\/westonclimate.com\/wp-content\/uploads\/2024\/06\/CS-sert_thermal-8x12.png 8w, https:\/\/westonclimate.com\/wp-content\/uploads\/2024\/06\/CS-sert_thermal-600x869.png 600w, https:\/\/westonclimate.com\/wp-content\/uploads\/2024\/06\/CS-sert_thermal.png 763w\" sizes=\"(max-width: 207px) 100vw, 207px\" \/><\/a><\/td>\n<\/tr>\n<\/tbody>\n<\/table>\n<p><strong>Die Lieferzeit betr\u00e4gt bis zu 65 Arbeitstage.<\/strong><\/p>","protected":false},"featured_media":7648,"template":"","meta":[],"product_brand":[],"product_cat":[122,35],"product_tag":[],"class_list":{"0":"post-3660","1":"product","2":"type-product","3":"status-publish","4":"has-post-thumbnail","6":"product_cat-vertikaalsed","7":"product_cat-ventilatsiooniseadmed","9":"first","10":"instock","11":"taxable","12":"shipping-taxable","13":"purchasable","14":"product-type-variable","15":"has-default-attributes"},"_links":{"self":[{"href":"https:\/\/westonclimate.com\/de\/wp-json\/wp\/v2\/product\/3660","targetHints":{"allow":["GET"]}}],"collection":[{"href":"https:\/\/westonclimate.com\/de\/wp-json\/wp\/v2\/product"}],"about":[{"href":"https:\/\/westonclimate.com\/de\/wp-json\/wp\/v2\/types\/product"}],"version-history":[{"count":15,"href":"https:\/\/westonclimate.com\/de\/wp-json\/wp\/v2\/product\/3660\/revisions"}],"predecessor-version":[{"id":10964,"href":"https:\/\/westonclimate.com\/de\/wp-json\/wp\/v2\/product\/3660\/revisions\/10964"}],"wp:featuredmedia":[{"embeddable":true,"href":"https:\/\/westonclimate.com\/de\/wp-json\/wp\/v2\/media\/7648"}],"wp:attachment":[{"href":"https:\/\/westonclimate.com\/de\/wp-json\/wp\/v2\/media?parent=3660"}],"wp:term":[{"taxonomy":"product_brand","embeddable":true,"href":"https:\/\/westonclimate.com\/de\/wp-json\/wp\/v2\/product_brand?post=3660"},{"taxonomy":"product_cat","embeddable":true,"href":"https:\/\/westonclimate.com\/de\/wp-json\/wp\/v2\/product_cat?post=3660"},{"taxonomy":"product_tag","embeddable":true,"href":"https:\/\/westonclimate.com\/de\/wp-json\/wp\/v2\/product_tag?post=3660"}],"curies":[{"name":"wp","href":"https:\/\/api.w.org\/{rel}","templated":true}]}}