{"id":3677,"date":"2024-06-25T19:24:55","date_gmt":"2024-06-25T19:24:55","guid":{"rendered":"https:\/\/wmdcompany.eu\/?post_type=product&#038;p=3677"},"modified":"2026-05-08T08:04:50","modified_gmt":"2026-05-08T08:04:50","slug":"weston-climate-cmerv-cfa-150-1000m3-soojustagastusega-ventilatsiooniseade","status":"publish","type":"product","link":"https:\/\/westonclimate.com\/de\/tooted\/weston-climate-cmerv-cfa-150-1000m3-luftungsgerat-mit-warmeruckgewinnung\/","title":{"rendered":"Weston Climate CMERV-CFA 150-1000m3 L\u00fcftungsger\u00e4t mit W\u00e4rmer\u00fcckgewinnung"},"content":{"rendered":"<p><strong>Merkmale:<\/strong><\/p>\n<ul>\n<li>Breiter Luftstrombereich 150-2000 m\u00b3\/h.<\/li>\n<li>Kunststoffgekapselter Gleichstrommotor, 10 Geschwindigkeiten.<\/li>\n<li>Zuluftreinigung mit Hauptfilter (G3) und Mediumfilter (F7) ist optional.<\/li>\n<li>Technologie der geschlossenen Kantenversiegelung.<\/li>\n<li>Hocheffizienter W\u00e4rmetauscher der 5. Generation.<\/li>\n<li>Reservierte seitliche Anschl\u00fcsse f\u00fcr OA und EA.<\/li>\n<li>Flexible Installation.<\/li>\n<li>Letzte Woche.<\/li>\n<li>Zwei Installationsm\u00f6glichkeiten im entsprechenden Raum.<\/li>\n<li>Android\/IOS intelligentes Steuerungssystem.<\/li>\n<li>Wifi.<\/li>\n<li>Leitung der Gruppe.<\/li>\n<li>Energieeffizienzklasse A+.<\/li>\n<\/ul>\n<p><strong>K\u00f6rper:<\/strong><\/p>\n<ul>\n<li>Einfache Installation dank des integrierten EPS-Geh\u00e4uses.<\/li>\n<li>Bessere Isolierung, Luftdichtheit und L\u00e4rmminderung.<\/li>\n<li>Zentral montierte L\u00fcfter mit stabilem Luftstrom sorgen f\u00fcr eine bessere W\u00e4rmeaustauschleistung und einen stabilen Betrieb.<\/li>\n<\/ul>\n<p><strong>Flexible Installation:<\/strong><\/p>\n<ul>\n<li>Paralleler Luftstrom.<\/li>\n<li>Erh\u00e4ltlich mit schwenkbarer Befestigung.<\/li>\n<li>Reserviert f\u00fcr seitliche OA und EA.<\/li>\n<\/ul>\n<p><strong>Closed-Edge-Technologie:<\/strong><\/p>\n<ul>\n<li>Die dreifach gefaltete Kantenst\u00e4rke verbessert die Festigkeit der H\u00fclle.<\/li>\n<li>H\u00f6here Produktivit\u00e4t.<\/li>\n<li>Gutes \u00e4u\u00dferes Erscheinungsbild und bessere Luftdichte.<\/li>\n<\/ul>\n<p><strong>Neue DC-Fans:<\/strong><\/p>\n<ul>\n<li>Im Vergleich zu dem alten Wechselstrommotor mit Metallgeh\u00e4use ist der neue Motor stabiler, leiser und energieeffizienter und spart bis zu 40%.<\/li>\n<\/ul>\n<p><strong>W\u00e4rmetauscher der 5. Generation:<\/strong><\/p>\n<ul>\n<li>Neues ER-Papier mit h\u00f6herem Wirkungsgrad des W\u00e4rmetauschers.<\/li>\n<li>Die Materialien des W\u00e4rmetauschers sind schimmelresistent und feuerhemmend.<\/li>\n<li>Integrierte Struktur, bessere Luftdichtheit und Optik.<\/li>\n<\/ul>\n<p><strong>Integrierter Filterk\u00e4fig:<\/strong><\/p>\n<ul>\n<li>Da der Hauptfilter in den reservierten Pfad integriert ist, ist der mittlere F7-Filter optional.<\/li>\n<\/ul>\n<p><strong>Technische Informationen:<\/strong><\/p>\n<ul>\n<li>Luftdurchsatz (m3\/h): 150-2000<\/li>\n<li>Maximaler statischer Druck (Pa): 85-175<\/li>\n<li>Enthalpie-Wirkungsgrad (%) K\u00fchlung: 66-86<\/li>\n<li>Enthalpie-Wirkungsgrad (%) Heizung: 69-87<\/li>\n<li>Temperatur-Wirkungsgrad (%): 77-90<\/li>\n<li>M\u00fcra dB(A): 29-37<\/li>\n<li>Spannung (V): 220-240<\/li>\n<li>Eingangsleistung (W): 58-850<\/li>\n<li>Netokaal (kg): 20-54<\/li>\n<\/ul>\n<p><strong>M\u00f5\u00f5dud (pikkus\/laius\/k\u00f5rgus), kaal (kg):<\/strong><\/p>\n<ul>\n<li>150m3\/h &#8211; 886x610x289, kaal 20kg<\/li>\n<li>250m3\/h &#8211; 886x735x289, kaal 23kg<\/li>\n<li>350m3\/h &#8211; 1000x874x331, kaal 30kg<\/li>\n<li>500m3\/h &#8211; 1005x1016x331, kaal 33kg<\/li>\n<li>650m3\/h &#8211; 1030x954x404, kaal 38kg<\/li>\n<li>800m3\/h &#8211; 1268x1004x404, kaal 48kg<\/li>\n<li>1000m3\/h &#8211; 1355x1231x404, kaal 54kg<\/li>\n<\/ul>","protected":false},"excerpt":{"rendered":"<p style=\"font-weight: 400;\"><strong>Weston Climate Deckenl\u00fcftungsger\u00e4t CMERV-CFA 150-1000m3 mit W\u00e4rmer\u00fcckgewinnung<\/strong>\u00a0bringt saubere, frische Luft in die Innenr\u00e4ume und beseitigt verschmutzte Au\u00dfenluft.<\/p>\n<p style=\"font-weight: 400;\">Wenn die Au\u00dfenluft angenehm ist, arbeitet es im Bypass-Modus, Frischluft kann ohne W\u00e4rmeaustausch direkt in den Raum geleitet werden, und die Raumabluft kann gleichzeitig abgesaugt werden, um die Raumluftqualit\u00e4t zu verbessern. Im Winter oder Sommer arbeitet das Ger\u00e4t im Energier\u00fcckgewinnungsmodus, um ein angenehmes Raumklima zu gew\u00e4hrleisten und den Energieverbrauch zu senken. Dieses L\u00fcftungsger\u00e4t mit Energier\u00fcckgewinnung ist f\u00fcr eine effiziente Bel\u00fcftung des Raums ausgelegt. <strong>W\u00e4rmetauscher der 5. Generation, <\/strong>mit integriertem kompakten und schonenden Filterschieber.<\/p>\n<p style=\"font-weight: 400;\">Sie ist energieeffizient und bietet gleichzeitig weitere Vorteile, wie z. B. eine ges\u00fcndere Raumluft, den Austausch von verbrauchter Luft durch Frischluft und die Beseitigung verschiedener Schadstoffe.<\/p>\n<p><a href=\"https:\/\/wmdcompany.eu\/kontakt\/\"><strong>NB: Die Modelle 1500m3\/h und 2000m3\/h sind ebenfalls erh\u00e4ltlich - -<\/strong> <strong>JETZT SENDEN!<\/strong><\/a><\/p>","protected":false},"featured_media":10708,"template":"","meta":[],"product_brand":[],"product_cat":[121,122,35],"product_tag":[],"class_list":{"0":"post-3677","1":"product","2":"type-product","3":"status-publish","4":"has-post-thumbnail","6":"product_cat-laeventilatsioon","7":"product_cat-vertikaalsed","8":"product_cat-ventilatsiooniseadmed","10":"first","11":"instock","12":"taxable","13":"shipping-taxable","14":"purchasable","15":"product-type-variable"},"_links":{"self":[{"href":"https:\/\/westonclimate.com\/de\/wp-json\/wp\/v2\/product\/3677","targetHints":{"allow":["GET"]}}],"collection":[{"href":"https:\/\/westonclimate.com\/de\/wp-json\/wp\/v2\/product"}],"about":[{"href":"https:\/\/westonclimate.com\/de\/wp-json\/wp\/v2\/types\/product"}],"version-history":[{"count":16,"href":"https:\/\/westonclimate.com\/de\/wp-json\/wp\/v2\/product\/3677\/revisions"}],"predecessor-version":[{"id":11636,"href":"https:\/\/westonclimate.com\/de\/wp-json\/wp\/v2\/product\/3677\/revisions\/11636"}],"wp:featuredmedia":[{"embeddable":true,"href":"https:\/\/westonclimate.com\/de\/wp-json\/wp\/v2\/media\/10708"}],"wp:attachment":[{"href":"https:\/\/westonclimate.com\/de\/wp-json\/wp\/v2\/media?parent=3677"}],"wp:term":[{"taxonomy":"product_brand","embeddable":true,"href":"https:\/\/westonclimate.com\/de\/wp-json\/wp\/v2\/product_brand?post=3677"},{"taxonomy":"product_cat","embeddable":true,"href":"https:\/\/westonclimate.com\/de\/wp-json\/wp\/v2\/product_cat?post=3677"},{"taxonomy":"product_tag","embeddable":true,"href":"https:\/\/westonclimate.com\/de\/wp-json\/wp\/v2\/product_tag?post=3677"}],"curies":[{"name":"wp","href":"https:\/\/api.w.org\/{rel}","templated":true}]}}