{"id":3811,"date":"2024-06-26T21:49:52","date_gmt":"2024-06-26T21:49:52","guid":{"rendered":"https:\/\/wmdcompany.eu\/?post_type=product&#038;p=3811"},"modified":"2025-12-22T15:45:21","modified_gmt":"2025-12-22T15:45:21","slug":"weston-klima-split-inverter-ohk-wasser-warmepumpe-15kw","status":"publish","type":"product","link":"https:\/\/westonclimate.com\/de\/tooted\/weston-climate-split-inverter-ohk-vesi-soojuspump-15kw\/","title":{"rendered":"Weston Climate Split-Inverter-Luft\/Wasser-W\u00e4rmepumpe 15kW"},"content":{"rendered":"<ul>\n<li>Nominale Heizleistung:<strong>\u00a015 kW<\/strong><\/li>\n<li>Bereich der Heizleistung:\u00a0<strong>4,82-18,94 kW<\/strong><\/li>\n<li>Heizung: mitgeliefert, im Inneren des Ger\u00e4ts<\/li>\n<li>COP-Bereich:\u00a0<strong>5,10-2,58 w\/w<\/strong><\/li>\n<li><strong>Bereitschaft des Strompreis\u00fcberwachungssystems der B\u00f6rse (SG)<\/strong><\/li>\n<li><strong>WiFi<\/strong><\/li>\n<li>Spannung der Stromversorgung:\u00a0<strong>220-240\/50 V\/Hz<\/strong><\/li>\n<li>Kompressor:\u00a0<strong>DC-Wechselrichter + EVI<\/strong><\/li>\n<li>L\u00fcftermotor:\u00a0<strong>DC-Wechselrichter<\/strong><\/li>\n<li>Wasserpumpe:\u00a0<strong>DC-Wechselrichter<\/strong><\/li>\n<li>K\u00e4ltemittel: R32<\/li>\n<li>Energieklasse:\u00a0<strong>A+++<\/strong><\/li>\n<li>Temperatur der Au\u00dfenluft:\u00a0<strong>-35 bis 40\u00b0C<\/strong><\/li>\n<li>Temperaturbereich des Heizmodus:\u00a0<strong>30 bis 60\u00b0C<\/strong><\/li>\n<li>Interner Ger\u00e4uschpegel:\u00a0<strong>bis zu\u00a0<\/strong><strong>32 dB(A)<\/strong><\/li>\n<li>L\u00e4rmpegel von Ger\u00e4ten im Freien:\u00a0<strong>bis zu\u00a0<\/strong><strong>5<\/strong><strong>7 dB(A)<\/strong><\/li>\n<li>Gewicht des Eingabeger\u00e4ts:\u00a0<strong>50 kg<\/strong><\/li>\n<li>Gewicht des Au\u00dfenger\u00e4ts:\u00a0<strong>102 kg<\/strong><\/li>\n<li>Abmessungen des Innenger\u00e4ts (L\u00e4nge, Breite, H\u00f6he):\u00a0<strong>550x430x800 mm<\/strong><\/li>\n<li>Abmessungen des Au\u00dfenger\u00e4ts (L\u00e4nge, Breite, H\u00f6he):\u00a0<strong>1000x390x1380 mm<\/strong><\/li>\n<\/ul>","protected":false},"excerpt":{"rendered":"<p><strong>Weston Climate SPLIT Inverter Luft\/Wasser-W\u00e4rmepumpe 15kW. <\/strong>Funktionen: Heizbetrieb, Warmwasserbetrieb, K\u00fchlbetrieb, Heiz- und Warmwasserbetrieb, K\u00fchl- und Warmwasserbetrieb.<\/p>\n<p>Empfohlene Fl\u00e4che (f\u00fcr gute Isolierung): bis zu 270 m2<\/p>\n<p><strong>Die Lieferzeit betr\u00e4gt bis zu 5 Arbeitstage.<\/strong><\/p>","protected":false},"featured_media":10387,"template":"","meta":[],"product_brand":[],"product_cat":[63,64],"product_tag":[],"class_list":{"0":"post-3811","1":"product","2":"type-product","3":"status-publish","4":"has-post-thumbnail","6":"product_cat-soojuspumbad","7":"product_cat-soojuspump-split","9":"first","10":"instock","11":"taxable","12":"shipping-taxable","13":"purchasable","14":"product-type-variable"},"_links":{"self":[{"href":"https:\/\/westonclimate.com\/de\/wp-json\/wp\/v2\/product\/3811","targetHints":{"allow":["GET"]}}],"collection":[{"href":"https:\/\/westonclimate.com\/de\/wp-json\/wp\/v2\/product"}],"about":[{"href":"https:\/\/westonclimate.com\/de\/wp-json\/wp\/v2\/types\/product"}],"version-history":[{"count":7,"href":"https:\/\/westonclimate.com\/de\/wp-json\/wp\/v2\/product\/3811\/revisions"}],"predecessor-version":[{"id":10386,"href":"https:\/\/westonclimate.com\/de\/wp-json\/wp\/v2\/product\/3811\/revisions\/10386"}],"wp:featuredmedia":[{"embeddable":true,"href":"https:\/\/westonclimate.com\/de\/wp-json\/wp\/v2\/media\/10387"}],"wp:attachment":[{"href":"https:\/\/westonclimate.com\/de\/wp-json\/wp\/v2\/media?parent=3811"}],"wp:term":[{"taxonomy":"product_brand","embeddable":true,"href":"https:\/\/westonclimate.com\/de\/wp-json\/wp\/v2\/product_brand?post=3811"},{"taxonomy":"product_cat","embeddable":true,"href":"https:\/\/westonclimate.com\/de\/wp-json\/wp\/v2\/product_cat?post=3811"},{"taxonomy":"product_tag","embeddable":true,"href":"https:\/\/westonclimate.com\/de\/wp-json\/wp\/v2\/product_tag?post=3811"}],"curies":[{"name":"wp","href":"https:\/\/api.w.org\/{rel}","templated":true}]}}