{"id":3814,"date":"2024-06-26T21:59:17","date_gmt":"2024-06-26T21:59:17","guid":{"rendered":"https:\/\/wmdcompany.eu\/?post_type=product&#038;p=3814"},"modified":"2025-12-22T15:46:48","modified_gmt":"2025-12-22T15:46:48","slug":"weston-klima-split-inverter-ohk-wasser-warmepumpe-18kw","status":"publish","type":"product","link":"https:\/\/westonclimate.com\/de\/tooted\/weston-climate-split-inverter-ohk-vesi-soojuspump-18kw\/","title":{"rendered":"Weston Climate Split-Inverter-Luft\/Wasser-W\u00e4rmepumpe 18kW"},"content":{"rendered":"<ul>\n<li>Nominale Heizleistung:<strong>\u00a018 kW<\/strong><\/li>\n<li>Bereich der Heizleistung:\u00a0<strong>5,56-20,20 kW<\/strong><\/li>\n<li>Heizung: mitgeliefert, im Inneren des Ger\u00e4ts<\/li>\n<li>COP-Bereich:\u00a0<strong>5,08-2,54 w\/w<\/strong><\/li>\n<li><strong>Bereitschaft des Strompreis\u00fcberwachungssystems der B\u00f6rse (SG)<\/strong><\/li>\n<li><strong>WiFi<\/strong><\/li>\n<li>Spannung der Stromversorgung:\u00a0<strong>380-415\/50 V\/Hz<\/strong><\/li>\n<li>Kompressor:\u00a0<strong>DC-Wechselrichter + EVI<\/strong><\/li>\n<li>L\u00fcftermotor:\u00a0<strong>DC-Wechselrichter<\/strong><\/li>\n<li>Wasserpumpe:\u00a0<strong>DC-Wechselrichter<\/strong><\/li>\n<li>K\u00e4ltemittel: R32<\/li>\n<li>Energieklasse:\u00a0<strong>A+++<\/strong><\/li>\n<li>Temperatur der Au\u00dfenluft:\u00a0<strong>-35 bis 40\u00b0C<\/strong><\/li>\n<li>Temperaturbereich des Heizmodus:\u00a0<strong>30 bis 60\u00b0C<\/strong><\/li>\n<li>Interner Ger\u00e4uschpegel:\u00a0<strong>bis zu\u00a0<\/strong><strong>32 dB(A)<\/strong><\/li>\n<li>L\u00e4rmpegel von Ger\u00e4ten im Freien:\u00a0<strong>bis zu\u00a0<\/strong><strong>5<\/strong><strong>8 dB(A)<\/strong><\/li>\n<li>Gewicht des Eingabeger\u00e4ts:\u00a0<strong>52 kg<\/strong><\/li>\n<li>Gewicht des Au\u00dfenger\u00e4ts:\u00a0<strong>110 kg<\/strong><\/li>\n<li>Abmessungen des Innenger\u00e4ts (L\u00e4nge, Breite, H\u00f6he):\u00a0<strong>550x430x800 mm<\/strong><\/li>\n<li>Abmessungen des Au\u00dfenger\u00e4ts (L\u00e4nge, Breite, H\u00f6he):\u00a0<strong>1000x390x1380 mm<\/strong><\/li>\n<\/ul>","protected":false},"excerpt":{"rendered":"<p><strong>Weston Climate SPLIT Inverter Luft\/Wasser-W\u00e4rmepumpe 18kW. <\/strong>Funktionen: Heizbetrieb, Warmwasserbetrieb, K\u00fchlbetrieb, Heiz- und Warmwasserbetrieb, K\u00fchl- und Warmwasserbetrieb.<\/p>\n<p>Empfohlene Fl\u00e4che (f\u00fcr gute Isolierung): bis zu 325 m2<\/p>\n<p><strong>Die Lieferzeit betr\u00e4gt bis zu 5 Arbeitstage.<\/strong><\/p>","protected":false},"featured_media":6808,"template":"","meta":[],"product_brand":[],"product_cat":[63,64],"product_tag":[],"class_list":{"0":"post-3814","1":"product","2":"type-product","3":"status-publish","4":"has-post-thumbnail","6":"product_cat-soojuspumbad","7":"product_cat-soojuspump-split","9":"first","10":"instock","11":"taxable","12":"shipping-taxable","13":"purchasable","14":"product-type-variable"},"_links":{"self":[{"href":"https:\/\/westonclimate.com\/de\/wp-json\/wp\/v2\/product\/3814","targetHints":{"allow":["GET"]}}],"collection":[{"href":"https:\/\/westonclimate.com\/de\/wp-json\/wp\/v2\/product"}],"about":[{"href":"https:\/\/westonclimate.com\/de\/wp-json\/wp\/v2\/types\/product"}],"version-history":[{"count":5,"href":"https:\/\/westonclimate.com\/de\/wp-json\/wp\/v2\/product\/3814\/revisions"}],"predecessor-version":[{"id":9409,"href":"https:\/\/westonclimate.com\/de\/wp-json\/wp\/v2\/product\/3814\/revisions\/9409"}],"wp:featuredmedia":[{"embeddable":true,"href":"https:\/\/westonclimate.com\/de\/wp-json\/wp\/v2\/media\/6808"}],"wp:attachment":[{"href":"https:\/\/westonclimate.com\/de\/wp-json\/wp\/v2\/media?parent=3814"}],"wp:term":[{"taxonomy":"product_brand","embeddable":true,"href":"https:\/\/westonclimate.com\/de\/wp-json\/wp\/v2\/product_brand?post=3814"},{"taxonomy":"product_cat","embeddable":true,"href":"https:\/\/westonclimate.com\/de\/wp-json\/wp\/v2\/product_cat?post=3814"},{"taxonomy":"product_tag","embeddable":true,"href":"https:\/\/westonclimate.com\/de\/wp-json\/wp\/v2\/product_tag?post=3814"}],"curies":[{"name":"wp","href":"https:\/\/api.w.org\/{rel}","templated":true}]}}