{"id":4277,"date":"2024-07-03T15:42:34","date_gmt":"2024-07-03T15:42:34","guid":{"rendered":"https:\/\/wmdcompany.eu\/?post_type=product&#038;p=4277"},"modified":"2025-12-26T15:09:18","modified_gmt":"2025-12-26T15:09:18","slug":"weston-climate-seinale-kinnitatav-soojustagastusega-ventilatsiooniseade-werv","status":"publish","type":"product","link":"https:\/\/westonclimate.com\/de\/tooted\/weston-klima-wandmontiertes-luftungsgerat-mit-warmeruckgewinnung-werv\/","title":{"rendered":"Weston Climate Wandl\u00fcftungsger\u00e4t mit W\u00e4rmer\u00fcckgewinnung WERV"},"content":{"rendered":"<p><strong>Merkmale:<\/strong><\/p>\n<ul>\n<li>Elegante dekorative Frontblende.<\/li>\n<li>Eine Einheit bedient bis zu\u00a0<strong>50m2<\/strong>\u00a0Raum.<\/li>\n<li>Schnelle Installation durch eine Au\u00dfenwand.<\/li>\n<li>Energieeffizienz 82%.<\/li>\n<li>Leiser Betrieb (22-38 dBA).<\/li>\n<li>\u00dcberwachung der Raumluft (Feuchtigkeit, Temperatur, CO2).<\/li>\n<li>Reinigung der Ansaugluft mit Vorfilter + Zentralfilter + HEPA-Filter mit Aktivkohlefilter.<\/li>\n<li>D\u00fcnn, leicht, kompakt.<\/li>\n<li>Verwaltbar \u00fcber App.<\/li>\n<li>Gleichstrommotor mit 8 G\u00e4ngen.<\/li>\n<\/ul>\n<p><strong>Technische Informationen:<\/strong><\/p>\n<ul>\n<li>Spannung: 100V~240V AC \/50-60Hz<\/li>\n<li>Leistung (W): 12,6 - 43,8<\/li>\n<li>Stromst\u00e4rke (A): 0,16 - 0,37<\/li>\n<li>Luftdurchsatz: 50 - 150m3\/h<\/li>\n<li>Schalldruckpegel (dBA): 22,6 - 37,9<\/li>\n<li>Abmessungen: 450x155x660mm<\/li>\n<li>Gewicht: 10kg<\/li>\n<\/ul>","protected":false},"excerpt":{"rendered":"<p><strong>Weston Klima<\/strong> wirksam <strong>WERV Wandl\u00fcftungsger\u00e4t mit W\u00e4rmer\u00fcckgewinnung<\/strong>\u00a0gew\u00e4hrleistet eine hohe Luftqualit\u00e4t durch gleichzeitige \u00dcberwachung von Luftfeuchtigkeit, Temperatur und CO2-Gehalt. Niedrige Ger\u00e4uschpegel von 22-38 dBA sorgen f\u00fcr einen ruhigen und ungest\u00f6rten Raum f\u00fcr jede Aktivit\u00e4t. Die schnelle und einfache Installation durch eine Au\u00dfenwand ist f\u00fcr jedermann m\u00f6glich, und es k\u00f6nnen mehrere Ger\u00e4te in einer Gruppe gleichzeitig gesteuert werden. Das Ger\u00e4t ist eine Sonderanfertigung und wurde an die europ\u00e4ischen und skandinavischen Anforderungen angepasst.<\/p>\n<p><strong>Die Lieferfrist betr\u00e4gt bis zu 45 Arbeitstage.<\/strong><\/p>","protected":false},"featured_media":7643,"template":"","meta":[],"product_brand":[],"product_cat":[124,35],"product_tag":[],"class_list":{"0":"post-4277","1":"product","2":"type-product","3":"status-publish","4":"has-post-thumbnail","6":"product_cat-lokaalsed","7":"product_cat-ventilatsiooniseadmed","9":"first","10":"onbackorder","11":"taxable","12":"shipping-taxable","13":"purchasable","14":"product-type-variable"},"_links":{"self":[{"href":"https:\/\/westonclimate.com\/de\/wp-json\/wp\/v2\/product\/4277","targetHints":{"allow":["GET"]}}],"collection":[{"href":"https:\/\/westonclimate.com\/de\/wp-json\/wp\/v2\/product"}],"about":[{"href":"https:\/\/westonclimate.com\/de\/wp-json\/wp\/v2\/types\/product"}],"version-history":[{"count":6,"href":"https:\/\/westonclimate.com\/de\/wp-json\/wp\/v2\/product\/4277\/revisions"}],"predecessor-version":[{"id":9315,"href":"https:\/\/westonclimate.com\/de\/wp-json\/wp\/v2\/product\/4277\/revisions\/9315"}],"wp:featuredmedia":[{"embeddable":true,"href":"https:\/\/westonclimate.com\/de\/wp-json\/wp\/v2\/media\/7643"}],"wp:attachment":[{"href":"https:\/\/westonclimate.com\/de\/wp-json\/wp\/v2\/media?parent=4277"}],"wp:term":[{"taxonomy":"product_brand","embeddable":true,"href":"https:\/\/westonclimate.com\/de\/wp-json\/wp\/v2\/product_brand?post=4277"},{"taxonomy":"product_cat","embeddable":true,"href":"https:\/\/westonclimate.com\/de\/wp-json\/wp\/v2\/product_cat?post=4277"},{"taxonomy":"product_tag","embeddable":true,"href":"https:\/\/westonclimate.com\/de\/wp-json\/wp\/v2\/product_tag?post=4277"}],"curies":[{"name":"wp","href":"https:\/\/api.w.org\/{rel}","templated":true}]}}