{"id":4341,"date":"2024-07-05T10:31:17","date_gmt":"2024-07-05T10:31:17","guid":{"rendered":"https:\/\/wmdcompany.eu\/?post_type=product&#038;p=4341"},"modified":"2026-04-19T09:44:59","modified_gmt":"2026-04-19T09:44:59","slug":"weston-climate-pro-seeria-600-800m3-soojustagastusega-ventilatsiooniseade","status":"publish","type":"product","link":"https:\/\/westonclimate.com\/de\/tooted\/weston-climate-pro-serie-600-800m3-luftungsgerat-mit-warmeruckgewinnung\/","title":{"rendered":"Weston Climate Pro Serie 600-800m3 L\u00fcftungsger\u00e4t mit W\u00e4rmer\u00fcckgewinnung"},"content":{"rendered":"<p><strong>Merkmale:<\/strong><\/p>\n<ul>\n<li>Kompakte Bauweise, geeignet f\u00fcr Decken-\/Wandeinbau<\/li>\n<li>Letzte Woche vom W\u00e4rmetauscher<\/li>\n<li>Energiesparender elektronisch kommutierter EC-Motor (BLDC) mit hohem statischen Druck.<\/li>\n<li>Energieeffizienz bis zu 96%<\/li>\n<li>Standardm\u00e4\u00dfige Integration des Sommerbypasses<\/li>\n<li>Hervorragende Leistung<\/li>\n<li>Mugav alumine hoolduspaneel &#8211; lihtne filtrihooldus<\/li>\n<li>Sensoren f\u00fcr Raumtemperatur und relative Luftfeuchtigkeit<\/li>\n<li>Einhaltung: EU1253\/2014 ErP EcoDesign<\/li>\n<li>Madal energiatarve &#8211; A+ energiam\u00e4rgis<\/li>\n<\/ul>\n<p><strong>Kontrollfunktionen:<\/strong><\/p>\n<ul>\n<li>Integriertes Verwaltungssystem<\/li>\n<li>HD 7-Zoll-Farb-Touchscreen mit Echtzeit-Anzeige der Raumluftqualit\u00e4t<\/li>\n<li>Lokale Nachfragesteuerung mit variabler Geschwindigkeit<\/li>\n<li>Modbus RS485 Smart House Anschluss<\/li>\n<li>IAQ-Sensoren (Innenraumluftqualit\u00e4t) CO2\/PM2.5\/vOCs\/TEMP\/RH<\/li>\n<li>Vorgeschlagener w\u00f6chentlicher Betrieb<\/li>\n<li>Optionale separate L\u00fcftersteuerung<\/li>\n<li>Anschluss von mehreren externen CO2\/RH\/TEMP-Sensoren<\/li>\n<li>Anschluss von mehreren externen Boost-Schaltern<\/li>\n<li>Einlass\/Fusion\/IAQ-Automatisierung<\/li>\n<li>Erh\u00e4ltlich mit Fernbedienung<\/li>\n<li>Benachrichtigung \u00fcber die R\u00fcckw\u00e4rtslesung\/den Austausch von Filtern<\/li>\n<li>Vollst\u00e4ndige Bedienfeldeinstellungen<\/li>\n<\/ul>\n<p><strong>Technische Informationen:<\/strong><\/p>\n<ul>\n<li>Typ des L\u00fcftungsmotors: EC<\/li>\n<li>Maximaler Luftdurchsatz (m3\/h):\u00a0<strong><em>600@100Pa \/ 700@100Pa \/ 800@100Pa<\/em><\/strong><\/li>\n<li>Maximale Nennleistung:\u00a0<strong><em>230V-50Hz; 340W; 2.4A \/ 230V-50Hz; 425W; 3A \/ 230V-50Hz; 445W; 3.1A<\/em><\/strong><\/li>\n<li>Eingangsleistungsbereich: 200-240 V; 50\/60Hz<\/li>\n<li>Gewicht (kg): 92,5<\/li>\n<li>Filter: G4<\/li>\n<li>Leistungsfilter: G4, F8 (optional)<\/li>\n<li>Maximaler statischer Druck (Pa):\u00a0<strong><em>303 \/ 370 \/ 418<\/em><\/strong><\/li>\n<li>Art des W\u00e4rmetauschers: Gegenstrom<\/li>\n<li>Energieeffizienz (%):\u00a0<strong><em>81-92 \/ 80-92 \/ 78-92<\/em><\/strong><\/li>\n<li>Inneres Isoliermaterial: Schaumpolyethylen<\/li>\n<li>Geh\u00e4usematerial: beschichtetes Stahlblech<\/li>\n<li>Temperatur der \u00fcbertragenen Luft (C): -25 bis +50<\/li>\n<li>Temperatur der Arbeitsumgebung (C): +5 bis +40\u00b0C.<\/li>\n<li>Relative Luftfeuchtigkeit der Arbeitsumgebung (%): unter 80<\/li>\n<li>\u00d6ffnung des angeschlossenen Luftkanals (mm): 250<\/li>\n<\/ul>","protected":false},"excerpt":{"rendered":"<p><strong>Weston Klima<\/strong><strong> Pro Serie 600-800m3 W\u00e4rmer\u00fcckgewinnungsl\u00fcftungsger\u00e4t<\/strong> sind kompakt im Design und f\u00fcr den Ein-\/Ausbau konzipiert. Sie eignen sich f\u00fcr den Einsatz in kleinen und mittelgro\u00dfen Privath\u00e4usern, B\u00fcros, Wohnzimmern, Fitnessstudios, medizinischen Einrichtungen, Gesch\u00e4ften, Hotels, Bildungseinrichtungen, Gastronomiebetrieben usw. <strong>Pro Serie 600-800m3 W\u00e4rmer\u00fcckgewinnungsl\u00fcftungsger\u00e4t<\/strong> wurden in Auftrag gegeben und an die europ\u00e4ischen und skandinavischen Anforderungen angepasst. F\u00fcr die Konstruktion des Ger\u00e4ts werden hochwertige Materialien verwendet, um sicherzustellen, dass die Pro-Serie einwandfrei und extrem leise arbeitet. Moderne Technologie gew\u00e4hrleistet die Zuverl\u00e4ssigkeit und Langlebigkeit des Ger\u00e4ts. Die Installation der Pro-Serie wurde sehr einfach gestaltet und ist f\u00fcr jeden unternehmungslustigen Familienvater oder jede unternehmungslustige Familienmutter m\u00f6glich.<\/p>\n<table style=\"border-collapse: collapse; width: 48pt;\" border=\"0\" width=\"64\" cellspacing=\"0\" cellpadding=\"0\">\n<tbody>\n<tr style=\"height: 15.0pt;\">\n<td style=\"height: 15.0pt; width: 48pt;\" width=\"64\" height=\"20\"><a href=\"https:\/\/westonclimate.com\/wp-content\/uploads\/2024\/07\/CE-Certificate-CS-SERIES-2.pdf\" target=\"_blank\" rel=\"noopener\"><img fetchpriority=\"high\" decoding=\"async\" class=\"alignnone size-medium wp-image-10956\" src=\"https:\/\/westonclimate.com\/wp-content\/uploads\/2024\/07\/CS-sert_2-207x300.png\" alt=\"\" width=\"207\" height=\"300\" srcset=\"https:\/\/westonclimate.com\/wp-content\/uploads\/2024\/07\/CS-sert_2-207x300.png 207w, https:\/\/westonclimate.com\/wp-content\/uploads\/2024\/07\/CS-sert_2-707x1024.png 707w, https:\/\/westonclimate.com\/wp-content\/uploads\/2024\/07\/CS-sert_2-768x1112.png 768w, https:\/\/westonclimate.com\/wp-content\/uploads\/2024\/07\/CS-sert_2-8x12.png 8w, https:\/\/westonclimate.com\/wp-content\/uploads\/2024\/07\/CS-sert_2-600x869.png 600w, https:\/\/westonclimate.com\/wp-content\/uploads\/2024\/07\/CS-sert_2.png 862w\" sizes=\"(max-width: 207px) 100vw, 207px\" \/><\/a><\/td>\n<\/tr>\n<\/tbody>\n<\/table>\n<p><strong>Die Lieferfrist betr\u00e4gt bis zu 45 Arbeitstage.<\/strong><\/p>","protected":false},"featured_media":11553,"template":"","meta":[],"product_brand":[],"product_cat":[121,35],"product_tag":[],"class_list":{"0":"post-4341","1":"product","2":"type-product","3":"status-publish","4":"has-post-thumbnail","6":"product_cat-laeventilatsioon","7":"product_cat-ventilatsiooniseadmed","9":"first","10":"instock","11":"taxable","12":"shipping-taxable","13":"purchasable","14":"product-type-variable"},"_links":{"self":[{"href":"https:\/\/westonclimate.com\/de\/wp-json\/wp\/v2\/product\/4341","targetHints":{"allow":["GET"]}}],"collection":[{"href":"https:\/\/westonclimate.com\/de\/wp-json\/wp\/v2\/product"}],"about":[{"href":"https:\/\/westonclimate.com\/de\/wp-json\/wp\/v2\/types\/product"}],"version-history":[{"count":10,"href":"https:\/\/westonclimate.com\/de\/wp-json\/wp\/v2\/product\/4341\/revisions"}],"predecessor-version":[{"id":10960,"href":"https:\/\/westonclimate.com\/de\/wp-json\/wp\/v2\/product\/4341\/revisions\/10960"}],"wp:featuredmedia":[{"embeddable":true,"href":"https:\/\/westonclimate.com\/de\/wp-json\/wp\/v2\/media\/11553"}],"wp:attachment":[{"href":"https:\/\/westonclimate.com\/de\/wp-json\/wp\/v2\/media?parent=4341"}],"wp:term":[{"taxonomy":"product_brand","embeddable":true,"href":"https:\/\/westonclimate.com\/de\/wp-json\/wp\/v2\/product_brand?post=4341"},{"taxonomy":"product_cat","embeddable":true,"href":"https:\/\/westonclimate.com\/de\/wp-json\/wp\/v2\/product_cat?post=4341"},{"taxonomy":"product_tag","embeddable":true,"href":"https:\/\/westonclimate.com\/de\/wp-json\/wp\/v2\/product_tag?post=4341"}],"curies":[{"name":"wp","href":"https:\/\/api.w.org\/{rel}","templated":true}]}}