{"id":4987,"date":"2024-10-30T07:55:22","date_gmt":"2024-10-30T07:55:22","guid":{"rendered":"https:\/\/wmdcompany.eu\/?post_type=product&#038;p=4987"},"modified":"2026-03-11T10:12:42","modified_gmt":"2026-03-11T10:12:42","slug":"weston-klima-r32-monoblock-evi-inverter-ohc-wasser-warmepumpe-380v-9-5kw","status":"publish","type":"product","link":"https:\/\/westonclimate.com\/de\/tooted\/weston-climate-r32-monoblock-evi-inverter-ohk-vesi-soojuspump-380v-9-5kw\/","title":{"rendered":"WESTON CLIMATE R32 MONOBLOCK EVI Inverter Luft\/Wasser-W\u00e4rmepumpe 380V 9,5kW"},"content":{"rendered":"<ul>\n<li>Spannung der Stromversorgung: <strong>380 &#8211; 400 V<\/strong><\/li>\n<li>Energieklasse: <strong>A+++<\/strong><\/li>\n<li>Nominale Heizleistung: <strong>9,5 kW<\/strong><\/li>\n<li>Bereich der Heizleistung:<strong> 2 &#8211; 9,5 kW<\/strong><\/li>\n<li>Leistung der Heizungsanlage: <strong>2,18 &#8211; 3,14 k<strong>W<\/strong><\/strong><\/li>\n<li>COP: <strong>bis zu 4,35 W\/W<\/strong><\/li>\n<li>K\u00fchlleistung: <strong>8,6 kW<\/strong><\/li>\n<li>Eingangsleistung der K\u00fchlung: <strong>2,51<\/strong> <strong>kW<\/strong><\/li>\n<li>EER:<strong> bis zu 2,75 W\/W<\/strong><\/li>\n<li style=\"font-weight: 400;\">Wasserdurchflussmenge: <strong>1,5 m3\/h<\/strong><\/li>\n<li>Art des K\u00fchlmittels: <strong>R32<\/strong><\/li>\n<li style=\"font-weight: 400;\">Temperatur der Au\u00dfenluft: <strong>-35 bis 43\u00b0C<\/strong><\/li>\n<li>Gewicht der Pumpe: <strong>91 kg<\/strong><\/li>\n<li>Abmessungen der Pumpe (L\u00e4nge, Breite, H\u00f6he):<strong> 1127 \/ 475 \/ 810 mm<\/strong><\/li>\n<li>Gewicht der Verpackung: <strong>106 kg<\/strong><\/li>\n<li>Abmessungen der Pumpe (L\u00e4nge, Breite, H\u00f6he):<strong> 1195 \/ 535 \/ 960 mm<\/strong><\/li>\n<\/ul>","protected":false},"excerpt":{"rendered":"<p><strong>WESTON CLIMATE R32 EVI Full DC Inverter Luft\/Wasser-W\u00e4rmepumpe 380V 9,5kW.<\/strong> Eigenschaften: Heizmodus, K\u00fchlmodus, Warmwassermodus, WiFi-Steuerung, Telefonsteuerung, SG ready, Solarpanel-Unterst\u00fctzung (PV-System), Panasonic-Kompressor.<\/p>\n<p><strong>Luft-Wasser-W\u00e4rmepumpe 380V 9,5kW<\/strong> verwendet umweltvertr\u00e4gliche <strong>R32 K\u00fchlmittel<\/strong> und ab -8\u00b0C kommt die EVI-Technologie zum Einsatz, die den Energieverbrauch bei Minusgraden sowohl f\u00fcr die Warmwasserbereitung als auch f\u00fcr die Heizung deutlich reduziert. Das Ger\u00e4t arbeitet auch bei einer Umgebungstemperatur von -35\u00b0C wirtschaftlich und nutzt die DC-Invertertechnologie, um einen reibungslosen und gleichm\u00e4\u00dfigen Betrieb zu gew\u00e4hrleisten.<\/p>\n<p>Empfohlene Fl\u00e4che (f\u00fcr gute Isolierung): bis zu 190 m2<\/p>","protected":false},"featured_media":10419,"template":"","meta":[],"product_brand":[],"product_cat":[118,116,63,114,65],"product_tag":[],"class_list":{"0":"post-4987","1":"product","2":"type-product","3":"status-publish","4":"has-post-thumbnail","6":"product_cat-monobloc-weston-r32-380","7":"product_cat-monobloc-weston-r32","8":"product_cat-soojuspumbad","9":"product_cat-monobloc-weston-climate","10":"product_cat-soojuspump-monobloc","12":"first","13":"onbackorder","14":"taxable","15":"shipping-taxable","16":"purchasable","17":"product-type-simple"},"_links":{"self":[{"href":"https:\/\/westonclimate.com\/de\/wp-json\/wp\/v2\/product\/4987","targetHints":{"allow":["GET"]}}],"collection":[{"href":"https:\/\/westonclimate.com\/de\/wp-json\/wp\/v2\/product"}],"about":[{"href":"https:\/\/westonclimate.com\/de\/wp-json\/wp\/v2\/types\/product"}],"version-history":[{"count":7,"href":"https:\/\/westonclimate.com\/de\/wp-json\/wp\/v2\/product\/4987\/revisions"}],"predecessor-version":[{"id":10611,"href":"https:\/\/westonclimate.com\/de\/wp-json\/wp\/v2\/product\/4987\/revisions\/10611"}],"wp:featuredmedia":[{"embeddable":true,"href":"https:\/\/westonclimate.com\/de\/wp-json\/wp\/v2\/media\/10419"}],"wp:attachment":[{"href":"https:\/\/westonclimate.com\/de\/wp-json\/wp\/v2\/media?parent=4987"}],"wp:term":[{"taxonomy":"product_brand","embeddable":true,"href":"https:\/\/westonclimate.com\/de\/wp-json\/wp\/v2\/product_brand?post=4987"},{"taxonomy":"product_cat","embeddable":true,"href":"https:\/\/westonclimate.com\/de\/wp-json\/wp\/v2\/product_cat?post=4987"},{"taxonomy":"product_tag","embeddable":true,"href":"https:\/\/westonclimate.com\/de\/wp-json\/wp\/v2\/product_tag?post=4987"}],"curies":[{"name":"wp","href":"https:\/\/api.w.org\/{rel}","templated":true}]}}