{"id":4989,"date":"2024-10-30T07:55:22","date_gmt":"2024-10-30T07:55:22","guid":{"rendered":"https:\/\/wmdcompany.eu\/?post_type=product&#038;p=4989"},"modified":"2025-12-01T08:47:30","modified_gmt":"2025-12-01T08:47:30","slug":"weston-klima-r32-monoblock-evi-inverter-ohk-wasser-warmepumpe-380v-15kw","status":"publish","type":"product","link":"https:\/\/westonclimate.com\/de\/tooted\/weston-climate-r32-monoblock-evi-inverter-ohk-vesi-soojuspump-380v-15kw\/","title":{"rendered":"WESTON CLIMATE R32 MONOBLOCK EVI Inverter Luft\/Wasser-W\u00e4rmepumpe 380V 15kW"},"content":{"rendered":"<ul>\n<li>Spannung der Stromversorgung: <strong>380 &#8211; 400 V<\/strong><\/li>\n<li>Energieklasse: <strong>A+++<\/strong><\/li>\n<li>Nominale Heizleistung: <strong>15 kW<\/strong><\/li>\n<li>Bereich der Heizleistung:<strong> 3,5 &#8211; 15 kW<\/strong><\/li>\n<li>Leistung der Heizungsanlage: <strong>3,53 &#8211; 4,87 k<strong>W<\/strong><\/strong><\/li>\n<li>COP: <strong>bis zu 4,31 W\/W<\/strong><\/li>\n<li>K\u00fchlleistung: <strong>13,3 kW<\/strong><\/li>\n<li>Eingangsleistung der K\u00fchlung: <strong>3,73<\/strong> <strong>kW<\/strong><\/li>\n<li>EER:<strong> bis zu 3,57 W\/W<\/strong><\/li>\n<li style=\"font-weight: 400;\">Wasserdurchflussmenge: <strong>2,6 m3\/h<\/strong><\/li>\n<li>Art des K\u00fchlmittels: <strong>R32<\/strong><\/li>\n<li style=\"font-weight: 400;\">Temperatur der Au\u00dfenluft: <strong>-35 bis 43\u00b0C<\/strong><\/li>\n<li>Gewicht der Pumpe: <strong>103 kg<\/strong><\/li>\n<li>Abmessungen der Pumpe (L\u00e4nge, Breite, H\u00f6he):<strong> 1127 \/ 475 \/ 960 mm<\/strong><\/li>\n<li>Gewicht der Verpackung: <strong>120 kg<\/strong><\/li>\n<li>Abmessungen der Pumpe (L\u00e4nge, Breite, H\u00f6he):<strong> 1195 \/ 535 \/ 1110 mm<\/strong><\/li>\n<\/ul>","protected":false},"excerpt":{"rendered":"<p><strong>Weston Climate R32 EVI Full DC Inverter Luft\/Wasser-W\u00e4rmepumpe 380V 15kW.<\/strong> Eigenschaften: Heizmodus, K\u00fchlmodus, Warmwassermodus, WiFi-Steuerung, Telefonsteuerung, SG ready, Solarpanel-Unterst\u00fctzung (PV-System), Panasonic-Kompressor.<\/p>\n<p><strong>Inverter-Luft\/Wasser-W\u00e4rmepumpe 380V 15kW <\/strong>verwendet das umweltfreundliche K\u00e4ltemittel R32, und ab -8\u00b0C setzt die EVI-Technologie ein, die den Energieverbrauch bei Minusgraden sowohl f\u00fcr die Warmwasserbereitung als auch f\u00fcr die Heizung deutlich reduziert. Das Ger\u00e4t arbeitet auch bei einer Umgebungstemperatur von -35\u00b0C wirtschaftlich und nutzt die DC-Invertertechnologie, um einen reibungslosen und gleichm\u00e4\u00dfigen Betrieb zu gew\u00e4hrleisten.<\/p>\n<p>Empfohlene Fl\u00e4che (f\u00fcr gute Isolierung): bis zu 280 m2<\/p>","protected":false},"featured_media":10423,"template":"","meta":[],"product_brand":[],"product_cat":[118,116,63,114,65],"product_tag":[],"class_list":{"0":"post-4989","1":"product","2":"type-product","3":"status-publish","4":"has-post-thumbnail","6":"product_cat-monobloc-weston-r32-380","7":"product_cat-monobloc-weston-r32","8":"product_cat-soojuspumbad","9":"product_cat-monobloc-weston-climate","10":"product_cat-soojuspump-monobloc","12":"first","13":"onbackorder","14":"taxable","15":"shipping-taxable","16":"purchasable","17":"product-type-simple"},"_links":{"self":[{"href":"https:\/\/westonclimate.com\/de\/wp-json\/wp\/v2\/product\/4989","targetHints":{"allow":["GET"]}}],"collection":[{"href":"https:\/\/westonclimate.com\/de\/wp-json\/wp\/v2\/product"}],"about":[{"href":"https:\/\/westonclimate.com\/de\/wp-json\/wp\/v2\/types\/product"}],"version-history":[{"count":7,"href":"https:\/\/westonclimate.com\/de\/wp-json\/wp\/v2\/product\/4989\/revisions"}],"predecessor-version":[{"id":10424,"href":"https:\/\/westonclimate.com\/de\/wp-json\/wp\/v2\/product\/4989\/revisions\/10424"}],"wp:featuredmedia":[{"embeddable":true,"href":"https:\/\/westonclimate.com\/de\/wp-json\/wp\/v2\/media\/10423"}],"wp:attachment":[{"href":"https:\/\/westonclimate.com\/de\/wp-json\/wp\/v2\/media?parent=4989"}],"wp:term":[{"taxonomy":"product_brand","embeddable":true,"href":"https:\/\/westonclimate.com\/de\/wp-json\/wp\/v2\/product_brand?post=4989"},{"taxonomy":"product_cat","embeddable":true,"href":"https:\/\/westonclimate.com\/de\/wp-json\/wp\/v2\/product_cat?post=4989"},{"taxonomy":"product_tag","embeddable":true,"href":"https:\/\/westonclimate.com\/de\/wp-json\/wp\/v2\/product_tag?post=4989"}],"curies":[{"name":"wp","href":"https:\/\/api.w.org\/{rel}","templated":true}]}}