{"id":4991,"date":"2024-10-30T07:55:22","date_gmt":"2024-10-30T07:55:22","guid":{"rendered":"https:\/\/wmdcompany.eu\/?post_type=product&#038;p=4991"},"modified":"2025-11-16T00:01:16","modified_gmt":"2025-11-16T00:01:16","slug":"weston-klima-r32-monoblock-evi-inverter-ohc-wasser-warmepumpe-380v-22kw","status":"publish","type":"product","link":"https:\/\/westonclimate.com\/de\/tooted\/weston-climate-r32-monoblock-evi-inverter-ohk-vesi-soojuspump-380v-22kw\/","title":{"rendered":"WESTON CLIMATE R32 MONOBLOCK EVI Inverter Luft\/Wasser-W\u00e4rmepumpe 380V 22kW"},"content":{"rendered":"<ul>\n<li>Spannung der Stromversorgung:\u00a0<strong>380V &#8211; 400V<\/strong><\/li>\n<li>Energieklasse:\u00a0<strong>A+++<\/strong><\/li>\n<li>Nominale Heizleistung:\u00a0<strong>22 kW<\/strong><\/li>\n<li>Bereich der Heizleistung:<strong>\u00a05 &#8211; 22 kW<\/strong><\/li>\n<li>Leistung der Heizungsanlage:\u00a0<strong>5,13 &#8211; 7,15 kW<\/strong><\/li>\n<li>COP:\u00a0<strong>bis zu 4,29 W\/W<\/strong><\/li>\n<li>K\u00fchlleistung:\u00a0<strong>17,8 kW<\/strong><\/li>\n<li>Eingangsleistung der K\u00fchlung:\u00a0<strong>4,97<\/strong>\u00a0<strong>kW<\/strong><\/li>\n<li>EER:<strong>\u00a0bis zu 3,58 W\/W<\/strong><\/li>\n<li>Wasserdurchflussmenge:\u00a0<strong>3,78 m3\/h<\/strong><\/li>\n<li>Art des K\u00fchlmittels:\u00a0<strong>R32<\/strong><\/li>\n<li>Temperatur der Au\u00dfenluft:\u00a0<strong>-35 bis 43\u00b0C<\/strong><\/li>\n<li>Gewicht der Pumpe:\u00a0<strong>120 kg<\/strong><\/li>\n<li>Abmessungen der Pumpe (L\u00e4nge, Breite, H\u00f6he):<strong>\u00a01127 \/ 475 \/ 1360 mm<\/strong><\/li>\n<li>Gewicht der Verpackung:\u00a0<strong>145 kg<\/strong><\/li>\n<li>Abmessungen der Pumpe (L\u00e4nge, Breite, H\u00f6he):<strong>\u00a01195 \/ 535 \/ 1510 mm<\/strong><\/li>\n<\/ul>","protected":false},"excerpt":{"rendered":"<p><strong>Weston Climate R32 EVI Full DC Inverter Luft\/Wasser-W\u00e4rmepumpe 380V 22kW.<\/strong> Eigenschaften: Heizmodus, K\u00fchlmodus, Warmwassermodus, WiFi-Steuerung, Telefonsteuerung, SG ready, Solarpanel-Unterst\u00fctzung (PV-System), Panasonic-Kompressor.<\/p>\n<p><strong>Inverter-Luft\/Wasser-W\u00e4rmepumpe 380V 22kW<\/strong> verwendet das umweltfreundliche K\u00e4ltemittel R32, und ab -8\u00b0C setzt die EVI-Technologie ein, die den Energieverbrauch bei Minusgraden sowohl f\u00fcr die Warmwasserbereitung als auch f\u00fcr die Heizung deutlich reduziert. Das Ger\u00e4t arbeitet auch bei einer Umgebungstemperatur von -35\u00b0C wirtschaftlich und nutzt die DC-Invertertechnologie, um einen reibungslosen und gleichm\u00e4\u00dfigen Betrieb zu gew\u00e4hrleisten.<\/p>\n<p>Empfohlene Fl\u00e4che (f\u00fcr gute Isolierung): bis zu 400 m2<\/p>","protected":false},"featured_media":10427,"template":"","meta":[],"product_brand":[],"product_cat":[118,116,63,114,65],"product_tag":[],"class_list":{"0":"post-4991","1":"product","2":"type-product","3":"status-publish","4":"has-post-thumbnail","6":"product_cat-monobloc-weston-r32-380","7":"product_cat-monobloc-weston-r32","8":"product_cat-soojuspumbad","9":"product_cat-monobloc-weston-climate","10":"product_cat-soojuspump-monobloc","12":"first","13":"instock","14":"taxable","15":"shipping-taxable","16":"purchasable","17":"product-type-simple"},"_links":{"self":[{"href":"https:\/\/westonclimate.com\/de\/wp-json\/wp\/v2\/product\/4991","targetHints":{"allow":["GET"]}}],"collection":[{"href":"https:\/\/westonclimate.com\/de\/wp-json\/wp\/v2\/product"}],"about":[{"href":"https:\/\/westonclimate.com\/de\/wp-json\/wp\/v2\/types\/product"}],"version-history":[{"count":4,"href":"https:\/\/westonclimate.com\/de\/wp-json\/wp\/v2\/product\/4991\/revisions"}],"predecessor-version":[{"id":10429,"href":"https:\/\/westonclimate.com\/de\/wp-json\/wp\/v2\/product\/4991\/revisions\/10429"}],"wp:featuredmedia":[{"embeddable":true,"href":"https:\/\/westonclimate.com\/de\/wp-json\/wp\/v2\/media\/10427"}],"wp:attachment":[{"href":"https:\/\/westonclimate.com\/de\/wp-json\/wp\/v2\/media?parent=4991"}],"wp:term":[{"taxonomy":"product_brand","embeddable":true,"href":"https:\/\/westonclimate.com\/de\/wp-json\/wp\/v2\/product_brand?post=4991"},{"taxonomy":"product_cat","embeddable":true,"href":"https:\/\/westonclimate.com\/de\/wp-json\/wp\/v2\/product_cat?post=4991"},{"taxonomy":"product_tag","embeddable":true,"href":"https:\/\/westonclimate.com\/de\/wp-json\/wp\/v2\/product_tag?post=4991"}],"curies":[{"name":"wp","href":"https:\/\/api.w.org\/{rel}","templated":true}]}}