{"id":4993,"date":"2024-10-30T07:55:31","date_gmt":"2024-10-30T07:55:31","guid":{"rendered":"https:\/\/wmdcompany.eu\/?post_type=product&#038;p=4993"},"modified":"2025-11-16T00:01:15","modified_gmt":"2025-11-16T00:01:15","slug":"weston-klima-r32-monoblock-evi-inverter-ohc-wasser-warmepumpe-380v-32kw","status":"publish","type":"product","link":"https:\/\/westonclimate.com\/de\/tooted\/weston-climate-r32-monoblock-evi-inverter-ohk-vesi-soojuspump-380v-32kw\/","title":{"rendered":"WESTON CLIMATE R32 MONOBLOCK EVI Inverter Luft\/Wasser-W\u00e4rmepumpe 380V 32kW"},"content":{"rendered":"<ul>\n<li>Spannung der Stromversorgung:\u00a0<strong>380V &#8211; 400V<\/strong><\/li>\n<li>Energieklasse:\u00a0<strong>A+++<\/strong><\/li>\n<li>Nominale Heizleistung:\u00a0<strong>32 kW<\/strong><\/li>\n<li>Bereich der Heizleistung:<strong>\u00a016,6 &#8211; 32 kW<\/strong><\/li>\n<li>Leistung der Heizungsanlage:\u00a0<strong>7,69 &#8211; 10,10 kW<\/strong><\/li>\n<li>COP:\u00a0<strong>bis zu 4,16 W\/W<\/strong><\/li>\n<li>K\u00fchlleistung:\u00a0<strong>24,1 kW<\/strong><\/li>\n<li>Eingangsleistung der K\u00fchlung:\u00a0<strong>7,13<\/strong>\u00a0<strong>kW<\/strong><\/li>\n<li>EER:<strong>\u00a0bis zu 3,38 W\/W<\/strong><\/li>\n<li>Wasserdurchflussmenge:\u00a0<strong>5,5 m3\/h<\/strong><\/li>\n<li>Art des K\u00fchlmittels:\u00a0<strong>R32<\/strong><\/li>\n<li>Temperatur der Au\u00dfenluft:\u00a0<strong>-35 bis 43\u00b0C<\/strong><\/li>\n<li>Gewicht der Pumpe:\u00a0<strong>160 kg<\/strong><\/li>\n<li>Abmessungen der Pumpe (L\u00e4nge, Breite, H\u00f6he):<strong>\u00a01127 \/ 475 \/ 1360 mm<\/strong><\/li>\n<li>Gewicht der Verpackung:\u00a0<strong>190 kg<\/strong><\/li>\n<li>Abmessungen der Pumpe (L\u00e4nge, Breite, H\u00f6he):<strong>\u00a01195 \/ 535 \/ 1710 mm<\/strong><\/li>\n<\/ul>","protected":false},"excerpt":{"rendered":"<p><strong>Weston Climate R32 EVI Full DC Inverter Luft\/Wasser-W\u00e4rmepumpe 380V 32kW.<\/strong> Eigenschaften: Heizmodus, K\u00fchlmodus, Warmwassermodus, WiFi-Steuerung, Telefonsteuerung, SG ready, Solarpanel-Unterst\u00fctzung (PV-System), Panasonic-Kompressor.<\/p>\n<p><strong>Inverter-Luft\/Wasser-W\u00e4rmepumpe 380V 32kW<\/strong> verwendet das umweltfreundliche K\u00e4ltemittel R32, und ab -8\u00b0C setzt die EVI-Technologie ein, die den Energieverbrauch bei Minusgraden sowohl f\u00fcr die Warmwasserbereitung als auch f\u00fcr die Heizung deutlich reduziert. Das Ger\u00e4t arbeitet auch bei einer Umgebungstemperatur von -35\u00b0C wirtschaftlich und nutzt die DC-Invertertechnologie, um einen reibungslosen und gleichm\u00e4\u00dfigen Betrieb zu gew\u00e4hrleisten.<\/p>\n<p>Empfohlene Fl\u00e4che (f\u00fcr gute Isolierung): bis zu 600 m2<\/p>\n<p>Lieferzeit bis zu 45 Arbeitstage<\/p>","protected":false},"featured_media":10430,"template":"","meta":[],"product_brand":[],"product_cat":[118,116,63,114,65],"product_tag":[],"class_list":{"0":"post-4993","1":"product","2":"type-product","3":"status-publish","4":"has-post-thumbnail","6":"product_cat-monobloc-weston-r32-380","7":"product_cat-monobloc-weston-r32","8":"product_cat-soojuspumbad","9":"product_cat-monobloc-weston-climate","10":"product_cat-soojuspump-monobloc","12":"first","13":"onbackorder","14":"taxable","15":"shipping-taxable","16":"purchasable","17":"product-type-simple"},"_links":{"self":[{"href":"https:\/\/westonclimate.com\/de\/wp-json\/wp\/v2\/product\/4993","targetHints":{"allow":["GET"]}}],"collection":[{"href":"https:\/\/westonclimate.com\/de\/wp-json\/wp\/v2\/product"}],"about":[{"href":"https:\/\/westonclimate.com\/de\/wp-json\/wp\/v2\/types\/product"}],"version-history":[{"count":8,"href":"https:\/\/westonclimate.com\/de\/wp-json\/wp\/v2\/product\/4993\/revisions"}],"predecessor-version":[{"id":10431,"href":"https:\/\/westonclimate.com\/de\/wp-json\/wp\/v2\/product\/4993\/revisions\/10431"}],"wp:featuredmedia":[{"embeddable":true,"href":"https:\/\/westonclimate.com\/de\/wp-json\/wp\/v2\/media\/10430"}],"wp:attachment":[{"href":"https:\/\/westonclimate.com\/de\/wp-json\/wp\/v2\/media?parent=4993"}],"wp:term":[{"taxonomy":"product_brand","embeddable":true,"href":"https:\/\/westonclimate.com\/de\/wp-json\/wp\/v2\/product_brand?post=4993"},{"taxonomy":"product_cat","embeddable":true,"href":"https:\/\/westonclimate.com\/de\/wp-json\/wp\/v2\/product_cat?post=4993"},{"taxonomy":"product_tag","embeddable":true,"href":"https:\/\/westonclimate.com\/de\/wp-json\/wp\/v2\/product_tag?post=4993"}],"curies":[{"name":"wp","href":"https:\/\/api.w.org\/{rel}","templated":true}]}}