{"id":4998,"date":"2024-10-30T07:55:22","date_gmt":"2024-10-30T07:55:22","guid":{"rendered":"https:\/\/wmdcompany.eu\/?post_type=product&#038;p=4998"},"modified":"2026-02-17T20:31:14","modified_gmt":"2026-02-17T20:31:14","slug":"weston-klima-r290-monoblock-evi-inverter-ohk-wasser-warmepumpe-230v-15kw","status":"publish","type":"product","link":"https:\/\/westonclimate.com\/de\/tooted\/weston-climate-r290-monoblock-evi-inverter-ohk-vesi-soojuspump-230v-15kw\/","title":{"rendered":"WESTON CLIMATE R290 MONOBLOCK EVI Inverter Luft\/Wasser-W\u00e4rmepumpe 230V 15kW"},"content":{"rendered":"<ul>\n<li>Spannung der Stromversorgung:\u00a0<strong>220 &#8211; 240V<\/strong><\/li>\n<li>Energieklasse:\u00a0<strong>A+++<\/strong><\/li>\n<li>Nominale Heizleistung:\u00a0<strong>15 kW\u00a0<\/strong><\/li>\n<li>Bereich der Heizleistung:<strong>\u00a03,5-15 kW<\/strong><\/li>\n<li>Leistung der Heizungsanlage:\u00a0<strong>3,31 &#8211; 3,65 kW<\/strong><\/li>\n<li>COP:<strong>\u00a0bis zu 4,32 W\/W<\/strong><\/li>\n<li>K\u00fchlleistung:<strong>\u00a09,91 kW<\/strong><\/li>\n<li>Eingangsleistung der K\u00fchlung:<strong>\u00a04,01 kW<\/strong><\/li>\n<li>EER:\u00a0<strong>bis zu 2,47 W\/W<\/strong><\/li>\n<li>Art des K\u00fchlmittels:\u00a0<strong>R290\u00a0<\/strong><\/li>\n<li>Temperatur der Au\u00dfenluft:\u00a0<strong>-35 bis 43\u00b0C<\/strong><\/li>\n<li>Wassertemperatur flussaufw\u00e4rts bis zu:\u00a0<strong>75\u00b0C<\/strong><\/li>\n<li>Gewicht der Pumpe:\u00a0<strong>123 kg<\/strong><\/li>\n<li>Abmessungen der Pumpe (L\u00e4nge, Breite, H\u00f6he):\u00a0<strong>1205 \/ 475 \/ 965 mm<\/strong><\/li>\n<li>Gewicht des Pakets:<strong>\u00a0141 kg<\/strong><\/li>\n<li>Abmessungen der Verpackung (L\u00e4nge, Breite, H\u00f6he):\u00a0<strong>1270 \/ 560 \/ 1110 mm<\/strong><\/li>\n<\/ul>","protected":false},"excerpt":{"rendered":"<p><strong>Weston Climate R290 MONOBLOCK EVI Full DC Inverter Luft\/Wasser-W\u00e4rmepumpe 230V 15kW.<\/strong> Eigenschaften: Heizmodus, K\u00fchlmodus, Warmwassermodus, WiFi-Steuerung, Steuerung per Telefon, SG ready, Solarpanel-Unterst\u00fctzung (PV-System), GMCC-Kompressor, ger\u00e4uscharm.<\/p>\n<p>Die Verwendung des K\u00fchlmittels R290 erm\u00f6glicht die Produktion von Wasser mit hoher Temperatur (bis zu 75\u00b0C), und ab -8\u00b0C wird die EVI-Technologie aktiviert, die den Energieverbrauch bei Temperaturen unter dem Gefrierpunkt sowohl f\u00fcr die Warmwasserproduktion als auch f\u00fcr die Heizung erheblich reduziert. Das Ger\u00e4t arbeitet auch bei einer Umgebungstemperatur von -35\u00b0C wirtschaftlich und nutzt die DC-Invertertechnologie, um einen reibungslosen und gleichm\u00e4\u00dfigen Betrieb zu gew\u00e4hrleisten.<\/p>\n<p>Empfohlene Fl\u00e4che (f\u00fcr gute Isolierung): bis zu 260 m2.<\/p>\n<table style=\"border-collapse: collapse; width: 144pt;\" border=\"0\" width=\"192\" cellspacing=\"0\" cellpadding=\"0\">\n<tbody>\n<tr style=\"height: 14.4pt;\">\n<td style=\"height: 14.4pt; width: 48pt;\" width=\"64\" height=\"19\"><a href=\"https:\/\/westonclimate.com\/wp-content\/uploads\/2026\/02\/CB-certification-1-phase-R290-heating-coolingdomestic-hot-water-heat-pump.pdf\" target=\"_blank\" rel=\"noopener\"><img fetchpriority=\"high\" decoding=\"async\" class=\"alignnone size-medium wp-image-11118\" src=\"https:\/\/westonclimate.com\/wp-content\/uploads\/2024\/10\/Cert_290_1-208x300.png\" alt=\"\" width=\"208\" height=\"300\" srcset=\"https:\/\/westonclimate.com\/wp-content\/uploads\/2024\/10\/Cert_290_1-208x300.png 208w, https:\/\/westonclimate.com\/wp-content\/uploads\/2024\/10\/Cert_290_1-711x1024.png 711w, https:\/\/westonclimate.com\/wp-content\/uploads\/2024\/10\/Cert_290_1-768x1106.png 768w, https:\/\/westonclimate.com\/wp-content\/uploads\/2024\/10\/Cert_290_1-8x12.png 8w, https:\/\/westonclimate.com\/wp-content\/uploads\/2024\/10\/Cert_290_1-600x864.png 600w, https:\/\/westonclimate.com\/wp-content\/uploads\/2024\/10\/Cert_290_1.png 784w\" sizes=\"(max-width: 208px) 100vw, 208px\" \/><\/a><\/td>\n<td style=\"width: 48pt;\" width=\"64\"><a href=\"https:\/\/westonclimate.com\/wp-content\/uploads\/2026\/02\/CE-EMC.pdf\" target=\"_blank\" rel=\"noopener\"><img decoding=\"async\" class=\"alignnone size-medium wp-image-11120\" src=\"https:\/\/westonclimate.com\/wp-content\/uploads\/2024\/10\/Cert_290_3-210x300.png\" alt=\"\" width=\"210\" height=\"300\" srcset=\"https:\/\/westonclimate.com\/wp-content\/uploads\/2024\/10\/Cert_290_3-210x300.png 210w, https:\/\/westonclimate.com\/wp-content\/uploads\/2024\/10\/Cert_290_3-716x1024.png 716w, https:\/\/westonclimate.com\/wp-content\/uploads\/2024\/10\/Cert_290_3-768x1098.png 768w, https:\/\/westonclimate.com\/wp-content\/uploads\/2024\/10\/Cert_290_3-8x12.png 8w, https:\/\/westonclimate.com\/wp-content\/uploads\/2024\/10\/Cert_290_3-600x858.png 600w, https:\/\/westonclimate.com\/wp-content\/uploads\/2024\/10\/Cert_290_3.png 801w\" sizes=\"(max-width: 210px) 100vw, 210px\" \/><\/a><\/td>\n<td style=\"width: 48pt;\" width=\"64\"><a href=\"https:\/\/westonclimate.com\/wp-content\/uploads\/2026\/02\/ROHS-test-report-R290-heatingcooling-heat-pump.pdf\" target=\"_blank\" rel=\"noopener\"><img decoding=\"async\" class=\"alignnone size-medium wp-image-11121\" src=\"https:\/\/westonclimate.com\/wp-content\/uploads\/2024\/10\/Cert_290_4-221x300.png\" alt=\"\" width=\"221\" height=\"300\" srcset=\"https:\/\/westonclimate.com\/wp-content\/uploads\/2024\/10\/Cert_290_4-221x300.png 221w, https:\/\/westonclimate.com\/wp-content\/uploads\/2024\/10\/Cert_290_4-754x1024.png 754w, https:\/\/westonclimate.com\/wp-content\/uploads\/2024\/10\/Cert_290_4-768x1043.png 768w, https:\/\/westonclimate.com\/wp-content\/uploads\/2024\/10\/Cert_290_4-9x12.png 9w, https:\/\/westonclimate.com\/wp-content\/uploads\/2024\/10\/Cert_290_4-600x815.png 600w, https:\/\/westonclimate.com\/wp-content\/uploads\/2024\/10\/Cert_290_4.png 896w\" sizes=\"(max-width: 221px) 100vw, 221px\" \/><\/a><\/td>\n<\/tr>\n<tr style=\"height: 14.4pt;\">\n<td style=\"height: 14.4pt;\" height=\"19\"><a href=\"https:\/\/westonclimate.com\/wp-content\/uploads\/2026\/02\/The-CE-LVD-of-single-phase-R290-side-blow-heating-coolingdhw-heat-pump-newest-57kw.pdf\" target=\"_blank\" rel=\"noopener\"><img loading=\"lazy\" decoding=\"async\" class=\"alignnone size-medium wp-image-11122\" src=\"https:\/\/westonclimate.com\/wp-content\/uploads\/2024\/10\/Cert_290_5-211x300.png\" alt=\"\" width=\"211\" height=\"300\" srcset=\"https:\/\/westonclimate.com\/wp-content\/uploads\/2024\/10\/Cert_290_5-211x300.png 211w, https:\/\/westonclimate.com\/wp-content\/uploads\/2024\/10\/Cert_290_5-720x1024.png 720w, https:\/\/westonclimate.com\/wp-content\/uploads\/2024\/10\/Cert_290_5-768x1093.png 768w, https:\/\/westonclimate.com\/wp-content\/uploads\/2024\/10\/Cert_290_5-8x12.png 8w, https:\/\/westonclimate.com\/wp-content\/uploads\/2024\/10\/Cert_290_5-600x854.png 600w, https:\/\/westonclimate.com\/wp-content\/uploads\/2024\/10\/Cert_290_5.png 820w\" sizes=\"(max-width: 211px) 100vw, 211px\" \/><\/a><\/td>\n<td><a href=\"https:\/\/westonclimate.com\/wp-content\/uploads\/2026\/02\/The-CE-LVD-of-single-phase-R290-side-blow-heating-coolingdhw-heat-pump.pdf\" target=\"_blank\" rel=\"noopener\"><img loading=\"lazy\" decoding=\"async\" class=\"alignnone size-medium wp-image-11123\" src=\"https:\/\/westonclimate.com\/wp-content\/uploads\/2024\/10\/Cert_290_6-208x300.png\" alt=\"\" width=\"208\" height=\"300\" srcset=\"https:\/\/westonclimate.com\/wp-content\/uploads\/2024\/10\/Cert_290_6-208x300.png 208w, https:\/\/westonclimate.com\/wp-content\/uploads\/2024\/10\/Cert_290_6-709x1024.png 709w, https:\/\/westonclimate.com\/wp-content\/uploads\/2024\/10\/Cert_290_6-768x1109.png 768w, https:\/\/westonclimate.com\/wp-content\/uploads\/2024\/10\/Cert_290_6-8x12.png 8w, https:\/\/westonclimate.com\/wp-content\/uploads\/2024\/10\/Cert_290_6-600x867.png 600w, https:\/\/westonclimate.com\/wp-content\/uploads\/2024\/10\/Cert_290_6.png 812w\" sizes=\"(max-width: 208px) 100vw, 208px\" \/><\/a><\/td>\n<td><a href=\"https:\/\/westonclimate.com\/wp-content\/uploads\/2026\/02\/Energy_290_4.png\" target=\"_blank\" rel=\"noopener\"><img loading=\"lazy\" decoding=\"async\" class=\"alignnone size-medium wp-image-11169\" src=\"https:\/\/westonclimate.com\/wp-content\/uploads\/2026\/02\/Energy_290_3-156x300.png\" alt=\"\" width=\"156\" height=\"300\" srcset=\"https:\/\/westonclimate.com\/wp-content\/uploads\/2026\/02\/Energy_290_3-156x300.png 156w, https:\/\/westonclimate.com\/wp-content\/uploads\/2026\/02\/Energy_290_3-6x12.png 6w, https:\/\/westonclimate.com\/wp-content\/uploads\/2026\/02\/Energy_290_3.png 443w\" sizes=\"(max-width: 156px) 100vw, 156px\" \/><\/a><\/td>\n<\/tr>\n<\/tbody>\n<\/table>\n<table style=\"border-collapse: collapse; width: 48pt;\" border=\"0\" width=\"64\" cellspacing=\"0\" cellpadding=\"0\">\n<tbody>\n<tr style=\"height: 15.0pt;\">\n<td style=\"height: 15.0pt; width: 48pt;\" width=\"64\" height=\"20\"><a href=\"https:\/\/westonclimate.com\/wp-content\/uploads\/2026\/02\/curve_R290_150.pdf\" target=\"_blank\" rel=\"noopener\"><img loading=\"lazy\" decoding=\"async\" class=\"alignnone size-medium wp-image-11209\" src=\"https:\/\/westonclimate.com\/wp-content\/uploads\/2026\/02\/curv_R290_150-242x300.png\" alt=\"\" width=\"242\" height=\"300\" srcset=\"https:\/\/westonclimate.com\/wp-content\/uploads\/2026\/02\/curv_R290_150-242x300.png 242w, https:\/\/westonclimate.com\/wp-content\/uploads\/2026\/02\/curv_R290_150-828x1024.png 828w, https:\/\/westonclimate.com\/wp-content\/uploads\/2026\/02\/curv_R290_150-768x950.png 768w, https:\/\/westonclimate.com\/wp-content\/uploads\/2026\/02\/curv_R290_150-10x12.png 10w, https:\/\/westonclimate.com\/wp-content\/uploads\/2026\/02\/curv_R290_150-600x742.png 600w, https:\/\/westonclimate.com\/wp-content\/uploads\/2026\/02\/curv_R290_150.png 897w\" sizes=\"(max-width: 242px) 100vw, 242px\" \/><\/a><\/td>\n<\/tr>\n<\/tbody>\n<\/table>","protected":false},"featured_media":4966,"template":"","meta":[],"product_brand":[],"product_cat":[119,115,63,114,65],"product_tag":[],"class_list":{"0":"post-4998","1":"product","2":"type-product","3":"status-publish","4":"has-post-thumbnail","6":"product_cat-monobloc-weston-r290-230","7":"product_cat-monobloc-weston-r290","8":"product_cat-soojuspumbad","9":"product_cat-monobloc-weston-climate","10":"product_cat-soojuspump-monobloc","12":"first","13":"instock","14":"taxable","15":"shipping-taxable","16":"purchasable","17":"product-type-simple"},"_links":{"self":[{"href":"https:\/\/westonclimate.com\/de\/wp-json\/wp\/v2\/product\/4998","targetHints":{"allow":["GET"]}}],"collection":[{"href":"https:\/\/westonclimate.com\/de\/wp-json\/wp\/v2\/product"}],"about":[{"href":"https:\/\/westonclimate.com\/de\/wp-json\/wp\/v2\/types\/product"}],"version-history":[{"count":11,"href":"https:\/\/westonclimate.com\/de\/wp-json\/wp\/v2\/product\/4998\/revisions"}],"predecessor-version":[{"id":11226,"href":"https:\/\/westonclimate.com\/de\/wp-json\/wp\/v2\/product\/4998\/revisions\/11226"}],"wp:featuredmedia":[{"embeddable":true,"href":"https:\/\/westonclimate.com\/de\/wp-json\/wp\/v2\/media\/4966"}],"wp:attachment":[{"href":"https:\/\/westonclimate.com\/de\/wp-json\/wp\/v2\/media?parent=4998"}],"wp:term":[{"taxonomy":"product_brand","embeddable":true,"href":"https:\/\/westonclimate.com\/de\/wp-json\/wp\/v2\/product_brand?post=4998"},{"taxonomy":"product_cat","embeddable":true,"href":"https:\/\/westonclimate.com\/de\/wp-json\/wp\/v2\/product_cat?post=4998"},{"taxonomy":"product_tag","embeddable":true,"href":"https:\/\/westonclimate.com\/de\/wp-json\/wp\/v2\/product_tag?post=4998"}],"curies":[{"name":"wp","href":"https:\/\/api.w.org\/{rel}","templated":true}]}}