{"id":5217,"date":"2025-01-29T17:54:01","date_gmt":"2025-01-29T17:54:01","guid":{"rendered":"https:\/\/wmdcompany.eu\/?post_type=product&#038;p=5217"},"modified":"2026-04-29T15:53:00","modified_gmt":"2026-04-29T15:53:00","slug":"krf-jahutus-ja-kute-5-1-kw","status":"publish","type":"product","link":"https:\/\/westonclimate.com\/de\/tooted\/krf-kuhlung-und-heizung-5-1-kw\/","title":{"rendered":"KRF HEIZUNG UND K\u00dcHLUNG 5,1 kW"},"content":{"rendered":"<ul>\n<li>Deklarierte Kapazit\u00e4t:<strong> 5,1 kW<\/strong><\/li>\n<li>Bereich der Heizleistung: <strong>1250-6070W<\/strong><\/li>\n<li>Bereich der K\u00fchlleistung: <strong>1000-5910W<\/strong><\/li>\n<li>SCOP deklariert: <strong>5,0 W\/W<\/strong><\/li>\n<li>SEER deklariert: <strong>6,3 W\/B<\/strong><\/li>\n<li>WiFi-Verwaltung<strong>: Eingeschlossen<\/strong><\/li>\n<li>Spannung der Stromversorgung: <strong>220-240\/50 V\/Hz<\/strong><\/li>\n<li>Kompressor: <strong>DC-Wechselrichter<\/strong><\/li>\n<li>L\u00fcftermotor: <strong>DC-Wechselrichter<\/strong><\/li>\n<li>Energieklasse: <strong>bis zu A+++<\/strong><\/li>\n<li>Temperatur\/K\u00fchlung der Au\u00dfenluft: <strong>-15 bis 53\u00b0C<\/strong><\/li>\n<li>Temperatur\/W\u00e4rme der Au\u00dfenluft: <strong>-30 bis 53\u00b0C<\/strong><\/li>\n<li>Raumlufttemperatur\/K\u00fchlung: <strong>17-32\u2070C<\/strong><\/li>\n<li>Raumlufttemperatur\/W\u00e4rme: <strong>0-30\u2070C<\/strong><\/li>\n<li>Ger\u00e4uschpegel: <strong>bis zu 45 dB(A)<\/strong><\/li>\n<li>Gewicht der Innenausstattung:\u00a0<strong>13kg<\/strong><\/li>\n<li>Gewicht des Au\u00dfenteils:\u00a0<strong>39kg<\/strong><\/li>\n<li>Abmessungen\/Inneres (L\u00e4nge, Breite, H\u00f6he): <strong>910x294x206 mm<\/strong><\/li>\n<li>Abmessungen\/au\u00dferhalb (L\u00e4nge, Breite, H\u00f6he): <strong>853x602x349 mm<\/strong><\/li>\n<li>Abmessungen der Verpackung (L\u00e4nge, Breite, H\u00f6he): <strong>979x372x277mm<\/strong><\/li>\n<li>Abmessungen des Packst\u00fccks\/au\u00dferhalb (L\u00e4nge, Breite, H\u00f6he): <strong>890x628x385mm<\/strong><\/li>\n<\/ul>","protected":false},"excerpt":{"rendered":"<p><strong data-start=\"0\" data-end=\"59\" data-is-only-node=\"\">Weston Climate Klimager\u00e4t KRF HEAT AND COOL 5.1 kW<\/strong> ist ein energieeffizientes (bis zu A+++), WiFi gesteuertes Ger\u00e4t, das sowohl k\u00fchlen als auch heizen kann. Der Heizleistungsbereich liegt bei 1250-6070 W und der K\u00fchlleistungsbereich bei 1000-5910 W. Arbeitet leise (bis zu 45 dB) und sorgt das ganze Jahr \u00fcber f\u00fcr ein angenehmes Raumklima. <strong data-start=\"309\" data-end=\"351\" data-is-last-node=\"\">Geeignet f\u00fcr R\u00e4ume bis zu 65 m\u00b2.<\/strong><\/p>\n<p>Die Lieferzeit betr\u00e4gt bis zu 7 Arbeitstage.<\/p>","protected":false},"featured_media":7530,"template":"","meta":[],"product_brand":[],"product_cat":[126],"product_tag":[],"class_list":{"0":"post-5217","1":"product","2":"type-product","3":"status-publish","4":"has-post-thumbnail","6":"product_cat-konditsioneerid","8":"first","9":"instock","10":"taxable","11":"shipping-taxable","12":"purchasable","13":"product-type-simple"},"_links":{"self":[{"href":"https:\/\/westonclimate.com\/de\/wp-json\/wp\/v2\/product\/5217","targetHints":{"allow":["GET"]}}],"collection":[{"href":"https:\/\/westonclimate.com\/de\/wp-json\/wp\/v2\/product"}],"about":[{"href":"https:\/\/westonclimate.com\/de\/wp-json\/wp\/v2\/types\/product"}],"version-history":[{"count":4,"href":"https:\/\/westonclimate.com\/de\/wp-json\/wp\/v2\/product\/5217\/revisions"}],"predecessor-version":[{"id":9387,"href":"https:\/\/westonclimate.com\/de\/wp-json\/wp\/v2\/product\/5217\/revisions\/9387"}],"wp:featuredmedia":[{"embeddable":true,"href":"https:\/\/westonclimate.com\/de\/wp-json\/wp\/v2\/media\/7530"}],"wp:attachment":[{"href":"https:\/\/westonclimate.com\/de\/wp-json\/wp\/v2\/media?parent=5217"}],"wp:term":[{"taxonomy":"product_brand","embeddable":true,"href":"https:\/\/westonclimate.com\/de\/wp-json\/wp\/v2\/product_brand?post=5217"},{"taxonomy":"product_cat","embeddable":true,"href":"https:\/\/westonclimate.com\/de\/wp-json\/wp\/v2\/product_cat?post=5217"},{"taxonomy":"product_tag","embeddable":true,"href":"https:\/\/westonclimate.com\/de\/wp-json\/wp\/v2\/product_tag?post=5217"}],"curies":[{"name":"wp","href":"https:\/\/api.w.org\/{rel}","templated":true}]}}