{"id":6826,"date":"2025-04-10T13:41:17","date_gmt":"2025-04-10T13:41:17","guid":{"rendered":"https:\/\/wmdcompany.eu\/?post_type=product&#038;p=6826"},"modified":"2026-04-06T11:43:09","modified_gmt":"2026-04-06T11:43:09","slug":"jahutusseadme-siseosa-fan-coil","status":"publish","type":"product","link":"https:\/\/westonclimate.com\/de\/tooted\/interne-lufterspule\/","title":{"rendered":"Innenwandteil des K\u00fchlger\u00e4ts (Gebl\u00e4sekonvektor)"},"content":{"rendered":"","protected":false},"excerpt":{"rendered":"<p>Deckenkassetten und Wandmodule sind hocheffiziente K\u00fchl- und Heizger\u00e4te, die von Weston Climate f\u00fcr den Einsatz mit Monoblock-W\u00e4rmepumpen entwickelt wurden.<\/p>\n<p>Wenn Sie Ihr Heizsystem mit einer Weston Climate Wand- oder Deckenkassette erg\u00e4nzen, brauchen Sie in Ihren R\u00e4umen kein separates K\u00fchlger\u00e4t oder keine Klimaanlage mehr zu installieren.<\/p>\n<ul>\n<li>Deckenkassetten und wandmontierte Module arbeiten in Kombination mit Monoblock-W\u00e4rmepumpen sowohl im K\u00fchl- als auch im Heizbetrieb.<\/li>\n<li>Der W\u00e4rmetauscher ist eine zirkulierende Fl\u00fcssigkeit (Wasser, Frostschutzmittel, Glykol) in der Heizungsanlage (W\u00e4rmepumpe), und diese Ger\u00e4te ben\u00f6tigen keine Gasanschl\u00fcsse oder Gasbef\u00fcllung, und die Rohrverbindungen werden mit herk\u00f6mmlichen Materialien wie Alupex hergestellt. Die Installation der Ger\u00e4te kann von allen qualifizierten Installateuren im Bereich der Sanit\u00e4rinstallation erfolgreich durchgef\u00fchrt werden.<\/li>\n<li>Die Deckenk\u00e4sten sind mit Kondensatpumpen mit einer Hubh\u00f6he von mehr als 10 m ausgestattet.<\/li>\n<li>Die minimale K\u00fchltemperatur betr\u00e4gt +2\u2070C und die maximale Heiztemperatur betr\u00e4gt 75\u2070C.<\/li>\n<\/ul>","protected":false},"featured_media":7554,"template":"","meta":[],"product_brand":[],"product_cat":[212,211,213],"product_tag":[],"class_list":{"0":"post-6826","1":"product","2":"type-product","3":"status-publish","4":"has-post-thumbnail","6":"product_cat-kute-ja-jahutus","7":"product_cat-lisaseadmed","8":"product_cat-seinale","10":"first","11":"instock","12":"taxable","13":"shipping-taxable","14":"purchasable","15":"product-type-variable"},"_links":{"self":[{"href":"https:\/\/westonclimate.com\/de\/wp-json\/wp\/v2\/product\/6826","targetHints":{"allow":["GET"]}}],"collection":[{"href":"https:\/\/westonclimate.com\/de\/wp-json\/wp\/v2\/product"}],"about":[{"href":"https:\/\/westonclimate.com\/de\/wp-json\/wp\/v2\/types\/product"}],"version-history":[{"count":3,"href":"https:\/\/westonclimate.com\/de\/wp-json\/wp\/v2\/product\/6826\/revisions"}],"predecessor-version":[{"id":11515,"href":"https:\/\/westonclimate.com\/de\/wp-json\/wp\/v2\/product\/6826\/revisions\/11515"}],"wp:featuredmedia":[{"embeddable":true,"href":"https:\/\/westonclimate.com\/de\/wp-json\/wp\/v2\/media\/7554"}],"wp:attachment":[{"href":"https:\/\/westonclimate.com\/de\/wp-json\/wp\/v2\/media?parent=6826"}],"wp:term":[{"taxonomy":"product_brand","embeddable":true,"href":"https:\/\/westonclimate.com\/de\/wp-json\/wp\/v2\/product_brand?post=6826"},{"taxonomy":"product_cat","embeddable":true,"href":"https:\/\/westonclimate.com\/de\/wp-json\/wp\/v2\/product_cat?post=6826"},{"taxonomy":"product_tag","embeddable":true,"href":"https:\/\/westonclimate.com\/de\/wp-json\/wp\/v2\/product_tag?post=6826"}],"curies":[{"name":"wp","href":"https:\/\/api.w.org\/{rel}","templated":true}]}}