{"id":6860,"date":"2025-04-11T12:57:13","date_gmt":"2025-04-11T12:57:13","guid":{"rendered":"https:\/\/wmdcompany.eu\/?post_type=product&#038;p=6860"},"modified":"2025-10-02T09:00:25","modified_gmt":"2025-10-02T09:00:25","slug":"amber-jahutus-ja-kute-5-5-kw","status":"publish","type":"product","link":"https:\/\/westonclimate.com\/de\/tooted\/bernsteinkuhlung-und-rutsche-5-5-kw\/","title":{"rendered":"AMBER HEIZEN UND K\u00dcHLEN 5,5 kW"},"content":{"rendered":"<ul>\n<li><strong>Die nordische Ausr\u00fcstung umfasst<\/strong>\n<ul>\n<li>ein mikroprozessorgesteuertes externes Bodenheizkabel, das ein schnelles Entweichen des Schmelzwassers auch bei sehr kaltem Wetter erm\u00f6glicht;<\/li>\n<li>ein Kurbelgeh\u00e4use-\u00d6l-K\u00fchlkabel, das verhindert, dass der Kompressor kalt l\u00e4uft, den Kompressor warm h\u00e4lt und seine Lebensdauer verl\u00e4ngert.<\/li>\n<\/ul>\n<\/li>\n<li><strong>Grundlegende Merkmale der Luft-W\u00e4rmepumpe (Klimaanlage) der Serie Amber: <\/strong>\n<ul>\n<li>Energieklasse A+++;<\/li>\n<li>Saisonaler Koeffizient der Leistung (SCOP) 5.1;<\/li>\n<li>Au\u00dfenlufttemperaturbereich f\u00fcr Heizung -30 bis +24\u00b0C;<\/li>\n<li>Temperaturbereich der Umgebungsluft f\u00fcr die K\u00fchlung -20 bis +43\u00b0C;<\/li>\n<li>ein Innenteil mit sieben G\u00e4ngen;<\/li>\n<li>ein internes Superregime;<\/li>\n<li>extra lange Blasdistanz;<\/li>\n<li>intelligentes Auftauen.<\/li>\n<\/ul>\n<\/li>\n<li><strong>Grundausstattung:<\/strong>\n<ul>\n<li>automatischer Neustart bei Stromausfall;<\/li>\n<li>waschbare Staubfilter;<\/li>\n<li>Turbo-Funktion;<\/li>\n<li>intelligentes Vorheizen;<\/li>\n<li>\u00dcberpr\u00fcfung der gew\u00fcnschten Temperatur an der Fernbedienung, d. h. am tats\u00e4chlichen Aufenthaltsort der Personen;<\/li>\n<li>Zeitschaltuhr;<\/li>\n<li>m\u00fcssen;<\/li>\n<li>Anlauf mit niedriger Spannung;<\/li>\n<li>Kindersicherung<\/li>\n<\/ul>\n<\/li>\n<li><strong>Das Zubeh\u00f6r ist im Preis inbegriffen:<\/strong>\n<ul>\n<li>die M\u00f6glichkeit der Steuerung \u00fcber ein intelligentes Ger\u00e4t;<\/li>\n<li>Plasma-Ionisator;<\/li>\n<li>nordicu Ausr\u00fcstung;<\/li>\n<li>+8\u00b0C Haltefunktion;<\/li>\n<li>4D-Luftausrichtung \u00fcber die Fernbedienung;<\/li>\n<li>Energiesparmodus;<\/li>\n<li>Schlafmodi;<\/li>\n<li>T\u00fcrsteuerung.<\/li>\n<\/ul>\n<\/li>\n<\/ul>","protected":false},"excerpt":{"rendered":"<p><strong>Weston Climate AMBER-Serie, neue Generation von Luft-W\u00e4rmepumpen<\/strong> <strong>Klimaanlage (HEAT AND COOL 5,5 kW) <\/strong>sind f\u00fcr die rauen nordischen Bedingungen konzipiert. Sie bieten eine hohe Heizleistung bei niedrigen Temperaturen und eine hervorragende Effizienz. Dies wird durch modernste Technologie und das umweltfreundliche K\u00e4ltemittel R32 gew\u00e4hrleistet. Das Ger\u00e4t kann mit iOS- und Android-Smart-Ger\u00e4ten gesteuert werden. Das Ger\u00e4t verf\u00fcgt \u00fcber eine werkseitig installierte nordische Winterausr\u00fcstung, die sowohl beim Heizen als auch beim K\u00fchlen in nordischen Klimazonen f\u00fcr Zuverl\u00e4ssigkeit sorgt. <strong>Das Ger\u00e4t eignet sich zum Heizen einer Fl\u00e4che von 24-113 m\u00b2 und zum K\u00fchlen einer Fl\u00e4che von 14-54 m\u00b2.<\/strong><\/p>","protected":false},"featured_media":7527,"template":"","meta":[],"product_brand":[],"product_cat":[126],"product_tag":[],"class_list":{"0":"post-6860","1":"product","2":"type-product","3":"status-publish","4":"has-post-thumbnail","6":"product_cat-konditsioneerid","8":"first","9":"instock","10":"taxable","11":"shipping-taxable","12":"purchasable","13":"product-type-simple"},"_links":{"self":[{"href":"https:\/\/westonclimate.com\/de\/wp-json\/wp\/v2\/product\/6860","targetHints":{"allow":["GET"]}}],"collection":[{"href":"https:\/\/westonclimate.com\/de\/wp-json\/wp\/v2\/product"}],"about":[{"href":"https:\/\/westonclimate.com\/de\/wp-json\/wp\/v2\/types\/product"}],"version-history":[{"count":7,"href":"https:\/\/westonclimate.com\/de\/wp-json\/wp\/v2\/product\/6860\/revisions"}],"predecessor-version":[{"id":9390,"href":"https:\/\/westonclimate.com\/de\/wp-json\/wp\/v2\/product\/6860\/revisions\/9390"}],"wp:featuredmedia":[{"embeddable":true,"href":"https:\/\/westonclimate.com\/de\/wp-json\/wp\/v2\/media\/7527"}],"wp:attachment":[{"href":"https:\/\/westonclimate.com\/de\/wp-json\/wp\/v2\/media?parent=6860"}],"wp:term":[{"taxonomy":"product_brand","embeddable":true,"href":"https:\/\/westonclimate.com\/de\/wp-json\/wp\/v2\/product_brand?post=6860"},{"taxonomy":"product_cat","embeddable":true,"href":"https:\/\/westonclimate.com\/de\/wp-json\/wp\/v2\/product_cat?post=6860"},{"taxonomy":"product_tag","embeddable":true,"href":"https:\/\/westonclimate.com\/de\/wp-json\/wp\/v2\/product_tag?post=6860"}],"curies":[{"name":"wp","href":"https:\/\/api.w.org\/{rel}","templated":true}]}}