{"id":6881,"date":"2025-04-12T08:40:36","date_gmt":"2025-04-12T08:40:36","guid":{"rendered":"https:\/\/wmdcompany.eu\/?post_type=product&#038;p=6881"},"modified":"2026-04-29T13:20:44","modified_gmt":"2026-04-29T13:20:44","slug":"fairy-jahutus-ja-kute-4-7-kw","status":"publish","type":"product","link":"https:\/\/westonclimate.com\/de\/tooted\/fee-kuhlung-und-kuhler-4-7-kw\/","title":{"rendered":"FAIRY K\u00dcHLEN UND HEIZEN 4,7 kW"},"content":{"rendered":"<ul>\n<li><strong>HAUPTMERKMALE DER LUFTW\u00c4RMEPUMPE DER SERIE NF:<\/strong>\n<ul>\n<li>Energieklasse A+;<\/li>\n<li>Saisonaler Koeffizient der Leistung (SCOP) 4.1;<\/li>\n<li>leistungsstarker Kompressor;<\/li>\n<li>Au\u00dfenlufttemperaturbereich f\u00fcr Heizung -25 bis +30\u00b0C;<\/li>\n<li>Temperaturbereich der Umgebungsluft f\u00fcr die K\u00fchlung -15 bis +50\u00b0C;<\/li>\n<li>intelligentes Auftauen.<\/li>\n<\/ul>\n<\/li>\n<li><strong>HAUPTAUSR\u00dcSTUNG:<\/strong>\n<ul>\n<li>sieben interne Komponentengeschwindigkeiten;<\/li>\n<li>automatischer Neustart bei Stromausfall;<\/li>\n<li>waschbare Staubfilter;<\/li>\n<li>Turbo-Funktion;<\/li>\n<li>intelligente Verdichtervorw\u00e4rmung;<\/li>\n<li>\u00dcberpr\u00fcfung der gew\u00fcnschten Temperatur an der Fernbedienung, d. h. am tats\u00e4chlichen Aufenthaltsort der Personen;<\/li>\n<li>Zeitschaltuhr;<\/li>\n<li>m\u00fcssen;<\/li>\n<li>Anlauf mit niedriger Spannung;<\/li>\n<li>Kindersicherung.<\/li>\n<\/ul>\n<\/li>\n<li><strong>ZUS\u00c4TZLICHE AUSR\u00dcSTUNG IM PREIS INBEGRIFFEN:<\/strong>\n<ul>\n<li>die M\u00f6glichkeit der Steuerung \u00fcber ein intelligentes Ger\u00e4t;<\/li>\n<li>Plasma-Ionisator;<\/li>\n<li>nordicu Ausr\u00fcstung,<\/li>\n<li>+8\u00b0C Haltefunktion;<\/li>\n<li>Energiesparmodus;<\/li>\n<li>Schlafmodus.<\/li>\n<\/ul>\n<\/li>\n<\/ul>\n<p><strong>M\u00f5\u00f5dud (laius\/s\u00fcgavus\/k\u00f5rgus)mm, kaal (kg)<\/strong><\/p>\n<ul>\n<li>siseosa: 889xx212x294mm, kaal 11kg<\/li>\n<li>v\u00e4lisosa: 732x330x555, kaal 25kg<\/li>\n<\/ul>","protected":false},"excerpt":{"rendered":"<p><strong>Weston Climate Fairy Luft-W\u00e4rmepumpen-Klimager\u00e4t der Nordic-Serie (HEAT AND COOL 4,7 kW)<\/strong> sind f\u00fcr die rauen nordischen Bedingungen ausgelegt. Das Ger\u00e4t verf\u00fcgt \u00fcber eine werkseitig installierte nordische Winterausr\u00fcstung, um die Zuverl\u00e4ssigkeit in nordischen Klimazonen sowohl beim Heizen als auch beim K\u00fchlen zu gew\u00e4hrleisten. Option f\u00fcr intelligente Ger\u00e4testeuerung. <strong>Das Ger\u00e4t ist f\u00fcr Heizfl\u00e4chen von 24 bis 100 m\u00b2 und K\u00fchlfl\u00e4chen von 14 bis 57 m\u00b2 geeignet.<\/strong><br \/>\nSaisonaler Koeffizient der Leistung (SCOP) 4.1.<\/p>","protected":false},"featured_media":7527,"template":"","meta":[],"product_brand":[],"product_cat":[126],"product_tag":[],"class_list":{"0":"post-6881","1":"product","2":"type-product","3":"status-publish","4":"has-post-thumbnail","6":"product_cat-konditsioneerid","8":"first","9":"instock","10":"taxable","11":"shipping-taxable","12":"purchasable","13":"product-type-simple"},"_links":{"self":[{"href":"https:\/\/westonclimate.com\/de\/wp-json\/wp\/v2\/product\/6881","targetHints":{"allow":["GET"]}}],"collection":[{"href":"https:\/\/westonclimate.com\/de\/wp-json\/wp\/v2\/product"}],"about":[{"href":"https:\/\/westonclimate.com\/de\/wp-json\/wp\/v2\/types\/product"}],"version-history":[{"count":8,"href":"https:\/\/westonclimate.com\/de\/wp-json\/wp\/v2\/product\/6881\/revisions"}],"predecessor-version":[{"id":11612,"href":"https:\/\/westonclimate.com\/de\/wp-json\/wp\/v2\/product\/6881\/revisions\/11612"}],"wp:featuredmedia":[{"embeddable":true,"href":"https:\/\/westonclimate.com\/de\/wp-json\/wp\/v2\/media\/7527"}],"wp:attachment":[{"href":"https:\/\/westonclimate.com\/de\/wp-json\/wp\/v2\/media?parent=6881"}],"wp:term":[{"taxonomy":"product_brand","embeddable":true,"href":"https:\/\/westonclimate.com\/de\/wp-json\/wp\/v2\/product_brand?post=6881"},{"taxonomy":"product_cat","embeddable":true,"href":"https:\/\/westonclimate.com\/de\/wp-json\/wp\/v2\/product_cat?post=6881"},{"taxonomy":"product_tag","embeddable":true,"href":"https:\/\/westonclimate.com\/de\/wp-json\/wp\/v2\/product_tag?post=6881"}],"curies":[{"name":"wp","href":"https:\/\/api.w.org\/{rel}","templated":true}]}}