{"id":8751,"date":"2025-09-09T17:52:07","date_gmt":"2025-09-09T17:52:07","guid":{"rendered":"https:\/\/staging.westonclimate.ee\/?post_type=product&#038;p=8751"},"modified":"2026-04-29T11:53:23","modified_gmt":"2026-04-29T11:53:23","slug":"r290-monoblock-top-blow-soojuspump","status":"publish","type":"product","link":"https:\/\/westonclimate.com\/de\/tooted\/r290-monoblock-top-blow-warmepumpe\/","title":{"rendered":"R290 Inverter Monoblock Top-Blow W\u00e4rmepumpe (mit Schall- und Luftstrom von oben)"},"content":{"rendered":"<ul>\n<li>Nominale Heizleistung:<strong> 5kW, 7kW, 9kW, 12kW, 15kW, 20kW<\/strong><\/li>\n<li>COP-Bereich:<strong> bis zu 4,9 w\/w<\/strong><\/li>\n<li><strong>Bereitschaft des Strompreis\u00fcberwachungssystems der B\u00f6rse (SG)<\/strong><\/li>\n<li><strong>Kompatibilit\u00e4t von Solarsystemen (PV)<\/strong><\/li>\n<li><strong>WiFi-Verwaltung<\/strong><\/li>\n<li><strong>LED-Kontrollblock<\/strong><\/li>\n<li>Spannung der Stromversorgung:\u00a0<strong>230V (1F) oder<\/strong>\u00a0<strong>380V (3F)\u00a0<\/strong><\/li>\n<li>Kompressor:\u00a0<strong>DC-Vollwechselrichter + EVI<\/strong><\/li>\n<li>L\u00fcftermotor:\u00a0<strong>DC-Wechselrichter<\/strong><\/li>\n<li>Wasserpumpe:\u00a0<strong>DC-Wechselrichter<\/strong><\/li>\n<li>K\u00e4ltemittel: R290<\/li>\n<li>Energieklasse (35\u2103):\u00a0<strong>A+++<\/strong><\/li>\n<li>Energieklasse (55\u2103):\u00a0<strong>A++<\/strong><\/li>\n<li>Arbeitsbereich:\u00a0<strong>-35 bis 43\u00b0C<\/strong><\/li>\n<li>Wasserdurchfluss:\u00a0<strong>1,03 bis 2,06 m\u00b3\/h<\/strong><\/li>\n<li>Reduzierter Wasserdruck:\u00a0<strong>12 bis 15 kPa<\/strong><\/li>\n<li>Minimaler und maximaler Wasserdruck:\u00a0<strong>2,0 \/ 10,0 bar<\/strong><\/li>\n<li>Temperatur des austretenden Wassers:\u00a0<strong>bis zu 75\u00b0C<\/strong><\/li>\n<li>Ger\u00e4uschpegel:\u00a0<strong>bis zu 48<\/strong><strong>\u00a0dB(A)<\/strong><\/li>\n<li>Option eines Zusatzger\u00e4ts: Verbindet das Au\u00dfenger\u00e4t mit dem Heizsystem des Geb\u00e4udes und steuert den gesamten W\u00e4rmestrom im Haus. Die kompakte und effiziente Einheit enth\u00e4lt alle Hauptkomponenten - W\u00e4rmetauscher, Umw\u00e4lzpumpe, Ausdehnungsgef\u00e4\u00df, Sicherheitsventil und Steuerblock - und gew\u00e4hrleistet die Zuverl\u00e4ssigkeit und hohe Energieeffizienz des Heizsystems. Lesen Sie mehr<span style=\"text-decoration: underline;\"> <a href=\"https:\/\/westonclimate.com\/de\/tooted\/weston-klima-hudroboks-indoor-hyd\/\" target=\"_blank\" rel=\"noopener\">HIER.<\/a><\/span><\/li>\n<\/ul>\n<p>&nbsp;<\/p>\n<p><strong>M\u00f5\u00f5dud (pikkus\/laius\/k\u00f5rgus) (kg):<\/strong><\/p>\n<ul>\n<li><strong>5kW: <\/strong>neto 700*685*908mm, kaal 106,5kg, pakendiga 791*757*1061, kaal 138kg<\/li>\n<li><strong>7kW: <\/strong>neto 700*685*908mm, kaal 113kg, pakendiga 791*757*1061, kaal 144kg<\/li>\n<li><strong>9 kW:<\/strong> neto 700*685*908mm, kaal 116kg; pakendiga 791*757*1061, kaal 147kg<\/li>\n<li><strong>12kW: <\/strong>neto 1130*630*935mm, kaal 142,5; pakendiga 1220*730*1095, kaal 211kg<\/li>\n<li><strong>15kW:<\/strong> neto 1130*630*935mm, kaal 166; pakendiga 1220*730*1095, kaal 211kg<\/li>\n<li><strong>20kW:<\/strong> 1300*710*935mm, kaal 195kg, pakendiga 1390*770*1095, kaal 245kg<\/li>\n<\/ul>\n<p>&nbsp;<\/p>\n<p><strong>H\u00fcdroboksi <\/strong>m\u00f5\u00f5dud: 710\u00d7 410\u00d71005mm ja kaal 47kg<\/p>","protected":false},"excerpt":{"rendered":"<p>EPREL-Register:<br \/>\n<a href=\"https:\/\/eprel.ec.europa.eu\/screen\/product\/spaceheaters\/2466941\" target=\"_blank\" rel=\"noopener\">WC-JMU50HC<\/a><a href=\"https:\/\/eprel.ec.europa.eu\/screen\/product\/spaceheaters\/2466941\" target=\"_blank\" rel=\"noopener\"> | <\/a><a href=\"https:\/\/eprel.ec.europa.eu\/screen\/product\/spaceheaters\/2466945\" target=\"_blank\" rel=\"noopener\">WC-JMU50HC 3F<\/a><a href=\"https:\/\/eprel.ec.europa.eu\/screen\/product\/spaceheaters\/2466941\" target=\"_blank\" rel=\"noopener\"> | <\/a><a href=\"https:\/\/eprel.ec.europa.eu\/screen\/product\/spaceheaters\/2466946\" target=\"_blank\" rel=\"noopener\">WC-JMU70HC<\/a><a href=\"https:\/\/eprel.ec.europa.eu\/screen\/product\/spaceheaters\/2466941\" target=\"_blank\" rel=\"noopener\"> | <\/a><a href=\"https:\/\/eprel.ec.europa.eu\/screen\/product\/spaceheaters\/2466949\" target=\"_blank\" rel=\"noopener\">WC-JMU70HC 3F<\/a><a href=\"https:\/\/eprel.ec.europa.eu\/screen\/product\/spaceheaters\/2466941\" target=\"_blank\" rel=\"noopener\"> | <\/a><a href=\"https:\/\/eprel.ec.europa.eu\/screen\/product\/spaceheaters\/2466950\" target=\"_blank\" rel=\"noopener\">WC-JMU90HC<\/a><a href=\"https:\/\/eprel.ec.europa.eu\/screen\/product\/spaceheaters\/2466941\" target=\"_blank\" rel=\"noopener\"> | <\/a><a href=\"https:\/\/eprel.ec.europa.eu\/screen\/product\/spaceheaters\/2466951\" target=\"_blank\" rel=\"noopener\">WC-JMU90CH 3F<\/a><a href=\"https:\/\/eprel.ec.europa.eu\/screen\/product\/spaceheaters\/2466941\" target=\"_blank\" rel=\"noopener\"> | <\/a><a href=\"https:\/\/eprel.ec.europa.eu\/screen\/product\/spaceheaters\/2466952\" target=\"_blank\" rel=\"noopener\">WC-JMU120HC<\/a><a href=\"https:\/\/eprel.ec.europa.eu\/screen\/product\/spaceheaters\/2466941\" target=\"_blank\" rel=\"noopener\"> | <\/a><a href=\"https:\/\/eprel.ec.europa.eu\/screen\/product\/spaceheaters\/2466953\" target=\"_blank\" rel=\"noopener\">WC-JMU120HC 3F<\/a><a href=\"https:\/\/eprel.ec.europa.eu\/screen\/product\/spaceheaters\/2466941\" target=\"_blank\" rel=\"noopener\"> | <\/a><a href=\"https:\/\/eprel.ec.europa.eu\/screen\/product\/spaceheaters\/2466941\" target=\"_blank\" rel=\"noopener\">WC-JMU50HC<\/a><a href=\"https:\/\/eprel.ec.europa.eu\/screen\/product\/spaceheaters\/2466941\" target=\"_blank\" rel=\"noopener\"> | <\/a><a href=\"https:\/\/eprel.ec.europa.eu\/screen\/product\/spaceheaters\/2466945\" target=\"_blank\" rel=\"noopener\">WC-JMU150HC 3F<\/a><\/p>\n<p><b>Ein neues Produkt in Europa - die Top-Blow W\u00e4rmepumpe - die beste L\u00f6sung f\u00fcr Heizung, K\u00fchlung und Warmwasser.<\/b><\/p>\n<ul>\n<li><strong>Besonders leise:<\/strong>\u00a048dB<\/li>\n<li><strong>Sehr wirksam:<\/strong>\u00a0A+++<\/li>\n<li><strong>Platzsparend:\u00a0<\/strong>So kann z.B. eine 5 kW-W\u00e4rmepumpe auf einer Fl\u00e4che von nur 0,5 m2 installiert werden.<\/li>\n<li><strong>Nachbarschaftsfreundlich:\u00a0<\/strong>Der Luftstrom der W\u00e4rmepumpe ist nach oben gerichtet und auch der Schall.<\/li>\n<\/ul>\n<p>&nbsp;<\/p>\n<p>Mit einer breiten Palette von M\u00f6glichkeiten:\u00a0<strong>Anschluss an Fu\u00dfbodenheizung, Gebl\u00e4sekonvektoren und Warmwassersysteme, zentrales Steuermodul<\/strong>\u00a0gew\u00e4hrleistet eine einheitliche Temperatur und Energieeffizienz im gesamten Geb\u00e4ude.<\/p>\n<ul>\n<li><b>Schall und Luftstrom von oben (Top-Blow):<\/b>\u00a0eine einzigartige L\u00f6sung in Europa. Eine leise, intelligente und umweltfreundliche L\u00f6sung f\u00fcr alle Jahreszeiten.<\/li>\n<li><strong>Heizleistungen:<\/strong> 5kW, 7kW, 9kW, 12kW, 15kW, 20kW<\/li>\n<li><strong>Betriebsspannung:<\/strong>\u00a0230V (1F) oder 380V (3F)<\/li>\n<li><b>Ruhige Arbeit:\u00a0<\/b>nur 48 dB<\/li>\n<li><strong>Temperaturen\u00a0<\/strong><strong>Betriebsbereich:\u00a0<\/strong>-35\u00b0C bis +43\u00b0C (jedes Ger\u00e4t wurde 64 Stunden lang bei -42\u00b0C getestet)<\/li>\n<li><b>Nat\u00fcrliches K\u00e4ltemittel R290:\u00a0<\/b>geringe Umweltbelastung und Energieeffizienz A+++<\/li>\n<li><b>Patentiertes Design:\u00a0<\/b>Geh\u00e4use mit effizienter Schalld\u00e4mmung, regensicherem Ventilatormotor und ger\u00e4uschged\u00e4mpftem Kompressor.<\/li>\n<li><b>Kluge F\u00fchrung:\u00a0<\/b>WiFi-Steuerung, Smart-House-Konnektivit\u00e4t (IOS-Anschluss), RS485-Schnittstelle und Farb-Touchscreen-Display.<\/li>\n<li><b>Kompatibilit\u00e4t von SMART GRID (SG) und Solarmodulen (PV):<\/b> Kompatibel mit Sonnenkollektoren und dem intelligenten Stromnetz; Bereitschaft f\u00fcr das Strompreis\u00fcberwachungssystem der B\u00f6rse (SG).<\/li>\n<\/ul>\n<table style=\"border-collapse: collapse; width: 144pt;\" border=\"0\" width=\"192\" cellspacing=\"0\" cellpadding=\"0\">\n<tbody>\n<tr style=\"height: 15.0pt;\">\n<td style=\"height: 15.0pt; width: 48pt;\" width=\"64\" height=\"20\"><a href=\"https:\/\/westonclimate.pl\/wp-content\/uploads\/2025\/09\/Sert_R290-Inverter-Monoblock-Top-Blow_JMU50HC.png\" target=\"_blank\" rel=\"noopener\"><img decoding=\"async\" class=\"alignnone wp-image-10014 alignleft\" src=\"https:\/\/westonclimate.pl\/wp-content\/uploads\/2025\/09\/Sert_R290-Inverter-Monoblock-Top-Blow_JMU50HC-210x300.png\" alt=\"\" width=\"66\" height=\"95\" \/><\/a><\/td>\n<td style=\"width: 48pt;\" width=\"64\"><a href=\"https:\/\/westonclimate.pl\/wp-content\/uploads\/2025\/09\/Sert_R290-Inverter-Monoblock-Top-Blow_JMU70HC.png\" target=\"_blank\" rel=\"noopener\"><img decoding=\"async\" class=\"alignnone wp-image-10015\" src=\"https:\/\/westonclimate.pl\/wp-content\/uploads\/2025\/09\/Sert_R290-Inverter-Monoblock-Top-Blow_JMU70HC-212x300.png\" alt=\"\" width=\"67\" height=\"95\" \/><\/a><\/td>\n<td style=\"width: 48pt;\" width=\"64\"><a href=\"https:\/\/westonclimate.pl\/wp-content\/uploads\/2025\/09\/Sert_R290-Inverter-Monoblock-Top-Blow_JMU90HC.png\" target=\"_blank\" rel=\"noopener\"><img decoding=\"async\" class=\"alignnone wp-image-10016\" src=\"https:\/\/westonclimate.pl\/wp-content\/uploads\/2025\/09\/Sert_R290-Inverter-Monoblock-Top-Blow_JMU90HC-213x300.png\" alt=\"\" width=\"68\" height=\"96\" \/><\/a><\/td>\n<\/tr>\n<tr style=\"height: 15.0pt;\">\n<td style=\"height: 15.0pt;\" height=\"20\"><a href=\"https:\/\/westonclimate.pl\/wp-content\/uploads\/2025\/09\/Sert_R290-Inverter-Monoblock-Top-Blow_JMU120HC.png\" target=\"_blank\" rel=\"noopener\"><img loading=\"lazy\" decoding=\"async\" class=\"alignnone wp-image-10017\" src=\"https:\/\/westonclimate.pl\/wp-content\/uploads\/2025\/09\/Sert_R290-Inverter-Monoblock-Top-Blow_JMU120HC-212x300.png\" alt=\"\" width=\"66\" height=\"93\" \/><\/a><\/td>\n<td><a href=\"https:\/\/westonclimate.pl\/wp-content\/uploads\/2025\/09\/Sert_R290-Inverter-Monoblock-Top-Blow_JMU150HCJMU150HC3N.png\" target=\"_blank\" rel=\"noopener\"><img loading=\"lazy\" decoding=\"async\" class=\"alignnone wp-image-10018\" src=\"https:\/\/westonclimate.pl\/wp-content\/uploads\/2025\/09\/Sert_R290-Inverter-Monoblock-Top-Blow_JMU150HCJMU150HC3N-210x300.png\" alt=\"\" width=\"72\" height=\"103\" \/><\/a><\/td>\n<td><\/td>\n<\/tr>\n<tr style=\"height: 15.0pt;\">\n<td style=\"height: 15.0pt;\" height=\"20\"><a href=\"https:\/\/westonclimate.com\/wp-content\/uploads\/2026\/02\/ERP-report-of-sky-heat-pump-5kw-JMU50HC.pdf\" target=\"_blank\" rel=\"noopener\"><img loading=\"lazy\" decoding=\"async\" class=\"alignnone size-medium wp-image-11195\" src=\"https:\/\/westonclimate.com\/wp-content\/uploads\/2026\/02\/ERP_Sky_1-205x300.png\" alt=\"\" width=\"205\" height=\"300\" srcset=\"https:\/\/westonclimate.com\/wp-content\/uploads\/2026\/02\/ERP_Sky_1-205x300.png 205w, https:\/\/westonclimate.com\/wp-content\/uploads\/2026\/02\/ERP_Sky_1-8x12.png 8w, https:\/\/westonclimate.com\/wp-content\/uploads\/2026\/02\/ERP_Sky_1-600x876.png 600w, https:\/\/westonclimate.com\/wp-content\/uploads\/2026\/02\/ERP_Sky_1.png 660w\" sizes=\"(max-width: 205px) 100vw, 205px\" \/><\/a><\/td>\n<td><a href=\"https:\/\/westonclimate.com\/wp-content\/uploads\/2026\/02\/ERP-report-of-sky-heat-pump-7kw-JMU70HC.pdf\" target=\"_blank\" rel=\"noopener\"><img loading=\"lazy\" decoding=\"async\" class=\"alignnone size-medium wp-image-11196\" src=\"https:\/\/westonclimate.com\/wp-content\/uploads\/2026\/02\/ERP_Sky_2-210x300.png\" alt=\"\" width=\"210\" height=\"300\" srcset=\"https:\/\/westonclimate.com\/wp-content\/uploads\/2026\/02\/ERP_Sky_2-210x300.png 210w, https:\/\/westonclimate.com\/wp-content\/uploads\/2026\/02\/ERP_Sky_2-716x1024.png 716w, https:\/\/westonclimate.com\/wp-content\/uploads\/2026\/02\/ERP_Sky_2-768x1098.png 768w, https:\/\/westonclimate.com\/wp-content\/uploads\/2026\/02\/ERP_Sky_2-8x12.png 8w, https:\/\/westonclimate.com\/wp-content\/uploads\/2026\/02\/ERP_Sky_2-600x858.png 600w, https:\/\/westonclimate.com\/wp-content\/uploads\/2026\/02\/ERP_Sky_2.png 827w\" sizes=\"(max-width: 210px) 100vw, 210px\" \/><\/a><\/td>\n<td><a href=\"https:\/\/westonclimate.com\/wp-content\/uploads\/2026\/02\/ERP-report-of-sky-heat-pump-9kw-JMU90HC.pdf\" target=\"_blank\" rel=\"noopener\"><img loading=\"lazy\" decoding=\"async\" class=\"alignnone size-medium wp-image-11197\" src=\"https:\/\/westonclimate.com\/wp-content\/uploads\/2026\/02\/ERP_Sky_3-208x300.png\" alt=\"\" width=\"208\" height=\"300\" srcset=\"https:\/\/westonclimate.com\/wp-content\/uploads\/2026\/02\/ERP_Sky_3-208x300.png 208w, https:\/\/westonclimate.com\/wp-content\/uploads\/2026\/02\/ERP_Sky_3-710x1024.png 710w, https:\/\/westonclimate.com\/wp-content\/uploads\/2026\/02\/ERP_Sky_3-768x1108.png 768w, https:\/\/westonclimate.com\/wp-content\/uploads\/2026\/02\/ERP_Sky_3-8x12.png 8w, https:\/\/westonclimate.com\/wp-content\/uploads\/2026\/02\/ERP_Sky_3-600x866.png 600w, https:\/\/westonclimate.com\/wp-content\/uploads\/2026\/02\/ERP_Sky_3.png 818w\" sizes=\"(max-width: 208px) 100vw, 208px\" \/><\/a><\/td>\n<\/tr>\n<tr style=\"height: 15.0pt;\">\n<td style=\"height: 15.0pt;\" height=\"20\"><a href=\"https:\/\/westonclimate.com\/wp-content\/uploads\/2026\/02\/ERP-report-of-sky-heat-pump-12kw-JMU120HC.pdf\" target=\"_blank\" rel=\"noopener\"><img loading=\"lazy\" decoding=\"async\" class=\"alignnone size-medium wp-image-11198\" src=\"https:\/\/westonclimate.com\/wp-content\/uploads\/2026\/02\/ERP_Sky_4-210x300.png\" alt=\"\" width=\"210\" height=\"300\" srcset=\"https:\/\/westonclimate.com\/wp-content\/uploads\/2026\/02\/ERP_Sky_4-210x300.png 210w, https:\/\/westonclimate.com\/wp-content\/uploads\/2026\/02\/ERP_Sky_4-716x1024.png 716w, https:\/\/westonclimate.com\/wp-content\/uploads\/2026\/02\/ERP_Sky_4-768x1098.png 768w, https:\/\/westonclimate.com\/wp-content\/uploads\/2026\/02\/ERP_Sky_4-8x12.png 8w, https:\/\/westonclimate.com\/wp-content\/uploads\/2026\/02\/ERP_Sky_4-600x858.png 600w, https:\/\/westonclimate.com\/wp-content\/uploads\/2026\/02\/ERP_Sky_4.png 825w\" sizes=\"(max-width: 210px) 100vw, 210px\" \/><\/a><\/td>\n<td><a href=\"https:\/\/westonclimate.com\/wp-content\/uploads\/2026\/02\/ERP-report-of-sky-heat-pump-15kw-JMU150HC.pdf\" target=\"_blank\" rel=\"noopener\"><img loading=\"lazy\" decoding=\"async\" class=\"alignnone size-medium wp-image-11199\" src=\"https:\/\/westonclimate.com\/wp-content\/uploads\/2026\/02\/ERP_Sky_5-211x300.png\" alt=\"\" width=\"211\" height=\"300\" srcset=\"https:\/\/westonclimate.com\/wp-content\/uploads\/2026\/02\/ERP_Sky_5-211x300.png 211w, https:\/\/westonclimate.com\/wp-content\/uploads\/2026\/02\/ERP_Sky_5-720x1024.png 720w, https:\/\/westonclimate.com\/wp-content\/uploads\/2026\/02\/ERP_Sky_5-768x1092.png 768w, https:\/\/westonclimate.com\/wp-content\/uploads\/2026\/02\/ERP_Sky_5-8x12.png 8w, https:\/\/westonclimate.com\/wp-content\/uploads\/2026\/02\/ERP_Sky_5-600x853.png 600w, https:\/\/westonclimate.com\/wp-content\/uploads\/2026\/02\/ERP_Sky_5.png 835w\" sizes=\"(max-width: 211px) 100vw, 211px\" \/><\/a><\/td>\n<td><\/td>\n<\/tr>\n<\/tbody>\n<\/table>\n<p>&nbsp;<\/p>","protected":false},"featured_media":8764,"template":"","meta":[],"product_brand":[],"product_cat":[115,63,65,88],"product_tag":[],"class_list":{"0":"post-8751","1":"product","2":"type-product","3":"status-publish","4":"has-post-thumbnail","6":"product_cat-monobloc-weston-r290","7":"product_cat-soojuspumbad","8":"product_cat-soojuspump-monobloc","9":"product_cat-allahindlus","11":"first","12":"instock","13":"taxable","14":"shipping-taxable","15":"purchasable","16":"product-type-variable","17":"has-default-attributes"},"_links":{"self":[{"href":"https:\/\/westonclimate.com\/de\/wp-json\/wp\/v2\/product\/8751","targetHints":{"allow":["GET"]}}],"collection":[{"href":"https:\/\/westonclimate.com\/de\/wp-json\/wp\/v2\/product"}],"about":[{"href":"https:\/\/westonclimate.com\/de\/wp-json\/wp\/v2\/types\/product"}],"version-history":[{"count":29,"href":"https:\/\/westonclimate.com\/de\/wp-json\/wp\/v2\/product\/8751\/revisions"}],"predecessor-version":[{"id":11605,"href":"https:\/\/westonclimate.com\/de\/wp-json\/wp\/v2\/product\/8751\/revisions\/11605"}],"wp:featuredmedia":[{"embeddable":true,"href":"https:\/\/westonclimate.com\/de\/wp-json\/wp\/v2\/media\/8764"}],"wp:attachment":[{"href":"https:\/\/westonclimate.com\/de\/wp-json\/wp\/v2\/media?parent=8751"}],"wp:term":[{"taxonomy":"product_brand","embeddable":true,"href":"https:\/\/westonclimate.com\/de\/wp-json\/wp\/v2\/product_brand?post=8751"},{"taxonomy":"product_cat","embeddable":true,"href":"https:\/\/westonclimate.com\/de\/wp-json\/wp\/v2\/product_cat?post=8751"},{"taxonomy":"product_tag","embeddable":true,"href":"https:\/\/westonclimate.com\/de\/wp-json\/wp\/v2\/product_tag?post=8751"}],"curies":[{"name":"wp","href":"https:\/\/api.w.org\/{rel}","templated":true}]}}