{"id":8804,"date":"2025-09-10T06:22:29","date_gmt":"2025-09-10T06:22:29","guid":{"rendered":"https:\/\/staging.westonclimate.ee\/?post_type=product&#038;p=8804"},"modified":"2026-05-06T12:17:29","modified_gmt":"2026-05-06T12:17:29","slug":"weston-climate-seinale-kinnitatav-soojustagastusega-ventilatsioonisusteem","status":"publish","type":"product","link":"https:\/\/westonclimate.com\/de\/tooted\/weston-klima-wandmontiertes-luftungssystem-mit-warmeruckgewinnung\/","title":{"rendered":"Weston Climate Wandl\u00fcftungssystem mit W\u00e4rmer\u00fcckgewinnung"},"content":{"rendered":"<p><strong>Merkmale:<\/strong><\/p>\n<ul>\n<li><strong>CO2 \/ PM2.5 \/ VOC Automatisierung des Luftkreislaufs<\/strong><\/li>\n<li><strong>Luftstrom:<\/strong> bis zu 150 m\u00b3\/h, energieeffizienter und leiser Betrieb<\/li>\n<li><strong>Eingebaute Heizung:<\/strong>\u00a0200W (optional)<\/li>\n<li><strong>Kluge F\u00fchrung:<\/strong>\u00a0Timerfunktion<\/li>\n<li><strong>CO2\/PM2.5\/Luftfeuchtigkeit\/Temperatur\/VOC-Emissionen<\/strong>\u00a0Sensordaten\u00a0<strong>Anzeige auf dem Bildschirm<\/strong><\/li>\n<li><strong>CO2 \/ PM2.5 \/ VOC<\/strong>\u00a0Parameter\u00a0<strong>Konfigurationsm\u00f6glichkeit<\/strong><\/li>\n<li><strong>WiFi-Verbindung und Fernsteuerung<\/strong>\u00a0durch API<\/li>\n<li>Verschiedene<strong>\u00a0Beatmungsraten<\/strong><\/li>\n<li><strong>Automatische und manuelle Steuerungsmodi<\/strong><\/li>\n<li><strong>\u00dcberwachung der Filterlebensdauer und Benachrichtigung \u00fcber Reinigung und Austausch<\/strong><\/li>\n<li><strong>Temperatur-Betriebsbereich<\/strong>: -35 bis +50\u00b0C<\/li>\n<li><strong>Temperatur der Abluft<\/strong>+5 bis +40\u00b0C<\/li>\n<li><strong>Durchmesser des Bel\u00fcftungsrohrs<\/strong>: 110mm<\/li>\n<\/ul>","protected":false},"excerpt":{"rendered":"<p><b>Ein L\u00fcftungssystem, das einfach, schnell und leicht zu installieren ist<\/b>, die jeden Tag f\u00fcr frische und saubere Luft in Ihren R\u00e4umen sorgen!<\/p>\n<p><strong>Sehr leises Ger\u00e4t!<\/strong><\/p>\n<ul>\n<li><strong>Geeignet sowohl f\u00fcr Wohnr\u00e4ume als auch f\u00fcr kleinere Gewerbefl\u00e4chen.<\/strong><\/li>\n<li>Zwei Serien: BG150N\/BG150N-F (mit eingebauter Heizungsoption), BG150R\/BG150R-F (mit Isolationsl\u00fcfter).<\/li>\n<li><strong>Maximaler Luftstrom:<\/strong>\u00a0bis zu 150 m\u00b3\/h, energieeffizienter und leiser Betrieb.<\/li>\n<li><strong>Die Au\u00dfenlufttemperatur liegt zwischen +5 \u00b0C und +40 \u00b0C.<\/strong>, abh\u00e4ngig von der Betriebsart - <strong>Heizung, K\u00fchlung oder L\u00fcftung.<\/strong> Das Ger\u00e4t sorgt f\u00fcr ein angenehmes Raumklima sowohl in kalten als auch in warmen Klimazonen und. <strong>die Lufttemperatur nach Bedarf einstellen.<\/strong><\/li>\n<li><strong>Das Ger\u00e4t arbeitet bei Au\u00dfentemperaturen von -35 \u00b0C bis +50 \u00b0C. <\/strong>Bei sehr kalten Temperaturen, -35 \u00b0C bis -18 \u00b0C, <strong>ein vorgew\u00e4rmtes Modell ben\u00f6tigt wird<\/strong>. Es ist wichtig zu wissen, dass das Ger\u00e4t kein Ersatz f\u00fcr die Heizungsanlage ist.<\/li>\n<li><strong>Kombination von Filtern<\/strong>: Vorfilter + Aktivkohle + HEPA:\u00a0<strong>sorgt f\u00fcr saubere Luft und sch\u00fctzt die Gesundheit\u00a0<\/strong>(im Lieferumfang enthalten). Auch ein Allergiefilter ist erh\u00e4ltlich.<\/li>\n<li><strong>Einfach zu installieren<\/strong>\u00a0Wand,\u00a0<strong>einstellbare L\u00fcftungsgeschwindigkeit<\/strong>\u00a0und\u00a0<strong>automatische Luftqualit\u00e4tssensoren<\/strong>\u00a0(PM2.5, CO\u2082, VOC) (enthalten).<\/li>\n<li><strong>Kluge F\u00fchrung<\/strong>: Farb-Touchscreen, Timer-Funktion und Wi-Fi-Verbindung mit einer Smart-App.<\/li>\n<li><strong>Einfache Wartung<\/strong>Reinigung und Austausch der Filter nach Bedarf.<\/li>\n<\/ul>\n<p><b>Bringen Sie saubere und frische Luft in Ihre R\u00e4umlichkeiten!<\/b><\/p>","protected":false},"featured_media":8908,"template":"","meta":[],"product_brand":[],"product_cat":[124,35],"product_tag":[],"class_list":{"0":"post-8804","1":"product","2":"type-product","3":"status-publish","4":"has-post-thumbnail","6":"product_cat-lokaalsed","7":"product_cat-ventilatsiooniseadmed","9":"first","10":"instock","11":"taxable","12":"shipping-taxable","13":"purchasable","14":"product-type-variable","15":"has-default-attributes"},"_links":{"self":[{"href":"https:\/\/westonclimate.com\/de\/wp-json\/wp\/v2\/product\/8804","targetHints":{"allow":["GET"]}}],"collection":[{"href":"https:\/\/westonclimate.com\/de\/wp-json\/wp\/v2\/product"}],"about":[{"href":"https:\/\/westonclimate.com\/de\/wp-json\/wp\/v2\/types\/product"}],"version-history":[{"count":7,"href":"https:\/\/westonclimate.com\/de\/wp-json\/wp\/v2\/product\/8804\/revisions"}],"predecessor-version":[{"id":10171,"href":"https:\/\/westonclimate.com\/de\/wp-json\/wp\/v2\/product\/8804\/revisions\/10171"}],"wp:featuredmedia":[{"embeddable":true,"href":"https:\/\/westonclimate.com\/de\/wp-json\/wp\/v2\/media\/8908"}],"wp:attachment":[{"href":"https:\/\/westonclimate.com\/de\/wp-json\/wp\/v2\/media?parent=8804"}],"wp:term":[{"taxonomy":"product_brand","embeddable":true,"href":"https:\/\/westonclimate.com\/de\/wp-json\/wp\/v2\/product_brand?post=8804"},{"taxonomy":"product_cat","embeddable":true,"href":"https:\/\/westonclimate.com\/de\/wp-json\/wp\/v2\/product_cat?post=8804"},{"taxonomy":"product_tag","embeddable":true,"href":"https:\/\/westonclimate.com\/de\/wp-json\/wp\/v2\/product_tag?post=8804"}],"curies":[{"name":"wp","href":"https:\/\/api.w.org\/{rel}","templated":true}]}}