{"id":8974,"date":"2025-09-17T10:44:42","date_gmt":"2025-09-17T10:44:42","guid":{"rendered":"https:\/\/staging.westonclimate.ee\/?post_type=product&#038;p=8974"},"modified":"2026-01-30T17:10:43","modified_gmt":"2026-01-30T17:10:43","slug":"weston-climate-jbt-seeria-80l-akumulatsioonipaak","status":"publish","type":"product","link":"https:\/\/westonclimate.com\/de\/tooted\/weston-klima-jbt-serie-80l-stautank\/","title":{"rendered":"Weston Climate JBT Serie 80L-1000L Pufferspeicher"},"content":{"rendered":"<ul>\n<li>Fassungsverm\u00f6gen des Wassertanks: 80 l<\/li>\n<li>Tats\u00e4chliches Fassungsverm\u00f6gen des Innenbeh\u00e4lters (90%): \u226572 L<\/li>\n<li>Material des Innenbeh\u00e4lters: SUS 304\/Edelstahl.<\/li>\n<li>Lebenserwartung: 55 Jahre<\/li>\n<li>Wassertemperatur: maximal 95 \u00b0C<\/li>\n<li>Innendurchmesser: 370 mm<\/li>\n<li>\u00c4u\u00dferer Durchmesser: 470 mm<\/li>\n<li>Nettogewicht: 24 kg<\/li>\n<li>Bruttogewicht (G.W.): 28 kg<\/li>\n<li>Abmessungen des Produkts: 470 \u00d7 850 mm<\/li>\n<li>Abmessungen der Verpackung: 950 \u00d7 550 \u00d7 550 mm<\/li>\n<li>Arbeitsdruck: 0,7 MPa<\/li>\n<li>Pr\u00fcfdruck: 1,25 MPa<\/li>\n<\/ul>","protected":false},"excerpt":{"rendered":"<p><strong>Weston Climate JBT Serie 80L-1000L Pufferspeicher<\/strong>\u00a0ist als Puffer zwischen der W\u00e4rmepumpe und dem Heizsystem konzipiert.<\/p>\n<p>Der Tank ist hergestellt aus <strong>rostfreier Stahl<\/strong> (SUS 304).<\/p>\n<p><strong>Das Produkt hat eine Lebensdauer von \u00fcber 55 Jahren.<\/strong> Das Produkt hat eine Garantie von 10 Jahren.<\/p>\n<p>Der Tank ist isoliert und mit lackiertem Stahlblech verkleidet. Der Tank ist wandmontierbar und f\u00fcr eine maximale Wassertemperatur von 95 \u00b0C ausgelegt.<\/p>\n<p><strong data-start=\"653\" data-end=\"700\">80L PRODUKT AUF LAGER! <\/strong><strong data-start=\"653\" data-end=\"700\">HIND 351\u20ac +km.<\/strong><\/p>\n<p><strong data-start=\"653\" data-end=\"700\"> FORDERN SIE EIN ANGEBOT F\u00dcR ANDERE GR\u00d6SSEN AN!<\/strong><\/p>","protected":false},"featured_media":8976,"template":"","meta":[],"product_brand":[],"product_cat":[258,211],"product_tag":[],"class_list":{"0":"post-8974","1":"product","2":"type-product","3":"status-publish","4":"has-post-thumbnail","6":"product_cat-paagid-ja-boilerid","7":"product_cat-lisaseadmed","9":"first","10":"instock","11":"taxable","12":"shipping-taxable","13":"purchasable","14":"product-type-simple"},"_links":{"self":[{"href":"https:\/\/westonclimate.com\/de\/wp-json\/wp\/v2\/product\/8974","targetHints":{"allow":["GET"]}}],"collection":[{"href":"https:\/\/westonclimate.com\/de\/wp-json\/wp\/v2\/product"}],"about":[{"href":"https:\/\/westonclimate.com\/de\/wp-json\/wp\/v2\/types\/product"}],"version-history":[{"count":6,"href":"https:\/\/westonclimate.com\/de\/wp-json\/wp\/v2\/product\/8974\/revisions"}],"predecessor-version":[{"id":11015,"href":"https:\/\/westonclimate.com\/de\/wp-json\/wp\/v2\/product\/8974\/revisions\/11015"}],"wp:featuredmedia":[{"embeddable":true,"href":"https:\/\/westonclimate.com\/de\/wp-json\/wp\/v2\/media\/8976"}],"wp:attachment":[{"href":"https:\/\/westonclimate.com\/de\/wp-json\/wp\/v2\/media?parent=8974"}],"wp:term":[{"taxonomy":"product_brand","embeddable":true,"href":"https:\/\/westonclimate.com\/de\/wp-json\/wp\/v2\/product_brand?post=8974"},{"taxonomy":"product_cat","embeddable":true,"href":"https:\/\/westonclimate.com\/de\/wp-json\/wp\/v2\/product_cat?post=8974"},{"taxonomy":"product_tag","embeddable":true,"href":"https:\/\/westonclimate.com\/de\/wp-json\/wp\/v2\/product_tag?post=8974"}],"curies":[{"name":"wp","href":"https:\/\/api.w.org\/{rel}","templated":true}]}}