{"id":8980,"date":"2025-09-17T11:03:54","date_gmt":"2025-09-17T11:03:54","guid":{"rendered":"https:\/\/staging.westonclimate.ee\/?post_type=product&#038;p=8980"},"modified":"2026-01-30T13:28:22","modified_gmt":"2026-01-30T13:28:22","slug":"weston-climate-200l-soojaveeboiler","status":"publish","type":"product","link":"https:\/\/westonclimate.com\/de\/tooted\/weston-klima-200l-wassererhitzer\/","title":{"rendered":"Weston Climate 200L-1000L Warmwasserbereiter"},"content":{"rendered":"<ul>\n<li>Tats\u00e4chliches internes Tankvolumen: 90% \u2265185 L<\/li>\n<li>Dicke des Innenbeh\u00e4lters: 1,20 mm<\/li>\n<li>Installationsmethode: Bodenmontage<\/li>\n<li>Lebenserwartung: 55+ Jahre<\/li>\n<li>Innendurchmesser: 420 mm<\/li>\n<li>\u00c4u\u00dferer Durchmesser: 520 mm<\/li>\n<li>Material der \u00e4u\u00dferen Abdeckung: lackierter Stahl<\/li>\n<li>Dicke der \u00e4u\u00dferen Abdeckung: 0,45 mm<\/li>\n<li>D\u00e4mmstoffdicke (FCKW-freies Polyurethan): 50 mm<\/li>\n<li>Stehender W\u00e4rmeverlust (W): 6\u2103<\/li>\n<li>Material des W\u00e4rmetauschers f\u00fcr die Rohre: Edelstahl SUS 316.<\/li>\n<li>Soojusvaheti toru m\u00f5\u00f5t: G3\/4&#8243; \u03a625*0,31 mm, \u00fchendus tagak\u00fcljelt<\/li>\n<li>Soojusvaheti toru l\u00e4bim\u00f5\u00f5t: G1&#8243; v\u00e4line keere (toll)<\/li>\n<li>L\u00e4nge der W\u00e4rmetauscherrohre: 25 m<\/li>\n<li>W\u00e4rme\u00fcbertragungsfl\u00e4che: 2,26 m\u00b2<\/li>\n<li>Fassungsverm\u00f6gen der W\u00e4rmetauscherrohre: 1,35 l<\/li>\n<li>Betriebsdruck des W\u00e4rmetauschers: 0,6 MPa<\/li>\n<li>H\u00f6chsttemperatur des W\u00e4rmetauschers (Co): 75 \u2103<\/li>\n<li>Elektriline k\u00fcttekeha (EHE): G1&#8242; sisekeere<\/li>\n<li>Maximale Wassertemperatur: 60\u2103<\/li>\n<li>Mechanischer Thermostat: optional<\/li>\n<li>Durchmesser des Temperaturf\u00fchlers: 12\/150mm<\/li>\n<li>K\u00fcttekeha \u00e4\u00e4riku l\u00e4bim\u00f5\u00f5t: G1&#8242; sisekeere<\/li>\n<li>Ringluss\u00fcsteemi v\u00e4ljalaskeava: G1&#8242; v\u00e4line keere<\/li>\n<li>Torude l\u00e4bim\u00f5\u00f5t (k\u00fclm\/soe vesi): G1&#8242; v\u00e4line keere<\/li>\n<li>Magneesiumanood: l\u00e4bim\u00f5\u00f5t 18*220 mm, sisseehitatud k\u00fcljele G3\/4&#8243;<\/li>\n<li>Wasserbest\u00e4ndigkeit (IP): X4<\/li>\n<li>Elektrische Sicherheitsklasse: I (erste)<\/li>\n<li>Arbeitsdruck: 0,7 MPa<\/li>\n<li>Pr\u00fcfdruck 1,25 MPa<\/li>\n<li>Sicherheitsventil (0,8 MPa): enthalten<\/li>\n<li>Standf\u00fc\u00dfe (Gummi): im Lieferumfang enthalten<\/li>\n<li>Nettogewicht: 38kg<\/li>\n<li>Bruttogewicht: 44kg<\/li>\n<li>Abmessungen des Pakets: 1560\u00d7600\u00d7600mm<\/li>\n<\/ul>","protected":false},"excerpt":{"rendered":"<p data-start=\"0\" data-end=\"348\"><strong data-start=\"0\" data-end=\"34\">WESTON CLIMATE 200L Warmwasserboiler<\/strong>\u00a0- bodenmontierter Kessel mit einem Nutzinhalt von 185 l und einem Innentank aus langlebigem Edelstahl (SUS 316). Der Tank ist mit einer 50 mm dicken FCKW-freien Isolierung bedeckt, die\u00a0<strong>reduziert den W\u00e4rmeverlust und\u00a0<\/strong><strong>h\u00e4lt das Wasser lange Zeit warm.<\/strong>\u00a0Der lackierte Au\u00dfenk\u00f6rper ist aus robustem, langlebigem Stahl gefertigt, der Innentank ist 1,2 mm dick.<\/p>\n<p data-start=\"350\" data-end=\"651\">Der Kessel verf\u00fcgt \u00fcber eine eingebaute Magnesiumanode, die. <strong>sch\u00fctzt den Innenbeh\u00e4lter vor Korrosion und Kalkablagerungen<\/strong>, sowohl an den Innenw\u00e4nden des Heizkessels als auch an der Heizung.<\/p>\n<p data-start=\"350\" data-end=\"651\">Dar\u00fcber hinaus sorgen das Sicherheitsventil und die robuste Konstruktion f\u00fcr die Zuverl\u00e4ssigkeit des Ger\u00e4ts.<\/p>\n<p data-start=\"350\" data-end=\"651\"><strong>Produktlebensdauer 55+ Jahre! <\/strong>F\u00fcr den Innenbeh\u00e4lter gilt eine Garantie von 10 Jahren und f\u00fcr den Kessel insgesamt eine Garantie von 2 Jahren.<\/p>\n<p data-start=\"653\" data-end=\"702\"><strong data-start=\"653\" data-end=\"700\">200L PRODUKT AUF LAGER! <\/strong><strong data-start=\"653\" data-end=\"700\">HIND 998\u20ac +km <\/strong><\/p>\n<div class=\"elementor-element elementor-element-6aa9c580 elementor-widget elementor-widget-woocommerce-product-short-description\" data-id=\"6aa9c580\" data-element_type=\"widget\" data-widget_type=\"woocommerce-product-short-description.default\">\n<div class=\"elementor-widget-container\">\n<div class=\"woocommerce-product-details__short-description\">\n<p><strong data-start=\"653\" data-end=\"700\">FORDERN SIE EIN ANGEBOT F\u00dcR ANDERE GR\u00d6SSEN AN!<\/strong><\/p>\n<\/div>\n<\/div>\n<\/div>","protected":false},"featured_media":8981,"template":"","meta":[],"product_brand":[],"product_cat":[258,211],"product_tag":[],"class_list":{"0":"post-8980","1":"product","2":"type-product","3":"status-publish","4":"has-post-thumbnail","6":"product_cat-paagid-ja-boilerid","7":"product_cat-lisaseadmed","9":"first","10":"instock","11":"taxable","12":"shipping-taxable","13":"purchasable","14":"product-type-simple"},"_links":{"self":[{"href":"https:\/\/westonclimate.com\/de\/wp-json\/wp\/v2\/product\/8980","targetHints":{"allow":["GET"]}}],"collection":[{"href":"https:\/\/westonclimate.com\/de\/wp-json\/wp\/v2\/product"}],"about":[{"href":"https:\/\/westonclimate.com\/de\/wp-json\/wp\/v2\/types\/product"}],"version-history":[{"count":7,"href":"https:\/\/westonclimate.com\/de\/wp-json\/wp\/v2\/product\/8980\/revisions"}],"predecessor-version":[{"id":11017,"href":"https:\/\/westonclimate.com\/de\/wp-json\/wp\/v2\/product\/8980\/revisions\/11017"}],"wp:featuredmedia":[{"embeddable":true,"href":"https:\/\/westonclimate.com\/de\/wp-json\/wp\/v2\/media\/8981"}],"wp:attachment":[{"href":"https:\/\/westonclimate.com\/de\/wp-json\/wp\/v2\/media?parent=8980"}],"wp:term":[{"taxonomy":"product_brand","embeddable":true,"href":"https:\/\/westonclimate.com\/de\/wp-json\/wp\/v2\/product_brand?post=8980"},{"taxonomy":"product_cat","embeddable":true,"href":"https:\/\/westonclimate.com\/de\/wp-json\/wp\/v2\/product_cat?post=8980"},{"taxonomy":"product_tag","embeddable":true,"href":"https:\/\/westonclimate.com\/de\/wp-json\/wp\/v2\/product_tag?post=8980"}],"curies":[{"name":"wp","href":"https:\/\/api.w.org\/{rel}","templated":true}]}}