{"id":10864,"date":"2026-01-11T18:13:07","date_gmt":"2026-01-11T18:13:07","guid":{"rendered":"https:\/\/westonclimate.com\/?page_id=10864"},"modified":"2026-03-19T15:14:13","modified_gmt":"2026-03-19T15:14:13","slug":"landing-mt-4","status":"publish","type":"page","link":"https:\/\/westonclimate.com\/en\/ehitustood\/","title":{"rendered":"Construction"},"content":{"rendered":"\t\t<div data-elementor-type=\"wp-page\" data-elementor-id=\"10864\" class=\"elementor elementor-10864\" data-elementor-post-type=\"page\">\n\t\t\t\t<div class=\"elementor-element elementor-element-0728faa e-flex e-con-boxed wpr-particle-no wpr-jarallax-no wpr-parallax-no wpr-sticky-section-no wpr-equal-height-no e-con e-parent\" data-id=\"0728faa\" data-element_type=\"container\" data-e-type=\"container\">\n\t\t\t\t\t<div class=\"e-con-inner\">\n\t\t<div class=\"elementor-element elementor-element-66ca921 e-con-full e-flex wpr-particle-no wpr-jarallax-no wpr-parallax-no wpr-sticky-section-no wpr-equal-height-no e-con e-child\" data-id=\"66ca921\" data-element_type=\"container\" data-e-type=\"container\" id=\"paring\">\n\t\t\t\t<div class=\"elementor-element elementor-element-ba597e5 elementor-widget__width-initial elementor-widget elementor-widget-heading\" data-id=\"ba597e5\" data-element_type=\"widget\" data-e-type=\"widget\" data-widget_type=\"heading.default\">\n\t\t\t\t<div class=\"elementor-widget-container\">\n\t\t\t\t\t<h3 class=\"elementor-heading-title elementor-size-default\">K\u00f5ik \u00fchest kohast: \n<\/h3>\t\t\t\t<\/div>\n\t\t\t\t<\/div>\n\t\t\t\t<div class=\"elementor-element elementor-element-a89e5d3 elementor-widget elementor-widget-text-editor\" data-id=\"a89e5d3\" data-element_type=\"widget\" data-e-type=\"widget\" data-widget_type=\"text-editor.default\">\n\t\t\t\t<div class=\"elementor-widget-container\">\n\t\t\t\t\t\t\t\t\t<ul><li><span style=\"color: #0b356f;\">ehitust\u00f6\u00f6d vundamendist ventilatsioonini<\/span><\/li><li><span style=\"color: #0b356f;\">soojuspumpade, kliima- ja ventilatsiooniseadmete paigaldus koos selleks vajalike ehitus-, remondi- ja viimistlust\u00f6\u00f6dega<\/span><\/li><\/ul>\t\t\t\t\t\t\t\t<\/div>\n\t\t\t\t<\/div>\n\t\t\t\t<div class=\"elementor-element elementor-element-4bfb99a elementor-widget elementor-widget-text-editor\" data-id=\"4bfb99a\" data-element_type=\"widget\" data-e-type=\"widget\" data-widget_type=\"text-editor.default\">\n\t\t\t\t<div class=\"elementor-widget-container\">\n\t\t\t\t\t\t\t\t\t<p><strong>Kvalifikatsiooniga meistrimeestelt k\u00f5ik ehitus-, remont- ja viimistlust\u00f6\u00f6d 100% t\u00e4isteenusena!<\/strong><\/p>\t\t\t\t\t\t\t\t<\/div>\n\t\t\t\t<\/div>\n\t\t\t\t<\/div>\n\t\t\t\t\t<\/div>\n\t\t\t\t<\/div>\n\t\t<div class=\"elementor-element elementor-element-28b2850 e-flex e-con-boxed wpr-particle-no wpr-jarallax-no wpr-parallax-no wpr-sticky-section-no wpr-equal-height-no e-con e-parent\" data-id=\"28b2850\" data-element_type=\"container\" data-e-type=\"container\">\n\t\t\t\t\t<div class=\"e-con-inner\">\n\t\t<div class=\"elementor-element elementor-element-aa7e694 e-con-full e-flex wpr-particle-no wpr-jarallax-no wpr-parallax-no wpr-sticky-section-no wpr-equal-height-no e-con e-child\" data-id=\"aa7e694\" data-element_type=\"container\" data-e-type=\"container\">\n\t\t\t\t<div class=\"elementor-element elementor-element-a062619 elementor-widget elementor-widget-gallery\" data-id=\"a062619\" data-element_type=\"widget\" data-e-type=\"widget\" data-settings=\"{&quot;lazyload&quot;:&quot;yes&quot;,&quot;gallery_layout&quot;:&quot;grid&quot;,&quot;columns&quot;:4,&quot;columns_tablet&quot;:2,&quot;columns_mobile&quot;:1,&quot;gap&quot;:{&quot;unit&quot;:&quot;px&quot;,&quot;size&quot;:10,&quot;sizes&quot;:[]},&quot;gap_tablet&quot;:{&quot;unit&quot;:&quot;px&quot;,&quot;size&quot;:10,&quot;sizes&quot;:[]},&quot;gap_mobile&quot;:{&quot;unit&quot;:&quot;px&quot;,&quot;size&quot;:10,&quot;sizes&quot;:[]},&quot;link_to&quot;:&quot;file&quot;,&quot;aspect_ratio&quot;:&quot;3:2&quot;,&quot;overlay_background&quot;:&quot;yes&quot;,&quot;content_hover_animation&quot;:&quot;fade-in&quot;}\" data-widget_type=\"gallery.default\">\n\t\t\t\t<div class=\"elementor-widget-container\">\n\t\t\t\t\t\t\t<div class=\"elementor-gallery__container\">\n\t\t\t\t\t\t\t<a class=\"e-gallery-item elementor-gallery-item elementor-animated-content\" href=\"https:\/\/westonclimate.com\/wp-content\/uploads\/2026\/01\/WESTON-CLIMATE_ehitustood_3-1.png\" data-elementor-open-lightbox=\"yes\" data-elementor-lightbox-slideshow=\"a062619\" data-elementor-lightbox-title=\"WESTON CLIMATE_ehitust\u00f6\u00f6d_3 (1)\" data-e-action-hash=\"#elementor-action%3Aaction%3Dlightbox%26settings%3DeyJpZCI6MTA4NjgsInVybCI6Imh0dHBzOlwvXC93ZXN0b25jbGltYXRlLmNvbVwvd3AtY29udGVudFwvdXBsb2Fkc1wvMjAyNlwvMDFcL1dFU1RPTi1DTElNQVRFX2VoaXR1c3Rvb2RfMy0xLnBuZyIsInNsaWRlc2hvdyI6ImEwNjI2MTkifQ%3D%3D\">\n\t\t\t\t\t<div class=\"e-gallery-image elementor-gallery-item__image\" data-thumbnail=\"https:\/\/westonclimate.com\/wp-content\/uploads\/2026\/01\/WESTON-CLIMATE_ehitustood_3-1-300x300.png\" data-width=\"300\" data-height=\"300\" aria-label=\"\" role=\"img\" ><\/div>\n\t\t\t\t\t\t\t\t\t\t\t<div class=\"elementor-gallery-item__overlay\"><\/div>\n\t\t\t\t\t\t\t\t\t\t\t\t\t\t<\/a>\n\t\t\t\t\t\t\t<a class=\"e-gallery-item elementor-gallery-item elementor-animated-content\" href=\"https:\/\/westonclimate.com\/wp-content\/uploads\/2026\/01\/WESTON-CLIMATE_ehitustood-1.png\" data-elementor-open-lightbox=\"yes\" data-elementor-lightbox-slideshow=\"a062619\" data-elementor-lightbox-title=\"WESTON CLIMATE_ehitust\u00f6\u00f6d (1)\" data-e-action-hash=\"#elementor-action%3Aaction%3Dlightbox%26settings%3DeyJpZCI6MTA4NjksInVybCI6Imh0dHBzOlwvXC93ZXN0b25jbGltYXRlLmNvbVwvd3AtY29udGVudFwvdXBsb2Fkc1wvMjAyNlwvMDFcL1dFU1RPTi1DTElNQVRFX2VoaXR1c3Rvb2QtMS5wbmciLCJzbGlkZXNob3ciOiJhMDYyNjE5In0%3D\">\n\t\t\t\t\t<div class=\"e-gallery-image elementor-gallery-item__image\" data-thumbnail=\"https:\/\/westonclimate.com\/wp-content\/uploads\/2026\/01\/WESTON-CLIMATE_ehitustood-1-300x300.png\" data-width=\"300\" data-height=\"300\" aria-label=\"\" role=\"img\" ><\/div>\n\t\t\t\t\t\t\t\t\t\t\t<div class=\"elementor-gallery-item__overlay\"><\/div>\n\t\t\t\t\t\t\t\t\t\t\t\t\t\t<\/a>\n\t\t\t\t\t\t\t<a class=\"e-gallery-item elementor-gallery-item elementor-animated-content\" href=\"https:\/\/westonclimate.com\/wp-content\/uploads\/2026\/01\/WESTON-CLIMATE_ehitustood_2-1.png\" data-elementor-open-lightbox=\"yes\" data-elementor-lightbox-slideshow=\"a062619\" data-elementor-lightbox-title=\"WESTON CLIMATE_ehitust\u00f6\u00f6d_2 (1)\" data-e-action-hash=\"#elementor-action%3Aaction%3Dlightbox%26settings%3DeyJpZCI6MTA4NzAsInVybCI6Imh0dHBzOlwvXC93ZXN0b25jbGltYXRlLmNvbVwvd3AtY29udGVudFwvdXBsb2Fkc1wvMjAyNlwvMDFcL1dFU1RPTi1DTElNQVRFX2VoaXR1c3Rvb2RfMi0xLnBuZyIsInNsaWRlc2hvdyI6ImEwNjI2MTkifQ%3D%3D\">\n\t\t\t\t\t<div class=\"e-gallery-image elementor-gallery-item__image\" data-thumbnail=\"https:\/\/westonclimate.com\/wp-content\/uploads\/2026\/01\/WESTON-CLIMATE_ehitustood_2-1-300x300.png\" data-width=\"300\" data-height=\"300\" aria-label=\"\" role=\"img\" ><\/div>\n\t\t\t\t\t\t\t\t\t\t\t<div class=\"elementor-gallery-item__overlay\"><\/div>\n\t\t\t\t\t\t\t\t\t\t\t\t\t\t<\/a>\n\t\t\t\t\t\t\t<a class=\"e-gallery-item elementor-gallery-item elementor-animated-content\" href=\"https:\/\/westonclimate.com\/wp-content\/uploads\/2026\/01\/WESTON-CLIMATE_ehitustood_1-1.png\" data-elementor-open-lightbox=\"yes\" data-elementor-lightbox-slideshow=\"a062619\" data-elementor-lightbox-title=\"WESTON CLIMATE_ehitust\u00f6\u00f6d_1 (1)\" data-e-action-hash=\"#elementor-action%3Aaction%3Dlightbox%26settings%3DeyJpZCI6MTA4NzEsInVybCI6Imh0dHBzOlwvXC93ZXN0b25jbGltYXRlLmNvbVwvd3AtY29udGVudFwvdXBsb2Fkc1wvMjAyNlwvMDFcL1dFU1RPTi1DTElNQVRFX2VoaXR1c3Rvb2RfMS0xLnBuZyIsInNsaWRlc2hvdyI6ImEwNjI2MTkifQ%3D%3D\">\n\t\t\t\t\t<div class=\"e-gallery-image elementor-gallery-item__image\" data-thumbnail=\"https:\/\/westonclimate.com\/wp-content\/uploads\/2026\/01\/WESTON-CLIMATE_ehitustood_1-1-300x300.png\" data-width=\"300\" data-height=\"300\" aria-label=\"\" role=\"img\" ><\/div>\n\t\t\t\t\t\t\t\t\t\t\t<div class=\"elementor-gallery-item__overlay\"><\/div>\n\t\t\t\t\t\t\t\t\t\t\t\t\t\t<\/a>\n\t\t\t\t\t<\/div>\n\t\t\t\t\t<\/div>\n\t\t\t\t<\/div>\n\t\t\t\t<\/div>\n\t\t\t\t\t<\/div>\n\t\t\t\t<\/div>\n\t\t<div class=\"elementor-element elementor-element-907bd34 e-flex e-con-boxed wpr-particle-no wpr-jarallax-no wpr-parallax-no wpr-sticky-section-no wpr-equal-height-no e-con e-parent\" data-id=\"907bd34\" data-element_type=\"container\" data-e-type=\"container\">\n\t\t\t\t\t<div class=\"e-con-inner\">\n\t\t<div class=\"elementor-element elementor-element-840c149 e-con-full e-flex wpr-particle-no wpr-jarallax-no wpr-parallax-no wpr-sticky-section-no wpr-equal-height-no e-con e-child\" data-id=\"840c149\" data-element_type=\"container\" data-e-type=\"container\">\n\t\t\t\t<div class=\"elementor-element elementor-element-257bd29 elementor-widget elementor-widget-text-editor\" data-id=\"257bd29\" data-element_type=\"widget\" data-e-type=\"widget\" data-widget_type=\"text-editor.default\">\n\t\t\t\t<div class=\"elementor-widget-container\">\n\t\t\t\t\t\t\t\t\t<p style=\"text-align: left;\">Teeme soojuspumpade, kliima- ja ventilatsiooniseadmete paigaldamisel koost\u00f6\u00f6d ettev\u00f5ttega Meisterviimistlus, kel on ehitus- ja remondivallas mitme k\u00fcmnendi pikkune kogemus. Koost\u00f6\u00f6s saame pakkuda oma klientidele 100% t\u00e4isteenust ning hoolitseda k\u00f5ikide k\u00fctte- ja ventilatsiooniseadmete paigaldusega kaasnevate ehitus-, remondi- ja viimistlust\u00f6\u00f6de kvaliteetse teostuse eest!<\/p>\n<p style=\"text-align: left;\">Koost\u00f6\u00f6s pakume j\u00e4rgmisi teenuseid:<\/p>\n<p style=\"text-align: left;\"><strong>Ehitust\u00f6\u00f6d:&nbsp;<\/strong><\/p>\n<ul style=\"text-align: left;\">\n<li>betoonit\u00f6\u00f6d ja vundamentide ehitus,<\/li>\n<li>m\u00fc\u00fcrit\u00f6\u00f6d,&nbsp;<\/li>\n<li>kommunikatsioonide rajamine,&nbsp;vee- ja kanalisatsioonit\u00f6\u00f6d,&nbsp;<\/li>\n<li>elektrit\u00f6\u00f6d,&nbsp;<\/li>\n<li>h\u00fcdroisolatsiooni- ja soojustust\u00f6\u00f6d,&nbsp;<\/li>\n<li>fassaadit\u00f6\u00f6d,&nbsp;fassaadi soojustuse paigaldus, krohvimine, laudise v\u00f5i muu fassaadikatte paigaldus,<\/li>\n<li>vundamendi soojustamine,<\/li>\n<li>katuse ehitamine,&nbsp;<\/li>\n<li>akende ja uste paigaldus,&nbsp;<\/li>\n<li>siseseinte ehitus,<\/li>\n<li>WC-de ja vannitubade ehitamine,<\/li>\n<li>sauna ehitamine,<\/li>\n<li>ventilatsiooni- ja k\u00fctteseadmete paigaldus,<\/li>\n<li>k\u00f5ik siseviimistlust\u00f6\u00f6d,<\/li>\n<li>ehitusj\u00e4rgne koristamine ning tekkinud j\u00e4\u00e4tmete utiliseerime.<\/li>\n<\/ul>\n<div style=\"text-align: left;\">&nbsp;<\/div>\n<p style=\"text-align: left;\"><strong>Remondit\u00f6\u00f6d:&nbsp;<\/strong><\/p>\n<ul style=\"text-align: left;\">\n<li>pisiremontt\u00f6\u00f6d,<\/li>\n<li>vaheseinte ehitamine,&nbsp;<\/li>\n<li>kipsi- ja karkassit\u00f6\u00f6d, laekarniiside ehitus,<\/li>\n<li>p\u00f5randate ja aluspindade remont ja ehitus,&nbsp;p\u00f5randate valamine, p\u00f5randamaterjalide paigaldus ja viimistlemine: parkett-, laud-, laminaat-, kork-, linoleump\u00f5randakattematerjalide paigaldus,<\/li>\n<li>vannitoa, WC ja sauna remont,&nbsp;<\/li>\n<li>h\u00fcdroisolatsiooni- ja torut\u00f6\u00f6d,<\/li>\n<li>du\u0161\u0161irennide,&nbsp;rennitrappide,&nbsp;trappide ja muu \u00e4ravoolu paigaldus,&nbsp;<\/li>\n<li>du\u0161\u0161ikabiinide ehitus,&nbsp;du\u0161\u0161iseinte ja vanniseinte paigaldus,&nbsp;<\/li>\n<li>sauna ehitus,&nbsp;<\/li>\n<li>k\u00f5ik elektrit\u00f6\u00f6d,&nbsp;elektrikilbi montaa\u017e,&nbsp;<\/li>\n<li>valgustuse ja LED lahenduste paigaldus,&nbsp;<\/li>\n<li>soojustuse paigaldus,&nbsp;<\/li>\n<li>akende ja uste vahetamine,&nbsp;<\/li>\n<li>k\u00f5ikide pindade viimistlus (seinte loodimine, pahteldamine, v\u00e4rvimine, krohvimine, tapeetimine),&nbsp;<\/li>\n<li>plaatimine ja vuukimine,&nbsp;plaaditud p\u00f5randate ja seinte remont ning vuukide uuendamine,&nbsp;<\/li>\n<li>mikrotsemendi paigaldus,&nbsp;<\/li>\n<li>santehnika ja m\u00f6\u00f6bli paigaldus,&nbsp;<\/li>\n<li>ventilatsioonit\u00f6\u00f6d,<\/li>\n<li>fassaadi hermetiseerimine<\/li>\n<li>katuse parandamine<\/li>\n<li>lammutust\u00f6\u00f6d ja materjali utiliseerimine,<\/li>\n<\/ul>\n<div style=\"text-align: left;\">&nbsp;<\/div>\n<p style=\"text-align: left;\"><strong>Viimistlust\u00f6\u00f6d:&nbsp;<\/strong><\/p>\n<ul style=\"text-align: left;\">\n<li>aluspindade ettevalmistus,&nbsp;<\/li>\n<li>pahteldamine, krohvimine, maalrit\u00f6\u00f6,<\/li>\n<li>plaatimine (ka suurte marmor- ja graniitpindade rajamine ning mikrotsemendi paigalduse) ja vuukimine,&nbsp;<\/li>\n<li>tapeedi paigaldus,&nbsp;<\/li>\n<li>laekarniiside ehitamine,&nbsp;<\/li>\n<li>liistude paigaldus.<\/li>\n<\/ul>\n<div style=\"text-align: left;\">&nbsp;<\/div>\n<p style=\"text-align: left;\"><strong>Elektrit\u00f6\u00f6d:&nbsp;<\/strong><\/p>\n<ul style=\"text-align: left;\">\n<li>elektrikilbi montaa\u017e,&nbsp;<\/li>\n<li>kaablit\u00f6\u00f6d,&nbsp;<\/li>\n<li>valgustite paigaldus ja efektvalgustuse planeerimine,&nbsp;LED valgustuse ja timmerite paigaldus,&nbsp;<\/li>\n<li>valgustatud karniiside ehitamine,&nbsp;<\/li>\n<li>pistikute ja vahel\u00fclitite paigaldus,&nbsp;<\/li>\n<li>internetijuhtmete ja internetil\u00fclitite paigaldus,&nbsp;<\/li>\n<li>elektriseadmete paigaldus,<\/li>\n<li>signalisatsiooni jm n\u00f5rkvoolut\u00f6\u00f6d.<\/li>\n<\/ul>\n<div style=\"text-align: left;\">&nbsp;<\/div>\n<p style=\"text-align: left;\"><strong>\u00d5uealade ja aedade rajamise t\u00f6\u00f6d:&nbsp;<\/strong><\/p>\n<ul style=\"text-align: left;\">\n<li>terrassi ja varjualuste ehitus<\/li>\n<li>aia ehitamine,&nbsp;<\/li>\n<li>t\u00e4navakivide paigaldus,&nbsp;<\/li>\n<li>aiateede rajamine,&nbsp;<\/li>\n<li>parkimisalade ja istumisalade rajamine,&nbsp;<\/li>\n<li>kuuri, aiamaja ja aiapaviljoni ehitamine,&nbsp;<\/li>\n<li>sauna ehitus,&nbsp;<\/li>\n<li>mitmesugused kaeve- ja planeerimist\u00f6\u00f6d,&nbsp;<\/li>\n<li>drenaa\u017ei paigaldus.<\/li>\n<\/ul>\n<div style=\"text-align: left;\">&nbsp;<\/div>\t\t\t\t\t\t\t\t<\/div>\n\t\t\t\t<\/div>\n\t\t\t\t<\/div>\n\t\t\t\t\t<\/div>\n\t\t\t\t<\/div>\n\t\t<div class=\"elementor-element elementor-element-61ac50a e-flex e-con-boxed wpr-particle-no wpr-jarallax-no wpr-parallax-no wpr-sticky-section-no wpr-equal-height-no e-con e-parent\" data-id=\"61ac50a\" data-element_type=\"container\" data-e-type=\"container\">\n\t\t\t\t\t<div class=\"e-con-inner\">\n\t\t<div class=\"elementor-element elementor-element-dfb7872 e-con-full e-flex wpr-particle-no wpr-jarallax-no wpr-parallax-no wpr-sticky-section-no wpr-equal-height-no e-con e-child\" data-id=\"dfb7872\" data-element_type=\"container\" data-e-type=\"container\">\n\t\t\t\t<div class=\"elementor-element elementor-element-25395b3 elementor-widget__width-initial elementor-widget elementor-widget-heading\" data-id=\"25395b3\" data-element_type=\"widget\" data-e-type=\"widget\" data-widget_type=\"heading.default\">\n\t\t\t\t<div class=\"elementor-widget-container\">\n\t\t\t\t\t<h1 class=\"elementor-heading-title elementor-size-default\">Saada meile p\u00e4ring!<\/h1>\t\t\t\t<\/div>\n\t\t\t\t<\/div>\n\t\t\t\t<div class=\"elementor-element elementor-element-c0858c7 elementor-widget elementor-widget-text-editor\" data-id=\"c0858c7\" data-element_type=\"widget\" data-e-type=\"widget\" data-widget_type=\"text-editor.default\">\n\t\t\t\t<div class=\"elementor-widget-container\">\n\t\t\t\t\t\t\t\t\t<p>T\u00e4ida allolev vorm ning saadame Sulle parima pakkumise!<\/p>\t\t\t\t\t\t\t\t<\/div>\n\t\t\t\t<\/div>\n\t\t\t\t<\/div>\n\t\t\t\t<div class=\"elementor-element elementor-element-2549418 fluent-form-widget-step-header-yes fluent-form-widget-step-progressbar-yes fluentform-widget-submit-button-custom elementor-widget elementor-widget-fluent-form-widget\" data-id=\"2549418\" data-element_type=\"widget\" data-e-type=\"widget\" data-widget_type=\"fluent-form-widget.default\">\n\t\t\t\t<div class=\"elementor-widget-container\">\n\t\t\t\t\t\n            <div class=\"fluentform-widget-wrapper fluentform-widget-align-default\">\n\n            \n            <div class='fluentform ff-default fluentform_wrapper_12 ffs_custom_wrap'><form data-form_id=\"12\" id=\"fluentform_12\" class=\"frm-fluent-form fluent_form_12 ff-el-form-top ff_form_instance_12_1 ff-form-loading ffs_custom\" data-form_instance=\"ff_form_instance_12_1\" method=\"POST\" ><fieldset  style=\"border: none!important;margin: 0!important;padding: 0!important;background-color: transparent!important;box-shadow: none!important;outline: none!important; min-inline-size: 100%;\">\n                    <legend class=\"ff_screen_reader_title\" style=\"display: block; margin: 0!important;padding: 0!important;height: 0!important;text-indent: -999999px;width: 0!important;overflow:hidden;\">Ehitust\u00f6\u00f6d<\/legend><input type='hidden' name='__fluent_form_embded_post_id' value='10864' \/><input type=\"hidden\" id=\"_fluentform_12_fluentformnonce\" name=\"_fluentform_12_fluentformnonce\" value=\"cb2b0fae26\" \/><input type=\"hidden\" name=\"_wp_http_referer\" value=\"\/en\/wp-json\/wp\/v2\/pages\/10864\" \/><div data-type=\"name-element\" data-name=\"names\" class=\" ff-field_container ff-name-field-wrapper\" ><div class='ff-t-container'><div class='ff-t-cell '><div class='ff-el-group  ff-el-form-hide_label'><div class=\"ff-el-input--label ff-el-is-required asterisk-right\"><label for='ff_12_names_first_name_' id='label_ff_12_names_first_name_' >Eesnimi<\/label><\/div><div class='ff-el-input--content'><input type=\"text\" name=\"names[first_name]\" id=\"ff_12_names_first_name_\" class=\"ff-el-form-control\" placeholder=\"Eesnimi\" aria-invalid=\"false\" aria-required=true><\/div><\/div><\/div><div class='ff-t-cell '><div class='ff-el-group  ff-el-form-hide_label'><div class=\"ff-el-input--label ff-el-is-required asterisk-right\"><label for='ff_12_names_last_name_' id='label_ff_12_names_last_name_' >Perekonnanimi<\/label><\/div><div class='ff-el-input--content'><input type=\"text\" name=\"names[last_name]\" id=\"ff_12_names_last_name_\" class=\"ff-el-form-control\" placeholder=\"Perekonnanimi\" aria-invalid=\"false\" aria-required=true><\/div><\/div><\/div><\/div><\/div><div class='ff-el-group ff-el-form-hide_label'><div class=\"ff-el-input--label ff-el-is-required asterisk-right\"><label for='ff_12_email' id='label_ff_12_email' aria-label=\"Email\">Email<\/label><\/div><div class='ff-el-input--content'><input type=\"email\" name=\"email\" id=\"ff_12_email\" class=\"ff-el-form-control\" placeholder=\"Email\" data-name=\"email\"  aria-invalid=\"false\" aria-required=true><\/div><\/div><div class='ff-el-group ff-el-form-hide_label'><div class=\"ff-el-input--label asterisk-right\"><label for='ff_12_phone' id='label_ff_12_phone' aria-label=\"Phone\/Mobile\">Phone\/Mobile<\/label><\/div><div class='ff-el-input--content'><input name=\"phone\" class=\"ff-el-form-control ff-el-phone\" type=\"tel\" placeholder=\"Telefon\" data-name=\"phone\" id=\"ff_12_phone\" inputmode=\"tel\"  aria-invalid='false' aria-required=false><\/div><\/div><div class='ff-el-group ff-el-form-hide_label'><div class=\"ff-el-input--label asterisk-right\"><label for='ff_12_message' id='label_ff_12_message' aria-label=\"Lisainfo (palun t\u00e4psustage, kas tegemist on uusehitusega v\u00f5i varasema s\u00fcsteemi renoveerimisega; kas hoones on\/ v\u00f5i on planeeritud radiaatorid v\u00f5i vesi-p\u00f5randk\u00fcte; kas soovite soojendada ka tarbevett)\">Lisainfo (palun t\u00e4psustage, kas tegemist on uusehitusega v\u00f5i varasema s\u00fcsteemi renoveerimisega; kas hoones on\/ v\u00f5i on planeeritud radiaatorid v\u00f5i vesi-p\u00f5randk\u00fcte; kas soovite soojendada ka tarbevett)<\/label><\/div><div class='ff-el-input--content'><textarea aria-required=\"false\" aria-labelledby=\"label_ff_12_message\" name=\"message\" id=\"ff_12_message\" class=\"ff-el-form-control\" placeholder=\"Lisainfo\" rows=\"4\" cols=\"2\" data-name=\"message\" ><\/textarea><\/div><\/div><div class='ff-el-group ff-text-left ff_submit_btn_wrapper'><button type=\"submit\" class=\"ff-btn ff-btn-submit ff-btn-lg ff_btn_style wpf_has_custom_css\"  aria-label=\"Saada\">Saada<\/button><\/div><\/fieldset><\/form><div id='fluentform_12_errors' class='ff-errors-in-stack ff_form_instance_12_1 ff-form-loading_errors ff_form_instance_12_1_errors'><\/div><\/div>            <script type=\"text\/javascript\">\n                window.fluent_form_ff_form_instance_12_1 = {\"id\":\"12\",\"settings\":{\"layout\":{\"labelPlacement\":\"top\",\"helpMessagePlacement\":\"with_label\",\"errorMessagePlacement\":\"inline\",\"cssClassName\":\"\",\"asteriskPlacement\":\"asterisk-right\"},\"restrictions\":{\"denyEmptySubmission\":{\"enabled\":false}}},\"form_instance\":\"ff_form_instance_12_1\",\"form_id_selector\":\"fluentform_12\",\"rules\":{\"names[first_name]\":{\"required\":{\"value\":true,\"message\":\"This field is required\",\"global\":false,\"global_message\":\"This field is required\"}},\"names[middle_name]\":{\"required\":{\"value\":false,\"message\":\"This field is required\",\"global\":false,\"global_message\":\"This field is required\"}},\"names[last_name]\":{\"required\":{\"value\":true,\"message\":\"This field is required\",\"global\":false,\"global_message\":\"This field is required\"}},\"email\":{\"required\":{\"value\":true,\"message\":\"This field is required\",\"global\":false,\"global_message\":\"This field is required\"},\"email\":{\"value\":true,\"message\":\"This field must contain a valid email\",\"global\":false,\"global_message\":\"This field must contain a valid email\"}},\"phone\":{\"required\":{\"value\":false,\"global\":true,\"message\":\"This field is required\",\"global_message\":\"This field is required\"},\"valid_phone_number\":{\"value\":false,\"global\":true,\"message\":\"Phone number is not valid\",\"global_message\":\"Phone number is not valid\"}},\"message\":{\"required\":{\"value\":false,\"message\":\"This field is required\",\"global\":false,\"global_message\":\"This field is required\"}}},\"debounce_time\":300};\n                            <\/script>\n                        <\/div>\n\n            \t\t\t\t<\/div>\n\t\t\t\t<\/div>\n\t\t\t\t\t<\/div>\n\t\t\t\t<\/div>\n\t\t\t\t<\/div>\n\t\t","protected":false},"excerpt":{"rendered":"<p>K\u00f5ik \u00fchest kohast: ehitust\u00f6\u00f6d vundamendist ventilatsioonini soojuspumpade, kliima- ja ventilatsiooniseadmete paigaldus koos selleks vajalike ehitus-, remondi- ja viimistlust\u00f6\u00f6dega Kvalifikatsiooniga meistrimeestelt k\u00f5ik ehitus-, remont- ja viimistlust\u00f6\u00f6d 100% t\u00e4isteenusena! Teeme soojuspumpade, kliima- ja ventilatsiooniseadmete paigaldamisel koost\u00f6\u00f6d ettev\u00f5ttega Meisterviimistlus, kel on ehitus- ja remondivallas mitme k\u00fcmnendi pikkune kogemus. Koost\u00f6\u00f6s saame pakkuda oma klientidele 100% t\u00e4isteenust ning hoolitseda k\u00f5ikide k\u00fctte- ja ventilatsiooniseadmete paigaldusega kaasnevate ehitus-, remondi- ja viimistlust\u00f6\u00f6de kvaliteetse teostuse eest! Koost\u00f6\u00f6s pakume j\u00e4rgmisi teenuseid: Ehitust\u00f6\u00f6d:&nbsp; betoonit\u00f6\u00f6d ja vundamentide ehitus, m\u00fc\u00fcrit\u00f6\u00f6d,&nbsp; kommunikatsioonide rajamine,&nbsp;vee- ja kanalisatsioonit\u00f6\u00f6d,&nbsp; elektrit\u00f6\u00f6d,&nbsp; h\u00fcdroisolatsiooni- ja soojustust\u00f6\u00f6d,&nbsp; fassaadit\u00f6\u00f6d,&nbsp;fassaadi soojustuse paigaldus, krohvimine, laudise v\u00f5i muu fassaadikatte paigaldus, vundamendi soojustamine, katuse ehitamine,&nbsp; akende ja uste paigaldus,&nbsp; siseseinte ehitus, WC-de ja vannitubade ehitamine, sauna ehitamine, ventilatsiooni- ja k\u00fctteseadmete paigaldus, k\u00f5ik siseviimistlust\u00f6\u00f6d, ehitusj\u00e4rgne koristamine ning tekkinud j\u00e4\u00e4tmete utiliseerime. &nbsp; Remondit\u00f6\u00f6d:&nbsp; pisiremontt\u00f6\u00f6d, vaheseinte ehitamine,&nbsp; kipsi- ja karkassit\u00f6\u00f6d, laekarniiside ehitus, p\u00f5randate ja aluspindade remont ja ehitus,&nbsp;p\u00f5randate valamine, p\u00f5randamaterjalide paigaldus ja viimistlemine: parkett-, laud-, laminaat-, kork-, linoleump\u00f5randakattematerjalide paigaldus, vannitoa, WC ja sauna remont,&nbsp; h\u00fcdroisolatsiooni- ja torut\u00f6\u00f6d, du\u0161\u0161irennide,&nbsp;rennitrappide,&nbsp;trappide ja muu \u00e4ravoolu paigaldus,&nbsp; du\u0161\u0161ikabiinide ehitus,&nbsp;du\u0161\u0161iseinte ja vanniseinte paigaldus,&nbsp; sauna ehitus,&nbsp; k\u00f5ik elektrit\u00f6\u00f6d,&nbsp;elektrikilbi montaa\u017e,&nbsp; valgustuse ja LED lahenduste paigaldus,&nbsp; soojustuse paigaldus,&nbsp; akende ja uste vahetamine,&nbsp; k\u00f5ikide pindade viimistlus (seinte loodimine, pahteldamine, v\u00e4rvimine, krohvimine, tapeetimine),&nbsp; plaatimine ja vuukimine,&nbsp;plaaditud p\u00f5randate ja seinte remont ning vuukide uuendamine,&nbsp; mikrotsemendi paigaldus,&nbsp; santehnika ja m\u00f6\u00f6bli paigaldus,&nbsp; ventilatsioonit\u00f6\u00f6d, fassaadi hermetiseerimine katuse parandamine lammutust\u00f6\u00f6d ja materjali utiliseerimine, &nbsp; Viimistlust\u00f6\u00f6d:&nbsp; aluspindade ettevalmistus,&nbsp; pahteldamine, krohvimine, maalrit\u00f6\u00f6, plaatimine (ka suurte marmor- ja graniitpindade rajamine ning mikrotsemendi paigalduse) ja vuukimine,&nbsp; tapeedi paigaldus,&nbsp; laekarniiside ehitamine,&nbsp; liistude paigaldus. &nbsp; Elektrit\u00f6\u00f6d:&nbsp; elektrikilbi montaa\u017e,&nbsp; kaablit\u00f6\u00f6d,&nbsp; valgustite paigaldus ja efektvalgustuse planeerimine,&nbsp;LED valgustuse ja timmerite paigaldus,&nbsp; valgustatud karniiside ehitamine,&nbsp; pistikute ja vahel\u00fclitite paigaldus,&nbsp; internetijuhtmete ja internetil\u00fclitite paigaldus,&nbsp; elektriseadmete paigaldus, signalisatsiooni jm n\u00f5rkvoolut\u00f6\u00f6d. &nbsp; \u00d5uealade ja aedade rajamise t\u00f6\u00f6d:&nbsp; terrassi ja varjualuste ehitus aia ehitamine,&nbsp; t\u00e4navakivide paigaldus,&nbsp; aiateede rajamine,&nbsp; parkimisalade ja istumisalade rajamine,&nbsp; kuuri, aiamaja ja aiapaviljoni ehitamine,&nbsp; sauna ehitus,&nbsp; mitmesugused kaeve- ja planeerimist\u00f6\u00f6d,&nbsp; drenaa\u017ei paigaldus. &nbsp; Saada meile p\u00e4ring! T\u00e4ida allolev vorm ning saadame Sulle parima pakkumise! Ehitust\u00f6\u00f6d EesnimiPerekonnanimiEmailPhone\/MobileLisainfo (palun t\u00e4psustage, kas tegemist on uusehitusega v\u00f5i varasema s\u00fcsteemi renoveerimisega; kas hoones on\/ v\u00f5i on planeeritud radiaatorid v\u00f5i vesi-p\u00f5randk\u00fcte; kas soovite soojendada ka tarbevett)Saada<\/p>","protected":false},"author":20,"featured_media":0,"parent":0,"menu_order":0,"comment_status":"closed","ping_status":"closed","template":"","meta":{"footnotes":""},"class_list":["post-10864","page","type-page","status-publish","hentry"],"_links":{"self":[{"href":"https:\/\/westonclimate.com\/en\/wp-json\/wp\/v2\/pages\/10864","targetHints":{"allow":["GET"]}}],"collection":[{"href":"https:\/\/westonclimate.com\/en\/wp-json\/wp\/v2\/pages"}],"about":[{"href":"https:\/\/westonclimate.com\/en\/wp-json\/wp\/v2\/types\/page"}],"author":[{"embeddable":true,"href":"https:\/\/westonclimate.com\/en\/wp-json\/wp\/v2\/users\/20"}],"replies":[{"embeddable":true,"href":"https:\/\/westonclimate.com\/en\/wp-json\/wp\/v2\/comments?post=10864"}],"version-history":[{"count":69,"href":"https:\/\/westonclimate.com\/en\/wp-json\/wp\/v2\/pages\/10864\/revisions"}],"predecessor-version":[{"id":11499,"href":"https:\/\/westonclimate.com\/en\/wp-json\/wp\/v2\/pages\/10864\/revisions\/11499"}],"wp:attachment":[{"href":"https:\/\/westonclimate.com\/en\/wp-json\/wp\/v2\/media?parent=10864"}],"curies":[{"name":"wp","href":"https:\/\/api.w.org\/{rel}","templated":true}]}}