{"id":3610,"date":"2024-06-20T14:48:20","date_gmt":"2024-06-20T14:48:20","guid":{"rendered":"https:\/\/wmdcompany.eu\/?post_type=product&#038;p=3610"},"modified":"2025-12-23T15:05:22","modified_gmt":"2025-12-23T15:05:22","slug":"weston-climate-soojustagastusega-ventilatsiooniseade-vch-cvh-250-500m3-h","status":"publish","type":"product","link":"https:\/\/westonclimate.com\/en\/tooted\/weston-climate-heat-recovery-ventilation-unit-vch-cvh-250-500m3-h\/","title":{"rendered":"Weston Climate thermal recovery ventilation unit VCH-CVH 250-500m3\/h"},"content":{"rendered":"<p><strong>Features:<\/strong><\/p>\n<ul>\n<li>Energy efficiency up to 95%.<\/li>\n<li>Low energy consumption EC fans with continuous air flow, 4 speeds.<\/li>\n<li>Maximum efficiency in all conditions thanks to continuous flow regulation.<\/li>\n<li>Supply air purification with main filter (G4) and medium filter (F7) is optional.<\/li>\n<li>Standard 100% bypass.<\/li>\n<li>Ecodesign A or A+ label.<\/li>\n<li>An enthalpy exchanger is available to better balance indoor humidity during the winter season.<\/li>\n<li>The lowest operating noise is 31 dB(A).<\/li>\n<li>Two installation options.<\/li>\n<li>Smartphone control: Android\/IOS.<\/li>\n<li>Group management.<\/li>\n<\/ul>\n<p>&nbsp;<\/p>\n<p><strong>Body:<\/strong><\/p>\n<ul>\n<li>The internal structure is made of EPP material, which is light, heat-saving, quiet, environmentally friendly, odourless, etc. It has good air tightness and thermal insulation properties.<\/li>\n<\/ul>\n<p>&nbsp;<\/p>\n<p><strong>Air filtration:<\/strong><\/p>\n<ul>\n<li>The Airwood\/Holtop fresh air ventilation unit with heat recovery has two filters. These filters remove dust from the air 95%. A high performance fine dust filter (F7) is available as an option, ideal for high dust areas such as highways and airports. People allergic to airborne or fine dust will benefit greatly from these filters.<\/li>\n<li>The bypass includes a separate main filter to ensure clean incoming air.<\/li>\n<\/ul>\n<div>\n<p>&nbsp;<\/p>\n<p class=\"Heading51\"><strong><span lang=\"ET\">Continuous airflow EC filters:<\/span><\/strong><\/p>\n<ul>\n<li>Ainulaadsete pideva \u00f5huvoolu ventilaatorite kasutamine tagab eelseadistatud \u00f5huvoolukiirused ning tasakaalu toite- ja heit\u00f5hu vahel. Tasakaalustatud ventilatsioon tagab alati suure t\u00f5hususe &#8211; olenemata kanalis\u00fcsteemi takistusest v\u00f5i m\u00e4\u00e4rdunud filtritest. Samuti s\u00e4\u00e4stab see aega s\u00fcsteemi kasutuselev\u00f5tul.<\/li>\n<\/ul>\n<p>&nbsp;<\/p>\n<p class=\"Heading51\"><strong><span lang=\"ET\">Last week:<\/span><\/strong><\/p>\n<ul>\n<li>In summer, the 100% bypass contributes to improved comfort and is automatically controlled based on measured outdoor temperatures.<\/li>\n<\/ul>\n<div>\n<p>&nbsp;<\/p>\n<p class=\"Heading51\"><strong><span lang=\"ET\">Flexible installation:<\/span><\/strong><\/p>\n<ul>\n<li>\n<div><span lang=\"ET\">There is a left or right option. The installation option can be adapted on site to meet different installation requirements.<\/span><\/div>\n<\/li>\n<\/ul>\n<\/div>\n<\/div>\n<p>&nbsp;<\/p>\n<p><strong>Technical information:<\/strong><\/p>\n<ul>\n<li><span lang=\"ET\">Equipment voltage (V\/50 (60) Hz): 230<\/span><\/li>\n<li><span lang=\"ET\">Air flow (m\u00b3\/h):\u00a0<em><strong>250-500<\/strong><\/em><\/span><\/li>\n<li>\n<div><span lang=\"ET\">External static pressure (Pa):\u00a0<em><strong>130-160<\/strong><\/em><\/span><\/div>\n<\/li>\n<li>\n<div>Energy efficiency (%): 95<\/div>\n<\/li>\n<li>\n<div>Max power (W):\u00a0<em><strong>137-412<\/strong><\/em><\/div>\n<\/li>\n<li>\n<div>Air temperature during transportation (\u00b0C): -25 to +40<\/div>\n<\/li>\n<li>\n<div>Housing material: galvanised steel<\/div>\n<\/li>\n<li>\n<div>Insulation: EPP<\/div>\n<\/li>\n<li>\n<div>Connected air duct diameter (mm):\u00a0<em><strong>144-196<\/strong><\/em><\/div>\n<\/li>\n<li>\n<div>Noise (dB(A))*:\u00a0<em><strong>35-39<\/strong><\/em><\/div>\n<\/li>\n<li>\n<div>Energy efficiency class: A+<\/div>\n<\/li>\n<li>\n<div>Weight (kg):\u00a0<em><strong>40-50<\/strong><\/em><\/div>\n<div>\n<div>\n<div><\/div>\n<\/div>\n<div>*\u00a0<i><span lang=\"ET\">Note: This noise level is measured at the 70% maximum air flow and static pressure of 50 Pa.<\/span><\/i><\/div>\n<\/div>\n<\/li>\n<\/ul>","protected":false},"excerpt":{"rendered":"<p style=\"font-weight: 400;\"><strong>Weston Climate vertical heat recovery ventilation unit VCH-CVH<\/strong> brings in fresh air and creates a healthy living environment with oxygen, comfortable temperature and humidity, and constant dust-free air. The fresh air intake and the exhaust are in the right balance. The air currents do not mix but remain separate. There is heat transfer from the extract air to the cold incoming air. This means that the cold outside air is heated \"for free\", i.e. no energy is wasted.<\/p>\n<p style=\"font-weight: 400;\"><strong>Energy efficiency up to 95%.<\/strong> High-efficiency thermal insulation keeps the incoming fresh air temperature close to the indoor temperature, which significantly increases indoor comfort. It also helps to reduce the size of the HVAC equipment needed, because it does not have to work as hard to heat and cool when the incoming air is conditioned by a fan with thermal efficiency. This benefits the end-users by increasing their comfort and reducing their energy bills. And reducing the need for fossil fuels also benefits our environment.<\/p>\n<p><strong>Delivery time up to 45 working days.<\/strong><\/p>","protected":false},"featured_media":7682,"template":"","meta":[],"product_brand":[],"product_cat":[122,35],"product_tag":[],"class_list":{"0":"post-3610","1":"product","2":"type-product","3":"status-publish","4":"has-post-thumbnail","6":"product_cat-vertikaalsed","7":"product_cat-ventilatsiooniseadmed","9":"first","10":"instock","11":"taxable","12":"shipping-taxable","13":"purchasable","14":"product-type-variable"},"_links":{"self":[{"href":"https:\/\/westonclimate.com\/en\/wp-json\/wp\/v2\/product\/3610","targetHints":{"allow":["GET"]}}],"collection":[{"href":"https:\/\/westonclimate.com\/en\/wp-json\/wp\/v2\/product"}],"about":[{"href":"https:\/\/westonclimate.com\/en\/wp-json\/wp\/v2\/types\/product"}],"version-history":[{"count":8,"href":"https:\/\/westonclimate.com\/en\/wp-json\/wp\/v2\/product\/3610\/revisions"}],"predecessor-version":[{"id":9304,"href":"https:\/\/westonclimate.com\/en\/wp-json\/wp\/v2\/product\/3610\/revisions\/9304"}],"wp:featuredmedia":[{"embeddable":true,"href":"https:\/\/westonclimate.com\/en\/wp-json\/wp\/v2\/media\/7682"}],"wp:attachment":[{"href":"https:\/\/westonclimate.com\/en\/wp-json\/wp\/v2\/media?parent=3610"}],"wp:term":[{"taxonomy":"product_brand","embeddable":true,"href":"https:\/\/westonclimate.com\/en\/wp-json\/wp\/v2\/product_brand?post=3610"},{"taxonomy":"product_cat","embeddable":true,"href":"https:\/\/westonclimate.com\/en\/wp-json\/wp\/v2\/product_cat?post=3610"},{"taxonomy":"product_tag","embeddable":true,"href":"https:\/\/westonclimate.com\/en\/wp-json\/wp\/v2\/product_tag?post=3610"}],"curies":[{"name":"wp","href":"https:\/\/api.w.org\/{rel}","templated":true}]}}