{"id":3532,"date":"2024-06-18T14:27:19","date_gmt":"2024-06-18T14:27:19","guid":{"rendered":"https:\/\/wmdcompany.eu\/?page_id=3532"},"modified":"2025-09-24T07:01:31","modified_gmt":"2025-09-24T07:01:31","slug":"muugitingimused","status":"publish","type":"page","link":"https:\/\/westonclimate.com\/es\/otras-condiciones\/","title":{"rendered":"Condiciones de venta"},"content":{"rendered":"<div data-elementor-type=\"wp-page\" data-elementor-id=\"3532\" class=\"elementor elementor-3532\" data-elementor-post-type=\"page\">\n\t\t\t\t<div class=\"elementor-element elementor-element-273dbb49 e-flex e-con-boxed wpr-particle-no wpr-jarallax-no wpr-parallax-no wpr-sticky-section-no wpr-equal-height-no e-con e-parent\" data-id=\"273dbb49\" data-element_type=\"container\" data-e-type=\"container\">\n\t\t\t\t\t<div class=\"e-con-inner\">\n\t\t\t\t<div class=\"elementor-element elementor-element-6e2af5c0 elementor-widget elementor-widget-text-editor\" data-id=\"6e2af5c0\" data-element_type=\"widget\" data-e-type=\"widget\" data-widget_type=\"text-editor.default\">\n\t\t\t\t<div class=\"elementor-widget-container\">\n\t\t\t\t\t\t\t\t\t<h1 id=\"veebipoe-m\u00fc\u00fcgitingimused\">Condiciones generales de venta<\/h1><p>Tienda en l\u00ednea <a href=\"https:\/\/westonclimate.com\/es\/\" target=\"_blank\" rel=\"noopener\">www.westonclimate.com<\/a>\u00a0(en adelante, la Tienda Online) es propiedad de O\u00dc WMD Company (c\u00f3digo de registro 16170164), con domicilio social en Vabadust pst 174b, Tallin, 10917 Harjumaa, Estonia.<\/p><p><strong><br \/>Validez del contrato de venta, informaci\u00f3n comercial y de precios<\/strong><\/p><p>Los t\u00e9rminos y condiciones de venta se aplican a la compra de productos en la Tienda Online.<\/p><p>Los precios de los productos vendidos en la tienda en l\u00ednea se indican con los productos. El precio est\u00e1 sujeto a gastos de env\u00edo. Todos los precios de los productos vendidos en la tienda online se indican en euros.<\/p><p>Los gastos de env\u00edo dependen de la ubicaci\u00f3n del comprador y del m\u00e9todo de entrega. Los gastos de env\u00edo se muestran al comprador al realizar el pedido.<\/p><p>La informaci\u00f3n sobre los productos se proporciona en la tienda en l\u00ednea directamente junto a los productos.<\/p><p><strong><br \/>Hacer un pedido<\/strong><\/p><p>Para hacer un pedido, debe a\u00f1adir los productos que desee a su cesta de la compra. Para realizar un pedido, debe rellenar los campos obligatorios y seleccionar el m\u00e9todo de entrega adecuado. A continuaci\u00f3n, aparecer\u00e1 en pantalla el importe de la tarifa, que podr\u00e1 abonarse de forma segura a trav\u00e9s de los siguientes m\u00e9todos de pago:<\/p><ul><li><a href=\"https:\/\/maksekeskus.ee\/service\/kaardimaksed\/\" target=\"_blank\" rel=\"noopener\">Pagos con tarjeta Visa\/Mastercard<\/a><\/li><li>Pagos bancarios en Estonia: Swedbank, SEB, Luminor, LHV, Coop Pank, Citadele, Revolut, N26.<\/li><li>Tarjeta regalo estonia: Kniks<\/li><li><a href=\"https:\/\/maksekeskus.ee\/service\/maksa-hiljem-lahendused\/\" target=\"_blank\" rel=\"noopener\">Estonia pagar m\u00e1s tarde soluciones<\/a>: Esto a plazos, Esto 3, Inbank a plazos<\/li><li>Pagos bancarios en Letonia: Swedbank, SEB, Citadele, Luminor, Revolut, N26.<\/li><li>Tarjeta regalo letona: Kniks<\/li><li><a href=\"https:\/\/maksekeskus.ee\/service\/maksa-hiljem-lahendused\/\" target=\"_blank\" rel=\"noopener\">Letonia pagar\u00e1 por soluciones tard\u00edas<\/a>Fraccionamiento bancario<\/li><li>Pagos bancarios en Lituania: Swedbank, SEB, Urbo, LKU, Citadele, \u0160iauliu, Luminor, Revolut, N26.<\/li><li>Tarjeta regalo lituana: Kniks<\/li><li><a href=\"https:\/\/maksekeskus.ee\/service\/maksa-hiljem-lahendused\/\" target=\"_blank\" rel=\"noopener\">Lituania pagar\u00e1 por las soluciones posteriores<\/a>Fraccionamiento bancario<\/li><li>Pagos bancarios en Finlandia: Nordea, Nordea Business, Danske Bank, OP Pohjola, Alandsbanken, Handelsbanken, S-Pankki, Oma S\u00e4\u00e4st\u00f6pankki, S\u00e4\u00e4st\u00f6pankki, POP Pankki, Revolut, N26.<\/li><li>Tarjeta regalo finlandesa: Kniks<\/li><li>Apple Pay<\/li><\/ul><p>Nota: Al pagar por transferencia bancaria, aseg\u00farese de hacer clic en el bot\u00f3n \"Volver al comerciante\" de la p\u00e1gina del banco.<\/p><p>Pagos mediados por <a href=\"http:\/\/www.maksekeskus.ee\/\" target=\"_blank\" rel=\"noopener noreferrer\">Centro de pagos AS<\/a>. El pago tiene lugar fuera de la Tienda Online en un entorno seguro - en el caso de pago por transferencia bancaria en el entorno seguro del banco respectivo y en el caso de pago con tarjeta de cr\u00e9dito en el entorno seguro de Maksekeskus AS. El Vendedor no tiene acceso a los datos bancarios y de la tarjeta de cr\u00e9dito del cliente. El contrato entra en vigor a partir de la fecha de recepci\u00f3n del importe adeudado en la cuenta corriente de la Tienda Online.<\/p><p>El propietario de la tienda online es el responsable del tratamiento de los datos personales y transmite los datos personales necesarios para la ejecuci\u00f3n de los pagos al procesador Maksekeskus AS.<\/p><p>Si la mercanc\u00eda pedida no puede entregarse por haber expirado el plazo de entrega o por cualquier otro motivo, se informar\u00e1 al comprador lo antes posible y se le reembolsar\u00e1 el dinero pagado (incluidos los gastos de env\u00edo) inmediatamente, pero a m\u00e1s tardar 14 d\u00edas despu\u00e9s de la notificaci\u00f3n.<\/p><p><strong><br \/>Entrega en<\/strong><\/p><p>Las mercanc\u00edas se env\u00edan a Estonia, Letonia y Lituania.<\/p><p>Para recoger la mercanc\u00eda, el comprador tiene las siguientes opciones: mensajer\u00eda Venipak, m\u00e1quinas de paqueter\u00eda (Itella Smartpost, Omniva, DPD), la opci\u00f3n de recoger la mercanc\u00eda \u00e9l mismo.<\/p><p>Los gastos de env\u00edo corren a cargo del comprador, y la informaci\u00f3n sobre el precio correspondiente se muestra con el m\u00e9todo de env\u00edo.<\/p><p>Los env\u00edos dentro de Estonia suelen llegar al destino especificado por el comprador en un plazo de 10 d\u00edas laborables a partir de la entrada en vigor del contrato de venta. Fuera de Estonia, la entrega tendr\u00e1 lugar en un plazo de 10 d\u00edas laborables.<\/p><p>En casos excepcionales, tiene derecho a que le entreguemos la mercanc\u00eda en un plazo m\u00e1ximo de 45 d\u00edas naturales.<\/p><p><strong><br \/>Derecho de retractaci\u00f3n<\/strong><\/p><p>Una vez recibido el pedido, el comprador tiene derecho a rescindir el contrato electr\u00f3nico en un plazo de 14 d\u00edas.<\/p><p>El derecho de desistimiento no se aplica si el comprador es una persona jur\u00eddica.<\/p><p>Para ejercer el derecho de desistimiento de 14 d\u00edas, los bienes solicitados no podr\u00e1n utilizarse de forma distinta a la necesaria para comprobar la naturaleza, las caracter\u00edsticas y el funcionamiento de los bienes, del mismo modo que se permite probar los bienes en una tienda f\u00edsica.<\/p><p>Si los bienes han sido utilizados para fines distintos de los necesarios para determinar la naturaleza, las caracter\u00edsticas y el funcionamiento de los bienes, o si los bienes presentan signos de uso o desgaste, la Tienda Online tiene derecho a reducir la tasa reembolsable en funci\u00f3n de la reducci\u00f3n del valor de los bienes.<\/p><p>Para devolver productos, debe presentar un formulario de desistimiento, que encontrar\u00e1 aqu\u00ed: <a href=\"https:\/\/westonclimate.com\/es\/5564-2\/\" target=\"_blank\" rel=\"noopener\"><em>Notificaci\u00f3n de retirada<\/em>\u00a0<\/a>y enviarlo a sales@westonclimate.com en un plazo de 14 d\u00edas a partir de la recepci\u00f3n de la mercanc\u00eda.<\/p><p>Los gastos de devoluci\u00f3n corren a cargo del comprador, a menos que el motivo de la devoluci\u00f3n sea que el producto a devolver no se corresponde con lo que se pidi\u00f3 (por ejemplo, producto equivocado o defectuoso).<\/p><p>El comprador debe devolver la mercanc\u00eda en un plazo de 14 d\u00edas a partir de la fecha de la solicitud o aportar la prueba de que la ha entregado al transportista en ese plazo.<\/p><p>Una vez recibida la mercanc\u00eda devuelta, la tienda online devolver\u00e1 al comprador inmediatamente, y a m\u00e1s tardar en un plazo de 14 d\u00edas a partir de la fecha de recepci\u00f3n del desistimiento, todos los pagos recibidos del comprador en virtud del contrato.<\/p><p>La tienda en l\u00ednea podr\u00e1 negarse a efectuar el reembolso hasta haber recibido los bienes objeto del contrato o hasta que el comprador haya presentado la prueba de que ha devuelto los bienes, seg\u00fan qu\u00e9 condici\u00f3n se cumpla primero.<\/p><p>Si el comprador ha elegido expresamente una modalidad de entrega distinta a la modalidad de entrega m\u00e1s barata ofrecida por la Tienda Online, \u00e9sta no estar\u00e1 obligada a reembolsar al consumidor el coste que exceda del coste de la modalidad de entrega habitual.<\/p><p>La tienda en l\u00ednea tiene derecho a desistir de la venta y a exigir la devoluci\u00f3n de los bienes al comprador si el precio de los bienes en la tienda en l\u00ednea est\u00e1 marcado muy por debajo del precio de mercado de los bienes debido a un error.<\/p><p><strong><br \/>Derecho a presentar una denuncia<\/strong><\/p><p>La tienda online responde de la falta de conformidad o defecto de los bienes vendidos al comprador, que ya existieran en el momento de la entrega y que se manifiesten en un plazo m\u00e1ximo de dos a\u00f1os desde la entrega de los bienes al comprador.\u00a0<b data-stringify-type=\"bold\">Posteriormente, durante 1 a\u00f1o a partir de la entrega de la mercanc\u00eda al comprador, se presumir\u00e1 que el defecto exist\u00eda en el momento de la entrega. Corresponde a la Tienda Online refutar esta presunci\u00f3n.<\/b><\/p><p>En caso de defecto, el comprador tiene derecho a ponerse en contacto con la tienda en l\u00ednea en un plazo m\u00e1ximo de dos meses enviando un correo electr\u00f3nico a sales@westonclimate.com o llamando al +372 5568 9584.<\/p><p>La tienda online no se hace responsable de los defectos que se produzcan despu\u00e9s de que la mercanc\u00eda haya sido entregada al comprador.<\/p><p>Si los bienes adquiridos en la Tienda Online presentan defectos de los que la Tienda Online es responsable, la Tienda Online reparar\u00e1 o sustituir\u00e1 los bienes defectuosos. Si no es posible reparar o sustituir los bienes, la Tienda Online reembolsar\u00e1 al comprador todos los honorarios del contrato de compraventa.<\/p><p>La tienda online responder\u00e1 a la reclamaci\u00f3n del consumidor por escrito o en un formato que pueda reproducirse por escrito en un plazo de 15 d\u00edas.<\/p><p><strong><br \/>Marketing directo y tratamiento de datos personales<\/strong><\/p><p>La tienda en l\u00ednea utiliza los datos personales facilitados por el comprador \u00fanicamente para tramitar el pedido y enviar la mercanc\u00eda al comprador. La tienda en l\u00ednea transmite datos personales a empresas que prestan servicios de transporte para entregar las mercanc\u00edas.<\/p><p>La tienda en l\u00ednea env\u00eda boletines y ofertas a la direcci\u00f3n de correo electr\u00f3nico del comprador s\u00f3lo si \u00e9ste ha expresado su deseo de recibirlos introduciendo su direcci\u00f3n de correo electr\u00f3nico en el sitio web y ha indicado su deseo de recibir notificaciones por correo directo.<\/p><p>El comprador puede optar por no recibir ofertas y boletines por correo electr\u00f3nico en cualquier momento notific\u00e1ndonoslo por correo electr\u00f3nico o siguiendo las instrucciones del correo electr\u00f3nico que contiene las ofertas.<\/p><p><strong><br \/>Resoluci\u00f3n de litigios<\/strong><\/p><p>Si el comprador tiene alguna queja sobre la Tienda Online, deber\u00e1 enviarla por correo electr\u00f3nico a sales@westonclimate.com o por tel\u00e9fono al +372 5568 9584.<\/p><p>Si el comprador y la tienda online no consiguen resolver el litigio mediante un acuerdo, el comprador puede recurrir al Comit\u00e9 de litigios de consumo. Puede leer las condiciones del procedimiento y presentar una solicitud a <a href=\"https:\/\/komisjon.ee\/et\/avalduse-esitamine\" target=\"_blank\" rel=\"noopener noreferrer\">aqu\u00ed<\/a>. La Comisi\u00f3n de Litigios de los Consumidores es competente para resolver los litigios derivados de un contrato celebrado entre el comprador y la tienda en l\u00ednea. El examen de la reclamaci\u00f3n del comprador por parte de la Comisi\u00f3n es gratuito.<\/p><p>El comprador puede recurrir a la plataforma de resoluci\u00f3n de litigios de consumo de la Uni\u00f3n Europea <a href=\"https:\/\/ec.europa.eu\/consumers\/odr\/main\/index.cfm?event=main.home2.show&amp;lng=ET\" target=\"_blank\" rel=\"noopener noreferrer\">hacia<\/a>.<\/p>\t\t\t\t\t\t\t\t<\/div>\n\t\t\t\t<\/div>\n\t\t\t\t\t<\/div>\n\t\t\t\t<\/div>\n\t\t<div class=\"elementor-element elementor-element-02a245f e-flex e-con-boxed wpr-particle-no wpr-jarallax-no wpr-parallax-no wpr-sticky-section-no wpr-equal-height-no e-con e-parent\" data-id=\"02a245f\" data-element_type=\"container\" data-e-type=\"container\">\n\t\t\t\t\t<div class=\"e-con-inner\">\n\t\t\t\t<div class=\"elementor-element elementor-element-464fb6f elementor-widget elementor-widget-spacer\" data-id=\"464fb6f\" data-element_type=\"widget\" data-e-type=\"widget\" data-widget_type=\"spacer.default\">\n\t\t\t\t<div class=\"elementor-widget-container\">\n\t\t\t\t\t\t\t<div class=\"elementor-spacer\">\n\t\t\t<div class=\"elementor-spacer-inner\"><\/div>\n\t\t<\/div>\n\t\t\t\t\t\t<\/div>\n\t\t\t\t<\/div>\n\t\t\t\t\t<\/div>\n\t\t\t\t<\/div>\n\t\t\t\t<\/div>","protected":false},"excerpt":{"rendered":"<p>Veebipoe m\u00fc\u00fcgitingimused Veebipoe www.westonclimate.com\u00a0(edaspidi Veebipood) omanik on O\u00dc WMD Company (registrikood 16170164), asukohaga Vabadust pst 174b, Tallinn, 10917 Harjumaa, Eesti. M\u00fc\u00fcgilepingu kehtivus, kauba- ja hinnainfo M\u00fc\u00fcgitingimused kehtivad Veebipoest kaupade ostmisel. Veebipoes m\u00fc\u00fcdavate toodete hinnad on m\u00e4rgitud toodete juurde. Hinnale lisandub tasu kauba k\u00e4ttetoimetamise eest. K\u00f5ik veebipoes m\u00fc\u00fcdavate kaupade hinnad on eurodes. Kauba k\u00e4ttetoimetamise tasu s\u00f5ltub ostja asukohast ning k\u00e4ttetoimetamise viisist. K\u00e4ttetoimetamise tasu kuvatakse ostjale tellimuse vormistamisel. Teave kauba kohta on esitatud Veebipoes vahetult kauba juures. Tellimuse vormistamine Kauba tellimiseks tuleb lisada soovitud tooted ostukorvi. Tellimuse vormistamiseks tuleb t\u00e4ita n\u00f5utud andmev\u00e4ljad ning valida sobiv toodete kohaletoimetamise viis. Seej\u00e4rel kuvatakse ekraanile tasu suurus, mille saab tasuda turvaliselt l\u00e4bi j\u00e4rgnevate makseviiside: Visa\/Mastercard kaardimaksed Eesti pangamaksed: Swedbank, SEB, Luminor, LHV, Coop Pank, Citadele, Revolut, N26 Eesti kinkekaart: Kniks Eesti maksa hiljem lahendused: Esto j\u00e4relmaks, Esto 3, Inbank j\u00e4relmaks L\u00e4ti pangamaksed: Swedbank, SEB, Citadele, Luminor, Revolut, N26 L\u00e4ti kinkekaart: Kniks L\u00e4ti maksa hiljem lahendused: Inbank j\u00e4relmaks Leedu pangamaksed: Swedbank, SEB, Urbo, LKU, Citadele, \u0160iauliu, Luminor, Revolut, N26 Leedu kinkekaart: Kniks Leedu maksa hiljem lahendused: Inbank j\u00e4relmaks Soome pangamaksed: Nordea, Nordea Business, Danske Bank, OP Pohjola, Alandsbanken, Handelsbanken, S-Pankki, Oma S\u00e4\u00e4st\u00f6pankki, S\u00e4\u00e4st\u00f6pankki, POP Pankki, Revolut, N26 Soome kinkekaart: Kniks Apple Pay NB! Pangalingiga tasumisel vajutada kindlasti panga lehel nupule \u201eTagasi kaupmehe juurde\u201c. Makseid vahendab Maksekeskus AS. Tasumine toimub v\u00e4ljaspool Veebipoodi turvalises keskkonnas \u2013 pangalingiga tasumisel vastava panga turvalises keskkonnas ja krediitkaardiga tasumisel Maksekeskus AS turvalises keskkonnas. M\u00fc\u00fcjal puudub ligip\u00e4\u00e4s kliendi panga ja krediitkaardi andmetele. Leping j\u00f5ustub alates tasumisele kuuluva summa laekumisest Veebipoe arvelduskontole. Veebipoe omanik on isikuandmete vastutav t\u00f6\u00f6tleja ning edastab maksete teostamiseks vajalikud isikuandmed volitatud t\u00f6\u00f6tleja Maksekeskus AS-le. Kui tellitud kaupa ei ole v\u00f5imalik tarnida seoses kauba l\u00f5ppemisega v\u00f5i muul p\u00f5hjusel, teavitatakse sellest ostjat esimesel v\u00f5imalusel ning tagastatakse tasutud raha (sh kauba k\u00e4ttetoimetamise kulud) viivitamata, kuid mitte hiljem kui 14 p\u00e4eva jooksul teate saatmisest. Kohaletoimetamine Kaupu saadetakse j\u00e4rgmistesse riikidesse: Eesti, L\u00e4ti, Leedu. Kauba k\u00e4ttesaamiseks on ostjal j\u00e4rgnevad valikud: Venipak kuller, pakiautomaadid (Itella Smartpost, Omniva, DPD), ise kaubale j\u00e4rele tulemuse v\u00f5imalus. Kauba saatmiskulud kannab ostja ning vastav hinnainfo on kuvatud saatmisviisi juures. Eestisisesed saadetised j\u00f5uavad \u00fcldjuhul ostja m\u00e4\u00e4ratud sihtpunkti 10 t\u00f6\u00f6p\u00e4eva jooksul alates m\u00fc\u00fcgilepingu j\u00f5ustumisest. V\u00e4ljaspool Eestit toimub kohaletoimetamine 10 t\u00f6\u00f6p\u00e4eva jooksul. Erandlikel juhtumitel on \u00f5igus kaup kohale toimetada kuni 45 kalendrip\u00e4eva jooksul. Taganemis\u00f5igus P\u00e4rast tellimuse k\u00e4ttesaamist on ostjal \u00f5igus e-poes s\u00f5lmitud lepingust taganeda 14 p\u00e4eva jooksul. Taganemis\u00f5igus ei kohaldu, kui ostjaks on juriidiline isik. 14-p\u00e4evase tagastamis\u00f5iguse kasutamiseks ei tohi tellitud kaupa kasutada muul viisil kui on vajalik kauba olemuses, omadustes ja toimimises veendumiseks viisil nagu see on lubatud kauba testimiseks f\u00fc\u00fcsilises poes. Kui kaupa on kasutatud muuks otstarbeks kui on vajalik kauba olemuses, omadustes ja toimimises veendumiseks v\u00f5i sellel on kasutamise v\u00f5i kulumise m\u00e4rke, on Veebipoel \u00f5igus alandada tagastatavat tasu vastavalt kauba v\u00e4\u00e4rtuse v\u00e4henemisele. Kauba tagastamiseks tuleb esitada kauba ostmisest taganemise avaldus, mille vormi leiab siit: taganemisavaldus\u00a0ning saata see e-posti aadressile sales@westonclimate.com hiljemalt 14 p\u00e4eva jooksul kauba k\u00e4ttesaamisest. Kauba tagastamise kulud kannab ostja, v\u00e4lja arvatud juhul, kui tagastamise p\u00f5hjus seisneb asjaolus, et tagastamisele kuuluv toode ei vasta tellitule (nt vale v\u00f5i defektiga toode). Ostja peab kauba tagastama avalduse esitamisele j\u00e4rgneva 14 p\u00e4eva jooksul v\u00f5i esitama t\u00f5endi, et ta on eelnimetatud perioodi jooksul kauba \u00fcle andnud kauba vedajale. Veebipood tagastab tagastatava kauba k\u00e4ttesaamisel ostjale viivitamata, kuid mitte hiljem kui 14 p\u00e4eva m\u00f6\u00f6dumisel arvates taganemisavalduse saamisest, k\u00f5ik ostjalt lepingu alusel saadud tasud. Veebipood v\u00f5ib keelduda tagasimaksete tegemisest seni, kuni on lepingu esemeks oleva asja tagasi saanud v\u00f5i kuni ostja on esitanud t\u00f5endid, et on asja tagasi saatnud, s\u00f5ltuvalt sellest, kumb toimub varem. Kui ostja on s\u00f5naselgelt valinud Veebipoe pakutud k\u00f5ige odavamast tavap\u00e4rasest asja k\u00e4ttetoimetamise viisist erineva k\u00e4ttetoimetamise viisi, ei pea Veebipood tarbijale tagastama kulu, mis \u00fcletab tavap\u00e4rase k\u00e4ttetoimetamise viisiga seotud kulu. Veebipoel on \u00f5igus taganeda m\u00fc\u00fcgitehingust ning n\u00f5uda ostjalt tagasi kaup, kui kauba hind veebipoes on eksituse t\u00f5ttu m\u00e4rgitud oluliselt alla kauba turuhinna. Pretensiooni esitamise \u00f5igus Veebipood vastutab ostjale m\u00fc\u00fcdud kauba lepingutingimustele mittevastavuse v\u00f5i puuduse eest, mis oli olemas juba asja \u00fcleandmise hetkel ning mis ilmneb kuni kahe aasta jooksul, alates kauba \u00fcleandmisest ostjale.\u00a0Sellest 1 aasta jooksul alates asja \u00fcleandmisest ostjale eeldatakse, et puudus oli olemas juba asja \u00fcleandmise ajal. Vastava eelduse \u00fcmberl\u00fckkamine on Veebipoe kohustus. Ostjal on \u00f5igus puuduse ilmnemisel p\u00f6\u00f6rduda hiljemalt kahe kuu jooksul veebipoe poole, saates e-kirja aadressile sales@westonclimate.com v\u00f5i helistada telefonil: +372 5568 9584. Veebipood ei vastuta puuduste eest, mis on tekkinud p\u00e4rast kauba \u00fcleandmist ostjale. Kui Veebipoest ostetud kaubal on puudused, mille eest Veebipood vastutab, parandab v\u00f5i asendab Veebipood puudusega kauba. Kui kaupa ei ole v\u00f5imalik parandada ega asendada, tagastab Veebipood ostjale k\u00f5ik m\u00fc\u00fcgilepinguga kaasnenud tasud. Veebipood vastab tarbija esitatud kaebusele kirjalikult v\u00f5i kirjalikku taasesitamist v\u00f5imaldavas vormis 15 p\u00e4eva jooksul. Otseturustus ja isikuandmete t\u00f6\u00f6tlemine Veebipood kasutab ostja poolt sisestatud isikuandmeid ainult tellimuse t\u00f6\u00f6tlemiseks ning kauba ostjale saatmiseks. Veebipood edastab isikuandmeid veoteenust pakkuvale ettev\u00f5tetele selleks, et kohale toimetada kaupa. Veebipood saadab ostjale uudiskirju ning pakkumisi ostja e-maili aadressile ainult juhul, kui ostja on selleks avaldanud soovi sisestades veebilehel e-kirja aadressi ning andnud teada oma soovist otsepostituse teadete saamiseks. Ostjal on igal ajal v\u00f5imalik loobuda e-postile saadetavatest pakkumistest ja uudiskirjadest andes sellest meile teada e-kirja teel v\u00f5i j\u00e4rgides pakkumisi sisaldava e-kirjas toodud juhiseid. Vaidluste lahendamine Kui ostjal on Veebipoe osas pretensioone, tuleb need saata e-kirja aadressile sales@westonclimate.com v\u00f5i helistada telefonil: +372 5568 9584. Kui ostja ja Veebipood ei suuda lahendada vaidlust kokkuleppe teel, siis on ostjal v\u00f5imalik p\u00f6\u00f6rduda Tarbijavaidluste komisjoni poole. Menetlustingimustega saab tutvuda ning avaldust esitada siin. Tarbijavaidluste komisjoni p\u00e4devuses on lahendada ostja ja Veebipoe vahel s\u00f5lmitud lepingust tulenevaid vaidlusi. Ostja kaebuse l\u00e4bivaatamine komisjonis on tasuta. Ostja v\u00f5ib p\u00f6\u00f6rduda Euroopa Liidu tarbijavaidlusi lahendava platvormi poole.<\/p>","protected":false},"author":8,"featured_media":0,"parent":0,"menu_order":0,"comment_status":"closed","ping_status":"closed","template":"","meta":{"footnotes":""},"class_list":["post-3532","page","type-page","status-publish","hentry"],"_links":{"self":[{"href":"https:\/\/westonclimate.com\/es\/wp-json\/wp\/v2\/pages\/3532","targetHints":{"allow":["GET"]}}],"collection":[{"href":"https:\/\/westonclimate.com\/es\/wp-json\/wp\/v2\/pages"}],"about":[{"href":"https:\/\/westonclimate.com\/es\/wp-json\/wp\/v2\/types\/page"}],"author":[{"embeddable":true,"href":"https:\/\/westonclimate.com\/es\/wp-json\/wp\/v2\/users\/8"}],"replies":[{"embeddable":true,"href":"https:\/\/westonclimate.com\/es\/wp-json\/wp\/v2\/comments?post=3532"}],"version-history":[{"count":32,"href":"https:\/\/westonclimate.com\/es\/wp-json\/wp\/v2\/pages\/3532\/revisions"}],"predecessor-version":[{"id":9187,"href":"https:\/\/westonclimate.com\/es\/wp-json\/wp\/v2\/pages\/3532\/revisions\/9187"}],"wp:attachment":[{"href":"https:\/\/westonclimate.com\/es\/wp-json\/wp\/v2\/media?parent=3532"}],"curies":[{"name":"wp","href":"https:\/\/api.w.org\/{rel}","templated":true}]}}