{"id":5564,"date":"2025-02-12T17:49:33","date_gmt":"2025-02-12T17:49:33","guid":{"rendered":"https:\/\/staging.wmdcompany.eu\/?page_id=5564"},"modified":"2025-07-29T19:29:44","modified_gmt":"2025-07-29T19:29:44","slug":"5564-2","status":"publish","type":"page","link":"https:\/\/westonclimate.com\/es\/5564-2\/","title":{"rendered":"Devoluciones y cambios"},"content":{"rendered":"<div data-elementor-type=\"wp-page\" data-elementor-id=\"5564\" class=\"elementor elementor-5564\" data-elementor-post-type=\"page\">\n\t\t\t\t<div class=\"elementor-element elementor-element-3ab0f04d e-flex e-con-boxed wpr-particle-no wpr-jarallax-no wpr-parallax-no wpr-sticky-section-no wpr-column-slider-no wpr-equal-height-no e-con e-parent\" data-id=\"3ab0f04d\" data-element_type=\"container\" data-e-type=\"container\">\n\t\t\t\t\t<div class=\"e-con-inner\">\n\t\t\t\t<div class=\"elementor-element elementor-element-5755247d elementor-widget elementor-widget-text-editor\" data-id=\"5755247d\" data-element_type=\"widget\" data-e-type=\"widget\" data-widget_type=\"text-editor.default\">\n\t\t\t\t<div class=\"elementor-widget-container\">\n\t\t\t\t\t\t\t\t\t<h1>Devoluciones y cambios<\/h1><p><strong><br \/>WMD Company O\u00dc condiciones de devoluci\u00f3n<br \/><\/strong><br \/>La devoluci\u00f3n de mercanc\u00edas a los centros de techo de WMD Company O\u00dc est\u00e1 sujeta a las normas que se indican a continuaci\u00f3n:<\/p><p>1. El cliente debe informar con antelaci\u00f3n al agente\/vendedor que vendi\u00f3 la mercanc\u00eda de su deseo de devolverla*. La devoluci\u00f3n de la mercanc\u00eda est\u00e1 sujeta al consentimiento previo del vendedor.<br \/>2. La mercanc\u00eda a devolver deber\u00e1 ir acompa\u00f1ada de un formulario de devoluci\u00f3n debidamente cumplimentado.<br \/>3. La mercanc\u00eda a devolver debe estar libre de marcas de instalaci\u00f3n, intacta y en su embalaje original (equipos, accesorios, por ejemplo, controladores). Las mercanc\u00edas da\u00f1adas por el cliente no son retornables.<br \/>4. No se devolver\u00e1 la mercanc\u00eda de tama\u00f1o especial*** ni la pedida como pedido especial para el cliente.<br \/>5. No se comprar\u00e1n mercanc\u00edas que hayan sido entregadas al cliente 3 meses despu\u00e9s de la fecha de entrega.<br \/>6. La devoluci\u00f3n de la mercanc\u00eda corre por cuenta y riesgo del comprador.<\/p><p><strong>Condiciones para el reembolso de las mercanc\u00edas:<\/strong><\/p><p>100% del precio de compra de la mercanc\u00eda, si el motivo de la devoluci\u00f3n es un error por parte de WMD Company O\u00dc y la no conformidad de la mercanc\u00eda con los t\u00e9rminos del contrato se notificar\u00e1 en un plazo de 60 d\u00edas desde la entrega de la mercanc\u00eda al cliente;<\/p><p>80% del precio de compra de la mercanc\u00eda** en existencias, salvo que el reembolso se deba a un error de WMD Company O\u00dc y el reembolso se efect\u00fae en un plazo de 30 d\u00edas a partir de la entrega de la mercanc\u00eda al cliente;<\/p><p>60% del precio de compra de la mercanc\u00eda en stock** seg\u00fan la factura de compra, a menos que el reembolso se deba a un error por parte de WMD Company O\u00dc y el reembolso se realice en un plazo de 31 d\u00edas - 6 meses desde la entrega de la mercanc\u00eda al cliente.<\/p><p>*Bienes: cualquier bien adquirido a WMD Company O\u00dc.<br \/>**laokaup - productos est\u00e1ndar adquiridos a WMD Company O\u00dc, que no se fabrican o encargan seg\u00fan los planos y dimensiones del cliente y que pueden utilizarse para diversos edificios y objetos.<br \/>***Bienes personalizados: bienes adquiridos a WMD Company O\u00dc que est\u00e1n claramente personalizados.<br \/>pueden fabricarse o encargarse seg\u00fan las dimensiones y planos del cliente, y cuyo uso es.<br \/>para otro edificio o instalaci\u00f3n no es posible o supondr\u00e1 costes adicionales.<\/p>\t\t\t\t\t\t\t\t<\/div>\n\t\t\t\t<\/div>\n\t\t\t\t\t<\/div>\n\t\t\t\t<\/div>\n\t\t<div class=\"elementor-element elementor-element-3fa745c e-flex e-con-boxed wpr-particle-no wpr-jarallax-no wpr-parallax-no wpr-sticky-section-no wpr-column-slider-no wpr-equal-height-no e-con e-parent\" data-id=\"3fa745c\" data-element_type=\"container\" data-e-type=\"container\">\n\t\t\t\t\t<div class=\"e-con-inner\">\n\t\t\t\t<div class=\"elementor-element elementor-element-a61bf8d elementor-widget elementor-widget-shortcode\" data-id=\"a61bf8d\" data-element_type=\"widget\" data-e-type=\"widget\" data-widget_type=\"shortcode.default\">\n\t\t\t\t<div class=\"elementor-widget-container\">\n\t\t\t\t\t\t\t<div class=\"elementor-shortcode\">\n<div class=\"wpcf7 no-js\" id=\"wpcf7-f6102-o1\" lang=\"et\" dir=\"ltr\" data-wpcf7-id=\"6102\">\n<div class=\"screen-reader-response\"><p role=\"status\" aria-live=\"polite\" aria-atomic=\"true\"><\/p> <ul><\/ul><\/div>\n<form action=\"\/es\/wp-json\/wp\/v2\/pages\/5564#wpcf7-f6102-o1\" method=\"post\" class=\"wpcf7-form init\" aria-label=\"Formulario de contacto\" novalidate=\"novalidate\" data-status=\"init\" data-trp-original-action=\"\/es\/wp-json\/wp\/v2\/pages\/5564#wpcf7-f6102-o1\">\n<fieldset class=\"hidden-fields-container\"><input type=\"hidden\" name=\"_wpcf7\" value=\"6102\" \/><input type=\"hidden\" name=\"_wpcf7_version\" value=\"6.1.5\" \/><input type=\"hidden\" name=\"_wpcf7_locale\" value=\"et\" \/><input type=\"hidden\" name=\"_wpcf7_unit_tag\" value=\"wpcf7-f6102-o1\" \/><input type=\"hidden\" name=\"_wpcf7_container_post\" value=\"0\" \/><input type=\"hidden\" name=\"_wpcf7_posted_data_hash\" value=\"\" \/><input type=\"hidden\" name=\"_wpcf7_recaptcha_response\" value=\"\" \/>\n<\/fieldset>\n<fieldset>\n\t<legend>Datos del cliente\n\t<\/legend>\n\t<div>\n\t\t<p><label>Nombre de la empresa<br \/>\n<span class=\"wpcf7-form-control-wrap\" data-name=\"company-name\"><input size=\"40\" maxlength=\"400\" class=\"wpcf7-form-control wpcf7-text\" aria-invalid=\"false\" value=\"\" type=\"text\" name=\"company-name\" \/><\/span> <\/label><br \/>\n<label>Nombre del repatriado<br \/>\n<span class=\"wpcf7-form-control-wrap\" data-name=\"returnee\"><input size=\"40\" maxlength=\"400\" class=\"wpcf7-form-control wpcf7-text\" aria-invalid=\"false\" value=\"\" type=\"text\" name=\"returnee\" \/><\/span><\/label><br \/>\n<label>Tel\u00e9fono<br \/>\n<span class=\"wpcf7-form-control-wrap\" data-name=\"phone\"><input size=\"40\" maxlength=\"400\" class=\"wpcf7-form-control wpcf7-tel wpcf7-text wpcf7-validates-as-tel\" aria-invalid=\"false\" value=\"\" type=\"tel\" name=\"phone\" \/><\/span><\/label>\n\t\t<\/p>\n\t<\/div>\n<\/fieldset>\n<fieldset>\n\t<legend>Datos del producto\n\t<\/legend>\n\t<div>\n\t\t<p><label>Nombre del producto<br \/>\n<span class=\"wpcf7-form-control-wrap\" data-name=\"product-name\"><input size=\"40\" maxlength=\"400\" class=\"wpcf7-form-control wpcf7-text\" aria-invalid=\"false\" value=\"\" type=\"text\" name=\"product-name\" \/><\/span><\/label><br \/>\n<label>Cantidad<br \/>\n<span class=\"wpcf7-form-control-wrap\" data-name=\"amount\"><input class=\"wpcf7-form-control wpcf7-number wpcf7-validates-as-number\" aria-invalid=\"false\" value=\"\" type=\"number\" name=\"amount\" \/><\/span><\/label><br \/>\n<label>N\u00ba de pedido\/factura de compra\/ficha de porte<br \/>\n<span class=\"wpcf7-form-control-wrap\" data-name=\"order-info\"><input size=\"40\" maxlength=\"400\" class=\"wpcf7-form-control wpcf7-text\" aria-invalid=\"false\" value=\"\" type=\"text\" name=\"order-info\" \/><\/span><\/label>\n\t\t<\/p>\n\t<\/div>\n<\/fieldset>\n<fieldset>\n\t<legend>Motivo de la devoluci\u00f3n\n\t<\/legend>\n\t<p><span class=\"wpcf7-form-control-wrap\" data-name=\"reason\"><span class=\"wpcf7-form-control wpcf7-checkbox\"><span class=\"wpcf7-list-item first\"><label><input type=\"checkbox\" name=\"reason[]\" value=\"Ekslikult tellitud toode\" \/><span class=\"wpcf7-list-item-label\">Producto pedido por error<\/span><\/label><\/span><span class=\"wpcf7-list-item\"><label><input type=\"checkbox\" name=\"reason[]\" value=\"Defektne kaup\" \/><span class=\"wpcf7-list-item-label\">Mercanc\u00edas defectuosas<\/span><\/label><\/span><span class=\"wpcf7-list-item\"><label><input type=\"checkbox\" name=\"reason[]\" value=\"Valesti saadetud\" \/><span class=\"wpcf7-list-item-label\">Enviado incorrectamente<\/span><\/label><\/span><span class=\"wpcf7-list-item last\"><label><input type=\"checkbox\" name=\"reason[]\" value=\"Muu\" \/><span class=\"wpcf7-list-item-label\">Otros<\/span><\/label><\/span><\/span><\/span><br \/>\n<span class=\"wpcf7-form-control-wrap\" data-name=\"reason-explain\"><textarea cols=\"40\" rows=\"10\" maxlength=\"2000\" class=\"wpcf7-form-control wpcf7-textarea\" aria-invalid=\"false\" placeholder=\"Explicaci\u00f3n\" name=\"reason-explain\"><\/textarea><\/span>\n\t<\/p>\n<\/fieldset>\n<fieldset>\n\t<legend>Solicitud del cliente\n\t<\/legend>\n\t<p><span class=\"wpcf7-form-control-wrap\" data-name=\"customerwants\"><span class=\"wpcf7-form-control wpcf7-radio\"><span class=\"wpcf7-list-item first\"><label><input type=\"radio\" name=\"customerwants\" value=\"Soovime h\u00fcvitusarvet\" \/><span class=\"wpcf7-list-item-label\">Deseamos una factura de compensaci\u00f3n<\/span><\/label><\/span><span class=\"wpcf7-list-item last\"><label><input type=\"radio\" name=\"customerwants\" value=\"Soovime uut toodet\" \/><span class=\"wpcf7-list-item-label\">Queremos un nuevo producto<\/span><\/label><\/span><\/span><\/span>\n\t<\/p>\n<\/fieldset>\n<p><input class=\"wpcf7-form-control wpcf7-submit has-spinner\" type=\"submit\" value=\"Enviar a\" \/>\n<\/p><div class=\"wpcf7-response-output\" aria-hidden=\"true\"><\/div>\n<input type=\"hidden\" name=\"trp-form-language\" value=\"es\"\/><\/form>\n<\/div>\n<\/div>\n\t\t\t\t\t\t<\/div>\n\t\t\t\t<\/div>\n\t\t\t\t\t<\/div>\n\t\t\t\t<\/div>\n\t\t\t\t<\/div>","protected":false},"excerpt":{"rendered":"<p>Tagastamine ja vahetus WMD Company O\u00dc tagastustingimusedKauba tagastamine WMD Company O\u00dc katusekeskustesse toimub allolevate reeglite kohaselt: 1. Kauba* tagastamise soovist peab klient eelnevalt teavitama kauba m\u00fc\u00fcnud esindust\/m\u00fc\u00fcjat. Kauba tagastamise eelduseks on m\u00fc\u00fcja eelnev sellekohane\u00a0 n\u00f5usolek.2. Tagastatavale kaubale peab olema lisatud n\u00f5uetekohaselt t\u00e4idetud tagastusleht.3. Tagastatav kaup peab olema paigaldusj\u00e4lgedeta, terve ja\u00a0 originaalpakendis (seadmed, lisatarvikud, nt. kontrollerid). Kliendi poolt rikutud kaup tagastamisele ei kuulu.4. Erim\u00f5\u00f5dulist kaupa*** ja kliendile eritellimusena tellitud kaupa tagasi ei osteta.5. Kaupu, mille \u00fcleandmisest kliendile on m\u00f6\u00f6dunud 3 kuud tagasi ei osteta.6. Kauba tagastamine toimub ostja vastutusel ja kulul. Kauba h\u00fcvitamistingimused: 100% kauba ostuhinnast, kui\u00a0 tagastamise p\u00f5hjuseks on WMD Company O\u00dc poolne eksimus ning kauba lepingutingimustele mittevastavusest teavitatakse 60 p\u00e4eva jooksul alates kauba tarnest kliendile; 80% laokauba** ostuhinnast, kui tagastus ei tulene WMD Company O\u00dc poolsest eksimusest ning tagastus toimub 30 p\u00e4eva jooksul alates kauba tarnest kliendile; 60% laokauba** ostuhinnast vastavalt ostuarvele, kui tagastus ei tulene WMD Company O\u00dc poolsest eksimusest ning tagastus toimub 31 p\u00e4eva \u2013 6 kuu jooksul alates kauba tarnest kliendile. *kaup \u2013 mis iganes WMD Company O\u00dc -st ostetud kaup.**laokaup \u2013 WMD Company O\u00dc -st ostetud standardne kaup, mis ei ole toodetud ega tellitud kliendipoolsete\u00a0 jooniste ja m\u00f5\u00f5tude alusel ning mida on v\u00f5imalik kasutada erinevate hoonete ja objektide tarbeks.***erim\u00f5\u00f5duline kaup \u2013 WMD Company O\u00dc -st ostetud kaup,\u00a0 mis on selgelt personaliseeritudehk valmistatud v\u00f5i tellitud kliendipoolseid m\u00f5\u00f5tmeid ja jooniseid j\u00e4rgides ning mille kasutamineteise hoone v\u00f5i objekti tarbeks ei ole v\u00f5imalik v\u00f5i tekitab lisakulutusi.<\/p>","protected":false},"author":8,"featured_media":0,"parent":0,"menu_order":0,"comment_status":"closed","ping_status":"closed","template":"","meta":{"footnotes":""},"class_list":["post-5564","page","type-page","status-publish","hentry"],"_links":{"self":[{"href":"https:\/\/westonclimate.com\/es\/wp-json\/wp\/v2\/pages\/5564","targetHints":{"allow":["GET"]}}],"collection":[{"href":"https:\/\/westonclimate.com\/es\/wp-json\/wp\/v2\/pages"}],"about":[{"href":"https:\/\/westonclimate.com\/es\/wp-json\/wp\/v2\/types\/page"}],"author":[{"embeddable":true,"href":"https:\/\/westonclimate.com\/es\/wp-json\/wp\/v2\/users\/8"}],"replies":[{"embeddable":true,"href":"https:\/\/westonclimate.com\/es\/wp-json\/wp\/v2\/comments?post=5564"}],"version-history":[{"count":33,"href":"https:\/\/westonclimate.com\/es\/wp-json\/wp\/v2\/pages\/5564\/revisions"}],"predecessor-version":[{"id":8149,"href":"https:\/\/westonclimate.com\/es\/wp-json\/wp\/v2\/pages\/5564\/revisions\/8149"}],"wp:attachment":[{"href":"https:\/\/westonclimate.com\/es\/wp-json\/wp\/v2\/media?parent=5564"}],"curies":[{"name":"wp","href":"https:\/\/api.w.org\/{rel}","templated":true}]}}