{"id":5579,"date":"2025-02-13T12:11:16","date_gmt":"2025-02-13T12:11:16","guid":{"rendered":"https:\/\/staging.wmdcompany.eu\/?page_id=5579"},"modified":"2026-04-26T08:29:51","modified_gmt":"2026-04-26T08:29:51","slug":"meist-wmd-company-ou","status":"publish","type":"page","link":"https:\/\/westonclimate.com\/es\/empresa-mas-wmd-ou\/","title":{"rendered":"Sobre nosotros - WMD Company O\u00dc"},"content":{"rendered":"<div data-elementor-type=\"wp-page\" data-elementor-id=\"5579\" class=\"elementor elementor-5579\" data-elementor-post-type=\"page\">\n\t\t\t\t<div class=\"elementor-element elementor-element-711df678 e-flex e-con-boxed wpr-particle-no wpr-jarallax-no wpr-parallax-no wpr-sticky-section-no wpr-column-slider-no wpr-equal-height-no e-con e-parent\" data-id=\"711df678\" data-element_type=\"container\" data-e-type=\"container\">\n\t\t\t\t\t<div class=\"e-con-inner\">\n\t\t\t\t<div class=\"elementor-element elementor-element-21778d0f elementor-widget elementor-widget-text-editor\" data-id=\"21778d0f\" data-element_type=\"widget\" data-e-type=\"widget\" data-widget_type=\"text-editor.default\">\n\t\t\t\t<div class=\"elementor-widget-container\">\n\t\t\t\t\t\t\t\t\t<h1>Sobre nosotros - WMD Company O\u00dc<\/h1><p><strong>WESTON CLIMATE - WMD Company O\u00dc<\/strong> ofrece equipos de aire acondicionado y calefacci\u00f3n, compresores y diversos accesorios de alta calidad. Gracias a muchos a\u00f1os de amplia cooperaci\u00f3n con marcas l\u00edderes mundiales y fabricantes de equipos de alta calidad, WMD Company Ltd. garantiza que todos los productos se fabrican de acuerdo con las especificaciones t\u00e9cnicas aprobadas por la empresa y cumplen las estrictas normas de la UE. Los equipos de Weston Climate se caracterizan por su bajo nivel de ruido, alta eficiencia energ\u00e9tica, innovaci\u00f3n y fiabilidad.\u00a0<\/p><p><strong>Bombas de calor<\/strong><\/p><p>En las bombas de calor aire-agua, utilizamos refrigerantes ecol\u00f3gicos y eficientes R32 y R290. Las bombas de calor aire-agua est\u00e1n equipadas con conectividad SG y FV (panel solar y red inteligente) y funcionan eficientemente incluso a temperaturas ambiente del aire de -35 \u00b0C. Todas las unidades se prueban antes de la entrega y se someten a un ciclo de pruebas de tres d\u00edas a baja temperatura (-42\u2070C) en la f\u00e1brica. La mayor\u00eda de los equipos se fabrican obra por obra, de acuerdo con los deseos y necesidades del cliente, como un \"traje a medida\", lo que garantiza una alta eficiencia y un funcionamiento sin problemas durante toda la vida \u00fatil del equipo. La calidad y la eficacia de las bombas de calor est\u00e1n garantizadas por la reconocida marca WESTON CLIMATE.<\/p><p><strong>Equipos de ventilaci\u00f3n<\/strong><\/p><p>Las unidades de tratamiento de aire est\u00e1n equipadas con intercambiadores de calor patentados de alta eficiencia con una eficiencia media de recuperaci\u00f3n de calor de 97% y una vida \u00fatil de 97%. <strong>al menos 15 a\u00f1os.\u00a0<\/strong>Las unidades de ventilaci\u00f3n HPERV\/Westonclimate tienen una bomba de calor aerot\u00e9rmica en miniatura a\u00f1adida al intercambiador de calor de alta eficiencia para proporcionar una eficiencia energ\u00e9tica a\u00fan mayor (COP 6,0), y tienen varias funciones importantes en una sola unidad: <strong>ventilaci\u00f3n, precalentamiento, refrigeraci\u00f3n y secado.<\/strong><\/p><p><strong>Instalaci\u00f3n<\/strong><\/p><p>Ofrecemos sistemas de ventilaci\u00f3n y aire acondicionado con instalaci\u00f3n. La instalaci\u00f3n se realiza de acuerdo con los requisitos t\u00e9cnicos del proyecto y las normas aplicables, garantizando el correcto funcionamiento de los sistemas y un funcionamiento energ\u00e9ticamente eficiente durante a\u00f1os.<\/p><p><strong>Marca WESTON CLIMATE<\/strong><\/p><p>Los productos suministrados al mercado europeo se agrupan bajo una \u00fanica marca - WESTON CLIMATE - para que nuestros clientes actuales y futuros puedan orientarse mejor sobre la calidad de los productos. Todos los equipos ofrecidos en Europa son fabricados por la empresa WMD de acuerdo con las especificaciones t\u00e9cnicas de los clientes m\u00e1s exigentes, que respetan estrictamente las condiciones naturales y los requisitos de los pa\u00edses n\u00f3rdicos, y garantizan as\u00ed una alta calidad y longevidad de los equipos.<\/p><p class=\"whitespace-normal break-words\">La inmensa mayor\u00eda de los dispositivos est\u00e1n registrados en EPREL y KEYMARK.<\/p><p>Productos WESTON CLIMATE en el registro EPREL, donde encontrar\u00e1 la lista de equipos energ\u00e9ticos autorizados para el mercado de la UE:<\/p><ul><li><a href=\"https:\/\/eprel.ec.europa.eu\/screen\/product\/spaceheaters\" target=\"_blank\" rel=\"noopener nofollow noreferrer\">Bombas de calor EPREL<\/a><\/li><li><a href=\"https:\/\/eprel.ec.europa.eu\/screen\/product\/residentialventilationunits\" target=\"_blank\" rel=\"noopener nofollow noreferrer\">Equipos de ventilaci\u00f3n EPREL<\/a><\/li><\/ul><p>\u00a0<\/p><p>La calidad de los equipos ofrecidos por WESTON CLIMATE tambi\u00e9n queda confirmada por los amplios periodos de garant\u00eda:<\/p><ul><li>Para equipos de aire acondicionado y ventilaci\u00f3n: 7 a\u00f1os<\/li><li>Para bombas de circulaci\u00f3n: 10 a\u00f1os<\/li><li>Para compresores: 2 a\u00f1os<\/li><\/ul><p>\u00a0<\/p><p>En WESTON CLIMATE, los ingenieros desarrollan constantemente nuevos productos y mejoran los equipos existentes.<\/p><p>La calidad del producto, la rapidez de entrega, la satisfacci\u00f3n del cliente y el mayor tiempo de funcionamiento posible son nuestras principales prioridades. Los equipos WESTON CLIMATE se fabrican bajo pedido, en funci\u00f3n de las necesidades y requisitos espec\u00edficos del cliente. El plazo medio de entrega de los pedidos oscila entre 35 y 65 d\u00edas laborables, en funci\u00f3n de la complejidad y la cantidad del equipo solicitado. Para todos los productos en stock (productos est\u00e1ndar), se puede ofrecer un plazo de entrega de 3 a 10 d\u00edas laborables.<\/p><p>Pregunte siempre <a href=\"https:\/\/westonclimate.com\/es\/olio-la-oferta\/\" target=\"_blank\" rel=\"noopener\">oferta personalizada<\/a>garantizando el cumplimiento de los deseos de los clientes m\u00e1s exigentes.<\/p><p><strong>\u00danase a la red de socios de WESTON CLIMATE<\/strong><\/p><p>Convi\u00e9rtase en distribuidor de WESTON CLIMATE y haga crecer su negocio: proporcione a sus clientes soluciones de ventilaci\u00f3n y aire acondicionado energ\u00e9ticamente eficientes y de alta calidad, fortalezca su negocio mediante un soporte t\u00e9cnico profesional y una s\u00f3lida asociaci\u00f3n. M\u00e1s informaci\u00f3n <a href=\"https:\/\/westonclimate.com\/es\/hagase-socio\/\" target=\"_blank\" rel=\"noopener\">AQU\u00cd<\/a>!<\/p><p><img fetchpriority=\"high\" decoding=\"async\" src=\"https:\/\/westonclimate.com\/wp-content\/uploads\/2026\/04\/WestonClimate_AA_2026-1-1024x256.jpg\" alt=\"\" width=\"800\" height=\"200\" \/><\/p>\t\t\t\t\t\t\t\t<\/div>\n\t\t\t\t<\/div>\n\t\t\t\t\t<\/div>\n\t\t\t\t<\/div>\n\t\t<div class=\"elementor-element elementor-element-a94cd76 e-flex e-con-boxed wpr-particle-no wpr-jarallax-no wpr-parallax-no wpr-sticky-section-no wpr-column-slider-no wpr-equal-height-no e-con e-parent\" data-id=\"a94cd76\" data-element_type=\"container\" data-e-type=\"container\">\n\t\t\t\t\t<div class=\"e-con-inner\">\n\t\t\t\t<div class=\"elementor-element elementor-element-0b7c330 elementor-widget elementor-widget-spacer\" data-id=\"0b7c330\" data-element_type=\"widget\" data-e-type=\"widget\" data-widget_type=\"spacer.default\">\n\t\t\t\t<div class=\"elementor-widget-container\">\n\t\t\t\t\t\t\t<div class=\"elementor-spacer\">\n\t\t\t<div class=\"elementor-spacer-inner\"><\/div>\n\t\t<\/div>\n\t\t\t\t\t\t<\/div>\n\t\t\t\t<\/div>\n\t\t\t\t\t<\/div>\n\t\t\t\t<\/div>\n\t\t\t\t<\/div>","protected":false},"excerpt":{"rendered":"<p>Meist \u2013 WMD Company O\u00dc WESTON CLIMATE &#8211; WMD Company O\u00dc pakub kvaliteetseid kliimaseadmeid ja k\u00fctteseadmeid, kompressoreid ja mitmesuguseid lisatarvikuid. T\u00e4nu aastatepikkusele ulatuslikule koost\u00f6\u00f6le juhtivate globaalsete kaubam\u00e4rkide ja kvaliteetsete seadmete tootjatega tagab WMD Company O\u00dc, et k\u00f5ik tooted on valmistatud vastavalt ettev\u00f5tte kinnitatud tehnilistele spetsifikatsioonidele ja vastavad rangetele EL-i standarditele. Weston Climate&#8217;i seadmeid iseloomustab madal m\u00fcratase, k\u00f5rge energiat\u00f5husus, innovatsioon ja t\u00f6\u00f6kindlus.\u00a0 Soojuspumbad \u00d5hk-vesi soojuspumpades kasutame looduss\u00f5bralikke ja efektiivseid k\u00fclmaaineid R32 ja R290. \u00d5hksoojuspumbad on varustatud SG ja PV (p\u00e4ikesepaneelide ja nutiv\u00f5rgu) \u00fchendusvalmidusega ning need seadmed t\u00f6\u00f6tavad efektiivselt ka -35\u00b0C v\u00e4lis\u00f5hutemperatuuril. K\u00f5ik seadmed on enne tarnet kontrollitud ja l\u00e4bivad tehases madalal temperatuuril (-42\u2070C) kolmep\u00e4evase katsets\u00fckli.\u00a0Valdavalt toodetakse seadmed objektip\u00f5hiselt, koosk\u00f5las tellija soovide ning vajadustega nagu \u201er\u00e4tsepa\u00fclikond\u201d, mis tagab seadmete suure efektiivsuse ning t\u00f5rgeteta t\u00f6\u00f6 kogu seadme kasutusaja jooksul. Soojuspumpade kvaliteedi ja efektiivsuse tagab tunnustatud kaubam\u00e4rk WESTON CLIMATE. Ventilatsiooniseadmed Ventilatsiooniseadmed on varustatud k\u00f5rge efektiivsusega patenteeritud soojusvahetitega, mille soojustagastuse kasutegur on keskmiselt 97% ja eluiga v\u00e4hemalt 15 aastat.\u00a0Ventilatsiooniseadmetel koondnimetusega HPERV\/Westonclimate on \u00fcliefektiivsele soojusvahetile lisatud miniatuurne \u00f5hksoojuspump, mis tagab veelgi k\u00f5rgema\u00a0 energiaefektiivsuse (COP 6,0) ning need ventilatsiooniseadmed omavad mitut olulist funktsiooni \u00fches seadmes: ventilatsioon, eelk\u00fcte, jahutus ja kuivatus. Paigaldus Ventilatsiooni- ja kliimaseadmeid pakume koos paigaldusega. Paigaldus toimub vastavalt projekti tehnilistele n\u00f5uetele ja kehtivatele standarditele, tagades s\u00fcsteemide korrektse toimimise ja energiat\u00f5husa t\u00f6\u00f6 aastateks. WESTON CLIMATE kaubam\u00e4rk Euroopa turule tarnitavad tooted on koondatud \u00fchtse kaubam\u00e4rgi alla \u2013 WESTON CLIMATE, et meie praegustel ja tulevastel klientidel oleks v\u00f5imalik paremini orienteeruda toodete kvaliteedis. K\u00f5ik Euroopas pakutavad seadmed on toodetud WMD Company poolt esitatud n\u00f5udlikele klientidele sobivate tehniliste n\u00f5udmiste alusel, mis j\u00e4rgivad rangelt p\u00f5hjamaade looduslikke tingimusi ning sellest tulenevaid n\u00f5udeid ning tagavad seadmetele k\u00f5rge kvaliteedi ja l\u00e4bi selle ka pikaealisuse. Valdav enamus seadmetel on EPREL-i ja KEYMARK-i registreeringud. WESTON CLIMATE tooted EPREL registris, kust leiate EU turule lubatud energeetika seadmete loetelu: EPREL soojuspumbad EPREL ventilatsiooniseadmed \u00a0 WESTON CLIMATE pakutavate seadmete kvaliteeti kinnitavad ka pikendatud garantiiajad: Kliima- ja ventilatsiooniseadmetele: 7 aastat Tsirkulatsioonipumpadele: 10 aastat Kompressoritele: 2 aastat \u00a0 WESTON CLIMATE tootmistes tegelevad insenerid pidevalt uute toodete v\u00e4ljat\u00f6\u00f6tamise ning olemasolevate seadmete t\u00e4iustamisega. Meile on esmat\u00e4htis toote kvaliteet, kiire tarne, kliendi rahulolu ja seadmete v\u00f5imalikult pikk t\u00f5rgeteta kasutusaeg. WESTON CLIMATE seadmed toodetakse tellimuste alusel, objekti p\u00f5hiselt ja v\u00f5ttes aluseks kliendi vajadused ning erisoovid. Tellimuste keskmine tarneaeg on 35 kuni 65 t\u00f6\u00f6p\u00e4eva, mis s\u00f5ltub tellitud seadmete keerukusest ja kogusest. K\u00f5ikidele laokaupale (standard tooted) on v\u00f5imalik pakkuda tarneaega 3 kuni 10 t\u00f6\u00f6p\u00e4eva. K\u00fcsi alati personaalset pakkumist, mis garanteerib ka k\u00f5ige n\u00f5udlikuma kliendi soovide t\u00e4itumise. Liitu WESTON CLIMATE partnerite v\u00f5rgustikuga Tule WESTON CLIMATE edasim\u00fc\u00fcjaks ja kasvata oma \u00e4ri \u2013 paku oma klientidele energiat\u00f5husaid ja kvaliteetseid ventilatsiooni- ja kliimalahendusi, tugevda oma \u00e4ri l\u00e4bi professionaalse tehnilise toe ja kindla partnerluse. Loe t\u00e4iendavalt SIIT!<\/p>","protected":false},"author":8,"featured_media":0,"parent":0,"menu_order":0,"comment_status":"closed","ping_status":"closed","template":"","meta":{"footnotes":""},"class_list":["post-5579","page","type-page","status-publish","hentry"],"_links":{"self":[{"href":"https:\/\/westonclimate.com\/es\/wp-json\/wp\/v2\/pages\/5579","targetHints":{"allow":["GET"]}}],"collection":[{"href":"https:\/\/westonclimate.com\/es\/wp-json\/wp\/v2\/pages"}],"about":[{"href":"https:\/\/westonclimate.com\/es\/wp-json\/wp\/v2\/types\/page"}],"author":[{"embeddable":true,"href":"https:\/\/westonclimate.com\/es\/wp-json\/wp\/v2\/users\/8"}],"replies":[{"embeddable":true,"href":"https:\/\/westonclimate.com\/es\/wp-json\/wp\/v2\/comments?post=5579"}],"version-history":[{"count":92,"href":"https:\/\/westonclimate.com\/es\/wp-json\/wp\/v2\/pages\/5579\/revisions"}],"predecessor-version":[{"id":11585,"href":"https:\/\/westonclimate.com\/es\/wp-json\/wp\/v2\/pages\/5579\/revisions\/11585"}],"wp:attachment":[{"href":"https:\/\/westonclimate.com\/es\/wp-json\/wp\/v2\/media?parent=5579"}],"curies":[{"name":"wp","href":"https:\/\/api.w.org\/{rel}","templated":true}]}}