{"id":5610,"date":"2025-02-13T17:30:28","date_gmt":"2025-02-13T17:30:28","guid":{"rendered":"https:\/\/staging.wmdcompany.eu\/?page_id=5610"},"modified":"2025-09-24T09:02:29","modified_gmt":"2025-09-24T09:02:29","slug":"tarneviisid","status":"publish","type":"page","link":"https:\/\/westonclimate.com\/es\/metodos-de-entrega\/","title":{"rendered":"M\u00e9todos de entrega"},"content":{"rendered":"<div data-elementor-type=\"wp-page\" data-elementor-id=\"5610\" class=\"elementor elementor-5610\" data-elementor-post-type=\"page\">\n\t\t\t\t<div class=\"elementor-element elementor-element-21f08f3b e-flex e-con-boxed wpr-particle-no wpr-jarallax-no wpr-parallax-no wpr-sticky-section-no wpr-equal-height-no e-con e-parent\" data-id=\"21f08f3b\" data-element_type=\"container\" data-e-type=\"container\">\n\t\t\t\t\t<div class=\"e-con-inner\">\n\t\t\t\t<div class=\"elementor-element elementor-element-30031f76 elementor-widget elementor-widget-text-editor\" data-id=\"30031f76\" data-element_type=\"widget\" data-e-type=\"widget\" data-widget_type=\"text-editor.default\">\n\t\t\t\t<div class=\"elementor-widget-container\">\n\t\t\t\t\t\t\t\t\t<h1>M\u00e9todos de entrega<\/h1>\n<p style=\"text-align: left;\">Tienda electr\u00f3nica Weston Climate <strong>pedidos a Estonia y al extranjero<\/strong> (para env\u00edos al extranjero, pida presupuesto <a href=\"mailto:sales@westonclimate.com\">sales@westonclimate.com<\/a>).<\/p>\n<p style=\"text-align: left;\">Hay 3 formas de recoger su mercanc\u00eda:<\/p>\n<ul>\n<li style=\"text-align: left;\">M\u00e1quina de paqueter\u00eda Smartpost<\/li>\n<li style=\"text-align: left;\">Smartpost Courier (paquetes de hasta 60 kg)<\/li>\n<li style=\"text-align: left;\">Transporte por carretera (paquetes a partir de 61 kg)<\/li>\n<\/ul>\n<p><br \/>Si elige una terminal de paqueter\u00eda Smartpost, la mercanc\u00eda se entregar\u00e1 en la terminal de paqueter\u00eda.\u00a0<br \/><strong><br \/><\/strong>Si tiene alguna pregunta, p\u00f3ngase en contacto con el Servicio de Atenci\u00f3n al Cliente en el tel\u00e9fono +372 5568 9584 o escriba a. <a href=\"mailto:sales@westonclimate.com\">sales@westonclimate.com<\/a><\/p>\n<p>El servicio de atenci\u00f3n al cliente est\u00e1 abierto de lunes a viernes, de 9.00 a 17.00 horas.<\/p>\n<p><\/p>\n<p><\/p>\t\t\t\t\t\t\t\t<\/div>\n\t\t\t\t<\/div>\n\t\t\t\t\t<\/div>\n\t\t\t\t<\/div>\n\t\t<div class=\"elementor-element elementor-element-d96b1a4 e-flex e-con-boxed wpr-particle-no wpr-jarallax-no wpr-parallax-no wpr-sticky-section-no wpr-equal-height-no e-con e-parent\" data-id=\"d96b1a4\" data-element_type=\"container\" data-e-type=\"container\">\n\t\t\t\t\t<div class=\"e-con-inner\">\n\t\t\t\t<div class=\"elementor-element elementor-element-027a237 elementor-widget elementor-widget-spacer\" data-id=\"027a237\" data-element_type=\"widget\" data-e-type=\"widget\" data-widget_type=\"spacer.default\">\n\t\t\t\t<div class=\"elementor-widget-container\">\n\t\t\t\t\t\t\t<div class=\"elementor-spacer\">\n\t\t\t<div class=\"elementor-spacer-inner\"><\/div>\n\t\t<\/div>\n\t\t\t\t\t\t<\/div>\n\t\t\t\t<\/div>\n\t\t\t\t\t<\/div>\n\t\t\t\t<\/div>\n\t\t\t\t<\/div>","protected":false},"excerpt":{"rendered":"<p>Tarneviisid Weston Climate e-poest saab kaupa tellida Eestisse ja ka v\u00e4lismaale (v\u00e4listarnete puhul k\u00fcsi pakkumist sales@westonclimate.com). Kauba k\u00e4ttesaamiseks on 3 viisi: Smartpost pakiautomaat Smartpost Kuller (pakid kuni 60kg) Kojuvedu (pakid alates 61kg) Valides tarneviisik Smartpost pakiautomaadi, toimetatakse kaup pakiautomaati.\u00a0K\u00fcsimuste korral palun p\u00f6\u00f6rduda kliendideenindusse telefonil +372 5568 9584 v\u00f5i kirjutage sales@westonclimate.com Klienditeenindus on avatud E \u2013 R 9:00 \u2013 17:00<\/p>","protected":false},"author":8,"featured_media":0,"parent":0,"menu_order":0,"comment_status":"closed","ping_status":"closed","template":"","meta":{"footnotes":""},"class_list":["post-5610","page","type-page","status-publish","hentry"],"_links":{"self":[{"href":"https:\/\/westonclimate.com\/es\/wp-json\/wp\/v2\/pages\/5610","targetHints":{"allow":["GET"]}}],"collection":[{"href":"https:\/\/westonclimate.com\/es\/wp-json\/wp\/v2\/pages"}],"about":[{"href":"https:\/\/westonclimate.com\/es\/wp-json\/wp\/v2\/types\/page"}],"author":[{"embeddable":true,"href":"https:\/\/westonclimate.com\/es\/wp-json\/wp\/v2\/users\/8"}],"replies":[{"embeddable":true,"href":"https:\/\/westonclimate.com\/es\/wp-json\/wp\/v2\/comments?post=5610"}],"version-history":[{"count":47,"href":"https:\/\/westonclimate.com\/es\/wp-json\/wp\/v2\/pages\/5610\/revisions"}],"predecessor-version":[{"id":9205,"href":"https:\/\/westonclimate.com\/es\/wp-json\/wp\/v2\/pages\/5610\/revisions\/9205"}],"wp:attachment":[{"href":"https:\/\/westonclimate.com\/es\/wp-json\/wp\/v2\/media?parent=5610"}],"curies":[{"name":"wp","href":"https:\/\/api.w.org\/{rel}","templated":true}]}}