{"id":5616,"date":"2025-02-13T17:38:36","date_gmt":"2025-02-13T17:38:36","guid":{"rendered":"https:\/\/staging.wmdcompany.eu\/?page_id=5616"},"modified":"2025-07-29T19:16:39","modified_gmt":"2025-07-29T19:16:39","slug":"kuidas-osta","status":"publish","type":"page","link":"https:\/\/westonclimate.com\/es\/como-comprar\/","title":{"rendered":"C\u00f3mo comprar"},"content":{"rendered":"<div data-elementor-type=\"wp-page\" data-elementor-id=\"5616\" class=\"elementor elementor-5616\" data-elementor-post-type=\"page\">\n\t\t\t\t<div class=\"elementor-element elementor-element-63f31ea7 e-flex e-con-boxed wpr-particle-no wpr-jarallax-no wpr-parallax-no wpr-sticky-section-no wpr-equal-height-no e-con e-parent\" data-id=\"63f31ea7\" data-element_type=\"container\" data-e-type=\"container\">\n\t\t\t\t\t<div class=\"e-con-inner\">\n\t\t\t\t<div class=\"elementor-element elementor-element-5c5a7cea elementor-widget__width-initial elementor-widget elementor-widget-text-editor\" data-id=\"5c5a7cea\" data-element_type=\"widget\" data-e-type=\"widget\" data-widget_type=\"text-editor.default\">\n\t\t\t\t<div class=\"elementor-widget-container\">\n\t\t\t\t\t\t\t\t\t<h1>C\u00f3mo comprar<\/h1><p style=\"text-align: left;\">Seleccione el producto y pulse la tecla \"<b>A\u00f1adir a la cesta<\/b>\" Si el producto tiene opciones adicionales, \u00e9stas tambi\u00e9n deben especificarse. A continuaci\u00f3n, puede seguir comprando o ir a la cesta de la compra haciendo clic en la barra azul situada encima del producto.\"<strong>Ver Carro\"<\/strong>. Adem\u00e1s, siempre puede ver el contenido de su cesta de la compra haciendo clic en el icono de la cesta del men\u00fa principal.<\/p><p style=\"text-align: left;\">En la cesta de la compra, puede ajustar las cantidades de art\u00edculos comprados y los productos seleccionados. Al realizar cambios, incluida la introducci\u00f3n de un c\u00f3digo promocional, debe hacer clic en el bot\u00f3n \"<strong>Actualizar la cesta de la compra\"<\/strong>para que los cambios surtan efecto. Cuando est\u00e9 satisfecho con el contenido de su cesta de la compra, haga clic en el bot\u00f3n \"<strong>Ir a pagar<\/strong>\u201c.<\/p><p style=\"text-align: left;\">Para realizar un pedido, debe rellenar el formulario de contacto y seleccionar la forma de pago. Para confirmar el pago, aseg\u00farese de hacer clic en el bot\u00f3n \" Confirmaci\u00f3n de pago \" una vez realizado el pago.<b>Volver al comerciante<\/b>\"Tras un pago correcto, la tienda electr\u00f3nica enviar\u00e1 al cliente un correo electr\u00f3nico de confirmaci\u00f3n de la compra.<\/p><p style=\"text-align: left;\">Al realizar un pedido, el cliente se compromete a proporcionar la informaci\u00f3n correcta necesaria para el cumplimiento del pedido. El Vendedor no ser\u00e1 responsable de la imposibilidad de cumplir el pedido debido a la informaci\u00f3n incorrecta facilitada por el Cliente ni de las consecuencias resultantes.<\/p><p style=\"text-align: left;\">El Vendedor tiene derecho a desistir del pedido en caso de duda sobre la exactitud de la informaci\u00f3n facilitada al Vendedor y en caso de incumplimiento de las buenas pr\u00e1cticas.<\/p>\t\t\t\t\t\t\t\t<\/div>\n\t\t\t\t<\/div>\n\t\t\t\t\t<\/div>\n\t\t\t\t<\/div>\n\t\t<div class=\"elementor-element elementor-element-22890e6 e-flex e-con-boxed wpr-particle-no wpr-jarallax-no wpr-parallax-no wpr-sticky-section-no wpr-equal-height-no e-con e-parent\" data-id=\"22890e6\" data-element_type=\"container\" data-e-type=\"container\">\n\t\t\t\t\t<div class=\"e-con-inner\">\n\t\t\t\t<div class=\"elementor-element elementor-element-830158e elementor-widget elementor-widget-spacer\" data-id=\"830158e\" data-element_type=\"widget\" data-e-type=\"widget\" data-widget_type=\"spacer.default\">\n\t\t\t\t<div class=\"elementor-widget-container\">\n\t\t\t\t\t\t\t<div class=\"elementor-spacer\">\n\t\t\t<div class=\"elementor-spacer-inner\"><\/div>\n\t\t<\/div>\n\t\t\t\t\t\t<\/div>\n\t\t\t\t<\/div>\n\t\t\t\t\t<\/div>\n\t\t\t\t<\/div>\n\t\t\t\t<\/div>","protected":false},"excerpt":{"rendered":"<p>Kuidas osta Valige v\u00e4lja toode ning vajutage nuppu &#8220;Lisa korvi&#8221; Kui toote juures on lisavaliku v\u00f5imalused, tuleb ka need m\u00e4\u00e4rata. Seej\u00e4rel saate ostlemist j\u00e4tkata v\u00f5i suunuda ostukorvi klikkides toote kohale ilmunud sinisel ribal oleval nupul &#8220;Vaata ostukorvi&#8221;. Lisaks saab ostukorvi sisu vaadata ka alati lehe peamen\u00fc\u00fcs oleval ostukorvi ikoonil kl\u00f5psates. Ostukorvis saate korrigeerida ostetud kaupade koguseid ning valitud tooteid. Muudatusi tehes, s.h ka sooduskoodi sisestades tuleb vajutada nupul &#8220;Uuenda ostukorvi&#8221;, et muutused j\u00f5ustuks. Kui olete ostukorvi sisuga rahul, vajutage nupul &#8220;Mine maksma&#8220;. Tellimuse vormistamiseks tuleb t\u00e4ita kontaktivorm ning valida makseviis. Makse kinnitamiseks tuleb p\u00e4rast makse sooritamist kindlasti vajutada nupul &#8220;Tagasi kaupmehe juurde&#8221; P\u00e4rast edukat makse sooritamist saadab e-pood kliendi e-mailile ostu kinnituse. Klient kohustub tellimuse vormistamisel esitama tellimuse t\u00e4itmiseks vajalikud, t\u00f5esed andmed. M\u00fc\u00fcja ei vastuta tellimuse t\u00e4itmisel kliendi poolt esitatud ebakorrektsetest andmetest tingitud t\u00e4itmise v\u00f5imatuse v\u00f5i mistahes sellest tulenevate tagaj\u00e4rgede eest. M\u00fc\u00fcjal on \u00f5igus loobuda tellimuse t\u00e4itmisest kui tekib kahtlus M\u00fc\u00fcjale esitatud andmete \u00f5igsuses ja headele tavadele mittevastava k\u00e4itumise puhul.<\/p>","protected":false},"author":8,"featured_media":0,"parent":0,"menu_order":0,"comment_status":"closed","ping_status":"closed","template":"","meta":{"footnotes":""},"class_list":["post-5616","page","type-page","status-publish","hentry"],"_links":{"self":[{"href":"https:\/\/westonclimate.com\/es\/wp-json\/wp\/v2\/pages\/5616","targetHints":{"allow":["GET"]}}],"collection":[{"href":"https:\/\/westonclimate.com\/es\/wp-json\/wp\/v2\/pages"}],"about":[{"href":"https:\/\/westonclimate.com\/es\/wp-json\/wp\/v2\/types\/page"}],"author":[{"embeddable":true,"href":"https:\/\/westonclimate.com\/es\/wp-json\/wp\/v2\/users\/8"}],"replies":[{"embeddable":true,"href":"https:\/\/westonclimate.com\/es\/wp-json\/wp\/v2\/comments?post=5616"}],"version-history":[{"count":41,"href":"https:\/\/westonclimate.com\/es\/wp-json\/wp\/v2\/pages\/5616\/revisions"}],"predecessor-version":[{"id":8136,"href":"https:\/\/westonclimate.com\/es\/wp-json\/wp\/v2\/pages\/5616\/revisions\/8136"}],"wp:attachment":[{"href":"https:\/\/westonclimate.com\/es\/wp-json\/wp\/v2\/media?parent=5616"}],"curies":[{"name":"wp","href":"https:\/\/api.w.org\/{rel}","templated":true}]}}