{"id":10455,"date":"2025-11-17T22:23:04","date_gmt":"2025-11-17T22:23:04","guid":{"rendered":"https:\/\/westonclimate.com\/?post_type=product&#038;p=10455"},"modified":"2026-02-25T12:30:34","modified_gmt":"2026-02-25T12:30:34","slug":"weston-climate-hudroboks-siseruumidele-hyd","status":"publish","type":"product","link":"https:\/\/westonclimate.com\/es\/tooted\/hudroboks-2\/","title":{"rendered":"Caja hidroel\u00e9ctrica interior Weston Climate HYD"},"content":{"rendered":"<ul>\n<li>Alimentaci\u00f3n: 220-240 V o 380-400 V<\/li>\n<li>Disyuntor (A): 25-63<\/li>\n<li>Calentador el\u00e9ctrico: 3 kW<\/li>\n<li>Dep\u00f3sito de expansi\u00f3n: 5 L<\/li>\n<li>Contactor CA: 18 A<\/li>\n<li>V\u00e1lvula de tres v\u00edas: DN25<\/li>\n<\/ul>","protected":false},"excerpt":{"rendered":"<p>Un hydrobox es el m\u00f3dulo interno de una bomba de calor que conecta la unidad exterior al sistema de calefacci\u00f3n del edificio y controla el flujo total de calor en la casa. La unidad, compacta y eficiente, incorpora todos los componentes principales -calentador el\u00e9ctrico, bomba de circulaci\u00f3n, dep\u00f3sito de expansi\u00f3n, v\u00e1lvula de zona, interruptor principal y unidad de control-, lo que garantiza la fiabilidad y la alta eficiencia energ\u00e9tica del sistema de calefacci\u00f3n.<\/p>\n<p>Ventajas:<\/p>\n<ul>\n<li>Soluci\u00f3n compacta que ahorra espacio<\/li>\n<li>Instalaci\u00f3n r\u00e1pida y sencilla<\/li>\n<li>Apto para calefacci\u00f3n por suelo radiante, radiadores y sistemas de agua caliente sanitaria<\/li>\n<li>Garantiza la estabilidad de la temperatura y la presi\u00f3n<\/li>\n<li>La hidrocaja tiene un separador de aire en el sistema, es decir, un peque\u00f1o dispositivo dentro de la hidrocaja que ayuda a eliminar las burbujas de aire del sistema de calefacci\u00f3n.<\/li>\n<li>Control autom\u00e1tico inteligente para un uso c\u00f3modo<\/li>\n<li>Funcionamiento que ahorra energ\u00eda y costes gracias a la eficiencia de la bomba de calor<\/li>\n<\/ul>\n<p>La elecci\u00f3n ideal para quienes buscan una soluci\u00f3n de calefacci\u00f3n moderna, silenciosa y fiable para su hogar.<\/p>","protected":false},"featured_media":10463,"template":"","meta":[],"product_brand":[],"product_cat":[211,212],"product_tag":[],"class_list":{"0":"post-10455","1":"product","2":"type-product","3":"status-publish","4":"has-post-thumbnail","6":"product_cat-lisaseadmed","7":"product_cat-kute-ja-jahutus","9":"first","10":"instock","11":"taxable","12":"shipping-taxable","13":"purchasable","14":"product-type-variable","15":"has-default-attributes"},"_links":{"self":[{"href":"https:\/\/westonclimate.com\/es\/wp-json\/wp\/v2\/product\/10455","targetHints":{"allow":["GET"]}}],"collection":[{"href":"https:\/\/westonclimate.com\/es\/wp-json\/wp\/v2\/product"}],"about":[{"href":"https:\/\/westonclimate.com\/es\/wp-json\/wp\/v2\/types\/product"}],"version-history":[{"count":7,"href":"https:\/\/westonclimate.com\/es\/wp-json\/wp\/v2\/product\/10455\/revisions"}],"predecessor-version":[{"id":11365,"href":"https:\/\/westonclimate.com\/es\/wp-json\/wp\/v2\/product\/10455\/revisions\/11365"}],"wp:featuredmedia":[{"embeddable":true,"href":"https:\/\/westonclimate.com\/es\/wp-json\/wp\/v2\/media\/10463"}],"wp:attachment":[{"href":"https:\/\/westonclimate.com\/es\/wp-json\/wp\/v2\/media?parent=10455"}],"wp:term":[{"taxonomy":"product_brand","embeddable":true,"href":"https:\/\/westonclimate.com\/es\/wp-json\/wp\/v2\/product_brand?post=10455"},{"taxonomy":"product_cat","embeddable":true,"href":"https:\/\/westonclimate.com\/es\/wp-json\/wp\/v2\/product_cat?post=10455"},{"taxonomy":"product_tag","embeddable":true,"href":"https:\/\/westonclimate.com\/es\/wp-json\/wp\/v2\/product_tag?post=10455"}],"curies":[{"name":"wp","href":"https:\/\/api.w.org\/{rel}","templated":true}]}}