{"id":3801,"date":"2024-06-26T21:29:14","date_gmt":"2024-06-26T21:29:14","guid":{"rendered":"https:\/\/wmdcompany.eu\/?post_type=product&#038;p=3801"},"modified":"2026-01-22T13:29:48","modified_gmt":"2026-01-22T13:29:48","slug":"weston-climate-monoblock-inverter-ohk-vesi-soojuspump-25kw","status":"publish","type":"product","link":"https:\/\/westonclimate.com\/es\/tooted\/weston-climate-monoblock-inverter-ohk-agua-bomba-calor-25kw\/","title":{"rendered":"Bomba de calor aire\/agua monobloque inverter Weston Climate 25kW"},"content":{"rendered":"<ul>\n<li>Capacidad nominal de calefacci\u00f3n:<strong>\u00a025 kW<\/strong><\/li>\n<li>Rango de capacidad de calefacci\u00f3n:\u00a0<strong>8,54-30,32 kW<\/strong><\/li>\n<li>Rango COP:\u00a0<strong>5,12-2,56 p\/p<\/strong><\/li>\n<li><strong>Preparaci\u00f3n del sistema de seguimiento de los precios de la electricidad de la Bolsa (SG)<\/strong><\/li>\n<li><strong>WiFi<\/strong><\/li>\n<li>Tensi\u00f3n de alimentaci\u00f3n:\u00a0<strong>380-415\/50 V\/Hz<\/strong><\/li>\n<li>Compresor:\u00a0<strong>Inversor de CC + EVI<\/strong><\/li>\n<li>Motor del ventilador:\u00a0<strong>Inversor de CC<\/strong><\/li>\n<li>Bomba de agua:\u00a0<strong>Inversor de CC<\/strong><\/li>\n<li>Clase de energ\u00eda:\u00a0<strong>A+++<\/strong><\/li>\n<li>Temperatura del aire exterior:\u00a0<strong>-35 a 40\u00b0C<\/strong><\/li>\n<li>Rango de temperatura del modo de calefacci\u00f3n:\u00a0<strong>30 a 60\u00b0C<\/strong><\/li>\n<li>Nivel de ruido:\u00a0<strong>hasta\u00a0<\/strong><strong>62 dB(A)<\/strong><\/li>\n<li>Peso:\u00a0<strong>162 kg<\/strong><\/li>\n<li>Dimensiones (longitud, anchura, altura):\u00a0<strong>1200x430x1550 mm<\/strong><\/li>\n<\/ul>","protected":false},"excerpt":{"rendered":"<p><strong>Bomba de calor aire-agua Weston Climate MONOBLOCK inverter 25kW. <\/strong>Funciones: modo calefacci\u00f3n, modo agua caliente, modo refrigeraci\u00f3n, modos calefacci\u00f3n y agua caliente, modos refrigeraci\u00f3n y agua caliente.<\/p>\n<p>Superficie recomendada (para un buen aislamiento): hasta 450 m2<\/p>\n<p>Los productos est\u00e1n en stock.\u00a0<strong>Entrega r\u00e1pida, s\u00f3lo hasta 5-7 d\u00edas laborables.<\/strong><\/p>\n<p><strong>El producto viene instalado de f\u00e1brica, \u00a1pida precio!<\/strong><\/p>","protected":false},"featured_media":10980,"template":"","meta":[],"product_brand":[],"product_cat":[116,63,65],"product_tag":[],"class_list":{"0":"post-3801","1":"product","2":"type-product","3":"status-publish","4":"has-post-thumbnail","6":"product_cat-monobloc-weston-r32","7":"product_cat-soojuspumbad","8":"product_cat-soojuspump-monobloc","10":"first","11":"instock","12":"taxable","13":"shipping-taxable","14":"purchasable","15":"product-type-simple"},"_links":{"self":[{"href":"https:\/\/westonclimate.com\/es\/wp-json\/wp\/v2\/product\/3801","targetHints":{"allow":["GET"]}}],"collection":[{"href":"https:\/\/westonclimate.com\/es\/wp-json\/wp\/v2\/product"}],"about":[{"href":"https:\/\/westonclimate.com\/es\/wp-json\/wp\/v2\/types\/product"}],"version-history":[{"count":7,"href":"https:\/\/westonclimate.com\/es\/wp-json\/wp\/v2\/product\/3801\/revisions"}],"predecessor-version":[{"id":10529,"href":"https:\/\/westonclimate.com\/es\/wp-json\/wp\/v2\/product\/3801\/revisions\/10529"}],"wp:featuredmedia":[{"embeddable":true,"href":"https:\/\/westonclimate.com\/es\/wp-json\/wp\/v2\/media\/10980"}],"wp:attachment":[{"href":"https:\/\/westonclimate.com\/es\/wp-json\/wp\/v2\/media?parent=3801"}],"wp:term":[{"taxonomy":"product_brand","embeddable":true,"href":"https:\/\/westonclimate.com\/es\/wp-json\/wp\/v2\/product_brand?post=3801"},{"taxonomy":"product_cat","embeddable":true,"href":"https:\/\/westonclimate.com\/es\/wp-json\/wp\/v2\/product_cat?post=3801"},{"taxonomy":"product_tag","embeddable":true,"href":"https:\/\/westonclimate.com\/es\/wp-json\/wp\/v2\/product_tag?post=3801"}],"curies":[{"name":"wp","href":"https:\/\/api.w.org\/{rel}","templated":true}]}}