{"id":4368,"date":"2024-07-05T11:09:12","date_gmt":"2024-07-05T11:09:12","guid":{"rendered":"https:\/\/wmdcompany.eu\/?post_type=product&#038;p=4368"},"modified":"2025-12-13T18:17:49","modified_gmt":"2025-12-13T18:17:49","slug":"weston-climate-juhtpaneel-vk8-7-wifi-rakendus","status":"publish","type":"product","link":"https:\/\/westonclimate.com\/es\/tooted\/weston-climatizador-vk8-7-aplicacion-wifi\/","title":{"rendered":"Panel de control clim\u00e1tico Weston VK8-7\u2033 (Wifi + app)"},"content":{"rendered":"<ul>\n<li>Pantalla t\u00e1ctil HD en color de 7 pulgadas<\/li>\n<li>Visualizaci\u00f3n de la calidad del aire interior en tiempo real<\/li>\n<li>Sistema integrado de gesti\u00f3n<\/li>\n<li>Control de velocidad variable seg\u00fan sea necesario<\/li>\n<li>Conexi\u00f3n Modbus RS485 Smart Home<\/li>\n<li>Sensores de aire interior: Co2, PM2,5, COV, Temp, HR<\/li>\n<li>Trabajo semanal programado<\/li>\n<li>Control independiente opcional del ventilador<\/li>\n<li>Posibilidad de conectar sensores externos: Co2, HR, Temp.<\/li>\n<li>Flujo de medici\u00f3n, fusi\u00f3n, automatizaci\u00f3n IAQ<\/li>\n<li>Control v\u00eda Wifi + app<\/li>\n<li>Aviso de sustituci\u00f3n del filtro<\/li>\n<li>Control total a trav\u00e9s del panel de control<\/li>\n<\/ul>","protected":false},"excerpt":{"rendered":"<p><strong>Weston Climate<\/strong> Panel de control VK8 de 7 pulgadas (Wifi + app). El sistema de control m\u00e1s avanzado y completo para que el clima de tu hogar sea exactamente como t\u00fa quieres. La pantalla HD de 7 pulgadas lo hace especialmente f\u00e1cil de usar y accesible para todos. <strong>El panel de control se incluye con todas las unidades Weston Climate.<\/strong><\/p>\n<p><strong>Plazo de entrega hasta 45 d\u00edas laborables.<\/strong><\/p>","protected":false},"featured_media":5164,"template":"","meta":[],"product_brand":[],"product_cat":[35],"product_tag":[],"class_list":{"0":"post-4368","1":"product","2":"type-product","3":"status-publish","4":"has-post-thumbnail","6":"product_cat-ventilatsiooniseadmed","8":"first","9":"instock","10":"taxable","11":"shipping-taxable","12":"purchasable","13":"product-type-simple"},"_links":{"self":[{"href":"https:\/\/westonclimate.com\/es\/wp-json\/wp\/v2\/product\/4368","targetHints":{"allow":["GET"]}}],"collection":[{"href":"https:\/\/westonclimate.com\/es\/wp-json\/wp\/v2\/product"}],"about":[{"href":"https:\/\/westonclimate.com\/es\/wp-json\/wp\/v2\/types\/product"}],"version-history":[{"count":9,"href":"https:\/\/westonclimate.com\/es\/wp-json\/wp\/v2\/product\/4368\/revisions"}],"predecessor-version":[{"id":9326,"href":"https:\/\/westonclimate.com\/es\/wp-json\/wp\/v2\/product\/4368\/revisions\/9326"}],"wp:featuredmedia":[{"embeddable":true,"href":"https:\/\/westonclimate.com\/es\/wp-json\/wp\/v2\/media\/5164"}],"wp:attachment":[{"href":"https:\/\/westonclimate.com\/es\/wp-json\/wp\/v2\/media?parent=4368"}],"wp:term":[{"taxonomy":"product_brand","embeddable":true,"href":"https:\/\/westonclimate.com\/es\/wp-json\/wp\/v2\/product_brand?post=4368"},{"taxonomy":"product_cat","embeddable":true,"href":"https:\/\/westonclimate.com\/es\/wp-json\/wp\/v2\/product_cat?post=4368"},{"taxonomy":"product_tag","embeddable":true,"href":"https:\/\/westonclimate.com\/es\/wp-json\/wp\/v2\/product_tag?post=4368"}],"curies":[{"name":"wp","href":"https:\/\/api.w.org\/{rel}","templated":true}]}}