{"id":8974,"date":"2025-09-17T10:44:42","date_gmt":"2025-09-17T10:44:42","guid":{"rendered":"https:\/\/staging.westonclimate.ee\/?post_type=product&#038;p=8974"},"modified":"2026-01-30T17:10:43","modified_gmt":"2026-01-30T17:10:43","slug":"weston-climate-jbt-seeria-80l-akumulatsioonipaak","status":"publish","type":"product","link":"https:\/\/westonclimate.com\/es\/tooted\/deposito-de-acumulacion-weston-climate-serie-jbt-80l\/","title":{"rendered":"Weston Climate Serie JBT 80L-1000L Dep\u00f3sito de acumulaci\u00f3n"},"content":{"rendered":"<ul>\n<li>Capacidad del dep\u00f3sito de agua: 80 L<\/li>\n<li>Capacidad real del dep\u00f3sito interior (90%): \u226572 L<\/li>\n<li>Material del dep\u00f3sito interior: SUS 304\/acero inoxidable.<\/li>\n<li>Esperanza de vida: 55 a\u00f1os<\/li>\n<li>Temperatura del agua: 95 \u00b0C como m\u00e1ximo<\/li>\n<li>Di\u00e1metro interior: 370 mm<\/li>\n<li>Di\u00e1metro exterior: 470 mm<\/li>\n<li>Peso neto: 24 kg<\/li>\n<li>Peso bruto (P.B.): 28 kg<\/li>\n<li>Dimensiones del producto: 470 \u00d7 850 mm<\/li>\n<li>Dimensiones del embalaje: 950 \u00d7 550 \u00d7 550 mm<\/li>\n<li>Presi\u00f3n de trabajo: 0,7 MPa<\/li>\n<li>Presi\u00f3n de ensayo: 1,25 MPa<\/li>\n<\/ul>","protected":false},"excerpt":{"rendered":"<p><strong>Weston Climate Serie JBT 80L-1000L Dep\u00f3sito de acumulaci\u00f3n<\/strong>\u00a0est\u00e1 dise\u00f1ado como un amortiguador entre la bomba de calor y el sistema de calefacci\u00f3n.<\/p>\n<p>El dep\u00f3sito est\u00e1 hecho de <strong>acero inoxidable<\/strong> (SUS 304).<\/p>\n<p><strong>El producto tiene una vida \u00fatil de m\u00e1s de 55 a\u00f1os.<\/strong> El producto tiene una garant\u00eda de 10 a\u00f1os.<\/p>\n<p>El dep\u00f3sito est\u00e1 aislado y recubierto de chapa de acero pintada. El dep\u00f3sito se puede montar en la pared y est\u00e1 dise\u00f1ado para una temperatura m\u00e1xima del agua de 95 \u00b0C.<\/p>\n<p><strong data-start=\"653\" data-end=\"700\">\u00a180L DE PRODUCTO EN STOCK! <\/strong><strong data-start=\"653\" data-end=\"700\">HIND 351\u20ac +km.<\/strong><\/p>\n<p><strong data-start=\"653\" data-end=\"700\"> \u00a1PIDA OFERTA PARA OTRAS TALLAS!<\/strong><\/p>","protected":false},"featured_media":8976,"template":"","meta":[],"product_brand":[],"product_cat":[258,211],"product_tag":[],"class_list":{"0":"post-8974","1":"product","2":"type-product","3":"status-publish","4":"has-post-thumbnail","6":"product_cat-paagid-ja-boilerid","7":"product_cat-lisaseadmed","9":"first","10":"instock","11":"taxable","12":"shipping-taxable","13":"purchasable","14":"product-type-simple"},"_links":{"self":[{"href":"https:\/\/westonclimate.com\/es\/wp-json\/wp\/v2\/product\/8974","targetHints":{"allow":["GET"]}}],"collection":[{"href":"https:\/\/westonclimate.com\/es\/wp-json\/wp\/v2\/product"}],"about":[{"href":"https:\/\/westonclimate.com\/es\/wp-json\/wp\/v2\/types\/product"}],"version-history":[{"count":6,"href":"https:\/\/westonclimate.com\/es\/wp-json\/wp\/v2\/product\/8974\/revisions"}],"predecessor-version":[{"id":11015,"href":"https:\/\/westonclimate.com\/es\/wp-json\/wp\/v2\/product\/8974\/revisions\/11015"}],"wp:featuredmedia":[{"embeddable":true,"href":"https:\/\/westonclimate.com\/es\/wp-json\/wp\/v2\/media\/8976"}],"wp:attachment":[{"href":"https:\/\/westonclimate.com\/es\/wp-json\/wp\/v2\/media?parent=8974"}],"wp:term":[{"taxonomy":"product_brand","embeddable":true,"href":"https:\/\/westonclimate.com\/es\/wp-json\/wp\/v2\/product_brand?post=8974"},{"taxonomy":"product_cat","embeddable":true,"href":"https:\/\/westonclimate.com\/es\/wp-json\/wp\/v2\/product_cat?post=8974"},{"taxonomy":"product_tag","embeddable":true,"href":"https:\/\/westonclimate.com\/es\/wp-json\/wp\/v2\/product_tag?post=8974"}],"curies":[{"name":"wp","href":"https:\/\/api.w.org\/{rel}","templated":true}]}}