{"id":3532,"date":"2024-06-18T14:27:19","date_gmt":"2024-06-18T14:27:19","guid":{"rendered":"https:\/\/wmdcompany.eu\/?page_id=3532"},"modified":"2025-09-24T07:01:31","modified_gmt":"2025-09-24T07:01:31","slug":"muugitingimused","status":"publish","type":"page","link":"https:\/\/westonclimate.com\/fi\/muut-ehdot-ja-edellytykset\/","title":{"rendered":"Myyntiehdot"},"content":{"rendered":"<div data-elementor-type=\"wp-page\" data-elementor-id=\"3532\" class=\"elementor elementor-3532\" data-elementor-post-type=\"page\">\n\t\t\t\t<div class=\"elementor-element elementor-element-273dbb49 e-flex e-con-boxed wpr-particle-no wpr-jarallax-no wpr-parallax-no wpr-sticky-section-no wpr-equal-height-no e-con e-parent\" data-id=\"273dbb49\" data-element_type=\"container\" data-e-type=\"container\">\n\t\t\t\t\t<div class=\"e-con-inner\">\n\t\t\t\t<div class=\"elementor-element elementor-element-6e2af5c0 elementor-widget elementor-widget-text-editor\" data-id=\"6e2af5c0\" data-element_type=\"widget\" data-e-type=\"widget\" data-widget_type=\"text-editor.default\">\n\t\t\t\t<div class=\"elementor-widget-container\">\n\t\t\t\t\t\t\t\t\t<h1 id=\"veebipoe-m\u00fc\u00fcgitingimused\">Myynnin ehdot ja edellytykset<\/h1><p>Verkkokauppa <a href=\"https:\/\/westonclimate.com\/fi\/\" target=\"_blank\" rel=\"noopener\">www.westonclimate.com<\/a>\u00a0(j\u00e4ljemp\u00e4n\u00e4 'verkkokauppa') omistaa O\u00dc WMD Company (rekister\u00f6intitunnus 16170164), jonka kotipaikka on Vabadust pst 174b, Tallinna, 10917 Harjumaa, Viro.<\/p><p><strong><br \/>Myyntisopimuksen voimassaolo, kaupalliset tiedot ja hintatiedot<\/strong><\/p><p>Myyntiehdot koskevat tavaroiden ostamista verkkokaupasta.<\/p><p>Verkkokaupassa myyt\u00e4vien tuotteiden hinnat on ilmoitettu tuotteiden yhteydess\u00e4. Hintaan lis\u00e4t\u00e4\u00e4n toimitusmaksu. Kaikki verkkokaupassa myyt\u00e4vien tuotteiden hinnat ovat eurom\u00e4\u00e4r\u00e4isi\u00e4.<\/p><p>Toimitusmaksu riippuu ostajan sijainnista ja toimitustavasta. Toimitusmaksu n\u00e4ytet\u00e4\u00e4n ostajalle tilausta tehdess\u00e4.<\/p><p>Tietoa tavaroista on verkkokaupassa suoraan tavaran vieress\u00e4.<\/p><p><strong><br \/>Tilauksen tekeminen<\/strong><\/p><p>Tilausta varten sinun on lis\u00e4tt\u00e4v\u00e4 haluamasi tuotteet ostoskoriin. Tilauksen tekemist\u00e4 varten sinun on t\u00e4ytett\u00e4v\u00e4 vaaditut kent\u00e4t ja valittava sopiva toimitustapa. T\u00e4m\u00e4n j\u00e4lkeen n\u00e4yt\u00f6ll\u00e4 n\u00e4kyy maksun m\u00e4\u00e4r\u00e4, joka voidaan maksaa turvallisesti seuraavilla maksutavoilla:<\/p><ul><li><a href=\"https:\/\/maksekeskus.ee\/service\/kaardimaksed\/\" target=\"_blank\" rel=\"noopener\">Visa\/Mastercard-korttimaksut<\/a><\/li><li>Viron pankkimaksut: Swedbank, SEB, Luminor, LHV, Coop Pank, Citadele, Revolut, N26.<\/li><li>Viron lahjakortti: Kniks<\/li><li><a href=\"https:\/\/maksekeskus.ee\/service\/maksa-hiljem-lahendused\/\" target=\"_blank\" rel=\"noopener\">Viro maksaa my\u00f6hemmin -ratkaisut<\/a>: Esto osamaksukauppa, Esto 3, Inbank osamaksukauppa, Esto osamaksukauppa.<\/li><li>Latvialaiset pankkimaksut: Swedbank, SEB, Citadele, Luminor, Revolut, N26.<\/li><li>Latvian lahjakortti: Kniks<\/li><li><a href=\"https:\/\/maksekeskus.ee\/service\/maksa-hiljem-lahendused\/\" target=\"_blank\" rel=\"noopener\">Latvia maksaa my\u00f6hemmist\u00e4 ratkaisuista<\/a>: Pankin sis\u00e4iset maksuer\u00e4t<\/li><li>Pankkimaksut Liettuassa: Swedbank, SEB, Urbo, LKU, Citadele, \u0160iauliu, Luminor, Revolut, N26.<\/li><li>Liettuan lahjakortti: Kniks<\/li><li><a href=\"https:\/\/maksekeskus.ee\/service\/maksa-hiljem-lahendused\/\" target=\"_blank\" rel=\"noopener\">Liettua maksaa my\u00f6hemmist\u00e4 ratkaisuista<\/a>: Pankin sis\u00e4iset maksuer\u00e4t<\/li><li>Pankkimaksut Suomessa: Nordea, Nordea Business, Danske Bank, OP Pohjola, Alandsbanken, Handelsbanken, S-Pankki, Oma S\u00e4\u00e4st\u00f6pankki, S\u00e4\u00e4st\u00f6pankki, POP Pankki, Revolut, N26.<\/li><li>Suomalainen lahjakortti: Kniks<\/li><li>Apple Pay<\/li><\/ul><p>HUOM: Kun maksat pankkisiirrolla, muista klikata \"Takaisin kauppiaalle\" -painiketta pankkisivulla.<\/p><p>Maksujen v\u00e4litt\u00e4j\u00e4 <a href=\"http:\/\/www.maksekeskus.ee\/\" target=\"_blank\" rel=\"noopener noreferrer\">Maksukeskus AS<\/a>. Maksaminen tapahtuu verkkokaupan ulkopuolella suojatussa ymp\u00e4rist\u00f6ss\u00e4 - pankkisiirrolla maksettaessa kyseisen pankin suojatussa ymp\u00e4rist\u00f6ss\u00e4 ja luottokortilla maksettaessa Maksekeskus AS:n suojatussa ymp\u00e4rist\u00f6ss\u00e4. Myyj\u00e4ll\u00e4 ei ole p\u00e4\u00e4sy\u00e4 asiakkaan pankki- ja luottokorttitietoihin. Sopimus astuu voimaan siit\u00e4 p\u00e4iv\u00e4st\u00e4 alkaen, kun maksettava summa on saapunut Verkkokaupan k\u00e4ytt\u00f6tilille.<\/p><p>Verkkokaupan omistaja on henkil\u00f6tietojen rekisterinpit\u00e4j\u00e4 ja v\u00e4litt\u00e4\u00e4 maksujen suorittamiseksi tarvittavat henkil\u00f6tiedot Maksekeskus AS:lle.<\/p><p>Jos tilattuja tavaroita ei voida toimittaa toimitusajan umpeutumisen tai muun syyn vuoksi, ostajalle ilmoitetaan asiasta mahdollisimman pian ja maksetut rahat (toimituskulut mukaan lukien) palautetaan v\u00e4litt\u00f6m\u00e4sti, kuitenkin viimeist\u00e4\u00e4n 14 p\u00e4iv\u00e4n kuluttua ilmoituksesta.<\/p><p><strong><br \/>Toimitus osoitteeseen<\/strong><\/p><p>Tavaroita l\u00e4hetet\u00e4\u00e4n Viroon, Latviaan ja Liettuaan.<\/p><p>Ostajalla on seuraavat vaihtoehdot tavaroiden noutamiseksi: Venipak-kuriiri, pakettiautomaatit (Itella Smartpost, Omniva, DPD), mahdollisuus noutaa tavarat itse.<\/p><p>Ostaja vastaa toimituskuluista, ja vastaavat hintatiedot n\u00e4kyv\u00e4t toimitustavan yhteydess\u00e4.<\/p><p>Viron sis\u00e4iset l\u00e4hetykset saapuvat yleens\u00e4 ostajan ilmoittamaan m\u00e4\u00e4r\u00e4np\u00e4\u00e4h\u00e4n 10 ty\u00f6p\u00e4iv\u00e4n kuluessa kauppasopimuksen voimaantulosta. Viron ulkopuolelle toimitus tapahtuu 10 ty\u00f6p\u00e4iv\u00e4n kuluessa.<\/p><p>Poikkeustapauksissa sinulla on oikeus saada tavarat toimitettua enint\u00e4\u00e4n 45 kalenterip\u00e4iv\u00e4n kuluessa.<\/p><p><strong><br \/>Peruuttamisoikeus<\/strong><\/p><p>Tilauksen vastaanottamisen j\u00e4lkeen ostajalla on oikeus peruuttaa s\u00e4hk\u00f6inen sopimus 14 p\u00e4iv\u00e4n kuluessa.<\/p><p>Peruuttamisoikeutta ei sovelleta, jos ostaja on oikeushenkil\u00f6.<\/p><p>14 p\u00e4iv\u00e4n peruuttamisoikeuden k\u00e4ytt\u00e4miseksi tilattuja tavaroita ei saa k\u00e4ytt\u00e4\u00e4 muulla tavoin kuin on tarpeen tavaroiden luonteen, ominaisuuksien ja toiminnan selvitt\u00e4miseksi samalla tavalla kuin on sallittua tavaroiden testaamiseksi fyysisess\u00e4 myym\u00e4l\u00e4ss\u00e4.<\/p><p>Jos tavaroita on k\u00e4ytetty muuhun kuin tavaran luonteen, ominaisuuksien ja toiminnan selvitt\u00e4miseen tarvittavaan tarkoitukseen tai jos tavaroissa on k\u00e4yt\u00f6n tai kulumisen merkkej\u00e4, verkkokaupalla on oikeus alentaa palautettavaa maksua tavaran arvon alenemisen mukaisesti.<\/p><p>Palauttaaksesi tavaroita sinun on l\u00e4hetett\u00e4v\u00e4 peruutuslomake, joka l\u00f6ytyy t\u00e4\u00e4lt\u00e4: <a href=\"https:\/\/westonclimate.com\/fi\/5564-2\/\" target=\"_blank\" rel=\"noopener\"><em>Peruuttamisilmoitus<\/em>\u00a0<\/a>ja l\u00e4het\u00e4 se osoitteeseen sales@westonclimate.com 14 p\u00e4iv\u00e4n kuluessa tavaroiden vastaanottamisesta.<\/p><p>Ostaja vastaa tavaroiden palautuskustannuksista, ellei palautuksen syyn\u00e4 ole se, ett\u00e4 palautettava tuote ei vastaa tilattua (esim. v\u00e4\u00e4r\u00e4 tai viallinen tuote).<\/p><p>Ostajan on palautettava tavarat 14 p\u00e4iv\u00e4n kuluessa hakemuksen j\u00e4tt\u00e4misest\u00e4 tai todistettava, ett\u00e4 h\u00e4n on luovuttanut ne rahdinkuljettajalle kyseisen ajan kuluessa.<\/p><p>Verkkokauppa palauttaa palautetun tavaran saatuaan ostajalle v\u00e4litt\u00f6m\u00e4sti, mutta viimeist\u00e4\u00e4n 14 p\u00e4iv\u00e4n kuluessa peruutuksen vastaanottamisesta, kaikki ostajalta sopimuksen perusteella saadut maksut.<\/p><p>Verkkokauppa voi kielt\u00e4yty\u00e4 palautuksesta ennen kuin se on vastaanottanut sopimuksen kohteena olevat tavarat tai ennen kuin ostaja on todistanut palauttaneensa tavarat, riippuen siit\u00e4, kumpi ajankohta on aikaisempi.<\/p><p>Jos ostaja on nimenomaisesti valinnut muun toimitustavan kuin verkkokaupan tarjoaman halvimman toimitustavan, verkkokauppa ei ole velvollinen korvaamaan kuluttajalle kustannuksia, jotka ylitt\u00e4v\u00e4t tavanomaisen toimitustavan kustannukset.<\/p><p>Verkkokaupalla on oikeus peruuttaa kauppa ja vaatia ostajalta tavaran palauttamista, jos tavaran hinta verkkokaupassa on merkitty virheest\u00e4 johtuen huomattavasti alle tavaran markkinahinnan.<\/p><p><strong><br \/>Oikeus tehd\u00e4 valitus<\/strong><\/p><p>Verkkokauppa vastaa ostajalle myydyn tavaran virheest\u00e4 tai puutteesta, joka on ollut olemassa jo toimitushetkell\u00e4 ja joka ilmenee enint\u00e4\u00e4n kahden vuoden kuluessa tavaran toimittamisesta ostajalle.\u00a0<b data-stringify-type=\"bold\">T\u00e4m\u00e4n j\u00e4lkeen yhden vuoden ajan siit\u00e4, kun tavara on toimitettu ostajalle, virheen oletetaan olleen olemassa toimitushetkell\u00e4. Verkkokaupan vastuulla on kumota t\u00e4m\u00e4 olettamus.<\/b><\/p><p>Jos virhe ilmenee, ostajalla on oikeus ottaa yhteytt\u00e4 verkkokauppaan viimeist\u00e4\u00e4n kahden kuukauden kuluessa l\u00e4hett\u00e4m\u00e4ll\u00e4 s\u00e4hk\u00f6postia osoitteeseen sales@westonclimate.com tai soittamalla numeroon +372 5568 9584.<\/p><p>Verkkokauppa ei ole vastuussa virheist\u00e4, jotka ilmenev\u00e4t sen j\u00e4lkeen, kun tavarat on toimitettu ostajalle.<\/p><p>Jos Verkkokaupasta ostetuissa tavaroissa on virheit\u00e4, joista Verkkokauppa on vastuussa, Verkkokauppa korjaa tai vaihtaa vialliset tavarat. Jos tavaran korjaaminen tai korvaaminen ei ole mahdollista, Verkkokauppa palauttaa ostajalle kaikki kauppasopimukseen liittyv\u00e4t maksut.<\/p><p>Verkkokaupan on vastattava kuluttajan valitukseen kirjallisesti tai kirjallisesti toistettavassa muodossa 15 p\u00e4iv\u00e4n kuluessa.<\/p><p><strong><br \/>Suoramarkkinointi ja henkil\u00f6tietojen k\u00e4sittely<\/strong><\/p><p>Verkkokauppa k\u00e4ytt\u00e4\u00e4 ostajan antamia henkil\u00f6tietoja ainoastaan tilauksen k\u00e4sittelyyn ja tavaroiden l\u00e4hett\u00e4miseen ostajalle. Verkkokauppa v\u00e4litt\u00e4\u00e4 henkil\u00f6tietoja kuljetuspalveluja tarjoaville yrityksille tavaroiden toimittamiseksi.<\/p><p>Verkkokauppa l\u00e4hett\u00e4\u00e4 uutiskirjeit\u00e4 ja tarjouksia ostajan s\u00e4hk\u00f6postiosoitteeseen vain, jos ostaja on ilmaissut halunsa saada niit\u00e4 sy\u00f6tt\u00e4m\u00e4ll\u00e4 s\u00e4hk\u00f6postiosoitteensa verkkosivustolle ja ilmoittanut haluavansa vastaanottaa suoramainontailmoituksia.<\/p><p>Ostaja voi milloin tahansa kielt\u00e4yty\u00e4 vastaanottamasta tarjouksia ja uutiskirjeit\u00e4 s\u00e4hk\u00f6postitse ilmoittamalla siit\u00e4 meille s\u00e4hk\u00f6postitse tai noudattamalla tarjoukset sis\u00e4lt\u00e4v\u00e4ss\u00e4 s\u00e4hk\u00f6postiviestiss\u00e4 annettuja ohjeita.<\/p><p><strong><br \/>Riitojen ratkaiseminen<\/strong><\/p><p>Jos ostajalla on verkkokauppaa koskevia valituksia, ne on l\u00e4hetett\u00e4v\u00e4 s\u00e4hk\u00f6postitse osoitteeseen sales@westonclimate.com tai puhelimitse +372 5568 9584.<\/p><p>Jos ostaja ja verkkokauppa eiv\u00e4t pysty ratkaisemaan riitaa sopimuksella, ostaja voi k\u00e4\u00e4nty\u00e4 kuluttajariitalautakunnan puoleen. Voit tutustua menettelyn ehtoihin ja tehd\u00e4 hakemuksen osoitteessa <a href=\"https:\/\/komisjon.ee\/et\/avalduse-esitamine\" target=\"_blank\" rel=\"noopener noreferrer\">t\u00e4\u00e4ll\u00e4<\/a>. Kuluttajariitalautakunta on toimivaltainen ratkaisemaan ostajan ja verkkokaupan v\u00e4lisest\u00e4 sopimuksesta johtuvat riidat. Ostajan valituksen tutkiminen komissiossa on maksutonta.<\/p><p>Ostaja voi k\u00e4\u00e4nty\u00e4 Euroopan unionin kuluttajariitojen ratkaisufoorumin puoleen. <a href=\"https:\/\/ec.europa.eu\/consumers\/odr\/main\/index.cfm?event=main.home2.show&amp;lng=ET\" target=\"_blank\" rel=\"noopener noreferrer\">kohti<\/a>.<\/p>\t\t\t\t\t\t\t\t<\/div>\n\t\t\t\t<\/div>\n\t\t\t\t\t<\/div>\n\t\t\t\t<\/div>\n\t\t<div class=\"elementor-element elementor-element-02a245f e-flex e-con-boxed wpr-particle-no wpr-jarallax-no wpr-parallax-no wpr-sticky-section-no wpr-equal-height-no e-con e-parent\" data-id=\"02a245f\" data-element_type=\"container\" data-e-type=\"container\">\n\t\t\t\t\t<div class=\"e-con-inner\">\n\t\t\t\t<div class=\"elementor-element elementor-element-464fb6f elementor-widget elementor-widget-spacer\" data-id=\"464fb6f\" data-element_type=\"widget\" data-e-type=\"widget\" data-widget_type=\"spacer.default\">\n\t\t\t\t<div class=\"elementor-widget-container\">\n\t\t\t\t\t\t\t<div class=\"elementor-spacer\">\n\t\t\t<div class=\"elementor-spacer-inner\"><\/div>\n\t\t<\/div>\n\t\t\t\t\t\t<\/div>\n\t\t\t\t<\/div>\n\t\t\t\t\t<\/div>\n\t\t\t\t<\/div>\n\t\t\t\t<\/div>","protected":false},"excerpt":{"rendered":"<p>Veebipoe m\u00fc\u00fcgitingimused Veebipoe www.westonclimate.com\u00a0(edaspidi Veebipood) omanik on O\u00dc WMD Company (registrikood 16170164), asukohaga Vabadust pst 174b, Tallinn, 10917 Harjumaa, Eesti. M\u00fc\u00fcgilepingu kehtivus, kauba- ja hinnainfo M\u00fc\u00fcgitingimused kehtivad Veebipoest kaupade ostmisel. Veebipoes m\u00fc\u00fcdavate toodete hinnad on m\u00e4rgitud toodete juurde. Hinnale lisandub tasu kauba k\u00e4ttetoimetamise eest. K\u00f5ik veebipoes m\u00fc\u00fcdavate kaupade hinnad on eurodes. Kauba k\u00e4ttetoimetamise tasu s\u00f5ltub ostja asukohast ning k\u00e4ttetoimetamise viisist. K\u00e4ttetoimetamise tasu kuvatakse ostjale tellimuse vormistamisel. Teave kauba kohta on esitatud Veebipoes vahetult kauba juures. Tellimuse vormistamine Kauba tellimiseks tuleb lisada soovitud tooted ostukorvi. Tellimuse vormistamiseks tuleb t\u00e4ita n\u00f5utud andmev\u00e4ljad ning valida sobiv toodete kohaletoimetamise viis. Seej\u00e4rel kuvatakse ekraanile tasu suurus, mille saab tasuda turvaliselt l\u00e4bi j\u00e4rgnevate makseviiside: Visa\/Mastercard kaardimaksed Eesti pangamaksed: Swedbank, SEB, Luminor, LHV, Coop Pank, Citadele, Revolut, N26 Eesti kinkekaart: Kniks Eesti maksa hiljem lahendused: Esto j\u00e4relmaks, Esto 3, Inbank j\u00e4relmaks L\u00e4ti pangamaksed: Swedbank, SEB, Citadele, Luminor, Revolut, N26 L\u00e4ti kinkekaart: Kniks L\u00e4ti maksa hiljem lahendused: Inbank j\u00e4relmaks Leedu pangamaksed: Swedbank, SEB, Urbo, LKU, Citadele, \u0160iauliu, Luminor, Revolut, N26 Leedu kinkekaart: Kniks Leedu maksa hiljem lahendused: Inbank j\u00e4relmaks Soome pangamaksed: Nordea, Nordea Business, Danske Bank, OP Pohjola, Alandsbanken, Handelsbanken, S-Pankki, Oma S\u00e4\u00e4st\u00f6pankki, S\u00e4\u00e4st\u00f6pankki, POP Pankki, Revolut, N26 Soome kinkekaart: Kniks Apple Pay NB! Pangalingiga tasumisel vajutada kindlasti panga lehel nupule \u201eTagasi kaupmehe juurde\u201c. Makseid vahendab Maksekeskus AS. Tasumine toimub v\u00e4ljaspool Veebipoodi turvalises keskkonnas \u2013 pangalingiga tasumisel vastava panga turvalises keskkonnas ja krediitkaardiga tasumisel Maksekeskus AS turvalises keskkonnas. M\u00fc\u00fcjal puudub ligip\u00e4\u00e4s kliendi panga ja krediitkaardi andmetele. Leping j\u00f5ustub alates tasumisele kuuluva summa laekumisest Veebipoe arvelduskontole. Veebipoe omanik on isikuandmete vastutav t\u00f6\u00f6tleja ning edastab maksete teostamiseks vajalikud isikuandmed volitatud t\u00f6\u00f6tleja Maksekeskus AS-le. Kui tellitud kaupa ei ole v\u00f5imalik tarnida seoses kauba l\u00f5ppemisega v\u00f5i muul p\u00f5hjusel, teavitatakse sellest ostjat esimesel v\u00f5imalusel ning tagastatakse tasutud raha (sh kauba k\u00e4ttetoimetamise kulud) viivitamata, kuid mitte hiljem kui 14 p\u00e4eva jooksul teate saatmisest. Kohaletoimetamine Kaupu saadetakse j\u00e4rgmistesse riikidesse: Eesti, L\u00e4ti, Leedu. Kauba k\u00e4ttesaamiseks on ostjal j\u00e4rgnevad valikud: Venipak kuller, pakiautomaadid (Itella Smartpost, Omniva, DPD), ise kaubale j\u00e4rele tulemuse v\u00f5imalus. Kauba saatmiskulud kannab ostja ning vastav hinnainfo on kuvatud saatmisviisi juures. Eestisisesed saadetised j\u00f5uavad \u00fcldjuhul ostja m\u00e4\u00e4ratud sihtpunkti 10 t\u00f6\u00f6p\u00e4eva jooksul alates m\u00fc\u00fcgilepingu j\u00f5ustumisest. V\u00e4ljaspool Eestit toimub kohaletoimetamine 10 t\u00f6\u00f6p\u00e4eva jooksul. Erandlikel juhtumitel on \u00f5igus kaup kohale toimetada kuni 45 kalendrip\u00e4eva jooksul. Taganemis\u00f5igus P\u00e4rast tellimuse k\u00e4ttesaamist on ostjal \u00f5igus e-poes s\u00f5lmitud lepingust taganeda 14 p\u00e4eva jooksul. Taganemis\u00f5igus ei kohaldu, kui ostjaks on juriidiline isik. 14-p\u00e4evase tagastamis\u00f5iguse kasutamiseks ei tohi tellitud kaupa kasutada muul viisil kui on vajalik kauba olemuses, omadustes ja toimimises veendumiseks viisil nagu see on lubatud kauba testimiseks f\u00fc\u00fcsilises poes. Kui kaupa on kasutatud muuks otstarbeks kui on vajalik kauba olemuses, omadustes ja toimimises veendumiseks v\u00f5i sellel on kasutamise v\u00f5i kulumise m\u00e4rke, on Veebipoel \u00f5igus alandada tagastatavat tasu vastavalt kauba v\u00e4\u00e4rtuse v\u00e4henemisele. Kauba tagastamiseks tuleb esitada kauba ostmisest taganemise avaldus, mille vormi leiab siit: taganemisavaldus\u00a0ning saata see e-posti aadressile sales@westonclimate.com hiljemalt 14 p\u00e4eva jooksul kauba k\u00e4ttesaamisest. Kauba tagastamise kulud kannab ostja, v\u00e4lja arvatud juhul, kui tagastamise p\u00f5hjus seisneb asjaolus, et tagastamisele kuuluv toode ei vasta tellitule (nt vale v\u00f5i defektiga toode). Ostja peab kauba tagastama avalduse esitamisele j\u00e4rgneva 14 p\u00e4eva jooksul v\u00f5i esitama t\u00f5endi, et ta on eelnimetatud perioodi jooksul kauba \u00fcle andnud kauba vedajale. Veebipood tagastab tagastatava kauba k\u00e4ttesaamisel ostjale viivitamata, kuid mitte hiljem kui 14 p\u00e4eva m\u00f6\u00f6dumisel arvates taganemisavalduse saamisest, k\u00f5ik ostjalt lepingu alusel saadud tasud. Veebipood v\u00f5ib keelduda tagasimaksete tegemisest seni, kuni on lepingu esemeks oleva asja tagasi saanud v\u00f5i kuni ostja on esitanud t\u00f5endid, et on asja tagasi saatnud, s\u00f5ltuvalt sellest, kumb toimub varem. Kui ostja on s\u00f5naselgelt valinud Veebipoe pakutud k\u00f5ige odavamast tavap\u00e4rasest asja k\u00e4ttetoimetamise viisist erineva k\u00e4ttetoimetamise viisi, ei pea Veebipood tarbijale tagastama kulu, mis \u00fcletab tavap\u00e4rase k\u00e4ttetoimetamise viisiga seotud kulu. Veebipoel on \u00f5igus taganeda m\u00fc\u00fcgitehingust ning n\u00f5uda ostjalt tagasi kaup, kui kauba hind veebipoes on eksituse t\u00f5ttu m\u00e4rgitud oluliselt alla kauba turuhinna. Pretensiooni esitamise \u00f5igus Veebipood vastutab ostjale m\u00fc\u00fcdud kauba lepingutingimustele mittevastavuse v\u00f5i puuduse eest, mis oli olemas juba asja \u00fcleandmise hetkel ning mis ilmneb kuni kahe aasta jooksul, alates kauba \u00fcleandmisest ostjale.\u00a0Sellest 1 aasta jooksul alates asja \u00fcleandmisest ostjale eeldatakse, et puudus oli olemas juba asja \u00fcleandmise ajal. Vastava eelduse \u00fcmberl\u00fckkamine on Veebipoe kohustus. Ostjal on \u00f5igus puuduse ilmnemisel p\u00f6\u00f6rduda hiljemalt kahe kuu jooksul veebipoe poole, saates e-kirja aadressile sales@westonclimate.com v\u00f5i helistada telefonil: +372 5568 9584. Veebipood ei vastuta puuduste eest, mis on tekkinud p\u00e4rast kauba \u00fcleandmist ostjale. Kui Veebipoest ostetud kaubal on puudused, mille eest Veebipood vastutab, parandab v\u00f5i asendab Veebipood puudusega kauba. Kui kaupa ei ole v\u00f5imalik parandada ega asendada, tagastab Veebipood ostjale k\u00f5ik m\u00fc\u00fcgilepinguga kaasnenud tasud. Veebipood vastab tarbija esitatud kaebusele kirjalikult v\u00f5i kirjalikku taasesitamist v\u00f5imaldavas vormis 15 p\u00e4eva jooksul. Otseturustus ja isikuandmete t\u00f6\u00f6tlemine Veebipood kasutab ostja poolt sisestatud isikuandmeid ainult tellimuse t\u00f6\u00f6tlemiseks ning kauba ostjale saatmiseks. Veebipood edastab isikuandmeid veoteenust pakkuvale ettev\u00f5tetele selleks, et kohale toimetada kaupa. Veebipood saadab ostjale uudiskirju ning pakkumisi ostja e-maili aadressile ainult juhul, kui ostja on selleks avaldanud soovi sisestades veebilehel e-kirja aadressi ning andnud teada oma soovist otsepostituse teadete saamiseks. Ostjal on igal ajal v\u00f5imalik loobuda e-postile saadetavatest pakkumistest ja uudiskirjadest andes sellest meile teada e-kirja teel v\u00f5i j\u00e4rgides pakkumisi sisaldava e-kirjas toodud juhiseid. Vaidluste lahendamine Kui ostjal on Veebipoe osas pretensioone, tuleb need saata e-kirja aadressile sales@westonclimate.com v\u00f5i helistada telefonil: +372 5568 9584. Kui ostja ja Veebipood ei suuda lahendada vaidlust kokkuleppe teel, siis on ostjal v\u00f5imalik p\u00f6\u00f6rduda Tarbijavaidluste komisjoni poole. Menetlustingimustega saab tutvuda ning avaldust esitada siin. Tarbijavaidluste komisjoni p\u00e4devuses on lahendada ostja ja Veebipoe vahel s\u00f5lmitud lepingust tulenevaid vaidlusi. Ostja kaebuse l\u00e4bivaatamine komisjonis on tasuta. Ostja v\u00f5ib p\u00f6\u00f6rduda Euroopa Liidu tarbijavaidlusi lahendava platvormi poole.<\/p>","protected":false},"author":8,"featured_media":0,"parent":0,"menu_order":0,"comment_status":"closed","ping_status":"closed","template":"","meta":{"footnotes":""},"class_list":["post-3532","page","type-page","status-publish","hentry"],"_links":{"self":[{"href":"https:\/\/westonclimate.com\/fi\/wp-json\/wp\/v2\/pages\/3532","targetHints":{"allow":["GET"]}}],"collection":[{"href":"https:\/\/westonclimate.com\/fi\/wp-json\/wp\/v2\/pages"}],"about":[{"href":"https:\/\/westonclimate.com\/fi\/wp-json\/wp\/v2\/types\/page"}],"author":[{"embeddable":true,"href":"https:\/\/westonclimate.com\/fi\/wp-json\/wp\/v2\/users\/8"}],"replies":[{"embeddable":true,"href":"https:\/\/westonclimate.com\/fi\/wp-json\/wp\/v2\/comments?post=3532"}],"version-history":[{"count":32,"href":"https:\/\/westonclimate.com\/fi\/wp-json\/wp\/v2\/pages\/3532\/revisions"}],"predecessor-version":[{"id":9187,"href":"https:\/\/westonclimate.com\/fi\/wp-json\/wp\/v2\/pages\/3532\/revisions\/9187"}],"wp:attachment":[{"href":"https:\/\/westonclimate.com\/fi\/wp-json\/wp\/v2\/media?parent=3532"}],"curies":[{"name":"wp","href":"https:\/\/api.w.org\/{rel}","templated":true}]}}