{"id":5579,"date":"2025-02-13T12:11:16","date_gmt":"2025-02-13T12:11:16","guid":{"rendered":"https:\/\/staging.wmdcompany.eu\/?page_id=5579"},"modified":"2026-04-26T08:29:51","modified_gmt":"2026-04-26T08:29:51","slug":"meist-wmd-company-ou","status":"publish","type":"page","link":"https:\/\/westonclimate.com\/fi\/eniten-wmd-yritys-ou\/","title":{"rendered":"Tietoa meist\u00e4 - WMD Company O\u00dc"},"content":{"rendered":"<div data-elementor-type=\"wp-page\" data-elementor-id=\"5579\" class=\"elementor elementor-5579\" data-elementor-post-type=\"page\">\n\t\t\t\t<div class=\"elementor-element elementor-element-711df678 e-flex e-con-boxed wpr-particle-no wpr-jarallax-no wpr-parallax-no wpr-sticky-section-no wpr-column-slider-no wpr-equal-height-no e-con e-parent\" data-id=\"711df678\" data-element_type=\"container\" data-e-type=\"container\">\n\t\t\t\t\t<div class=\"e-con-inner\">\n\t\t\t\t<div class=\"elementor-element elementor-element-21778d0f elementor-widget elementor-widget-text-editor\" data-id=\"21778d0f\" data-element_type=\"widget\" data-e-type=\"widget\" data-widget_type=\"text-editor.default\">\n\t\t\t\t<div class=\"elementor-widget-container\">\n\t\t\t\t\t\t\t\t\t<h1>Tietoa meist\u00e4 - WMD Company O\u00dc<\/h1><p><strong>WESTON CLIMATE - WMD Company O\u00dc<\/strong> tarjoaa korkealaatuisia ilmastointi- ja l\u00e4mmityslaitteita, kompressoreita ja erilaisia lis\u00e4varusteita. Vuosien mittavan yhteisty\u00f6n ansiosta johtavien maailmanlaajuisten tuotemerkkien ja korkealaatuisten laitteiden valmistajien kanssa WMD Company Ltd. varmistaa, ett\u00e4 kaikki tuotteet valmistetaan yrityksen hyv\u00e4ksymien teknisten eritelmien mukaisesti ja ett\u00e4 ne t\u00e4ytt\u00e4v\u00e4t tiukat EU-standardit. Weston Climate -laitteille on ominaista v\u00e4h\u00e4inen melu, korkea energiatehokkuus, innovatiivisuus ja luotettavuus.\u00a0<\/p><p><strong>L\u00e4mp\u00f6pumput<\/strong><\/p><p>Ilma-vesil\u00e4mp\u00f6pumpuissa k\u00e4yt\u00e4mme ymp\u00e4rist\u00f6yst\u00e4v\u00e4llisi\u00e4 ja tehokkaita kylm\u00e4aineita R32 ja R290. Ilma-vesil\u00e4mp\u00f6pumpuissa on SG- ja PV-liit\u00e4nn\u00e4t (aurinkopaneelit ja \u00e4lyk\u00e4s s\u00e4hk\u00f6verkko), ja ne toimivat tehokkaasti jopa -35 \u00b0C:n ulkol\u00e4mp\u00f6tiloissa. Kaikki yksik\u00f6t testataan ennen toimitusta, ja niille tehd\u00e4\u00e4n tehtaalla kolmen p\u00e4iv\u00e4n matalal\u00e4mp\u00f6tilatesti (-42\u2070C). Suurin osa laitteista valmistetaan asiakaskohtaisesti asiakkaan toiveiden ja tarpeiden mukaisesti \u201er\u00e4\u00e4t\u00e4l\u00f6idyn puvun\u201d tapaan, mik\u00e4 takaa korkean hy\u00f6tysuhteen ja h\u00e4iri\u00f6tt\u00f6m\u00e4n toiminnan koko laitteen k\u00e4ytt\u00f6i\u00e4n ajan. L\u00e4mp\u00f6pumppujen laadun ja tehokkuuden takaa tunnustettu WESTON CLIMATE -tuotemerkki.<\/p><p><strong>Ilmanvaihtolaitteet<\/strong><\/p><p>Ilmank\u00e4sittelykoneet on varustettu patentoiduilla korkean hy\u00f6tysuhteen l\u00e4mm\u00f6nvaihtimilla, joiden keskim\u00e4\u00e4r\u00e4inen l\u00e4mm\u00f6n talteenottotehokkuus on 97% ja k\u00e4ytt\u00f6ik\u00e4 97%. <strong>v\u00e4hint\u00e4\u00e4n 15 vuotta.\u00a0<\/strong>HPERV\/Westonclimate-ilmanvaihtoyksik\u00f6iss\u00e4 on eritt\u00e4in tehokkaaseen l\u00e4mm\u00f6nvaihtimeen lis\u00e4tty pienoisilmal\u00e4mp\u00f6pumppu, joka tarjoaa entist\u00e4kin paremman energiatehokkuuden (COP 6,0), ja niiss\u00e4 on useita t\u00e4rkeit\u00e4 toimintoja yhdess\u00e4 yksik\u00f6ss\u00e4: <strong>ilmanvaihto, esil\u00e4mmitys, j\u00e4\u00e4hdytys ja kuivaus.<\/strong><\/p><p><strong>Asennus<\/strong><\/p><p>Tarjoamme ilmanvaihto- ja ilmastointij\u00e4rjestelmi\u00e4 asennuksineen. Asennus suoritetaan hankkeen teknisten vaatimusten ja sovellettavien standardien mukaisesti, mik\u00e4 takaa j\u00e4rjestelmien moitteettoman toiminnan ja energiatehokkaan toiminnan vuosiksi eteenp\u00e4in.<\/p><p><strong>WESTON CLIMATE tavaramerkki<\/strong><\/p><p>Euroopan markkinoille toimitettavat tuotteet on ryhmitelty yhden tuotemerkin - WESTON CLIMATE - alle, jotta nykyiset ja tulevat asiakkaamme voivat paremmin orientoitua tuotteiden laatuun. WMD-yhti\u00f6 valmistaa kaikki Euroopassa tarjottavat laitteet vaativimpien asiakkaiden teknisten eritelmien mukaisesti, jotka noudattavat tiukasti Pohjoismaiden luonnonolosuhteita ja vaatimuksia ja takaavat siten laitteiden korkean laadun ja pitk\u00e4ik\u00e4isyyden.<\/p><p class=\"whitespace-normal break-words\">Valtaosa laitteista on EPREL- ja KEYMARK-rekister\u00f6ityj\u00e4.<\/p><p>WESTON CLIMATE -tuotteet EPREL-rekisteriss\u00e4, josta l\u00f6yd\u00e4t luettelon EU:n markkinoille hyv\u00e4ksytyist\u00e4 energialaitteista:<\/p><ul><li><a href=\"https:\/\/eprel.ec.europa.eu\/screen\/product\/spaceheaters\" target=\"_blank\" rel=\"noopener nofollow noreferrer\">EPREL-l\u00e4mp\u00f6pumput<\/a><\/li><li><a href=\"https:\/\/eprel.ec.europa.eu\/screen\/product\/residentialventilationunits\" target=\"_blank\" rel=\"noopener nofollow noreferrer\">EPREL-ilmanvaihtolaitteet<\/a><\/li><\/ul><p>\u00a0<\/p><p>WESTON CLIMATEn tarjoamien laitteiden laatua vahvistavat my\u00f6s pidennetyt takuuajat:<\/p><ul><li>Ilmastointi- ja ilmanvaihtolaitteet: 7 vuotta.<\/li><li>Kiertovesipumput: 10 vuotta<\/li><li>Kompressorit: 2 vuotta<\/li><\/ul><p>\u00a0<\/p><p>WESTON CLIMATEn insin\u00f6\u00f6rit kehitt\u00e4v\u00e4t jatkuvasti uusia tuotteita ja parantavat olemassa olevia laitteita.<\/p><p>Tuotteiden laatu, nopea toimitus, asiakastyytyv\u00e4isyys ja mahdollisimman pitk\u00e4 k\u00e4ytt\u00f6aika ovat ensisijaisia tavoitteitamme. WESTON CLIMATE -laitteita valmistetaan tilausty\u00f6n\u00e4 kohteittain asiakkaan tarpeiden ja erityisvaatimusten perusteella. Tilausten keskim\u00e4\u00e4r\u00e4inen toimitusaika on 35-65 ty\u00f6p\u00e4iv\u00e4\u00e4 riippuen tilattujen laitteiden monimutkaisuudesta ja m\u00e4\u00e4r\u00e4st\u00e4. Kaikille varastossa oleville (vakiotuotteille) voidaan tarjota 3-10 ty\u00f6p\u00e4iv\u00e4n toimitusaika.<\/p><p>Kysy aina <a href=\"https:\/\/westonclimate.com\/fi\/haistoi-tarjouksen\/\" target=\"_blank\" rel=\"noopener\">henkil\u00f6kohtainen tarjous<\/a>, N\u00e4in taataan, ett\u00e4 vaativimpienkin asiakkaiden toiveet t\u00e4yttyv\u00e4t.<\/p><p><strong>Liity WESTON CLIMATE -kumppaniverkostoon<\/strong><\/p><p>Ryhdy WESTON CLIMATE -j\u00e4lleenmyyj\u00e4ksi ja kasvata liiketoimintaasi - tarjoa asiakkaillesi energiatehokkaita ja laadukkaita ilmanvaihto- ja ilmastointiratkaisuja, vahvista liiketoimintaasi ammattimaisella teknisell\u00e4 tuella ja vankalla kumppanuudella. Lue lis\u00e4\u00e4 <a href=\"https:\/\/westonclimate.com\/fi\/lisaasennus\/\" target=\"_blank\" rel=\"noopener\">T\u00c4\u00c4LL\u00c4<\/a>!<\/p><p><img fetchpriority=\"high\" decoding=\"async\" src=\"https:\/\/westonclimate.com\/wp-content\/uploads\/2026\/04\/WestonClimate_AA_2026-1-1024x256.jpg\" alt=\"\" width=\"800\" height=\"200\" \/><\/p>\t\t\t\t\t\t\t\t<\/div>\n\t\t\t\t<\/div>\n\t\t\t\t\t<\/div>\n\t\t\t\t<\/div>\n\t\t<div class=\"elementor-element elementor-element-a94cd76 e-flex e-con-boxed wpr-particle-no wpr-jarallax-no wpr-parallax-no wpr-sticky-section-no wpr-column-slider-no wpr-equal-height-no e-con e-parent\" data-id=\"a94cd76\" data-element_type=\"container\" data-e-type=\"container\">\n\t\t\t\t\t<div class=\"e-con-inner\">\n\t\t\t\t<div class=\"elementor-element elementor-element-0b7c330 elementor-widget elementor-widget-spacer\" data-id=\"0b7c330\" data-element_type=\"widget\" data-e-type=\"widget\" data-widget_type=\"spacer.default\">\n\t\t\t\t<div class=\"elementor-widget-container\">\n\t\t\t\t\t\t\t<div class=\"elementor-spacer\">\n\t\t\t<div class=\"elementor-spacer-inner\"><\/div>\n\t\t<\/div>\n\t\t\t\t\t\t<\/div>\n\t\t\t\t<\/div>\n\t\t\t\t\t<\/div>\n\t\t\t\t<\/div>\n\t\t\t\t<\/div>","protected":false},"excerpt":{"rendered":"<p>Meist \u2013 WMD Company O\u00dc WESTON CLIMATE &#8211; WMD Company O\u00dc pakub kvaliteetseid kliimaseadmeid ja k\u00fctteseadmeid, kompressoreid ja mitmesuguseid lisatarvikuid. T\u00e4nu aastatepikkusele ulatuslikule koost\u00f6\u00f6le juhtivate globaalsete kaubam\u00e4rkide ja kvaliteetsete seadmete tootjatega tagab WMD Company O\u00dc, et k\u00f5ik tooted on valmistatud vastavalt ettev\u00f5tte kinnitatud tehnilistele spetsifikatsioonidele ja vastavad rangetele EL-i standarditele. Weston Climate&#8217;i seadmeid iseloomustab madal m\u00fcratase, k\u00f5rge energiat\u00f5husus, innovatsioon ja t\u00f6\u00f6kindlus.\u00a0 Soojuspumbad \u00d5hk-vesi soojuspumpades kasutame looduss\u00f5bralikke ja efektiivseid k\u00fclmaaineid R32 ja R290. \u00d5hksoojuspumbad on varustatud SG ja PV (p\u00e4ikesepaneelide ja nutiv\u00f5rgu) \u00fchendusvalmidusega ning need seadmed t\u00f6\u00f6tavad efektiivselt ka -35\u00b0C v\u00e4lis\u00f5hutemperatuuril. K\u00f5ik seadmed on enne tarnet kontrollitud ja l\u00e4bivad tehases madalal temperatuuril (-42\u2070C) kolmep\u00e4evase katsets\u00fckli.\u00a0Valdavalt toodetakse seadmed objektip\u00f5hiselt, koosk\u00f5las tellija soovide ning vajadustega nagu \u201er\u00e4tsepa\u00fclikond\u201d, mis tagab seadmete suure efektiivsuse ning t\u00f5rgeteta t\u00f6\u00f6 kogu seadme kasutusaja jooksul. Soojuspumpade kvaliteedi ja efektiivsuse tagab tunnustatud kaubam\u00e4rk WESTON CLIMATE. Ventilatsiooniseadmed Ventilatsiooniseadmed on varustatud k\u00f5rge efektiivsusega patenteeritud soojusvahetitega, mille soojustagastuse kasutegur on keskmiselt 97% ja eluiga v\u00e4hemalt 15 aastat.\u00a0Ventilatsiooniseadmetel koondnimetusega HPERV\/Westonclimate on \u00fcliefektiivsele soojusvahetile lisatud miniatuurne \u00f5hksoojuspump, mis tagab veelgi k\u00f5rgema\u00a0 energiaefektiivsuse (COP 6,0) ning need ventilatsiooniseadmed omavad mitut olulist funktsiooni \u00fches seadmes: ventilatsioon, eelk\u00fcte, jahutus ja kuivatus. Paigaldus Ventilatsiooni- ja kliimaseadmeid pakume koos paigaldusega. Paigaldus toimub vastavalt projekti tehnilistele n\u00f5uetele ja kehtivatele standarditele, tagades s\u00fcsteemide korrektse toimimise ja energiat\u00f5husa t\u00f6\u00f6 aastateks. WESTON CLIMATE kaubam\u00e4rk Euroopa turule tarnitavad tooted on koondatud \u00fchtse kaubam\u00e4rgi alla \u2013 WESTON CLIMATE, et meie praegustel ja tulevastel klientidel oleks v\u00f5imalik paremini orienteeruda toodete kvaliteedis. K\u00f5ik Euroopas pakutavad seadmed on toodetud WMD Company poolt esitatud n\u00f5udlikele klientidele sobivate tehniliste n\u00f5udmiste alusel, mis j\u00e4rgivad rangelt p\u00f5hjamaade looduslikke tingimusi ning sellest tulenevaid n\u00f5udeid ning tagavad seadmetele k\u00f5rge kvaliteedi ja l\u00e4bi selle ka pikaealisuse. Valdav enamus seadmetel on EPREL-i ja KEYMARK-i registreeringud. WESTON CLIMATE tooted EPREL registris, kust leiate EU turule lubatud energeetika seadmete loetelu: EPREL soojuspumbad EPREL ventilatsiooniseadmed \u00a0 WESTON CLIMATE pakutavate seadmete kvaliteeti kinnitavad ka pikendatud garantiiajad: Kliima- ja ventilatsiooniseadmetele: 7 aastat Tsirkulatsioonipumpadele: 10 aastat Kompressoritele: 2 aastat \u00a0 WESTON CLIMATE tootmistes tegelevad insenerid pidevalt uute toodete v\u00e4ljat\u00f6\u00f6tamise ning olemasolevate seadmete t\u00e4iustamisega. Meile on esmat\u00e4htis toote kvaliteet, kiire tarne, kliendi rahulolu ja seadmete v\u00f5imalikult pikk t\u00f5rgeteta kasutusaeg. WESTON CLIMATE seadmed toodetakse tellimuste alusel, objekti p\u00f5hiselt ja v\u00f5ttes aluseks kliendi vajadused ning erisoovid. Tellimuste keskmine tarneaeg on 35 kuni 65 t\u00f6\u00f6p\u00e4eva, mis s\u00f5ltub tellitud seadmete keerukusest ja kogusest. K\u00f5ikidele laokaupale (standard tooted) on v\u00f5imalik pakkuda tarneaega 3 kuni 10 t\u00f6\u00f6p\u00e4eva. K\u00fcsi alati personaalset pakkumist, mis garanteerib ka k\u00f5ige n\u00f5udlikuma kliendi soovide t\u00e4itumise. Liitu WESTON CLIMATE partnerite v\u00f5rgustikuga Tule WESTON CLIMATE edasim\u00fc\u00fcjaks ja kasvata oma \u00e4ri \u2013 paku oma klientidele energiat\u00f5husaid ja kvaliteetseid ventilatsiooni- ja kliimalahendusi, tugevda oma \u00e4ri l\u00e4bi professionaalse tehnilise toe ja kindla partnerluse. Loe t\u00e4iendavalt SIIT!<\/p>","protected":false},"author":8,"featured_media":0,"parent":0,"menu_order":0,"comment_status":"closed","ping_status":"closed","template":"","meta":{"footnotes":""},"class_list":["post-5579","page","type-page","status-publish","hentry"],"_links":{"self":[{"href":"https:\/\/westonclimate.com\/fi\/wp-json\/wp\/v2\/pages\/5579","targetHints":{"allow":["GET"]}}],"collection":[{"href":"https:\/\/westonclimate.com\/fi\/wp-json\/wp\/v2\/pages"}],"about":[{"href":"https:\/\/westonclimate.com\/fi\/wp-json\/wp\/v2\/types\/page"}],"author":[{"embeddable":true,"href":"https:\/\/westonclimate.com\/fi\/wp-json\/wp\/v2\/users\/8"}],"replies":[{"embeddable":true,"href":"https:\/\/westonclimate.com\/fi\/wp-json\/wp\/v2\/comments?post=5579"}],"version-history":[{"count":92,"href":"https:\/\/westonclimate.com\/fi\/wp-json\/wp\/v2\/pages\/5579\/revisions"}],"predecessor-version":[{"id":11585,"href":"https:\/\/westonclimate.com\/fi\/wp-json\/wp\/v2\/pages\/5579\/revisions\/11585"}],"wp:attachment":[{"href":"https:\/\/westonclimate.com\/fi\/wp-json\/wp\/v2\/media?parent=5579"}],"curies":[{"name":"wp","href":"https:\/\/api.w.org\/{rel}","templated":true}]}}